{"id":2191,"date":"2025-09-19T16:57:05","date_gmt":"2025-09-19T08:57:05","guid":{"rendered":"https:\/\/mostebglass.com\/?post_type=product&#038;p=2191"},"modified":"2026-04-10T10:38:51","modified_gmt":"2026-04-10T02:38:51","slug":"square-vases-with-vertical-texture-wholesale","status":"publish","type":"product","link":"https:\/\/mostebglass.com\/es\/square-vases-with-vertical-texture-wholesale\/","title":{"rendered":"Jarrones cuadrados de 750 ml, 800 ml y 1100 ml con textura vertical (venta al por mayor)"},"content":{"rendered":"<p>Se trata de una colecci\u00f3n de jarrones cuadrados de vidrio de borosilicato de alta calidad con un dise\u00f1o limpio y contempor\u00e1neo. Estos floreros transparentes tienen forma cuadrada y esquinas redondeadas en la base y la abertura, creando una apariencia armoniosa con una composici\u00f3n geom\u00e9trica y bordes redondeados.<\/p>\n<p>El vidrio es muy transparente, con un paso claro para ver el contenido, y la apariencia general del producto se ve m\u00e1s ligera gracias al vidrio. Los floreros al por mayor tienen un aspecto moderno y sofisticado gracias a sus l\u00edneas verticales rectas y \u00e1ngulos perfectos.<\/p>\n<h2>Especificaciones clave<\/h2>\n<table style=\"width: 80%; margin-left: auto; margin-right: auto;\" border=\"0\" width=\"80*\" cellspacing=\"0\" cellpadding=\"0\">\n<tbody>\n<tr>\n<td style=\"text-align: center;\" width=\"140\" height=\"18\">Caracter\u00edstica<\/td>\n<td style=\"text-align: center;\" width=\"609\">Especificaci\u00f3n<\/td>\n<\/tr>\n<tr>\n<td style=\"text-align: center;\" height=\"18\">Material<\/td>\n<td style=\"text-align: center;\">vidrio borosilicato<\/td>\n<\/tr>\n<tr>\n<td style=\"text-align: center;\" height=\"18\">Forma<\/td>\n<td style=\"text-align: center;\">Base cuadrada y boca con esquinas redondeadas, cuerpo con textura de ondas de agua.<\/td>\n<\/tr>\n<tr>\n<td style=\"text-align: center;\" height=\"18\">Tama\u00f1o de la base (cm)<\/td>\n<td style=\"text-align: center;\">10 * 10<\/td>\n<\/tr>\n<tr>\n<td style=\"text-align: center;\" height=\"18\">Alturas (cm)<\/td>\n<td style=\"text-align: center;\">10 , 12 , 15<\/td>\n<\/tr>\n<tr>\n<td style=\"text-align: center;\" height=\"18\">Capacidad (ml)<\/td>\n<td style=\"text-align: center;\">750, 800, 1100<\/td>\n<\/tr>\n<tr>\n<td style=\"text-align: center;\" height=\"18\">Finalizar<\/td>\n<td style=\"text-align: center;\">Transparente con ondulaciones t\u00e1ctiles<\/td>\n<\/tr>\n<tr>\n<td style=\"text-align: center;\" height=\"18\">Estilo<\/td>\n<td style=\"text-align: center;\">Moderno, elegante, decorativo<\/td>\n<\/tr>\n<tr>\n<td style=\"text-align: center;\" height=\"18\">Ideal para<\/td>\n<td style=\"text-align: center;\">M\u00faltiples flores, arreglos peque\u00f1os, flores artificiales, exhibidores de decoraci\u00f3n para el hogar<\/td>\n<\/tr>\n<\/tbody>\n<\/table>\n<h2>Detalles de apariencia<\/h2>\n<ul>\n<li><strong>Forma<\/strong>:Redondeo de las esquinas en la parte inferior y borde cuadrado.<\/li>\n<li><strong>Apertura<\/strong>:Boca ancha, plana y cuadrada, f\u00e1cil de llenar y mantener.<\/li>\n<li><strong>Construcci\u00f3n<\/strong>:Paredes en forma de Strauss que tienen un espesor uniforme.<\/li>\n<li><strong>Abajo<\/strong>:Fondo fabricado en vidrio m\u00e1s grueso para mejorar la estabilidad.<\/li>\n<li><strong>Finalizar<\/strong>:Bordes pulidos y lisos; vidrio transparente e incoloro.<\/li>\n<li><strong>Diferencias de tama\u00f1o<\/strong>:Viene en varias variaciones de altura con tama\u00f1os m\u00e1s altos y m\u00e1s cortos en diversas aplicaciones funcionales.<\/li>\n<\/ul>\n<h2>Material y caracter\u00edsticas del producto<\/h2>\n<p>Construido en vidrio de borosilicato de alta calidad, que:<\/p>\n<ul>\n<li>Excelente capacidad de choque t\u00e9rmico.<\/li>\n<li>Mayor resistencia y permanencia que el vidrio normal.<\/li>\n<li>Superficie no odiosa y no grasa.<\/li>\n<li>Una mayor transparencia mejora la exhibici\u00f3n ornamental.<\/li>\n<li>Dise\u00f1o estable que puede utilizarse tanto como decoraci\u00f3n como funcionalismo.<\/li>\n<\/ul>\n<h2>Aplicaciones<\/h2>\n<ol>\n<li><strong>Uso del jarr\u00f3n<\/strong>Se adapta bien a flores frescas, plantas de propagaci\u00f3n en agua y ramas ornamentales. Las m\u00e1s altas son perfectas para a\u00f1adir arreglos florales en tallos largos.<\/li>\n<li><strong>Contenedores para plantas<\/strong>:Se pueden utilizar los m\u00e1s cortos en plantas plantadas en el suelo, como las suculentas y otros cactus peque\u00f1os, para ver la capa de suelo y las ra\u00edces del cactus.<\/li>\n<li><strong>Candelabros<\/strong>:Se pueden utilizar como frascos para velas decorativas o perfumadas, donde el vidrio transparente agregar\u00e1 el efecto de luz de la vela.<\/li>\n<li><strong>Decoraci\u00f3n y exhibici\u00f3n<\/strong>:Ideal para \u00e1reas residenciales, de mesas y estantes, cafeter\u00edas, tiendas de flores y minoristas y de estilo de vida.<\/li>\n<\/ol>\n<h2>C\u00f3mo un proveedor se gan\u00f3 la lealtad de los floristas<\/h2>\n<p>Un distribuidor estadounidense vend\u00eda al por mayor docenas de jarrones, la mayor\u00eda redondos o lisos. M\u00e1s tarde, present\u00f3 este juego de jarrones cuadrados con un patr\u00f3n de rayas verticales. Al principio, los floristas no les hicieron caso. Pero luego, una boutique los prob\u00f3 como centros de mesa para bodas. Llenaron los jarrones cuadrados de 15 cm de alto con ran\u00fanculos blancos; el patr\u00f3n ondulado hac\u00eda que los p\u00e9talos brillaran a la luz de las velas. Las fotos se volvieron virales, al igual que los pedidos. En pocos meses, los pedidos se triplicaron. \u00bfLa raz\u00f3n? Porque estos floreros de cristal parec\u00edan caros en las fotos y se sent\u00edan de alta calidad al tacto.<\/p>\n<h2>Ideas para jarrones de vidrio personalizados<\/h2>\n<p>\u00bfQuieres personalizar estos jarrones cuadrados? Prueba estas ocho modificaciones de superficie, centr\u00e1ndote en el cristal en s\u00ed, sin necesidad de trucos de embalaje:<\/p>\n<ul>\n<li>Patr\u00f3n de ondas m\u00e1s profundo: aumente la altura de las ondas para crear un juego de luces m\u00e1s dram\u00e1tico y una sensaci\u00f3n t\u00e1ctil.<\/li>\n<li>Acabado mate: tambi\u00e9n est\u00e1 disponible una versi\u00f3n totalmente satinada para un efecto brumoso y difuso.<\/li>\n<li>El arenado gradual \u2014desde una base mate hasta una superficie transparente\u2014 crea una profundidad que recuerda a las aguas poco profundas.<\/li>\n<\/ul>\n<p>Estos retoques transforman un simple jarr\u00f3n en una pieza decorativa de marca, ideal para jarrones de flores de alta gama al por mayor con un toque de distinci\u00f3n.<\/p>","protected":false},"excerpt":{"rendered":"<p data-pm-slice=\"1 1 []\">Jarrones cuadrados al por mayor con textura vertical y dise\u00f1o minimalista moderno. Ideales para arreglos florales, decoraci\u00f3n del hogar y pedidos al por mayor. Muestras gratuitas disponibles.<\/p>","protected":false},"featured_media":5021,"template":"","meta":{"site-sidebar-layout":"default","site-content-layout":"","ast-site-content-layout":"default","site-content-style":"default","site-sidebar-style":"default","ast-global-header-display":"","ast-banner-title-visibility":"","ast-main-header-display":"","ast-hfb-above-header-display":"","ast-hfb-below-header-display":"","ast-hfb-mobile-header-display":"","site-post-title":"","ast-breadcrumbs-content":"","ast-featured-img":"","footer-sml-layout":"","theme-transparent-header-meta":"default","adv-header-id-meta":"","stick-header-meta":"","header-above-stick-meta":"","header-main-stick-meta":"","header-below-stick-meta":"","astra-migrate-meta-layouts":"set","ast-page-background-enabled":"default","ast-page-background-meta":{"desktop":{"background-color":"var(--ast-global-color-5)","background-image":"","background-repeat":"repeat","background-position":"center center","background-size":"auto","background-attachment":"scroll","background-type":"","background-media":"","overlay-type":"","overlay-color":"","overlay-opacity":"","overlay-gradient":""},"tablet":{"background-color":"","background-image":"","background-repeat":"repeat","background-position":"center center","background-size":"auto","background-attachment":"scroll","background-type":"","background-media":"","overlay-type":"","overlay-color":"","overlay-opacity":"","overlay-gradient":""},"mobile":{"background-color":"","background-image":"","background-repeat":"repeat","background-position":"center center","background-size":"auto","background-attachment":"scroll","background-type":"","background-media":"","overlay-type":"","overlay-color":"","overlay-opacity":"","overlay-gradient":""}},"ast-content-background-meta":{"desktop":{"background-color":"var(--ast-global-color-4)","background-image":"","background-repeat":"repeat","background-position":"center center","background-size":"auto","background-attachment":"scroll","background-type":"","background-media":"","overlay-type":"","overlay-color":"","overlay-opacity":"","overlay-gradient":""},"tablet":{"background-color":"var(--ast-global-color-4)","background-image":"","background-repeat":"repeat","background-position":"center center","background-size":"auto","background-attachment":"scroll","background-type":"","background-media":"","overlay-type":"","overlay-color":"","overlay-opacity":"","overlay-gradient":""},"mobile":{"background-color":"var(--ast-global-color-4)","background-image":"","background-repeat":"repeat","background-position":"center center","background-size":"auto","background-attachment":"scroll","background-type":"","background-media":"","overlay-type":"","overlay-color":"","overlay-opacity":"","overlay-gradient":""}}},"product_brand":[],"product_cat":[57,21],"product_tag":[],"class_list":{"0":"post-2191","1":"product","2":"type-product","3":"status-publish","4":"has-post-thumbnail","6":"product_cat-glass-vases","7":"product_cat-product","8":"desktop-align-left","9":"tablet-align-left","10":"mobile-align-left","12":"first","13":"instock","14":"shipping-taxable","15":"product-type-simple"},"jetpack_sharing_enabled":true,"_links":{"self":[{"href":"https:\/\/mostebglass.com\/es\/wp-json\/wp\/v2\/product\/2191","targetHints":{"allow":["GET"]}}],"collection":[{"href":"https:\/\/mostebglass.com\/es\/wp-json\/wp\/v2\/product"}],"about":[{"href":"https:\/\/mostebglass.com\/es\/wp-json\/wp\/v2\/types\/product"}],"wp:featuredmedia":[{"embeddable":true,"href":"https:\/\/mostebglass.com\/es\/wp-json\/wp\/v2\/media\/5021"}],"wp:attachment":[{"href":"https:\/\/mostebglass.com\/es\/wp-json\/wp\/v2\/media?parent=2191"}],"wp:term":[{"taxonomy":"product_brand","embeddable":true,"href":"https:\/\/mostebglass.com\/es\/wp-json\/wp\/v2\/product_brand?post=2191"},{"taxonomy":"product_cat","embeddable":true,"href":"https:\/\/mostebglass.com\/es\/wp-json\/wp\/v2\/product_cat?post=2191"},{"taxonomy":"product_tag","embeddable":true,"href":"https:\/\/mostebglass.com\/es\/wp-json\/wp\/v2\/product_tag?post=2191"}],"curies":[{"name":"wp","href":"https:\/\/api.w.org\/{rel}","templated":true}]}}