{"id":2313,"date":"2025-09-22T15:27:00","date_gmt":"2025-09-22T07:27:00","guid":{"rendered":"https:\/\/mostebglass.com\/?post_type=product&#038;p=2313"},"modified":"2026-03-24T13:21:17","modified_gmt":"2026-03-24T05:21:17","slug":"unique-transparent-glass-vases-in-textured-cylinder-bulk","status":"publish","type":"product","link":"https:\/\/mostebglass.com\/es\/unique-transparent-glass-vases-in-textured-cylinder-bulk\/","title":{"rendered":"Jarrones \u00fanicos de vidrio transparente en forma de cilindro texturizado (a granel)"},"content":{"rendered":"<p>Estos modernos y exclusivos jarrones presentan un sencillo dise\u00f1o cil\u00edndrico. Su superficie es acanalada en lugar de lisa. Disponibles en dos tama\u00f1os, aportan un toque art\u00edstico y singular a tus flores.<\/p>\n<h2><strong>P\u0159izp\u016fsoben\u00e9 n\u00e1vrhy<\/strong><\/h2>\n<ul>\n<li><strong>Dise\u00f1o acanalado texturizado:<\/strong> La superficie acanalada a\u00f1ade profundidad y dimensiones, convirtiendo un simple jarr\u00f3n de cristal en una pieza decorativa t\u00e1ctil.<\/li>\n<li><strong>Claro:<\/strong> Elaborada con vidrio transparente de alta calidad, deja al descubierto el tronco y los bulbos de cada flor, lo que la convierte en una opci\u00f3n ideal para decoraciones minimalistas y modernas del hogar.<\/li>\n<li><strong>Construcci\u00f3n duradera y funcional:<\/strong> Su base gruesa y estable evita que se vuelque, lo que resulta ideal tanto para usuarios dom\u00e9sticos como para arreglos florales comerciales.<\/li>\n<\/ul>\n<h2>Especificaciones clave<\/h2>\n<table style=\"border-collapse: collapse; margin-left: auto; margin-right: auto; width: 435.02pt;\" border=\"0\" width=\"580\" cellspacing=\"0\" cellpadding=\"0\">\n<tbody>\n<tr style=\"height: 13.50pt;\">\n<td style=\"height: 13.5pt; width: 105pt; text-align: center;\" width=\"140\" height=\"18\">Atributo<\/td>\n<td style=\"width: 330pt; text-align: center;\" width=\"440\">Detalle<\/td>\n<\/tr>\n<tr style=\"height: 13.50pt;\">\n<td style=\"height: 13.5pt; text-align: center;\" height=\"18\">Forma<\/td>\n<td style=\"text-align: center;\">Cil\u00edndrico<\/td>\n<\/tr>\n<tr style=\"height: 13.50pt;\">\n<td style=\"height: 13.5pt; text-align: center;\" height=\"18\">Material<\/td>\n<td style=\"text-align: center;\">Vidrio transparente<\/td>\n<\/tr>\n<tr style=\"height: 13.50pt;\">\n<td style=\"height: 13.5pt; text-align: center;\" height=\"18\">Alturas<\/td>\n<td style=\"text-align: center;\">19 cm, 24 cm<\/td>\n<\/tr>\n<tr style=\"height: 13.50pt;\">\n<td style=\"height: 13.5pt; text-align: center;\" height=\"18\">Di\u00e1metros<\/td>\n<td style=\"text-align: center;\">7,5 cm, 9 cm<\/td>\n<\/tr>\n<tr style=\"height: 13.50pt;\">\n<td style=\"height: 13.5pt; text-align: center;\" height=\"18\">Superficie<\/td>\n<td style=\"text-align: center;\">Textura c\u00f3ncava y convexa<\/td>\n<\/tr>\n<tr style=\"height: 13.50pt;\">\n<td style=\"height: 13.5pt; text-align: center;\" height=\"18\">Estilo<\/td>\n<td style=\"text-align: center;\">Moderno, decorativo<\/td>\n<\/tr>\n<tr style=\"height: 13.50pt;\">\n<td style=\"height: 13.5pt; text-align: center;\" height=\"18\">Caso de uso<\/td>\n<td style=\"text-align: center;\">Florero peque\u00f1o, arreglo floral artificial, centro de mesa<\/td>\n<\/tr>\n<\/tbody>\n<\/table>\n<h2>Caso de \u00e9xito<\/h2>\n<p>Nuestro juego de jarrones de vidrio texturizado ha sido incorporado a la colecci\u00f3n de decoraci\u00f3n para el hogar de una marca canadiense de estilo de vida. En cuanto al dise\u00f1o personalizado, el producto presenta un acabado degradado de dos tonos, que aten\u00faa ligeramente el color base, pero mantiene la mitad superior brillante, lo que confiere a los jarrones una gran profundidad visual. Adem\u00e1s, para garantizar su estabilidad, hemos colocado anillos de silicona antideslizantes en la base de los jarrones.<\/p>\n<p>La marca tambi\u00e9n experiment\u00f3 un aumento de precios en las ventas de jarrones del 31 por ciento en tan solo 10 semanas desde su lanzamiento; el \u00e9xito se debi\u00f3 a una gran presencia en l\u00ednea, lo que a su vez gener\u00f3 otro pedido de 45.000 unidades.<\/p>\n<h2>Consejos de personalizaci\u00f3n para su pedido de jarr\u00f3n de cristal<\/h2>\n<ul>\n<li>Tinte el cristal: pruebe con un \u00e1mbar suave, un gris ahumado o un azul p\u00e1lido para un jarr\u00f3n de cristal transparente de color.<\/li>\n<li>Cambiar el cilindro por uno ligeramente c\u00f3nico realza la altura visual y se adapta mejor a arreglos de tallo largo.<\/li>\n<li>El chorro de arena de toda la superficie crea una textura mate uniforme al tiempo que mantiene la forma elegante.<\/li>\n<\/ul>\n<p>Estos jarrones modernos no son solo recipientes: son temas de conversaci\u00f3n.<\/p>","protected":false},"excerpt":{"rendered":"<p>Elegante jarr\u00f3n de cristal transparente con superficie texturizada irregular. Perfecto para decoraci\u00f3n moderna, arreglos florales y venta al por mayor de jarrones \u00fanicos. Muestra gratuita.<\/p>\n<p>&nbsp;<\/p>","protected":false},"featured_media":4887,"template":"","meta":{"site-sidebar-layout":"default","site-content-layout":"","ast-site-content-layout":"default","site-content-style":"default","site-sidebar-style":"default","ast-global-header-display":"","ast-banner-title-visibility":"","ast-main-header-display":"","ast-hfb-above-header-display":"","ast-hfb-below-header-display":"","ast-hfb-mobile-header-display":"","site-post-title":"","ast-breadcrumbs-content":"","ast-featured-img":"","footer-sml-layout":"","theme-transparent-header-meta":"default","adv-header-id-meta":"","stick-header-meta":"","header-above-stick-meta":"","header-main-stick-meta":"","header-below-stick-meta":"","astra-migrate-meta-layouts":"set","ast-page-background-enabled":"default","ast-page-background-meta":{"desktop":{"background-color":"var(--ast-global-color-5)","background-image":"","background-repeat":"repeat","background-position":"center center","background-size":"auto","background-attachment":"scroll","background-type":"","background-media":"","overlay-type":"","overlay-color":"","overlay-opacity":"","overlay-gradient":""},"tablet":{"background-color":"","background-image":"","background-repeat":"repeat","background-position":"center center","background-size":"auto","background-attachment":"scroll","background-type":"","background-media":"","overlay-type":"","overlay-color":"","overlay-opacity":"","overlay-gradient":""},"mobile":{"background-color":"","background-image":"","background-repeat":"repeat","background-position":"center center","background-size":"auto","background-attachment":"scroll","background-type":"","background-media":"","overlay-type":"","overlay-color":"","overlay-opacity":"","overlay-gradient":""}},"ast-content-background-meta":{"desktop":{"background-color":"var(--ast-global-color-4)","background-image":"","background-repeat":"repeat","background-position":"center center","background-size":"auto","background-attachment":"scroll","background-type":"","background-media":"","overlay-type":"","overlay-color":"","overlay-opacity":"","overlay-gradient":""},"tablet":{"background-color":"var(--ast-global-color-4)","background-image":"","background-repeat":"repeat","background-position":"center center","background-size":"auto","background-attachment":"scroll","background-type":"","background-media":"","overlay-type":"","overlay-color":"","overlay-opacity":"","overlay-gradient":""},"mobile":{"background-color":"var(--ast-global-color-4)","background-image":"","background-repeat":"repeat","background-position":"center center","background-size":"auto","background-attachment":"scroll","background-type":"","background-media":"","overlay-type":"","overlay-color":"","overlay-opacity":"","overlay-gradient":""}}},"product_brand":[],"product_cat":[57,21],"product_tag":[],"class_list":{"0":"post-2313","1":"product","2":"type-product","3":"status-publish","4":"has-post-thumbnail","6":"product_cat-glass-vases","7":"product_cat-product","8":"desktop-align-left","9":"tablet-align-left","10":"mobile-align-left","12":"first","13":"instock","14":"shipping-taxable","15":"product-type-simple"},"jetpack_sharing_enabled":true,"_links":{"self":[{"href":"https:\/\/mostebglass.com\/es\/wp-json\/wp\/v2\/product\/2313","targetHints":{"allow":["GET"]}}],"collection":[{"href":"https:\/\/mostebglass.com\/es\/wp-json\/wp\/v2\/product"}],"about":[{"href":"https:\/\/mostebglass.com\/es\/wp-json\/wp\/v2\/types\/product"}],"wp:featuredmedia":[{"embeddable":true,"href":"https:\/\/mostebglass.com\/es\/wp-json\/wp\/v2\/media\/4887"}],"wp:attachment":[{"href":"https:\/\/mostebglass.com\/es\/wp-json\/wp\/v2\/media?parent=2313"}],"wp:term":[{"taxonomy":"product_brand","embeddable":true,"href":"https:\/\/mostebglass.com\/es\/wp-json\/wp\/v2\/product_brand?post=2313"},{"taxonomy":"product_cat","embeddable":true,"href":"https:\/\/mostebglass.com\/es\/wp-json\/wp\/v2\/product_cat?post=2313"},{"taxonomy":"product_tag","embeddable":true,"href":"https:\/\/mostebglass.com\/es\/wp-json\/wp\/v2\/product_tag?post=2313"}],"curies":[{"name":"wp","href":"https:\/\/api.w.org\/{rel}","templated":true}]}}