{"id":2334,"date":"2025-09-22T16:54:35","date_gmt":"2025-09-22T08:54:35","guid":{"rendered":"https:\/\/mostebglass.com\/?post_type=product&#038;p=2334"},"modified":"2026-01-26T18:04:44","modified_gmt":"2026-01-26T10:04:44","slug":"large-glass-vases-hurricane-candle-holders-wholesale","status":"publish","type":"product","link":"https:\/\/mostebglass.com\/es\/large-glass-vases-hurricane-candle-holders-wholesale\/","title":{"rendered":"Jarrones de vidrio grandes de 4800\/5600\/6500 ml \u2013 Candelabros Hurricane al por mayor"},"content":{"rendered":"<p>Nuestro juego de jarrones grandes de vidrio de borosilicato contiene 3 piezas de diferentes tama\u00f1os, alturas y di\u00e1metros. Incluye jarrones de uso libre y portavelas antiviento (candelabros Hurricane).<\/p>\n<h2>Caracter\u00edsticas principales:<\/h2>\n<ul>\n<li><strong>Utilidad multiprop\u00f3sito<\/strong>Estos dep\u00f3sitos de vidrio no solo se utilizan como arreglos florales, velas flotantes y configuraciones de velas de pilar, decoraciones de relleno, sino tambi\u00e9n como mini contenedores para plantar paisajes.<\/li>\n<li><strong>Dise\u00f1o eterno<\/strong>:Este conjunto se caracteriza por una forma cil\u00edndrica minimalista y una transparencia cristalina y se adapta perfectamente a cualquier tipo de estilo de decoraci\u00f3n del hogar o tema de evento, como la boda, la fiesta y la decoraci\u00f3n del hogar cotidiano.<\/li>\n<li><strong>Material de primera calidad<\/strong>:Fabricado en vidrio de borosilicato de alta calidad con una superficie lisa y con una excelente claridad lo que le confiere resistencia al calor as\u00ed como una alta durabilidad.<\/li>\n<li><strong>Dimensionamiento multiusos<\/strong>:Viene en tres tama\u00f1os de capacidad: 4800 ml, 5600 ml y 6500 ml como una variaci\u00f3n de juego de 3 piezas en t\u00e9rminos de diversos requisitos decorativos.<\/li>\n<\/ul>\n<h2>Presupuesto<\/h2>\n<table style=\"border-collapse: collapse; margin-left: auto; margin-right: auto; width: 477.02pt;\" border=\"0\" width=\"636\" cellspacing=\"0\" cellpadding=\"0\">\n<tbody>\n<tr style=\"height: 13.50pt;\">\n<td style=\"height: 13.50pt; width: 105.00pt;\" width=\"140\" height=\"18\">Atributo<\/td>\n<td style=\"width: 372.00pt;\" width=\"496\">Detalle<\/td>\n<\/tr>\n<tr style=\"height: 13.50pt;\">\n<td style=\"height: 13.50pt;\" height=\"18\">Forma<\/td>\n<td>Cil\u00edndrico<\/td>\n<\/tr>\n<tr style=\"height: 13.50pt;\">\n<td style=\"height: 13.50pt;\" height=\"18\">Material<\/td>\n<td>Vidrio transparente<\/td>\n<\/tr>\n<tr style=\"height: 13.50pt;\">\n<td style=\"height: 13.50pt;\" height=\"18\">Alturas<\/td>\n<td>30 cm, 35 cm, 40 cm<\/td>\n<\/tr>\n<tr style=\"height: 13.50pt;\">\n<td style=\"height: 13.50pt;\" height=\"18\">Di\u00e1metro<\/td>\n<td>15 cm (todas las tallas)<\/td>\n<\/tr>\n<tr style=\"height: 13.50pt;\">\n<td style=\"height: 13.50pt;\" height=\"18\">Capacidad<\/td>\n<td>4800 ml, 5600 ml, 6500 ml<\/td>\n<\/tr>\n<tr style=\"height: 13.50pt;\">\n<td style=\"height: 13.50pt;\" height=\"18\">Superficie<\/td>\n<td>Suave, pulido<\/td>\n<\/tr>\n<tr style=\"height: 13.50pt;\">\n<td style=\"height: 13.50pt;\" height=\"18\">Estilo<\/td>\n<td>Moderno, minimalista<\/td>\n<\/tr>\n<tr style=\"height: 13.50pt;\">\n<td style=\"height: 13.50pt;\" height=\"18\">Ideal para<\/td>\n<td>Distribuci\u00f3n de espacios, vest\u00edbulos, decoraci\u00f3n para bodas, escaparates<\/td>\n<\/tr>\n<\/tbody>\n<\/table>\n<h2>Caso de uso real: Cadena minorista de lujo<\/h2>\n<p>Un minorista de moda de alta gama quer\u00eda mejorar el ambiente de su tienda y reducir el caos. Coloc\u00f3 estos grandes jarrones de cristal en la entrada y en las esquinas de los probadores. Cada jarr\u00f3n, grande y transparente, contiene una rama artificial de forma \u00fanica; sin flores, solo la forma. El cristal transparente aporta ligereza a la presentaci\u00f3n. Adem\u00e1s, el dise\u00f1o sencillo del jarr\u00f3n no distrae la atenci\u00f3n de las prendas. Como resultado, esta medida aument\u00f3 el tiempo promedio de permanencia en la tienda en un 18 %. Los empleados tambi\u00e9n elogian el ambiente \u00abtranquilo y elegante\u00bb que se respira en la tienda. Un gerente incluso coment\u00f3: \u00abEs m\u00e1s que una simple decoraci\u00f3n; es una extensi\u00f3n del espacio\u00bb.<\/p>\n<h2>Consejos para personalizar jarrones grandes de cristal transparente<\/h2>\n<ul>\n<li>Vidrio tintado: en zonas de mucho tr\u00e1nsito, utilice tonos grises suaves o bronce para crear ambiente y reducir la visibilidad del agua.<\/li>\n<li>Base m\u00e1s gruesa: Haga la base m\u00e1s pesada para una mejor estabilidad con arreglos artificiales altos.<\/li>\n<li>Cinta arenada: a\u00f1ade una fina franja horizontal a la base para la personalizaci\u00f3n con tu marca; perfecta para el posterior grabado l\u00e1ser.<\/li>\n<\/ul>\n<p>Estos grandes jarrones de cristal no son solo opciones. Transforman un jarr\u00f3n grande y transparente en una pieza que destaca.<\/p>","protected":false},"excerpt":{"rendered":"<p data-pm-slice=\"1 1 []\">Juego de jarrones grandes de vidrio: 3 vers\u00e1tiles cilindros de vidrio de borosilicato para flores, velas y decoraci\u00f3n. Resistentes al calor, elegantes y perfectos para bodas o decoraci\u00f3n del hogar.<\/p>","protected":false},"featured_media":2440,"template":"","meta":{"site-sidebar-layout":"default","site-content-layout":"","ast-site-content-layout":"default","site-content-style":"default","site-sidebar-style":"default","ast-global-header-display":"","ast-banner-title-visibility":"","ast-main-header-display":"","ast-hfb-above-header-display":"","ast-hfb-below-header-display":"","ast-hfb-mobile-header-display":"","site-post-title":"","ast-breadcrumbs-content":"","ast-featured-img":"","footer-sml-layout":"","theme-transparent-header-meta":"default","adv-header-id-meta":"","stick-header-meta":"","header-above-stick-meta":"","header-main-stick-meta":"","header-below-stick-meta":"","astra-migrate-meta-layouts":"set","ast-page-background-enabled":"default","ast-page-background-meta":{"desktop":{"background-color":"var(--ast-global-color-5)","background-image":"","background-repeat":"repeat","background-position":"center center","background-size":"auto","background-attachment":"scroll","background-type":"","background-media":"","overlay-type":"","overlay-color":"","overlay-opacity":"","overlay-gradient":""},"tablet":{"background-color":"","background-image":"","background-repeat":"repeat","background-position":"center center","background-size":"auto","background-attachment":"scroll","background-type":"","background-media":"","overlay-type":"","overlay-color":"","overlay-opacity":"","overlay-gradient":""},"mobile":{"background-color":"","background-image":"","background-repeat":"repeat","background-position":"center center","background-size":"auto","background-attachment":"scroll","background-type":"","background-media":"","overlay-type":"","overlay-color":"","overlay-opacity":"","overlay-gradient":""}},"ast-content-background-meta":{"desktop":{"background-color":"var(--ast-global-color-4)","background-image":"","background-repeat":"repeat","background-position":"center center","background-size":"auto","background-attachment":"scroll","background-type":"","background-media":"","overlay-type":"","overlay-color":"","overlay-opacity":"","overlay-gradient":""},"tablet":{"background-color":"var(--ast-global-color-4)","background-image":"","background-repeat":"repeat","background-position":"center center","background-size":"auto","background-attachment":"scroll","background-type":"","background-media":"","overlay-type":"","overlay-color":"","overlay-opacity":"","overlay-gradient":""},"mobile":{"background-color":"var(--ast-global-color-4)","background-image":"","background-repeat":"repeat","background-position":"center center","background-size":"auto","background-attachment":"scroll","background-type":"","background-media":"","overlay-type":"","overlay-color":"","overlay-opacity":"","overlay-gradient":""}}},"product_brand":[],"product_cat":[57,21],"product_tag":[],"class_list":{"0":"post-2334","1":"product","2":"type-product","3":"status-publish","4":"has-post-thumbnail","6":"product_cat-glass-vases","7":"product_cat-product","8":"desktop-align-left","9":"tablet-align-left","10":"mobile-align-left","12":"first","13":"instock","14":"shipping-taxable","15":"product-type-simple"},"jetpack_sharing_enabled":true,"_links":{"self":[{"href":"https:\/\/mostebglass.com\/es\/wp-json\/wp\/v2\/product\/2334","targetHints":{"allow":["GET"]}}],"collection":[{"href":"https:\/\/mostebglass.com\/es\/wp-json\/wp\/v2\/product"}],"about":[{"href":"https:\/\/mostebglass.com\/es\/wp-json\/wp\/v2\/types\/product"}],"wp:featuredmedia":[{"embeddable":true,"href":"https:\/\/mostebglass.com\/es\/wp-json\/wp\/v2\/media\/2440"}],"wp:attachment":[{"href":"https:\/\/mostebglass.com\/es\/wp-json\/wp\/v2\/media?parent=2334"}],"wp:term":[{"taxonomy":"product_brand","embeddable":true,"href":"https:\/\/mostebglass.com\/es\/wp-json\/wp\/v2\/product_brand?post=2334"},{"taxonomy":"product_cat","embeddable":true,"href":"https:\/\/mostebglass.com\/es\/wp-json\/wp\/v2\/product_cat?post=2334"},{"taxonomy":"product_tag","embeddable":true,"href":"https:\/\/mostebglass.com\/es\/wp-json\/wp\/v2\/product_tag?post=2334"}],"curies":[{"name":"wp","href":"https:\/\/api.w.org\/{rel}","templated":true}]}}