{"id":2504,"date":"2025-09-23T16:34:04","date_gmt":"2025-09-23T08:34:04","guid":{"rendered":"https:\/\/mostebglass.com\/?post_type=product&#038;p=2504"},"modified":"2026-04-10T13:53:32","modified_gmt":"2026-04-10T05:53:32","slug":"clear-cylinder-table-vases-with-cork-top-wholesale","status":"publish","type":"product","link":"https:\/\/mostebglass.com\/es\/clear-cylinder-table-vases-with-cork-top-wholesale\/","title":{"rendered":"Jarrones de mesa cil\u00edndricos transparentes de 250 ml, 300 ml y 400 ml con tapa de corcho (venta al por mayor)"},"content":{"rendered":"<p>Se trata de una serie de jarrones de mesa cuyo cuerpo est\u00e1 hecho de cristal transparente, de forma sencilla y redonda, y que cuentan con una tapa de corcho natural con un orificio en el centro. Est\u00e1n disponibles en tres alturas diferentes para crear arreglos florales en capas.<\/p>\n<h2><strong>P\u0159izp\u016fsoben\u00e9 n\u00e1vrhy<\/strong><\/h2>\n<ul>\n<li><strong>Vidrio de alta transparencia:<\/strong> Est\u00e1 fabricado con un cuerpo de vidrio de alta transparencia, que sirve como un marco invisible sobre el cual sus flores o decoraciones ser\u00e1n el centro de atenci\u00f3n visual.<\/li>\n<li><strong>Tap\u00f3n de corcho natural:<\/strong> Este jarr\u00f3n es una obra de arte, ya que cuenta con un tap\u00f3n de corcho natural que le confiere un cierto toque r\u00fastico.<\/li>\n<li><strong>Forma cil\u00edndrica lisa:<\/strong> Su forma cil\u00edndrica lisa y sin adornos encaja a la perfecci\u00f3n con estilos de decoraci\u00f3n del hogar como el minimalista e incluso el escandinavo.<\/li>\n<\/ul>\n<h2>Especificaciones clave<\/h2>\n<table style=\"border-collapse: collapse; margin-left: auto; margin-right: auto; width: 477.02pt;\" border=\"0\" width=\"636\" cellspacing=\"0\" cellpadding=\"0\">\n<tbody>\n<tr style=\"height: 13.50pt;\">\n<td style=\"height: 13.5pt; width: 105pt; text-align: center;\" width=\"140\" height=\"18\">Atributo<\/td>\n<td style=\"width: 372pt; text-align: center;\" width=\"496\">Detalle<\/td>\n<\/tr>\n<tr style=\"height: 13.50pt;\">\n<td style=\"height: 13.5pt; text-align: center;\" height=\"18\">Forma<\/td>\n<td style=\"text-align: center;\">Cil\u00edndrico<\/td>\n<\/tr>\n<tr style=\"height: 13.50pt;\">\n<td style=\"height: 13.5pt; text-align: center;\" height=\"18\">Material<\/td>\n<td style=\"text-align: center;\">Vidrio de borosilicato + corcho natural<\/td>\n<\/tr>\n<tr style=\"height: 13.50pt;\">\n<td style=\"height: 13.5pt; text-align: center;\" height=\"18\">Alturas (cm)<\/td>\n<td style=\"text-align: center;\">10 , 12 , 15<\/td>\n<\/tr>\n<tr style=\"height: 13.50pt;\">\n<td style=\"height: 13.5pt; text-align: center;\" height=\"18\">Di\u00e1metro<\/td>\n<td style=\"text-align: center;\">6,5 cm (todas las tallas)<\/td>\n<\/tr>\n<tr style=\"height: 13.50pt;\">\n<td style=\"height: 13.5pt; text-align: center;\" height=\"18\">Capacidad (ml)<\/td>\n<td style=\"text-align: center;\">250, 300, 400<\/td>\n<\/tr>\n<tr style=\"height: 13.50pt;\">\n<td style=\"height: 13.5pt; text-align: center;\" height=\"18\">Tapa<\/td>\n<td style=\"text-align: center;\">Corcho macizo con un solo agujero<\/td>\n<\/tr>\n<tr style=\"height: 13.50pt;\">\n<td style=\"height: 13.50pt;\" height=\"18\">Estilo<\/td>\n<td style=\"text-align: center;\">Moderno org\u00e1nico<\/td>\n<\/tr>\n<tr style=\"height: 13.50pt;\">\n<td style=\"height: 13.5pt; text-align: center;\" height=\"18\">Ideal para<\/td>\n<td style=\"text-align: center;\">Arreglos florales, decoraci\u00f3n de mesas, recuerdos de boda, interiores de spa<\/td>\n<\/tr>\n<\/tbody>\n<\/table>\n<h2>Historia de \u00e9xito<\/h2>\n<p>Nuestro jarr\u00f3n cil\u00edndrico de cristal fue encargado por una marca escandinava de decoraci\u00f3n para el hogar con un acabado pulido a medida y un tap\u00f3n de corcho natural con un orificio en el centro. La incre\u00edble transparencia del cristal utilizado garantiz\u00f3 que las flores en su interior fueran perfectamente visibles, lo que se tradujo en un aumento del 28 % en las ventas de los productos de decoraci\u00f3n para el hogar relacionados. Adem\u00e1s, la base plana y s\u00f3lida y el uso de materiales de corcho en el jarr\u00f3n minimizan la tasa de rotura durante el transporte y el uso diario del producto en un 32 %, lo que reduce considerablemente el coste de mantenimiento posventa. La respuesta fue tan positiva que la marca qued\u00f3 muy satisfecha y posteriormente encarg\u00f3 otros 500 000 jarrones de cristal id\u00e9nticos, estableciendo as\u00ed una relaci\u00f3n de suministro a largo plazo con nosotros.<\/p>\n<h2>Ideas para personalizar tu jarr\u00f3n de corcho<\/h2>\n<ul>\n<li>Corcho de doble agujero: a\u00f1ade un segundo agujero para sujetar dos tallos a diferentes alturas y crear un mini arreglo.<\/li>\n<li>Tapa de corcho grabada: graba con l\u00e1ser el logotipo de tu cliente o un mensaje corto directamente en la superficie del corcho.<\/li>\n<li>Cuerpo de vidrio texturizado: a\u00f1ade suaves l\u00edneas verticales acanaladas al vidrio para un mayor agarre y un juego ligero.<\/li>\n<li>Corcho de color: utilice corcho te\u00f1ido naturalmente en negro, blanco o terracota para una declaraci\u00f3n de estilo m\u00e1s audaz.<\/li>\n<\/ul>\n<p>Estos peque\u00f1os ajustes te permiten ofrecer algo m\u00e1s que simples jarrones decorativos. Est\u00e1s vendiendo una historia: naturaleza, artesan\u00eda y cari\u00f1o.<\/p>","protected":false},"excerpt":{"rendered":"<p data-pm-slice=\"1 1 []\">Elegante jarr\u00f3n de mesa con dise\u00f1o cil\u00edndrico sencillo y tapa de corcho natural. Jarr\u00f3n de cristal transparente con tapa de corcho, perfecto para flores, ramas o como elemento decorativo de mesa. Env\u00edo r\u00e1pido.<\/p>","protected":false},"featured_media":2523,"template":"","meta":{"site-sidebar-layout":"default","site-content-layout":"","ast-site-content-layout":"default","site-content-style":"default","site-sidebar-style":"default","ast-global-header-display":"","ast-banner-title-visibility":"","ast-main-header-display":"","ast-hfb-above-header-display":"","ast-hfb-below-header-display":"","ast-hfb-mobile-header-display":"","site-post-title":"","ast-breadcrumbs-content":"","ast-featured-img":"","footer-sml-layout":"","theme-transparent-header-meta":"default","adv-header-id-meta":"","stick-header-meta":"","header-above-stick-meta":"","header-main-stick-meta":"","header-below-stick-meta":"","astra-migrate-meta-layouts":"set","ast-page-background-enabled":"default","ast-page-background-meta":{"desktop":{"background-color":"var(--ast-global-color-5)","background-image":"","background-repeat":"repeat","background-position":"center center","background-size":"auto","background-attachment":"scroll","background-type":"","background-media":"","overlay-type":"","overlay-color":"","overlay-opacity":"","overlay-gradient":""},"tablet":{"background-color":"","background-image":"","background-repeat":"repeat","background-position":"center center","background-size":"auto","background-attachment":"scroll","background-type":"","background-media":"","overlay-type":"","overlay-color":"","overlay-opacity":"","overlay-gradient":""},"mobile":{"background-color":"","background-image":"","background-repeat":"repeat","background-position":"center center","background-size":"auto","background-attachment":"scroll","background-type":"","background-media":"","overlay-type":"","overlay-color":"","overlay-opacity":"","overlay-gradient":""}},"ast-content-background-meta":{"desktop":{"background-color":"var(--ast-global-color-4)","background-image":"","background-repeat":"repeat","background-position":"center center","background-size":"auto","background-attachment":"scroll","background-type":"","background-media":"","overlay-type":"","overlay-color":"","overlay-opacity":"","overlay-gradient":""},"tablet":{"background-color":"var(--ast-global-color-4)","background-image":"","background-repeat":"repeat","background-position":"center center","background-size":"auto","background-attachment":"scroll","background-type":"","background-media":"","overlay-type":"","overlay-color":"","overlay-opacity":"","overlay-gradient":""},"mobile":{"background-color":"var(--ast-global-color-4)","background-image":"","background-repeat":"repeat","background-position":"center center","background-size":"auto","background-attachment":"scroll","background-type":"","background-media":"","overlay-type":"","overlay-color":"","overlay-opacity":"","overlay-gradient":""}}},"product_brand":[],"product_cat":[57,21],"product_tag":[],"class_list":{"0":"post-2504","1":"product","2":"type-product","3":"status-publish","4":"has-post-thumbnail","6":"product_cat-glass-vases","7":"product_cat-product","8":"desktop-align-left","9":"tablet-align-left","10":"mobile-align-left","12":"first","13":"instock","14":"shipping-taxable","15":"product-type-simple"},"jetpack_sharing_enabled":true,"_links":{"self":[{"href":"https:\/\/mostebglass.com\/es\/wp-json\/wp\/v2\/product\/2504","targetHints":{"allow":["GET"]}}],"collection":[{"href":"https:\/\/mostebglass.com\/es\/wp-json\/wp\/v2\/product"}],"about":[{"href":"https:\/\/mostebglass.com\/es\/wp-json\/wp\/v2\/types\/product"}],"wp:featuredmedia":[{"embeddable":true,"href":"https:\/\/mostebglass.com\/es\/wp-json\/wp\/v2\/media\/2523"}],"wp:attachment":[{"href":"https:\/\/mostebglass.com\/es\/wp-json\/wp\/v2\/media?parent=2504"}],"wp:term":[{"taxonomy":"product_brand","embeddable":true,"href":"https:\/\/mostebglass.com\/es\/wp-json\/wp\/v2\/product_brand?post=2504"},{"taxonomy":"product_cat","embeddable":true,"href":"https:\/\/mostebglass.com\/es\/wp-json\/wp\/v2\/product_cat?post=2504"},{"taxonomy":"product_tag","embeddable":true,"href":"https:\/\/mostebglass.com\/es\/wp-json\/wp\/v2\/product_tag?post=2504"}],"curies":[{"name":"wp","href":"https:\/\/api.w.org\/{rel}","templated":true}]}}