{"id":2651,"date":"2025-09-24T15:37:17","date_gmt":"2025-09-24T07:37:17","guid":{"rendered":"https:\/\/mostebglass.com\/?post_type=product&#038;p=2651"},"modified":"2026-03-23T15:02:47","modified_gmt":"2026-03-23T07:02:47","slug":"mayorista-exquisito-jarron-de-madera-y-cristal-para-flores","status":"publish","type":"product","link":"https:\/\/mostebglass.com\/es\/wholesale-exquisite-wood-and-glass-vase-for-flowers\/","title":{"rendered":"Jarr\u00f3n exquisito de madera y vidrio para flores al por mayor"},"content":{"rendered":"<p>El dise\u00f1o de este jarr\u00f3n de madera y vidrio es liso, cil\u00edndrico con el cuerpo elaborado en vidrio transparente y una base de madera elaborada artesanalmente d\u00e1ndole un toque moderno.<\/p>\n<h2><strong>P\u0159izp\u016fsoben\u00e9 n\u00e1vrhy<\/strong><\/h2>\n<ul>\n<li><strong>Dise\u00f1o de doble contenido:<\/strong> Combinaci\u00f3n de cristal transparente con una base extra\u00edble de madera marr\u00f3n oscuro, una mezcla de transparencia del cristal con calidez de la madera para un estilo \u00fanico.<\/li>\n<li><strong>Silueta cil\u00edndrica limpia:<\/strong> Su forma de jarr\u00f3n limpia y moderna combina con interiores tanto modernos como cl\u00e1sicos.<\/li>\n<li><strong>M\u00faltiples opciones de textura:<\/strong> Elige entre cristal transparente o cristal efecto nieve para que combine con la est\u00e9tica de tu marca, desde lo sutil hasta lo dram\u00e1tico.<\/li>\n<\/ul>\n<h2>Especificaciones clave<\/h2>\n<table style=\"border-collapse: collapse; margin-left: auto; margin-right: auto; width: 498.77pt;\">\n<tbody>\n<tr>\n<td width=\"125\">Caracter\u00edstica<\/td>\n<td width=\"402\">Detalles<\/td>\n<\/tr>\n<tr>\n<td>Forma<\/td>\n<td>Cilindro<\/td>\n<\/tr>\n<tr>\n<td>Opciones de altura<\/td>\n<td>20 cm, 25 cm<\/td>\n<\/tr>\n<tr>\n<td>Di\u00e1metro<\/td>\n<td>10 cm (todos los modelos)<\/td>\n<\/tr>\n<tr>\n<td>Tipo de vidrio<\/td>\n<td>superficie clara o de textura glacial<\/td>\n<\/tr>\n<tr>\n<td>Base<\/td>\n<td>Madera maciza extra\u00edble (marr\u00f3n oscuro)<\/td>\n<\/tr>\n<tr>\n<td>Material<\/td>\n<td>Vidrio + madera natural<\/td>\n<\/tr>\n<tr>\n<td>Ideal para<\/td>\n<td>Florero peque\u00f1o, exhibidor de tallos artificiales, acento decorativo<\/td>\n<\/tr>\n<tr>\n<td>Estilo<\/td>\n<td>Jarr\u00f3n moderno, decoraci\u00f3n minimalista para el hogar<\/td>\n<\/tr>\n<\/tbody>\n<\/table>\n<h2>Historia de \u00e9xito: Jarr\u00f3n cil\u00edndrico de vidrio minimalista<\/h2>\n<p>Una de las marcas de decoraci\u00f3n moderna para el hogar de Norteam\u00e9rica encarg\u00f3 nuestro jarr\u00f3n de madera y vidrio y fabric\u00f3 un vaso martillado a mano a medida. El vidrio, con su textura martillada a mano, le dio al producto una nueva apariencia que impuls\u00f3 sus ventas en un 35 % en tan solo un mes desde su lanzamiento. Esta base s\u00f3lida minimiz\u00f3 la tasa de roturas durante el transporte y el uso a menos del 0,5 %, lo que redujo considerablemente el coste posventa de la marca. La marca tambi\u00e9n realiz\u00f3 otro pedido de 400\u00a0000 jarrones de vidrio gracias a la buena acogida del mercado para satisfacer la creciente demanda mayorista en el mercado europeo de decoraci\u00f3n moderna para el hogar.<\/p>\n<h2>Ideas para personalizar jarrones para flores<\/h2>\n<ul>\n<li>Prueba con vidrio ahumado: cambia el vidrio transparente por un suave tinte gris para lograr un ambiente moderno y sofisticado en la decoraci\u00f3n del hogar.<\/li>\n<li>Grabado l\u00e1ser de un patr\u00f3n: sutiles formas geom\u00e9tricas u org\u00e1nicas en la superficie convierten cada jarr\u00f3n de vidrio en una obra de arte.<\/li>\n<li>Altura personalizable: est\u00edrela hasta 30 cm para un efecto dram\u00e1tico, o ac\u00f3rtela hasta 15 cm para un encantador florero de escritorio.<\/li>\n<\/ul>\n<p>Estos recipientes no son simples retoques, son herramientas de marca. Una textura o estilo \u00fanico convierte tus floreros en una firma reconocible.<\/p>","protected":false},"excerpt":{"rendered":"<p data-pm-slice=\"1 1 []\">Descubra las colecciones de jarrones de madera y vidrio al por mayor. Elegantes jarrones para flores con bases de madera extra\u00edbles, ideales para florister\u00edas y comercios. Muestras gratuitas.<\/p>","protected":false},"featured_media":4873,"template":"","meta":{"site-sidebar-layout":"default","site-content-layout":"","ast-site-content-layout":"default","site-content-style":"default","site-sidebar-style":"default","ast-global-header-display":"","ast-banner-title-visibility":"","ast-main-header-display":"","ast-hfb-above-header-display":"","ast-hfb-below-header-display":"","ast-hfb-mobile-header-display":"","site-post-title":"","ast-breadcrumbs-content":"","ast-featured-img":"","footer-sml-layout":"","theme-transparent-header-meta":"default","adv-header-id-meta":"","stick-header-meta":"","header-above-stick-meta":"","header-main-stick-meta":"","header-below-stick-meta":"","astra-migrate-meta-layouts":"set","ast-page-background-enabled":"default","ast-page-background-meta":{"desktop":{"background-color":"var(--ast-global-color-5)","background-image":"","background-repeat":"repeat","background-position":"center center","background-size":"auto","background-attachment":"scroll","background-type":"","background-media":"","overlay-type":"","overlay-color":"","overlay-opacity":"","overlay-gradient":""},"tablet":{"background-color":"","background-image":"","background-repeat":"repeat","background-position":"center center","background-size":"auto","background-attachment":"scroll","background-type":"","background-media":"","overlay-type":"","overlay-color":"","overlay-opacity":"","overlay-gradient":""},"mobile":{"background-color":"","background-image":"","background-repeat":"repeat","background-position":"center center","background-size":"auto","background-attachment":"scroll","background-type":"","background-media":"","overlay-type":"","overlay-color":"","overlay-opacity":"","overlay-gradient":""}},"ast-content-background-meta":{"desktop":{"background-color":"var(--ast-global-color-4)","background-image":"","background-repeat":"repeat","background-position":"center center","background-size":"auto","background-attachment":"scroll","background-type":"","background-media":"","overlay-type":"","overlay-color":"","overlay-opacity":"","overlay-gradient":""},"tablet":{"background-color":"var(--ast-global-color-4)","background-image":"","background-repeat":"repeat","background-position":"center center","background-size":"auto","background-attachment":"scroll","background-type":"","background-media":"","overlay-type":"","overlay-color":"","overlay-opacity":"","overlay-gradient":""},"mobile":{"background-color":"var(--ast-global-color-4)","background-image":"","background-repeat":"repeat","background-position":"center center","background-size":"auto","background-attachment":"scroll","background-type":"","background-media":"","overlay-type":"","overlay-color":"","overlay-opacity":"","overlay-gradient":""}}},"product_brand":[],"product_cat":[57,21],"product_tag":[],"class_list":{"0":"post-2651","1":"product","2":"type-product","3":"status-publish","4":"has-post-thumbnail","6":"product_cat-glass-vases","7":"product_cat-product","8":"desktop-align-left","9":"tablet-align-left","10":"mobile-align-left","12":"first","13":"instock","14":"shipping-taxable","15":"product-type-simple"},"jetpack_sharing_enabled":true,"_links":{"self":[{"href":"https:\/\/mostebglass.com\/es\/wp-json\/wp\/v2\/product\/2651","targetHints":{"allow":["GET"]}}],"collection":[{"href":"https:\/\/mostebglass.com\/es\/wp-json\/wp\/v2\/product"}],"about":[{"href":"https:\/\/mostebglass.com\/es\/wp-json\/wp\/v2\/types\/product"}],"wp:featuredmedia":[{"embeddable":true,"href":"https:\/\/mostebglass.com\/es\/wp-json\/wp\/v2\/media\/4873"}],"wp:attachment":[{"href":"https:\/\/mostebglass.com\/es\/wp-json\/wp\/v2\/media?parent=2651"}],"wp:term":[{"taxonomy":"product_brand","embeddable":true,"href":"https:\/\/mostebglass.com\/es\/wp-json\/wp\/v2\/product_brand?post=2651"},{"taxonomy":"product_cat","embeddable":true,"href":"https:\/\/mostebglass.com\/es\/wp-json\/wp\/v2\/product_cat?post=2651"},{"taxonomy":"product_tag","embeddable":true,"href":"https:\/\/mostebglass.com\/es\/wp-json\/wp\/v2\/product_tag?post=2651"}],"curies":[{"name":"wp","href":"https:\/\/api.w.org\/{rel}","templated":true}]}}