{"id":2718,"date":"2025-09-25T09:17:05","date_gmt":"2025-09-25T01:17:05","guid":{"rendered":"https:\/\/mostebglass.com\/?post_type=product&#038;p=2718"},"modified":"2026-03-23T13:29:33","modified_gmt":"2026-03-23T05:29:33","slug":"gradient-glass-vase-set-in-different-shape-bulk","status":"publish","type":"product","link":"https:\/\/mostebglass.com\/es\/gradient-glass-vase-set-in-different-shape-bulk\/","title":{"rendered":"Juego de jarrones de vidrio degradado en diferentes formas (venta al por mayor)"},"content":{"rendered":"<p>Esta colecci\u00f3n de cinco jarrones de vidrio tiene un degradado de azul a amarillo, est\u00e1 disponible en diferentes formas y est\u00e1 decorada con texturas finas, que incluyen dise\u00f1os florales en relieve, cortes de diamantes, as\u00ed como dise\u00f1os acanalados y en espiral, cada uno mostrando su belleza distintiva.<\/p>\n<h2><strong>P\u0159izp\u016fsoben\u00e9 n\u00e1vrhy<\/strong><\/h2>\n<ul>\n<li><strong>formas diversas<\/strong>Estos 5 jarrones de cristal tienen diferentes formas, incluyendo delgadas, espirales, etc., que se pueden adaptar a diferentes formas de flores y escenas decorativas.<\/li>\n<li><strong>degradado de color<\/strong>La combinaci\u00f3n de colores degradados en azul y amarillo es fresca y con capas, lo que a\u00f1ade belleza visual al arreglo floral.<\/li>\n<li><strong>Textura superficial rica<\/strong>Los detalles de textura en forma de diamante, espiral, acanalada y floral hacen que cada jarr\u00f3n de vidrio parezca hecho a mano.<\/li>\n<\/ul>\n<h2>Especificaciones clave<\/h2>\n<table style=\"border-collapse: collapse; margin-left: auto; margin-right: auto; width: 468.77pt;\" border=\"0\" width=\"625\" cellspacing=\"0\" cellpadding=\"0\">\n<tbody>\n<tr style=\"height: 13.50pt;\">\n<td style=\"height: 13.5pt; width: 105pt; text-align: center;\" width=\"140\" height=\"18\">Caracter\u00edstica<\/td>\n<td style=\"width: 363.75pt; text-align: center;\" width=\"485\">Detalles<\/td>\n<\/tr>\n<tr style=\"height: 13.50pt;\">\n<td style=\"height: 13.5pt; text-align: center;\" height=\"18\">Tama\u00f1o del conjunto<\/td>\n<td style=\"text-align: center;\">5 piezas<\/td>\n<\/tr>\n<tr style=\"height: 13.50pt;\">\n<td style=\"height: 13.5pt; text-align: center;\" height=\"18\">Material<\/td>\n<td style=\"text-align: center;\">vidrio de cal sodada<\/td>\n<\/tr>\n<tr style=\"height: 13.50pt;\">\n<td style=\"height: 13.5pt; text-align: center;\" height=\"18\">Color<\/td>\n<td style=\"text-align: center;\">Degradado azul-amarillo (personalizable)<\/td>\n<\/tr>\n<tr style=\"height: 13.50pt;\">\n<td style=\"height: 13.5pt; text-align: center;\" height=\"18\">Variedad de dise\u00f1o<\/td>\n<td style=\"text-align: center;\">Alto, estrecho, espiral, acanalado, acampanado, texturizado<\/td>\n<\/tr>\n<tr style=\"height: 13.50pt;\">\n<td style=\"height: 13.5pt; text-align: center;\" height=\"18\">Detalles de la superficie<\/td>\n<td style=\"text-align: center;\">Patr\u00f3n de rombos, ranura en espiral, relieve floral<\/td>\n<\/tr>\n<tr style=\"height: 13.50pt;\">\n<td style=\"height: 13.5pt; text-align: center;\" height=\"18\">Ideal para<\/td>\n<td style=\"text-align: center;\">Capullo de florero, florero, tallo falso, jardinera<\/td>\n<\/tr>\n<tr style=\"height: 13.50pt;\">\n<td style=\"height: 13.5pt; text-align: center;\" height=\"18\">Estilo<\/td>\n<td style=\"text-align: center;\">Jarr\u00f3n moderno, elegantes jarrones decorativos<\/td>\n<\/tr>\n<\/tbody>\n<\/table>\n<h2>Historia de \u00e9xito<\/h2>\n<p>Nuestra colecci\u00f3n de peque\u00f1os jarrones de escritorio fue seleccionada por una marca italiana de decoraci\u00f3n para el hogar. Dado que su necesidad espec\u00edfica consist\u00eda en crear presentaciones visualmente impactantes, utilizamos una estrategia de personalizaci\u00f3n diferenciada: a\u00f1adimos m\u00e1s brillo a las distintas texturas (relieve de diamante, rayas verticales y ondas) para que el conjunto de productos presentara diferentes niveles de reflexi\u00f3n de luz. Adem\u00e1s, estandarizamos las aberturas de los jarrones a proporciones m\u00e1s grandes, m\u00e1s adecuadas para colocar tallos individuales o arreglos de flores secas. Por \u00faltimo, creamos un envoltorio de regalo a medida que imitaba est\u00e9ticamente el aspecto de los jarrones, en consonancia con la imagen general de la marca.<\/p>\n<p>Tras su lanzamiento, las ventas de esta serie aumentaron aproximadamente un 58 % en el primer trimestre. En el segundo trimestre, la marca realiz\u00f3 pedidos al por mayor de la colecci\u00f3n completa, convirti\u00e9ndola en uno de los productos estrella de sus escaparates.<\/p>\n<h2>Juego de jarrones de vidrio personalizable<\/h2>\n<ul>\n<li>Grabar con l\u00e1ser un motivo distintivo: una peque\u00f1a hoja, un sol o una forma abstracta cerca de la base, visible solo de cerca.<\/li>\n<li>Texturiza el cuello: un borde acanalado o estriado a\u00f1ade un toque de lujo t\u00e1ctil y disimula las huellas dactilares.<\/li>\n<li>Tinte ligeramente el cristal transparente: incluso las versiones &#034;transparentes&#034; pueden tener un toque c\u00e1lido o fr\u00edo para una sutil variedad.<\/li>\n<\/ul>\n<p>No se trata solo de cambios est\u00e9ticos. Transforman un hermoso jarr\u00f3n de cristal en un producto de autor.<\/p>","protected":false},"excerpt":{"rendered":"<p data-pm-slice=\"1 1 []\">Juego de jarrones de vidrio y capullos al por mayor con detalles en relieve y formas elegantes. Las texturas en relieve y espiral le aportan un toque vintage. Muestras gratuitas disponibles.<\/p>","protected":false},"featured_media":2741,"template":"","meta":{"site-sidebar-layout":"default","site-content-layout":"","ast-site-content-layout":"default","site-content-style":"default","site-sidebar-style":"default","ast-global-header-display":"","ast-banner-title-visibility":"","ast-main-header-display":"","ast-hfb-above-header-display":"","ast-hfb-below-header-display":"","ast-hfb-mobile-header-display":"","site-post-title":"","ast-breadcrumbs-content":"","ast-featured-img":"","footer-sml-layout":"","theme-transparent-header-meta":"default","adv-header-id-meta":"","stick-header-meta":"","header-above-stick-meta":"","header-main-stick-meta":"","header-below-stick-meta":"","astra-migrate-meta-layouts":"set","ast-page-background-enabled":"default","ast-page-background-meta":{"desktop":{"background-color":"var(--ast-global-color-5)","background-image":"","background-repeat":"repeat","background-position":"center center","background-size":"auto","background-attachment":"scroll","background-type":"","background-media":"","overlay-type":"","overlay-color":"","overlay-opacity":"","overlay-gradient":""},"tablet":{"background-color":"","background-image":"","background-repeat":"repeat","background-position":"center center","background-size":"auto","background-attachment":"scroll","background-type":"","background-media":"","overlay-type":"","overlay-color":"","overlay-opacity":"","overlay-gradient":""},"mobile":{"background-color":"","background-image":"","background-repeat":"repeat","background-position":"center center","background-size":"auto","background-attachment":"scroll","background-type":"","background-media":"","overlay-type":"","overlay-color":"","overlay-opacity":"","overlay-gradient":""}},"ast-content-background-meta":{"desktop":{"background-color":"var(--ast-global-color-4)","background-image":"","background-repeat":"repeat","background-position":"center center","background-size":"auto","background-attachment":"scroll","background-type":"","background-media":"","overlay-type":"","overlay-color":"","overlay-opacity":"","overlay-gradient":""},"tablet":{"background-color":"var(--ast-global-color-4)","background-image":"","background-repeat":"repeat","background-position":"center center","background-size":"auto","background-attachment":"scroll","background-type":"","background-media":"","overlay-type":"","overlay-color":"","overlay-opacity":"","overlay-gradient":""},"mobile":{"background-color":"var(--ast-global-color-4)","background-image":"","background-repeat":"repeat","background-position":"center center","background-size":"auto","background-attachment":"scroll","background-type":"","background-media":"","overlay-type":"","overlay-color":"","overlay-opacity":"","overlay-gradient":""}}},"product_brand":[],"product_cat":[57,21],"product_tag":[],"class_list":{"0":"post-2718","1":"product","2":"type-product","3":"status-publish","4":"has-post-thumbnail","6":"product_cat-glass-vases","7":"product_cat-product","8":"desktop-align-left","9":"tablet-align-left","10":"mobile-align-left","12":"first","13":"instock","14":"shipping-taxable","15":"product-type-simple"},"jetpack_sharing_enabled":true,"_links":{"self":[{"href":"https:\/\/mostebglass.com\/es\/wp-json\/wp\/v2\/product\/2718","targetHints":{"allow":["GET"]}}],"collection":[{"href":"https:\/\/mostebglass.com\/es\/wp-json\/wp\/v2\/product"}],"about":[{"href":"https:\/\/mostebglass.com\/es\/wp-json\/wp\/v2\/types\/product"}],"wp:featuredmedia":[{"embeddable":true,"href":"https:\/\/mostebglass.com\/es\/wp-json\/wp\/v2\/media\/2741"}],"wp:attachment":[{"href":"https:\/\/mostebglass.com\/es\/wp-json\/wp\/v2\/media?parent=2718"}],"wp:term":[{"taxonomy":"product_brand","embeddable":true,"href":"https:\/\/mostebglass.com\/es\/wp-json\/wp\/v2\/product_brand?post=2718"},{"taxonomy":"product_cat","embeddable":true,"href":"https:\/\/mostebglass.com\/es\/wp-json\/wp\/v2\/product_cat?post=2718"},{"taxonomy":"product_tag","embeddable":true,"href":"https:\/\/mostebglass.com\/es\/wp-json\/wp\/v2\/product_tag?post=2718"}],"curies":[{"name":"wp","href":"https:\/\/api.w.org\/{rel}","templated":true}]}}