{"id":2750,"date":"2025-09-25T17:13:49","date_gmt":"2025-09-25T09:13:49","guid":{"rendered":"https:\/\/mostebglass.com\/?post_type=product&#038;p=2750"},"modified":"2025-09-25T17:13:52","modified_gmt":"2025-09-25T09:13:52","slug":"vintage-camafeo-vidrieras-floreros-a-granel","status":"publish","type":"product","link":"https:\/\/mostebglass.com\/es\/vintage-cameo-stained-glass-bud-vases-bulk\/","title":{"rendered":"Jarrones vintage de vidrio coloreado con camafeo para arreglos florales"},"content":{"rendered":"<p>\u00bfCansado de los floreros peque\u00f1os que decepcionan? Fabricamos floreros capullo al por mayor en vidrio transparente con detalles florales, sin necesidad de tallos artificiales. Estos modernos floreros transforman los tallos artificiales en momentos de floraci\u00f3n. Los pedidos al por mayor incluyen opciones de color personalizadas: tu juego de floreros se convierte en el protagonista.<\/p>\n<h2>P\u0159izp\u016fsoben\u00e9 n\u00e1vrhy<\/h2>\n<p><strong>Elegancia de textura floral<\/strong><\/p>\n<p>Los patrones florales prensados \u200b\u200ba mano sobre vidrio transparente dan la sensaci\u00f3n de estar hechos a mano en cada jarr\u00f3n, no producidos en masa.<\/p>\n<p><strong>La perfecci\u00f3n del florero<\/strong><\/p>\n<p>Los floreros capullos se adaptan a granel a tallos de flores individuales o tallos impuros de manera inocente, ideales para la decoraci\u00f3n del hogar en el escritorio o la mesa.<\/p>\n<p><strong>Armon\u00eda de color personalizada<\/strong><\/p>\n<p>Elija azul, verde, marr\u00f3n o transparente: su jarr\u00f3n combina con el estado de \u00e1nimo de su marca, no solo con la temporada.<\/p>\n<h2><strong data-spm-anchor-id=\"5176.28103460.0.i14.29ab2e314T5xkY\">Especificaciones clave<\/strong><\/h2>\n<table style=\"border-collapse: collapse; width: 80%; margin-left: auto; margin-right: auto;\" border=\"0\" width=\"288\" cellspacing=\"0\" cellpadding=\"0\">\n<tbody>\n<tr style=\"height: 13.50pt;\">\n<td style=\"height: 13.5pt; width: 54pt; text-align: center;\" width=\"72\" height=\"18\">Estilo<\/td>\n<td style=\"width: 54pt; text-align: center;\" width=\"72\">Tama\u00f1o (mm)<\/td>\n<td style=\"width: 54pt; text-align: center;\" width=\"72\">Material<\/td>\n<td style=\"width: 54pt; text-align: center;\" width=\"72\">Opciones de color<\/td>\n<\/tr>\n<tr style=\"height: 13.50pt;\">\n<td style=\"height: 13.5pt; text-align: center;\" height=\"18\">Patr\u00f3n en relieve<\/td>\n<td style=\"text-align: center;\">68 x 127 x 33<\/td>\n<td style=\"text-align: center;\">Vaso<\/td>\n<td style=\"text-align: center;\">Claro, Azul, Verde, Marr\u00f3n<\/td>\n<\/tr>\n<\/tbody>\n<\/table>\n<h3>Sugerencias personalizadas<\/h3>\n<ol>\n<li><strong>Goteros de colores de temporada:<\/strong>Un jarr\u00f3n azul y blanco est\u00e1 disponible al por mayor para la primavera, y un jarr\u00f3n gris verdoso est\u00e1 disponible al por mayor para el verano (sin costo adicional por pedido anticipado).<\/li>\n<li><strong>Dise\u00f1o en relieve:<\/strong>Este peque\u00f1o jarr\u00f3n tiene un patr\u00f3n en relieve vintage \u00fanico y es perfecto para arreglar flores o es un acento decorativo en la sala de estar, la mesa del comedor y las salas de estudio.<\/li>\n<\/ol>\n<p>&nbsp;<\/p>","protected":false},"excerpt":{"rendered":"<p>Jarrones grandes y peque\u00f1os para flores. Vidrio personalizado con textura floral. Perfectos para decoraci\u00f3n del hogar y bodas. Precios al por mayor. \u00a1Dale un toque especial a tu arreglo floral hoy mismo!<\/p>","protected":false},"featured_media":2756,"template":"","meta":{"site-sidebar-layout":"default","site-content-layout":"","ast-site-content-layout":"default","site-content-style":"default","site-sidebar-style":"default","ast-global-header-display":"","ast-banner-title-visibility":"","ast-main-header-display":"","ast-hfb-above-header-display":"","ast-hfb-below-header-display":"","ast-hfb-mobile-header-display":"","site-post-title":"","ast-breadcrumbs-content":"","ast-featured-img":"","footer-sml-layout":"","theme-transparent-header-meta":"default","adv-header-id-meta":"","stick-header-meta":"","header-above-stick-meta":"","header-main-stick-meta":"","header-below-stick-meta":"","astra-migrate-meta-layouts":"set","ast-page-background-enabled":"default","ast-page-background-meta":{"desktop":{"background-color":"var(--ast-global-color-5)","background-image":"","background-repeat":"repeat","background-position":"center center","background-size":"auto","background-attachment":"scroll","background-type":"","background-media":"","overlay-type":"","overlay-color":"","overlay-opacity":"","overlay-gradient":""},"tablet":{"background-color":"","background-image":"","background-repeat":"repeat","background-position":"center center","background-size":"auto","background-attachment":"scroll","background-type":"","background-media":"","overlay-type":"","overlay-color":"","overlay-opacity":"","overlay-gradient":""},"mobile":{"background-color":"","background-image":"","background-repeat":"repeat","background-position":"center center","background-size":"auto","background-attachment":"scroll","background-type":"","background-media":"","overlay-type":"","overlay-color":"","overlay-opacity":"","overlay-gradient":""}},"ast-content-background-meta":{"desktop":{"background-color":"var(--ast-global-color-4)","background-image":"","background-repeat":"repeat","background-position":"center center","background-size":"auto","background-attachment":"scroll","background-type":"","background-media":"","overlay-type":"","overlay-color":"","overlay-opacity":"","overlay-gradient":""},"tablet":{"background-color":"var(--ast-global-color-4)","background-image":"","background-repeat":"repeat","background-position":"center center","background-size":"auto","background-attachment":"scroll","background-type":"","background-media":"","overlay-type":"","overlay-color":"","overlay-opacity":"","overlay-gradient":""},"mobile":{"background-color":"var(--ast-global-color-4)","background-image":"","background-repeat":"repeat","background-position":"center center","background-size":"auto","background-attachment":"scroll","background-type":"","background-media":"","overlay-type":"","overlay-color":"","overlay-opacity":"","overlay-gradient":""}}},"product_brand":[],"product_cat":[21,57],"product_tag":[],"class_list":{"0":"post-2750","1":"product","2":"type-product","3":"status-publish","4":"has-post-thumbnail","6":"product_cat-product","7":"product_cat-glass-vases","8":"desktop-align-left","9":"tablet-align-left","10":"mobile-align-left","12":"first","13":"instock","14":"shipping-taxable","15":"product-type-simple"},"jetpack_sharing_enabled":true,"_links":{"self":[{"href":"https:\/\/mostebglass.com\/es\/wp-json\/wp\/v2\/product\/2750","targetHints":{"allow":["GET"]}}],"collection":[{"href":"https:\/\/mostebglass.com\/es\/wp-json\/wp\/v2\/product"}],"about":[{"href":"https:\/\/mostebglass.com\/es\/wp-json\/wp\/v2\/types\/product"}],"wp:featuredmedia":[{"embeddable":true,"href":"https:\/\/mostebglass.com\/es\/wp-json\/wp\/v2\/media\/2756"}],"wp:attachment":[{"href":"https:\/\/mostebglass.com\/es\/wp-json\/wp\/v2\/media?parent=2750"}],"wp:term":[{"taxonomy":"product_brand","embeddable":true,"href":"https:\/\/mostebglass.com\/es\/wp-json\/wp\/v2\/product_brand?post=2750"},{"taxonomy":"product_cat","embeddable":true,"href":"https:\/\/mostebglass.com\/es\/wp-json\/wp\/v2\/product_cat?post=2750"},{"taxonomy":"product_tag","embeddable":true,"href":"https:\/\/mostebglass.com\/es\/wp-json\/wp\/v2\/product_tag?post=2750"}],"curies":[{"name":"wp","href":"https:\/\/api.w.org\/{rel}","templated":true}]}}