{"id":2804,"date":"2025-09-28T15:04:19","date_gmt":"2025-09-28T07:04:19","guid":{"rendered":"https:\/\/mostebglass.com\/?post_type=product&#038;p=2804"},"modified":"2026-03-23T11:11:53","modified_gmt":"2026-03-23T03:11:53","slug":"12-pcs-sets-of-small-flowers-vases-wholesale","status":"publish","type":"product","link":"https:\/\/mostebglass.com\/es\/12-pcs-sets-of-small-flowers-vases-wholesale\/","title":{"rendered":"Juegos de 12 piezas de jarrones peque\u00f1os para flores al por mayor"},"content":{"rendered":"<p>Este juego de 12 floreros de vidrio \u00fanicos, preparados a partir de vidrio de soda-lim, ofrece una variedad de estilos con una forma limpia y moderna, que transforma arreglos florales simples en funciones art\u00edsticas.<\/p>\n<h2><strong>P\u0159izp\u016fsoben\u00e9 n\u00e1vrhy<\/strong><\/h2>\n<ul>\n<li><strong>Diferentes formas:<\/strong> Elija entre 12 formas diferentes, perfectas para arreglos creativos, desde largos y estrechos hasta cortos y anchos.<\/li>\n<li><strong>Acabado de vidrio texcharged:<\/strong> Cada jarr\u00f3n de vidrio tiene un acabado \u00fanico, como nervaduras, tallas florales o patrones geom\u00e9tricos, profundidad y estilo.<\/li>\n<li><strong>Materiales transparentes:<\/strong> Dise\u00f1ados con vidrio transparente de alta calidad, estos jarrones resaltan los tallos y p\u00e9talos individuales, haciendo que sus flores artificiales o frescas se destaquen.<\/li>\n<\/ul>\n<h2>Especificaciones clave<\/h2>\n<table style=\"border-collapse: collapse; margin-left: auto; margin-right: auto; width: 496.52pt;\" border=\"0\" width=\"662\" cellspacing=\"0\" cellpadding=\"0\">\n<tbody>\n<tr style=\"height: 13.50pt;\">\n<td style=\"height: 13.50pt; width: 140.25pt;\" width=\"187\" height=\"18\">Caracter\u00edstica<\/td>\n<td style=\"width: 356.25pt;\" width=\"475\">Detalles<\/td>\n<\/tr>\n<tr style=\"height: 13.50pt;\">\n<td style=\"height: 13.50pt;\" height=\"18\">El juego incluye<\/td>\n<td>12 floreros de cristal (formas surtidas)<\/td>\n<\/tr>\n<tr style=\"height: 13.50pt;\">\n<td style=\"height: 13.50pt;\" height=\"18\">Material<\/td>\n<td>Vidrio de sodio y cal<\/td>\n<\/tr>\n<tr style=\"height: 13.50pt;\">\n<td style=\"height: 13.50pt;\" height=\"18\">Colores disponibles<\/td>\n<td>Transparente, rosa degradado, verde degradado, azul degradado<\/td>\n<\/tr>\n<tr style=\"height: 13.50pt;\">\n<td style=\"height: 13.50pt;\" height=\"18\">Tama\u00f1o del embalaje<\/td>\n<td>45 cm \u00d7 28 cm \u00d7 10,7 cm<\/td>\n<\/tr>\n<tr style=\"height: 13.50pt;\">\n<td style=\"height: 13.50pt;\" height=\"18\">Ideal para<\/td>\n<td>Arreglos de capullos, tallos artificiales, mini flores.<\/td>\n<\/tr>\n<\/tbody>\n<\/table>\n<h2>Caso de \u00e9xito<\/h2>\n<p>Una marca francesa de curaci\u00f3n de decoraci\u00f3n del hogar eligi\u00f3 nuestro juego de 12 mini-jarrones grabados en relieve como el art\u00edculo principal al presentar su propia colecci\u00f3n de productos en forma de Colecci\u00f3n de Arreglos Florales Multiescenario. Fuimos muy lejos para hacer la serie \u00fanica: diferenciamos el cristal transparente uniforme b\u00e1sico en tres grados diferentes de transparencia: alta claridad, ligera neblina, gris ahumado claro; tambi\u00e9n variamos la profundidad del grabado en relieve de cada forma de jarr\u00f3n particular para producir efectos visuales m\u00e1s profundos cuando los mezclamos. Tambi\u00e9n introdujimos c\u00f3digos de lote grabados con l\u00e1ser en la parte inferior para permitir que los clientes los utilicen para gestionar su inventario y rastrear sus productos.<\/p>\n<p>La serie experiment\u00f3 un crecimiento total de ventas de aproximadamente el 61 por ciento en dos meses despu\u00e9s de su lanzamiento. Adem\u00e1s, al final del trimestre, la marca realiz\u00f3 dos pedidos de reposici\u00f3n de juegos completos, lo que convirti\u00f3 la colecci\u00f3n en un producto estrella para exhibir en el estante o en las cajas de regalo.<\/p>\n<h2>Consejos de personalizaci\u00f3n<\/h2>\n<ul>\n<li>Prueba un tono degradado suave: pasa del transparente al rosa ruborizado o al verde salvia para lograr un efecto de ensue\u00f1o inspirado en las flores.<\/li>\n<li>Agregue un acabado mate: una superficie esmerilada brinda una sensaci\u00f3n moderna y elegante al mismo tiempo que muestra los tallos.<\/li>\n<li>Ajuste el grosor del cuello: los cuellos delgados resaltan los arreglos de tallo \u00fanico; los m\u00e1s anchos permiten ramos peque\u00f1os.<\/li>\n<li>Variaci\u00f3n de forma: solicite formas m\u00e1s asim\u00e9tricas o angulares para diferenciarse de los dise\u00f1os de jarrones est\u00e1ndar.<\/li>\n<\/ul>","protected":false},"excerpt":{"rendered":"<p>Realza tus arreglos florales con nuestro florero. Este juego de 12 floreros es perfecto para regalos, bodas y eventos, y se puede personalizar con tu marca.<\/p>","protected":false},"featured_media":2809,"template":"","meta":{"site-sidebar-layout":"default","site-content-layout":"","ast-site-content-layout":"default","site-content-style":"default","site-sidebar-style":"default","ast-global-header-display":"","ast-banner-title-visibility":"","ast-main-header-display":"","ast-hfb-above-header-display":"","ast-hfb-below-header-display":"","ast-hfb-mobile-header-display":"","site-post-title":"","ast-breadcrumbs-content":"","ast-featured-img":"","footer-sml-layout":"","theme-transparent-header-meta":"default","adv-header-id-meta":"","stick-header-meta":"","header-above-stick-meta":"","header-main-stick-meta":"","header-below-stick-meta":"","astra-migrate-meta-layouts":"set","ast-page-background-enabled":"default","ast-page-background-meta":{"desktop":{"background-color":"var(--ast-global-color-5)","background-image":"","background-repeat":"repeat","background-position":"center center","background-size":"auto","background-attachment":"scroll","background-type":"","background-media":"","overlay-type":"","overlay-color":"","overlay-opacity":"","overlay-gradient":""},"tablet":{"background-color":"","background-image":"","background-repeat":"repeat","background-position":"center center","background-size":"auto","background-attachment":"scroll","background-type":"","background-media":"","overlay-type":"","overlay-color":"","overlay-opacity":"","overlay-gradient":""},"mobile":{"background-color":"","background-image":"","background-repeat":"repeat","background-position":"center center","background-size":"auto","background-attachment":"scroll","background-type":"","background-media":"","overlay-type":"","overlay-color":"","overlay-opacity":"","overlay-gradient":""}},"ast-content-background-meta":{"desktop":{"background-color":"var(--ast-global-color-4)","background-image":"","background-repeat":"repeat","background-position":"center center","background-size":"auto","background-attachment":"scroll","background-type":"","background-media":"","overlay-type":"","overlay-color":"","overlay-opacity":"","overlay-gradient":""},"tablet":{"background-color":"var(--ast-global-color-4)","background-image":"","background-repeat":"repeat","background-position":"center center","background-size":"auto","background-attachment":"scroll","background-type":"","background-media":"","overlay-type":"","overlay-color":"","overlay-opacity":"","overlay-gradient":""},"mobile":{"background-color":"var(--ast-global-color-4)","background-image":"","background-repeat":"repeat","background-position":"center center","background-size":"auto","background-attachment":"scroll","background-type":"","background-media":"","overlay-type":"","overlay-color":"","overlay-opacity":"","overlay-gradient":""}}},"product_brand":[],"product_cat":[57,21],"product_tag":[],"class_list":{"0":"post-2804","1":"product","2":"type-product","3":"status-publish","4":"has-post-thumbnail","6":"product_cat-glass-vases","7":"product_cat-product","8":"desktop-align-left","9":"tablet-align-left","10":"mobile-align-left","12":"first","13":"instock","14":"shipping-taxable","15":"product-type-simple"},"jetpack_sharing_enabled":true,"_links":{"self":[{"href":"https:\/\/mostebglass.com\/es\/wp-json\/wp\/v2\/product\/2804","targetHints":{"allow":["GET"]}}],"collection":[{"href":"https:\/\/mostebglass.com\/es\/wp-json\/wp\/v2\/product"}],"about":[{"href":"https:\/\/mostebglass.com\/es\/wp-json\/wp\/v2\/types\/product"}],"wp:featuredmedia":[{"embeddable":true,"href":"https:\/\/mostebglass.com\/es\/wp-json\/wp\/v2\/media\/2809"}],"wp:attachment":[{"href":"https:\/\/mostebglass.com\/es\/wp-json\/wp\/v2\/media?parent=2804"}],"wp:term":[{"taxonomy":"product_brand","embeddable":true,"href":"https:\/\/mostebglass.com\/es\/wp-json\/wp\/v2\/product_brand?post=2804"},{"taxonomy":"product_cat","embeddable":true,"href":"https:\/\/mostebglass.com\/es\/wp-json\/wp\/v2\/product_cat?post=2804"},{"taxonomy":"product_tag","embeddable":true,"href":"https:\/\/mostebglass.com\/es\/wp-json\/wp\/v2\/product_tag?post=2804"}],"curies":[{"name":"wp","href":"https:\/\/api.w.org\/{rel}","templated":true}]}}