{"id":2848,"date":"2025-09-28T17:48:09","date_gmt":"2025-09-28T09:48:09","guid":{"rendered":"https:\/\/mostebglass.com\/?post_type=product&#038;p=2848"},"modified":"2025-09-28T17:48:12","modified_gmt":"2025-09-28T09:48:12","slug":"un-florero-de-cristal-floreros-modernos-de-forma-unica","status":"publish","type":"product","link":"https:\/\/mostebglass.com\/es\/a-glass-vase-modern-flower-vessels-in-unique-shape\/","title":{"rendered":"Un jarr\u00f3n de cristal \u2013 Modernos recipientes decorativos para flores con formas \u00fanicas"},"content":{"rendered":"<p>\u00bfCansado\/a de jarrones sin gracia? Creamos jarrones de cristal con un elegante degradado azul, sin necesidad de flores artificiales. Estas piezas florales de cristal transforman la decoraci\u00f3n del hogar en un tema de conversaci\u00f3n instant\u00e1neo. Los pedidos al por mayor incluyen opciones de color personalizadas: tu jarr\u00f3n se convierte en la estrella del lugar.<\/p>\n<h2>P\u0159izp\u016fsoben\u00e9 n\u00e1vrhy<\/h2>\n<p><strong>Dise\u00f1o a color<\/strong><\/p>\n<p>La t\u00e9cnica de a\u00f1adir profundidad art\u00edstica a la garganta de una flor a mano sobre un jarr\u00f3n de cristal parece ser una creaci\u00f3n artesanal, no un producto de fabricaci\u00f3n en serie.<\/p>\n<p><strong>armon\u00eda de color personalizada<\/strong><\/p>\n<p>Combina el verde salvia, \u00e1mbar o verde bosque con la historia de tu marca: la flor de cristal de tu jarr\u00f3n representa la expansi\u00f3n de tu alma.<\/p>\n<h2>Especificaciones clave<\/h2>\n<table style=\"border-collapse: collapse; width: 80%; margin-left: auto; margin-right: auto;\" border=\"0\" width=\"216\" cellspacing=\"0\" cellpadding=\"0\">\n<tbody>\n<tr style=\"height: 13.50pt;\">\n<td style=\"height: 13.5pt; width: 54pt; text-align: center;\" width=\"72\" height=\"18\">Forma<\/td>\n<td style=\"width: 54pt; text-align: center;\" width=\"72\">Tama\u00f1o (mm)<\/td>\n<td style=\"width: 54pt; text-align: center;\" width=\"72\">Opciones de color<\/td>\n<\/tr>\n<tr style=\"height: 13.50pt;\">\n<td style=\"height: 13.5pt; text-align: center;\" height=\"18\">Jarr\u00f3n redondo plano<\/td>\n<td style=\"text-align: center;\">110 x 100 x 30<\/td>\n<td class=\"et2\" style=\"text-align: center;\" rowspan=\"3\">Transparente, \u00e1mbar, gris, verde o personalizado<\/td>\n<\/tr>\n<tr style=\"height: 13.50pt;\">\n<td style=\"height: 13.5pt; text-align: center;\" height=\"18\">Jarr\u00f3n redondo y aplanado<\/td>\n<td style=\"text-align: center;\">90 x 111 x 30<\/td>\n<\/tr>\n<tr style=\"height: 13.50pt;\">\n<td style=\"height: 13.5pt; text-align: center;\" height=\"18\">Jarr\u00f3n de cuello alto<\/td>\n<td style=\"text-align: center;\">70 x 150 x 28<\/td>\n<\/tr>\n<\/tbody>\n<\/table>\n<h2>Sugerencias personalizadas<\/h2>\n<ol>\n<li><strong>Narraci\u00f3n con formas:<\/strong>Elige la flor de cristal que mejor refleje la personalidad de tu marca: un cuello alto complementa los muebles de lujo, mientras que una forma plana y redondeada aporta un toque r\u00fastico. La flor de cristal de tu jarr\u00f3n representa la esencia de tu marca.<\/li>\n<li><strong>Combinaci\u00f3n colorida:<\/strong>Las marcas que transmiten serenidad pueden usar el azul salvia, mientras que las marcas de lujo pueden optar por un verde azulado intenso. A\u00f1ade un peque\u00f1o eslogan: \u00abEl azul representa la calma, el cristal representa la claridad\u00bb.<\/li>\n<\/ol>","protected":false},"excerpt":{"rendered":"<p>Colecci\u00f3n de jarrones de cristal para flores. Cristal transparente personalizado con textura floral. Venta al por mayor para decoraci\u00f3n del hogar. \u00a1Realza tus arreglos florales hoy mismo!<\/p>","protected":false},"featured_media":2849,"template":"","meta":{"site-sidebar-layout":"default","site-content-layout":"","ast-site-content-layout":"default","site-content-style":"default","site-sidebar-style":"default","ast-global-header-display":"","ast-banner-title-visibility":"","ast-main-header-display":"","ast-hfb-above-header-display":"","ast-hfb-below-header-display":"","ast-hfb-mobile-header-display":"","site-post-title":"","ast-breadcrumbs-content":"","ast-featured-img":"","footer-sml-layout":"","theme-transparent-header-meta":"default","adv-header-id-meta":"","stick-header-meta":"","header-above-stick-meta":"","header-main-stick-meta":"","header-below-stick-meta":"","astra-migrate-meta-layouts":"set","ast-page-background-enabled":"default","ast-page-background-meta":{"desktop":{"background-color":"var(--ast-global-color-5)","background-image":"","background-repeat":"repeat","background-position":"center center","background-size":"auto","background-attachment":"scroll","background-type":"","background-media":"","overlay-type":"","overlay-color":"","overlay-opacity":"","overlay-gradient":""},"tablet":{"background-color":"","background-image":"","background-repeat":"repeat","background-position":"center center","background-size":"auto","background-attachment":"scroll","background-type":"","background-media":"","overlay-type":"","overlay-color":"","overlay-opacity":"","overlay-gradient":""},"mobile":{"background-color":"","background-image":"","background-repeat":"repeat","background-position":"center center","background-size":"auto","background-attachment":"scroll","background-type":"","background-media":"","overlay-type":"","overlay-color":"","overlay-opacity":"","overlay-gradient":""}},"ast-content-background-meta":{"desktop":{"background-color":"var(--ast-global-color-4)","background-image":"","background-repeat":"repeat","background-position":"center center","background-size":"auto","background-attachment":"scroll","background-type":"","background-media":"","overlay-type":"","overlay-color":"","overlay-opacity":"","overlay-gradient":""},"tablet":{"background-color":"var(--ast-global-color-4)","background-image":"","background-repeat":"repeat","background-position":"center center","background-size":"auto","background-attachment":"scroll","background-type":"","background-media":"","overlay-type":"","overlay-color":"","overlay-opacity":"","overlay-gradient":""},"mobile":{"background-color":"var(--ast-global-color-4)","background-image":"","background-repeat":"repeat","background-position":"center center","background-size":"auto","background-attachment":"scroll","background-type":"","background-media":"","overlay-type":"","overlay-color":"","overlay-opacity":"","overlay-gradient":""}}},"product_brand":[],"product_cat":[21,57],"product_tag":[],"class_list":{"0":"post-2848","1":"product","2":"type-product","3":"status-publish","4":"has-post-thumbnail","6":"product_cat-product","7":"product_cat-glass-vases","8":"desktop-align-left","9":"tablet-align-left","10":"mobile-align-left","12":"first","13":"instock","14":"shipping-taxable","15":"product-type-simple"},"jetpack_sharing_enabled":true,"_links":{"self":[{"href":"https:\/\/mostebglass.com\/es\/wp-json\/wp\/v2\/product\/2848","targetHints":{"allow":["GET"]}}],"collection":[{"href":"https:\/\/mostebglass.com\/es\/wp-json\/wp\/v2\/product"}],"about":[{"href":"https:\/\/mostebglass.com\/es\/wp-json\/wp\/v2\/types\/product"}],"wp:featuredmedia":[{"embeddable":true,"href":"https:\/\/mostebglass.com\/es\/wp-json\/wp\/v2\/media\/2849"}],"wp:attachment":[{"href":"https:\/\/mostebglass.com\/es\/wp-json\/wp\/v2\/media?parent=2848"}],"wp:term":[{"taxonomy":"product_brand","embeddable":true,"href":"https:\/\/mostebglass.com\/es\/wp-json\/wp\/v2\/product_brand?post=2848"},{"taxonomy":"product_cat","embeddable":true,"href":"https:\/\/mostebglass.com\/es\/wp-json\/wp\/v2\/product_cat?post=2848"},{"taxonomy":"product_tag","embeddable":true,"href":"https:\/\/mostebglass.com\/es\/wp-json\/wp\/v2\/product_tag?post=2848"}],"curies":[{"name":"wp","href":"https:\/\/api.w.org\/{rel}","templated":true}]}}