{"id":2897,"date":"2025-09-29T17:54:26","date_gmt":"2025-09-29T09:54:26","guid":{"rendered":"https:\/\/mostebglass.com\/?post_type=product&#038;p=2897"},"modified":"2025-09-30T16:05:35","modified_gmt":"2025-09-30T08:05:35","slug":"mayorista-florero-corto-en-forma-de-linterna","status":"publish","type":"product","link":"https:\/\/mostebglass.com\/es\/wholesale-short-flower-vase-in-lantern-shape\/","title":{"rendered":"Jarr\u00f3n de flores corto en forma de linterna al por mayor"},"content":{"rendered":"<p>Esta elegante combinaci\u00f3n de encanto cl\u00e1sico y elegancia moderna, el florero corto en forma de linterna con rayas verticales y un borde dorado es perfecto para exhibir sus flores.<\/p>\n<h2><strong>P\u0159izp\u016fsoben\u00e9 n\u00e1vrhy<\/strong><\/h2>\n<ul>\n<li><strong>Forma de linterna:<\/strong> Su forma robusta y acanalada, que recuerda a una linterna vintage, destaca entre otros jarrones decorativos.<\/li>\n<li><strong>Luz: realza la textura vertical:<\/strong> La textura en relieve sobre vidrio transparente realza las sombras y los reflejos, a\u00f1adiendo atractivo a cualquier presentaci\u00f3n floral.<\/li>\n<li><strong>Borde dorado:<\/strong> Un borde dorado alrededor de la parte superior agrega un toque de sofisticaci\u00f3n y lujo, realzando el estilo general.<\/li>\n<\/ul>\n<h2>Especificaciones clave<\/h2>\n<table style=\"border-collapse: collapse; margin-left: auto; margin-right: auto; width: 449.27pt;\" border=\"0\" width=\"599\" cellspacing=\"0\" cellpadding=\"0\">\n<tbody>\n<tr style=\"height: 13.50pt;\">\n<td style=\"height: 13.50pt; width: 117.00pt;\" width=\"156\" height=\"18\">Caracter\u00edstica<\/td>\n<td style=\"width: 332.25pt;\" width=\"443\">Detalle<\/td>\n<\/tr>\n<tr style=\"height: 13.50pt;\">\n<td style=\"height: 13.50pt;\" height=\"18\">Forma<\/td>\n<td>Perfil corto, estilo linterna<\/td>\n<\/tr>\n<tr style=\"height: 13.50pt;\">\n<td style=\"height: 13.50pt;\" height=\"18\">Material<\/td>\n<td>Vidrio transparente con nervaduras verticales<\/td>\n<\/tr>\n<tr style=\"height: 13.50pt;\">\n<td style=\"height: 13.50pt;\" height=\"18\">Finalizar<\/td>\n<td>Borde de metal dorado (borde superior)<\/td>\n<\/tr>\n<tr style=\"height: 13.50pt;\">\n<td style=\"height: 13.50pt;\" height=\"18\">Colores disponibles<\/td>\n<td>Transparente, gris humo (personalizable)<\/td>\n<\/tr>\n<tr style=\"height: 13.50pt;\">\n<td style=\"height: 13.50pt;\" height=\"18\">Usar<\/td>\n<td>Jarr\u00f3n con capullos, arreglo floral, detalle decorativo para el hogar.<\/td>\n<\/tr>\n<tr style=\"height: 13.50pt;\">\n<td style=\"height: 13.50pt;\" height=\"18\">Tama\u00f1o del embalaje<\/td>\n<td>23,2 cm \u00d7 16,8 cm \u00d7 16,3 cm<\/td>\n<\/tr>\n<tr style=\"height: 13.50pt;\">\n<td style=\"height: 13.50pt;\" height=\"18\">Estilo<\/td>\n<td>Elegante, moderno, decorativo.<\/td>\n<\/tr>\n<\/tbody>\n<\/table>\n<h2>Historia de \u00e9xito<\/h2>\n<p>Un mayorista canadiense de art\u00edculos para el hogar, con dificultades para competir con los productos importados del mercado masivo, finalmente lanz\u00f3 un juego de jarrones de tres piezas, que inclu\u00eda un jarr\u00f3n farol de vidrio ahumado transparente con ribete dorado. Estos jarrones, peque\u00f1os y exquisitos, ofrecen un toque de textura, perfecto para espacios urbanos peque\u00f1os, y dan vida a los tallos de flores artificiales. Los minoristas quedaron encantados con el ribete dorado, que imita la apariencia de una joya. Los clientes los usaron como recuerdos de boda o mini candelabros. En tres meses, las ventas aumentaron un 45% y el jarr\u00f3n farol se convirti\u00f3 en un producto estrella.<\/p>\n<h2>Ideas de personalizaci\u00f3n<\/h2>\n<ul>\n<li>Acabado de vidrio mate: reemplaza el brillo con una textura suave y esmerilada y complementa perfectamente la decoraci\u00f3n minimalista del hogar.<\/li>\n<li>Patrones florales grabados: los grabados con l\u00e1ser a\u00f1aden un toque floral sutil para crear l\u00edneas finas que formen enredaderas o p\u00e9talos.<\/li>\n<li>Hay tama\u00f1os personalizados disponibles: mini para decoraci\u00f3n de mesa, grande para ramos grandes, seg\u00fan la disposici\u00f3n de varios lugares y flores.<\/li>\n<\/ul>\n<p>Estos ajustes microsc\u00f3picos permiten llegar a diversos mercados, desde boutiques de lujo hasta tiendas de regalos urbanas. Dado que el tama\u00f1o del jarr\u00f3n linterna es muy llamativo, incluso cambios sutiles pueden crear un dise\u00f1o innovador.<\/p>","protected":false},"excerpt":{"rendered":"<p data-pm-slice=\"1 1 []\">Elegante jarr\u00f3n farol con borde dorado y rayas verticales. Este florero de vidrio corto se puede personalizar para decoraciones, bodas o pedidos al por mayor.<\/p>","protected":false},"featured_media":2915,"template":"","meta":{"site-sidebar-layout":"default","site-content-layout":"","ast-site-content-layout":"default","site-content-style":"default","site-sidebar-style":"default","ast-global-header-display":"","ast-banner-title-visibility":"","ast-main-header-display":"","ast-hfb-above-header-display":"","ast-hfb-below-header-display":"","ast-hfb-mobile-header-display":"","site-post-title":"","ast-breadcrumbs-content":"","ast-featured-img":"","footer-sml-layout":"","theme-transparent-header-meta":"default","adv-header-id-meta":"","stick-header-meta":"","header-above-stick-meta":"","header-main-stick-meta":"","header-below-stick-meta":"","astra-migrate-meta-layouts":"set","ast-page-background-enabled":"default","ast-page-background-meta":{"desktop":{"background-color":"var(--ast-global-color-5)","background-image":"","background-repeat":"repeat","background-position":"center center","background-size":"auto","background-attachment":"scroll","background-type":"","background-media":"","overlay-type":"","overlay-color":"","overlay-opacity":"","overlay-gradient":""},"tablet":{"background-color":"","background-image":"","background-repeat":"repeat","background-position":"center center","background-size":"auto","background-attachment":"scroll","background-type":"","background-media":"","overlay-type":"","overlay-color":"","overlay-opacity":"","overlay-gradient":""},"mobile":{"background-color":"","background-image":"","background-repeat":"repeat","background-position":"center center","background-size":"auto","background-attachment":"scroll","background-type":"","background-media":"","overlay-type":"","overlay-color":"","overlay-opacity":"","overlay-gradient":""}},"ast-content-background-meta":{"desktop":{"background-color":"var(--ast-global-color-4)","background-image":"","background-repeat":"repeat","background-position":"center center","background-size":"auto","background-attachment":"scroll","background-type":"","background-media":"","overlay-type":"","overlay-color":"","overlay-opacity":"","overlay-gradient":""},"tablet":{"background-color":"var(--ast-global-color-4)","background-image":"","background-repeat":"repeat","background-position":"center center","background-size":"auto","background-attachment":"scroll","background-type":"","background-media":"","overlay-type":"","overlay-color":"","overlay-opacity":"","overlay-gradient":""},"mobile":{"background-color":"var(--ast-global-color-4)","background-image":"","background-repeat":"repeat","background-position":"center center","background-size":"auto","background-attachment":"scroll","background-type":"","background-media":"","overlay-type":"","overlay-color":"","overlay-opacity":"","overlay-gradient":""}}},"product_brand":[],"product_cat":[21,57],"product_tag":[],"class_list":{"0":"post-2897","1":"product","2":"type-product","3":"status-publish","4":"has-post-thumbnail","6":"product_cat-product","7":"product_cat-glass-vases","8":"desktop-align-left","9":"tablet-align-left","10":"mobile-align-left","12":"first","13":"instock","14":"shipping-taxable","15":"product-type-simple"},"jetpack_sharing_enabled":true,"_links":{"self":[{"href":"https:\/\/mostebglass.com\/es\/wp-json\/wp\/v2\/product\/2897","targetHints":{"allow":["GET"]}}],"collection":[{"href":"https:\/\/mostebglass.com\/es\/wp-json\/wp\/v2\/product"}],"about":[{"href":"https:\/\/mostebglass.com\/es\/wp-json\/wp\/v2\/types\/product"}],"wp:featuredmedia":[{"embeddable":true,"href":"https:\/\/mostebglass.com\/es\/wp-json\/wp\/v2\/media\/2915"}],"wp:attachment":[{"href":"https:\/\/mostebglass.com\/es\/wp-json\/wp\/v2\/media?parent=2897"}],"wp:term":[{"taxonomy":"product_brand","embeddable":true,"href":"https:\/\/mostebglass.com\/es\/wp-json\/wp\/v2\/product_brand?post=2897"},{"taxonomy":"product_cat","embeddable":true,"href":"https:\/\/mostebglass.com\/es\/wp-json\/wp\/v2\/product_cat?post=2897"},{"taxonomy":"product_tag","embeddable":true,"href":"https:\/\/mostebglass.com\/es\/wp-json\/wp\/v2\/product_tag?post=2897"}],"curies":[{"name":"wp","href":"https:\/\/api.w.org\/{rel}","templated":true}]}}