{"id":2927,"date":"2025-09-30T17:54:59","date_gmt":"2025-09-30T09:54:59","guid":{"rendered":"https:\/\/mostebglass.com\/?post_type=product&#038;p=2927"},"modified":"2025-09-30T17:55:02","modified_gmt":"2025-09-30T09:55:02","slug":"floreros-de-cristal-de-la-vendimia-conjunto-surtido-florero-corto","status":"publish","type":"product","link":"https:\/\/mostebglass.com\/es\/glass-vintage-vases-set-assorted-flower-short-vase\/","title":{"rendered":"Juego de jarrones vintage de vidrio transparente: jarrones bajos con flores variadas para decoraci\u00f3n de eventos."},"content":{"rendered":"<p>\u00bfCansado de los jarrones que se mimetizan con el entorno? Creamos jarrones vintage de vidrio con detalles florales, sin tallos artificiales. Estos jarrones cortos de vidrio transforman la decoraci\u00f3n del hogar en arte instant\u00e1neo. Los pedidos al por mayor incluyen opciones de color personalizadas que combinan con el estilo de tu marca.<\/p>\n<h2>P\u0159izp\u016fsoben\u00e9 n\u00e1vrhy<\/h2>\n<p><strong>Elegancia de textura floral<\/strong><\/p>\n<p>Los patrones florales prensados \u200b\u200ba mano sobre el vidrio transparente a\u00f1aden profundidad art\u00edstica: sus jarrones vintage de vidrio se sienten artesanales, no hechos en masa.<\/p>\n<p><strong>Atracci\u00f3n vintage de cristal<\/strong><\/p>\n<p>Las formas de inspiraci\u00f3n vintage, como los panales y las botellas de calabaza, \u201ccl\u00e1sicas\u201d sin ser llamativas, son las decoraciones de la casa Rishi absolutamente para los amantes.<\/p>\n<p><strong>La versatilidad de los jarrones cortos de cristal<\/strong><\/p>\n<p>Tama\u00f1o compacto, tallos individuales ajustados o tallos impuros inocentemente: ideal para arreglos de jarrones modernos en escritorios o estantes.<\/p>\n<p><strong>armon\u00eda de color personalizada<\/strong><\/p>\n<p>Combina la est\u00e9tica de tu marca con detalles en azul y blanco: tus jarrones vintage de vidrio se sienten como una extensi\u00f3n de tu historia.<\/p>\n<h2><strong data-spm-anchor-id=\"5176.28103460.0.i13.29ab2e31jUfGco\">Especificaciones clave<\/strong><\/h2>\n<table style=\"border-collapse: collapse; width: 80%; margin-left: auto; margin-right: auto;\" border=\"0\" width=\"144\" cellspacing=\"0\" cellpadding=\"0\">\n<tbody>\n<tr style=\"height: 13.50pt;\">\n<td style=\"height: 13.5pt; width: 54pt; text-align: center;\" width=\"72\" height=\"18\">Caracter\u00edstica<\/td>\n<td style=\"width: 54pt; text-align: center;\" width=\"72\">Detalles<\/td>\n<\/tr>\n<tr style=\"height: 13.50pt;\">\n<td style=\"height: 13.5pt; text-align: center;\" height=\"18\">El juego incluye<\/td>\n<td style=\"text-align: center;\">Jarr\u00f3n corto de cristal<\/td>\n<\/tr>\n<tr style=\"height: 13.50pt;\">\n<td style=\"height: 13.5pt; text-align: center;\" height=\"18\">Material<\/td>\n<td style=\"text-align: center;\">Vaso<\/td>\n<\/tr>\n<tr style=\"height: 13.50pt;\">\n<td style=\"height: 13.5pt; text-align: center;\" height=\"18\">Colores disponibles<\/td>\n<td style=\"text-align: center;\">Transparente, naranja, \u00e1mbar o personalizado<\/td>\n<\/tr>\n<tr style=\"height: 13.50pt;\">\n<td style=\"height: 13.5pt; text-align: center;\" height=\"18\">Ideal para<\/td>\n<td style=\"text-align: center;\">Arreglos de capullos, tallos artificiales, mini flores.<\/td>\n<\/tr>\n<\/tbody>\n<\/table>\n<h2>Gu\u00eda de personalizaci\u00f3n<\/h2>\n<ol>\n<li><strong>Elija entre diferentes tipos de dise\u00f1os en relieve:<\/strong>Disponemos de m\u00e1s de 20 jarrones vintage en relieve, perfectos para una variedad de entornos, incluidas bodas y decoraciones del hogar.<\/li>\n<li><strong>Juego de jarrones compactos:<\/strong>Comb\u00ednalo con un jarr\u00f3n corto de vidrio con tallos de flores artificiales pre-enriquecidos para crear un \u201cjuego floral de escritorio\u201d.<\/li>\n<\/ol>","protected":false},"excerpt":{"rendered":"<p>Jarrones vintage de vidrio repujado a mano y juego de jarrones cortos de vidrio. Colores personalizados. Venta al por mayor para bodas y decoraci\u00f3n del hogar. Arreglos florales perfectos, sin complicaciones. \u00a1Compra ya!<\/p>","protected":false},"featured_media":2931,"template":"","meta":{"site-sidebar-layout":"default","site-content-layout":"","ast-site-content-layout":"default","site-content-style":"default","site-sidebar-style":"default","ast-global-header-display":"","ast-banner-title-visibility":"","ast-main-header-display":"","ast-hfb-above-header-display":"","ast-hfb-below-header-display":"","ast-hfb-mobile-header-display":"","site-post-title":"","ast-breadcrumbs-content":"","ast-featured-img":"","footer-sml-layout":"","theme-transparent-header-meta":"default","adv-header-id-meta":"","stick-header-meta":"","header-above-stick-meta":"","header-main-stick-meta":"","header-below-stick-meta":"","astra-migrate-meta-layouts":"set","ast-page-background-enabled":"default","ast-page-background-meta":{"desktop":{"background-color":"var(--ast-global-color-5)","background-image":"","background-repeat":"repeat","background-position":"center center","background-size":"auto","background-attachment":"scroll","background-type":"","background-media":"","overlay-type":"","overlay-color":"","overlay-opacity":"","overlay-gradient":""},"tablet":{"background-color":"","background-image":"","background-repeat":"repeat","background-position":"center center","background-size":"auto","background-attachment":"scroll","background-type":"","background-media":"","overlay-type":"","overlay-color":"","overlay-opacity":"","overlay-gradient":""},"mobile":{"background-color":"","background-image":"","background-repeat":"repeat","background-position":"center center","background-size":"auto","background-attachment":"scroll","background-type":"","background-media":"","overlay-type":"","overlay-color":"","overlay-opacity":"","overlay-gradient":""}},"ast-content-background-meta":{"desktop":{"background-color":"var(--ast-global-color-4)","background-image":"","background-repeat":"repeat","background-position":"center center","background-size":"auto","background-attachment":"scroll","background-type":"","background-media":"","overlay-type":"","overlay-color":"","overlay-opacity":"","overlay-gradient":""},"tablet":{"background-color":"var(--ast-global-color-4)","background-image":"","background-repeat":"repeat","background-position":"center center","background-size":"auto","background-attachment":"scroll","background-type":"","background-media":"","overlay-type":"","overlay-color":"","overlay-opacity":"","overlay-gradient":""},"mobile":{"background-color":"var(--ast-global-color-4)","background-image":"","background-repeat":"repeat","background-position":"center center","background-size":"auto","background-attachment":"scroll","background-type":"","background-media":"","overlay-type":"","overlay-color":"","overlay-opacity":"","overlay-gradient":""}}},"product_brand":[],"product_cat":[21,57],"product_tag":[],"class_list":{"0":"post-2927","1":"product","2":"type-product","3":"status-publish","4":"has-post-thumbnail","6":"product_cat-product","7":"product_cat-glass-vases","8":"desktop-align-left","9":"tablet-align-left","10":"mobile-align-left","12":"first","13":"instock","14":"shipping-taxable","15":"product-type-simple"},"jetpack_sharing_enabled":true,"_links":{"self":[{"href":"https:\/\/mostebglass.com\/es\/wp-json\/wp\/v2\/product\/2927","targetHints":{"allow":["GET"]}}],"collection":[{"href":"https:\/\/mostebglass.com\/es\/wp-json\/wp\/v2\/product"}],"about":[{"href":"https:\/\/mostebglass.com\/es\/wp-json\/wp\/v2\/types\/product"}],"wp:featuredmedia":[{"embeddable":true,"href":"https:\/\/mostebglass.com\/es\/wp-json\/wp\/v2\/media\/2931"}],"wp:attachment":[{"href":"https:\/\/mostebglass.com\/es\/wp-json\/wp\/v2\/media?parent=2927"}],"wp:term":[{"taxonomy":"product_brand","embeddable":true,"href":"https:\/\/mostebglass.com\/es\/wp-json\/wp\/v2\/product_brand?post=2927"},{"taxonomy":"product_cat","embeddable":true,"href":"https:\/\/mostebglass.com\/es\/wp-json\/wp\/v2\/product_cat?post=2927"},{"taxonomy":"product_tag","embeddable":true,"href":"https:\/\/mostebglass.com\/es\/wp-json\/wp\/v2\/product_tag?post=2927"}],"curies":[{"name":"wp","href":"https:\/\/api.w.org\/{rel}","templated":true}]}}