{"id":3040,"date":"2025-10-15T15:21:06","date_gmt":"2025-10-15T07:21:06","guid":{"rendered":"https:\/\/mostebglass.com\/?post_type=product&#038;p=3040"},"modified":"2025-10-15T17:46:39","modified_gmt":"2025-10-15T09:46:39","slug":"florero-vintage-de-cristal-transparente-para-decoracion-de-bodas","status":"publish","type":"product","link":"https:\/\/mostebglass.com\/es\/vintage-clear-glass-bud-vase-for-wedding-decor\/","title":{"rendered":"Jarr\u00f3n vintage de cristal transparente para decoraci\u00f3n del hogar y bodas."},"content":{"rendered":"<p>\u00bfCansado de los jarrones de cristal que se quedan ah\u00ed sin hacer nada? Creamos jarrones vintage de cristal transparente con relieve retro: una decoraci\u00f3n sin adornos aburridos. Estos jarrones con rosas convierten la decoraci\u00f3n del hogar en momentos art\u00edsticos. Los pedidos al por mayor incluyen jarrones de cristal personalizados que combinan con el esp\u00edritu de tu marca.<\/p>\n<h2>P\u0159izp\u016fsoben\u00e9 n\u00e1vrhy<\/h2>\n<p><strong>Charm vintage en relieve<\/strong><\/p>\n<p>El patr\u00f3n de diamantes a\u00f1ade un toque vintage: este jarr\u00f3n vintage de vidrio transparente irradia una sensaci\u00f3n artesanal, no de producci\u00f3n en masa.<\/p>\n<p><strong>Perfecto para flores individuales.<\/strong><\/p>\n<p>Su forma esbelta es perfecta para arreglos florales individuales: el foco de este jarr\u00f3n de rosas est\u00e1 en las flores, no en el jarr\u00f3n en s\u00ed.<\/p>\n<p><strong>Presenta tu marca al instante<\/strong><\/p>\n<p>A\u00f1ade tu logotipo personalizado a este jarr\u00f3n de rosas para que se destaque.<\/p>\n<h2><strong data-spm-anchor-id=\"5176.28103460.0.i18.29ab2e31aVMz0n\">Especificaciones clave<\/strong><\/h2>\n<table style=\"border-collapse: collapse; width: 80%; margin-left: auto; margin-right: auto;\" border=\"0\" width=\"144\" cellspacing=\"0\" cellpadding=\"0\">\n<tbody>\n<tr>\n<td style=\"text-align: center;\" width=\"72\">Atributo<\/td>\n<td style=\"text-align: center;\" width=\"72\">Detalle<\/td>\n<\/tr>\n<tr>\n<td style=\"text-align: center;\">Opci\u00f3n de color<\/td>\n<td style=\"text-align: center;\">Transparente, Marr\u00f3n, Verde, Azul, Gris (Personalizado)<\/td>\n<\/tr>\n<tr>\n<td style=\"text-align: center;\">Superficie<\/td>\n<td style=\"text-align: center;\">Relieve retro<\/td>\n<\/tr>\n<tr>\n<td style=\"text-align: center;\">Caso de uso<\/td>\n<td style=\"text-align: center;\">Florero peque\u00f1o, arreglo floral artificial, centro de mesa<\/td>\n<\/tr>\n<tr>\n<td style=\"text-align: center;\">Ideal para<\/td>\n<td style=\"text-align: center;\">Decoraci\u00f3n del hogar, estilismo para bodas, interiores de boutiques<\/td>\n<\/tr>\n<\/tbody>\n<\/table>\n<h2>Historia de \u00e9xito<\/h2>\n<p>El estudio floral con sede en el Reino Unido cre\u00f3 el empaque perfecto para el proyecto de la boda. La marca buscaba jarrones magn\u00edficos y vers\u00e1tiles que realzaran la belleza de sus rosas y complementaran la tem\u00e1tica vintage del jard\u00edn de la pareja. Encargaron un jarr\u00f3n de cristal con rosas personalizado, decorado con motivos florales incrustados de estilo vintage. Fabricados con vidrio grueso y de alta definici\u00f3n, combinan belleza y durabilidad. Cada jarr\u00f3n de rosas fue dise\u00f1ado para albergar un tallo o un peque\u00f1o ramo, lo que lo hace ideal para centros de mesa y regalos para invitados. El jarr\u00f3n de rosas se convirti\u00f3 en un elemento destacado del atuendo de la boda, donde los invitados compartieron docenas de publicaciones e historias de Instagram que demostraban que combinaba a la perfecci\u00f3n con la tem\u00e1tica rom\u00e1ntica. Tras el evento, el estudio experiment\u00f3 un aumento del 40% en los pedidos, y nuevos clientes solicitaron el mismo dise\u00f1o para sus bodas y eventos.<\/p>\n<h2>Tu manual de personalizaci\u00f3n<\/h2>\n<ol>\n<li><strong>Gu\u00eda floral \u201cBlooming Code\u201d:<\/strong>En la parte inferior hay grabado un c\u00f3digo QR que permite escanearlo para obtener informaci\u00f3n de la marca o gu\u00edas de usuario.<\/li>\n<li><strong>Colecci\u00f3n personalizable conveniente:<\/strong>El florero con rosas est\u00e1 elaborado en vidrio \u00edndigo intenso y adornado con estrellas plateadas en relieve, perfecto para una boda a la luz de la luna. Incluye el mensaje &#034;Floreciendo bajo las estrellas&#034;.<\/li>\n<\/ol>\n<p>&nbsp;<\/p>","protected":false},"excerpt":{"rendered":"<p>Jarrones vintage de vidrio transparente con capullos y rosas, con una elegancia floral atemporal. Ideales para floristas, organizadores de eventos y minoristas que buscan soluciones decorativas personalizables y de alta calidad.<\/p>","protected":false},"featured_media":3042,"template":"","meta":{"site-sidebar-layout":"default","site-content-layout":"","ast-site-content-layout":"default","site-content-style":"default","site-sidebar-style":"default","ast-global-header-display":"","ast-banner-title-visibility":"","ast-main-header-display":"","ast-hfb-above-header-display":"","ast-hfb-below-header-display":"","ast-hfb-mobile-header-display":"","site-post-title":"","ast-breadcrumbs-content":"","ast-featured-img":"","footer-sml-layout":"","theme-transparent-header-meta":"default","adv-header-id-meta":"","stick-header-meta":"","header-above-stick-meta":"","header-main-stick-meta":"","header-below-stick-meta":"","astra-migrate-meta-layouts":"set","ast-page-background-enabled":"default","ast-page-background-meta":{"desktop":{"background-color":"var(--ast-global-color-5)","background-image":"","background-repeat":"repeat","background-position":"center center","background-size":"auto","background-attachment":"scroll","background-type":"","background-media":"","overlay-type":"","overlay-color":"","overlay-opacity":"","overlay-gradient":""},"tablet":{"background-color":"","background-image":"","background-repeat":"repeat","background-position":"center center","background-size":"auto","background-attachment":"scroll","background-type":"","background-media":"","overlay-type":"","overlay-color":"","overlay-opacity":"","overlay-gradient":""},"mobile":{"background-color":"","background-image":"","background-repeat":"repeat","background-position":"center center","background-size":"auto","background-attachment":"scroll","background-type":"","background-media":"","overlay-type":"","overlay-color":"","overlay-opacity":"","overlay-gradient":""}},"ast-content-background-meta":{"desktop":{"background-color":"var(--ast-global-color-4)","background-image":"","background-repeat":"repeat","background-position":"center center","background-size":"auto","background-attachment":"scroll","background-type":"","background-media":"","overlay-type":"","overlay-color":"","overlay-opacity":"","overlay-gradient":""},"tablet":{"background-color":"var(--ast-global-color-4)","background-image":"","background-repeat":"repeat","background-position":"center center","background-size":"auto","background-attachment":"scroll","background-type":"","background-media":"","overlay-type":"","overlay-color":"","overlay-opacity":"","overlay-gradient":""},"mobile":{"background-color":"var(--ast-global-color-4)","background-image":"","background-repeat":"repeat","background-position":"center center","background-size":"auto","background-attachment":"scroll","background-type":"","background-media":"","overlay-type":"","overlay-color":"","overlay-opacity":"","overlay-gradient":""}}},"product_brand":[],"product_cat":[21,57],"product_tag":[],"class_list":{"0":"post-3040","1":"product","2":"type-product","3":"status-publish","4":"has-post-thumbnail","6":"product_cat-product","7":"product_cat-glass-vases","8":"desktop-align-left","9":"tablet-align-left","10":"mobile-align-left","12":"first","13":"instock","14":"shipping-taxable","15":"product-type-simple"},"jetpack_sharing_enabled":true,"_links":{"self":[{"href":"https:\/\/mostebglass.com\/es\/wp-json\/wp\/v2\/product\/3040","targetHints":{"allow":["GET"]}}],"collection":[{"href":"https:\/\/mostebglass.com\/es\/wp-json\/wp\/v2\/product"}],"about":[{"href":"https:\/\/mostebglass.com\/es\/wp-json\/wp\/v2\/types\/product"}],"wp:featuredmedia":[{"embeddable":true,"href":"https:\/\/mostebglass.com\/es\/wp-json\/wp\/v2\/media\/3042"}],"wp:attachment":[{"href":"https:\/\/mostebglass.com\/es\/wp-json\/wp\/v2\/media?parent=3040"}],"wp:term":[{"taxonomy":"product_brand","embeddable":true,"href":"https:\/\/mostebglass.com\/es\/wp-json\/wp\/v2\/product_brand?post=3040"},{"taxonomy":"product_cat","embeddable":true,"href":"https:\/\/mostebglass.com\/es\/wp-json\/wp\/v2\/product_cat?post=3040"},{"taxonomy":"product_tag","embeddable":true,"href":"https:\/\/mostebglass.com\/es\/wp-json\/wp\/v2\/product_tag?post=3040"}],"curies":[{"name":"wp","href":"https:\/\/api.w.org\/{rel}","templated":true}]}}