{"id":3110,"date":"2025-10-22T17:23:26","date_gmt":"2025-10-22T09:23:26","guid":{"rendered":"https:\/\/mostebglass.com\/?post_type=product&#038;p=3110"},"modified":"2025-10-22T18:01:35","modified_gmt":"2025-10-22T10:01:35","slug":"juego-de-jarrones-de-cristal-antiguos-para-decoracion-de-hogares-y-eventos","status":"publish","type":"product","link":"https:\/\/mostebglass.com\/es\/antique-glass-vases-set-for-home-and-event-decor\/","title":{"rendered":"Juego de jarrones de cristal antiguo transparente para decoraci\u00f3n del hogar y eventos"},"content":{"rendered":"<p>\u00bfCansado de los jarrones que arruinan tus arreglos florales? Creamos sets de jarrones cortos con un toque de cristal transparente: \u00a1se acab\u00f3 la decoraci\u00f3n aburrida! Estos jarrones transparentes convierten tu espacio en un para\u00edso floral. En pedidos al por mayor, recibir\u00e1s jarrones de cristal personalizados que se adaptan a tu estilo.<\/p>\n<h2>P\u0159izp\u016fsoben\u00e9 n\u00e1vrhy<\/h2>\n<p><strong>Elegancia texturizada<\/strong><\/p>\n<p>Las nervaduras y el patr\u00f3n aportan m\u00e1s profundidad: su peque\u00f1o jarr\u00f3n de flores parece una pieza de arte decorativo hecha de vidrio.<\/p>\n<p><strong>Claridad cristalina<\/strong><\/p>\n<p>El vidrio transparente de la mejor calidad revela cada p\u00e9talo: los compradores no pueden resistirse al jarr\u00f3n transparente a primera vista.<\/p>\n<p><strong>Pantalla vers\u00e1til<\/strong><\/p>\n<p>Ideal para mesas de trabajo, estantes o como soporte decorativo de tallo hueco natural: sus jarrones, jarrones de vidrio y tarros brillan.<\/p>\n<h2>Especificaciones clave<\/h2>\n<table style=\"border-collapse: collapse; width: 216.03pt;\" border=\"0\" width=\"288\" cellspacing=\"0\" cellpadding=\"0\">\n<tbody>\n<tr style=\"height: 13.50pt;\">\n<td style=\"height: 13.50pt; width: 54.00pt;\" width=\"72\" height=\"18\">Estilo<\/td>\n<td style=\"width: 54.00pt;\" width=\"72\">Tama\u00f1o (cm)<\/td>\n<td style=\"width: 54.00pt;\" width=\"72\">Material<\/td>\n<td style=\"width: 54.00pt;\" width=\"72\">Color<\/td>\n<\/tr>\n<tr style=\"height: 13.50pt;\">\n<td style=\"height: 13.50pt;\" height=\"18\">Acanalado<\/td>\n<td>5.5&#215;11.2&#215;3.8<\/td>\n<td class=\"et2\" rowspan=\"3\">Vaso<\/td>\n<td class=\"et2\" rowspan=\"3\">Borrar o personalizado<\/td>\n<\/tr>\n<tr style=\"height: 13.50pt;\">\n<td style=\"height: 13.50pt;\" height=\"18\">Calabaza<\/td>\n<td>6.0&#215;11.5&#215;3.8<\/td>\n<\/tr>\n<tr style=\"height: 13.50pt;\">\n<td style=\"height: 13.50pt;\" height=\"18\">Espiral<\/td>\n<td>5.9&#215;11.5&#215;3.8<\/td>\n<\/tr>\n<\/tbody>\n<\/table>\n<h2>Caso de \u00e9xito<\/h2>\n<p>Decor nos ayud\u00f3 con un estudio para crear hermosos jarrones bajos de vidrio personalizados para su colecci\u00f3n floral de temporada. Cada arreglo tiene una boca pulida a mano y vidrio grueso, brillante y de alta transparencia para darle a las flores un elegante y refinado efecto de galer\u00eda. El estudio dise\u00f1\u00f3 una gama de jarrones de vidrio a medida que se adaptan a diferentes estilos de interior, desde acabado mate hasta bases en \u00e1mbar p\u00e1lido y gris ahumado.<\/p>\n<p>Los jarrones perfectos resaltan las vetas y los colores de cada flor, embelleciendo as\u00ed el conjunto.<\/p>\n<p>El estudio logr\u00f3 lo anterior en s\u00f3lo dos meses: las ventas aumentaron un 80% y las quejas sobre el producto disminuyeron un 70%.<\/p>\n<h2>Tu manual de personalizaci\u00f3n<\/h2>\n<ol>\n<li><strong>Superficie de botella ajustable:<\/strong> Dependiendo del estilo de su marca, seleccione una de estas tres opciones, es decir, chorro de arena, grabado l\u00e1ser o galvanoplastia para agregar el logotipo de su marca o texturas \u00fanicas que hagan que el jarr\u00f3n sea m\u00e1s reconocible y decorativo.<\/li>\n<li><strong>Personalizaci\u00f3n de marca y accesorios:<\/strong> Adem\u00e1s de una caja de regalo personalizada, se pueden utilizar flores secas o un difusor de varillas para regalar o con fines de aromaterapia, aumentando as\u00ed el valor intr\u00ednseco del producto y sus posibles aplicaciones.<\/li>\n<\/ol>\n<p>&nbsp;<\/p>\n<p>&nbsp;<\/p>","protected":false},"excerpt":{"rendered":"<p>Jarrones de vidrio antiguo premium para negocios. Nuestros jarrones transparentes ofrecen una elegancia atemporal para exhibir arreglos florales. Aumente su inventario con esta colecci\u00f3n cl\u00e1sica de alta calidad. Consulte para pedidos al por mayor.<\/p>","protected":false},"featured_media":3111,"template":"","meta":{"site-sidebar-layout":"default","site-content-layout":"","ast-site-content-layout":"default","site-content-style":"default","site-sidebar-style":"default","ast-global-header-display":"","ast-banner-title-visibility":"","ast-main-header-display":"","ast-hfb-above-header-display":"","ast-hfb-below-header-display":"","ast-hfb-mobile-header-display":"","site-post-title":"","ast-breadcrumbs-content":"","ast-featured-img":"","footer-sml-layout":"","theme-transparent-header-meta":"default","adv-header-id-meta":"","stick-header-meta":"","header-above-stick-meta":"","header-main-stick-meta":"","header-below-stick-meta":"","astra-migrate-meta-layouts":"set","ast-page-background-enabled":"default","ast-page-background-meta":{"desktop":{"background-color":"var(--ast-global-color-5)","background-image":"","background-repeat":"repeat","background-position":"center center","background-size":"auto","background-attachment":"scroll","background-type":"","background-media":"","overlay-type":"","overlay-color":"","overlay-opacity":"","overlay-gradient":""},"tablet":{"background-color":"","background-image":"","background-repeat":"repeat","background-position":"center center","background-size":"auto","background-attachment":"scroll","background-type":"","background-media":"","overlay-type":"","overlay-color":"","overlay-opacity":"","overlay-gradient":""},"mobile":{"background-color":"","background-image":"","background-repeat":"repeat","background-position":"center center","background-size":"auto","background-attachment":"scroll","background-type":"","background-media":"","overlay-type":"","overlay-color":"","overlay-opacity":"","overlay-gradient":""}},"ast-content-background-meta":{"desktop":{"background-color":"var(--ast-global-color-4)","background-image":"","background-repeat":"repeat","background-position":"center center","background-size":"auto","background-attachment":"scroll","background-type":"","background-media":"","overlay-type":"","overlay-color":"","overlay-opacity":"","overlay-gradient":""},"tablet":{"background-color":"var(--ast-global-color-4)","background-image":"","background-repeat":"repeat","background-position":"center center","background-size":"auto","background-attachment":"scroll","background-type":"","background-media":"","overlay-type":"","overlay-color":"","overlay-opacity":"","overlay-gradient":""},"mobile":{"background-color":"var(--ast-global-color-4)","background-image":"","background-repeat":"repeat","background-position":"center center","background-size":"auto","background-attachment":"scroll","background-type":"","background-media":"","overlay-type":"","overlay-color":"","overlay-opacity":"","overlay-gradient":""}}},"product_brand":[],"product_cat":[21,57],"product_tag":[],"class_list":{"0":"post-3110","1":"product","2":"type-product","3":"status-publish","4":"has-post-thumbnail","6":"product_cat-product","7":"product_cat-glass-vases","8":"desktop-align-left","9":"tablet-align-left","10":"mobile-align-left","12":"first","13":"instock","14":"shipping-taxable","15":"product-type-simple"},"jetpack_sharing_enabled":true,"_links":{"self":[{"href":"https:\/\/mostebglass.com\/es\/wp-json\/wp\/v2\/product\/3110","targetHints":{"allow":["GET"]}}],"collection":[{"href":"https:\/\/mostebglass.com\/es\/wp-json\/wp\/v2\/product"}],"about":[{"href":"https:\/\/mostebglass.com\/es\/wp-json\/wp\/v2\/types\/product"}],"wp:featuredmedia":[{"embeddable":true,"href":"https:\/\/mostebglass.com\/es\/wp-json\/wp\/v2\/media\/3111"}],"wp:attachment":[{"href":"https:\/\/mostebglass.com\/es\/wp-json\/wp\/v2\/media?parent=3110"}],"wp:term":[{"taxonomy":"product_brand","embeddable":true,"href":"https:\/\/mostebglass.com\/es\/wp-json\/wp\/v2\/product_brand?post=3110"},{"taxonomy":"product_cat","embeddable":true,"href":"https:\/\/mostebglass.com\/es\/wp-json\/wp\/v2\/product_cat?post=3110"},{"taxonomy":"product_tag","embeddable":true,"href":"https:\/\/mostebglass.com\/es\/wp-json\/wp\/v2\/product_tag?post=3110"}],"curies":[{"name":"wp","href":"https:\/\/api.w.org\/{rel}","templated":true}]}}