{"id":3208,"date":"2025-10-29T14:47:45","date_gmt":"2025-10-29T06:47:45","guid":{"rendered":"https:\/\/mostebglass.com\/?post_type=product&#038;p=3208"},"modified":"2025-10-29T17:50:28","modified_gmt":"2025-10-29T09:50:28","slug":"wholesale-short-glass-vase-bud-vases-supplier","status":"publish","type":"product","link":"https:\/\/mostebglass.com\/es\/wholesale-short-glass-vase-bud-vases-supplier\/","title":{"rendered":"Jarr\u00f3n de vidrio corto en forma de cono para arreglos florales minimalistas"},"content":{"rendered":"<p>Deja de usar jarrones aburridos que arruinan tu estilo floral. Creamos jarrones peque\u00f1os con textura geom\u00e9trica: \u00a1adi\u00f3s a la decoraci\u00f3n plana! Estos juegos de jarrones de vidrio transformar\u00e1n tu espacio en un para\u00edso floral. Para pedidos al por mayor, obt\u00e9n jarrones personalizados que reflejen la esencia de tu marca.<\/p>\n<h2>P\u0159izp\u016fsoben\u00e9 n\u00e1vrhy<\/h2>\n<p><strong>Textura geom\u00e9trica<\/strong><\/p>\n<p>Las estr\u00edas en la tela le dan mayor profundidad, pero al mismo tiempo, no resultan abrumadoras; tu jarr\u00f3n minimalista lucir\u00e1 elegante y moderno en cualquier espacio.<\/p>\n<p><strong>Claro<\/strong><\/p>\n<p>El recipiente transparente ideal ser\u00e1 el que permita lucir cada flor; los clientes quedar\u00e1n cautivados por su claridad y transparencia desde el primer momento.<\/p>\n<p><strong>Diferentes tama\u00f1os<\/strong><\/p>\n<p>Tres tama\u00f1os diferentes, a saber, peque\u00f1o, mediano y grande, para satisfacer las distintas necesidades de los espacios: su colecci\u00f3n de jarrones puede estar en una mesa de centro, una estanter\u00eda o una mesa de boda.<\/p>\n<h2>Especificaciones clave<\/h2>\n<table style=\"border-collapse: collapse; width: 80%; margin-left: auto; margin-right: auto;\" border=\"0\" width=\"288\" cellspacing=\"0\" cellpadding=\"0\">\n<tbody>\n<tr style=\"height: 13.50pt;\">\n<td style=\"height: 13.5pt; width: 54pt; text-align: center;\" width=\"72\" height=\"18\">Estilo<\/td>\n<td style=\"width: 54pt; text-align: center;\" width=\"72\">Tama\u00f1o (cm)<\/td>\n<td style=\"width: 54pt; text-align: center;\" width=\"72\">Material<\/td>\n<td style=\"width: 54pt; text-align: center;\" width=\"72\">Color<\/td>\n<\/tr>\n<tr style=\"height: 13.50pt;\">\n<td style=\"height: 13.5pt; text-align: center;\" height=\"18\">Peque\u00f1o<\/td>\n<td style=\"text-align: center;\">5.0&#215;11.5&#215;2.9<\/td>\n<td class=\"et2\" style=\"text-align: center;\" rowspan=\"3\">Vaso<\/td>\n<td class=\"et2\" style=\"text-align: center;\" rowspan=\"3\">Borrar o personalizado<\/td>\n<\/tr>\n<tr style=\"height: 13.50pt;\">\n<td style=\"height: 13.5pt; text-align: center;\" height=\"18\">Medio<\/td>\n<td style=\"text-align: center;\">6,6\u00d713,0x3,7<\/td>\n<\/tr>\n<tr style=\"height: 13.50pt;\">\n<td style=\"height: 13.5pt; text-align: center;\" height=\"18\">Grande<\/td>\n<td style=\"text-align: center;\">7.0&#215;14.6&#215;3.5<\/td>\n<\/tr>\n<\/tbody>\n<\/table>\n<h2>Caso de \u00e9xito<\/h2>\n<p>Colaboramos con un estudio floral boutique de Melbourne, Australia, para producir una serie de jarrones minimalistas de cristal dise\u00f1ados a medida para su nueva l\u00ednea. La marca cre\u00f3 tres tama\u00f1os diferentes con un patr\u00f3n de rombos que unifica visualmente los jarrones, manteniendo a la vez su individualidad. Adem\u00e1s, los jarrones tienen un acabado mate y se puede grabar un logotipo personalizado en la base de cada uno.<\/p>\n<p>Tras su lanzamiento, la colecci\u00f3n de jarrones se convirti\u00f3 en la opci\u00f3n m\u00e1s atractiva para regalos de boda y decoraci\u00f3n del hogar. Las ventas de jarrones del estudio aumentaron un 40 % en tan solo dos meses.<\/p>\n<h2>Tu manual de personalizaci\u00f3n<\/h2>\n<ol>\n<li><strong>Personalizaci\u00f3n de piezas:<\/strong> Para darle al jarr\u00f3n una apariencia m\u00e1s elegante y compleja, existen varias opciones disponibles, como pintura en aerosol (\u00e1mbar, gris ahumado, blanco lechoso mate, etc.) o galvanoplastia con un borde dorado.<\/li>\n<li><strong>Aplicaci\u00f3n del logotipo:<\/strong> La marca del jarr\u00f3n puede reconocerse de forma sutil y eficaz mediante la serigraf\u00eda, el estampado en caliente o el relieve del logotipo en la base o el cuello del jarr\u00f3n.<\/li>\n<\/ol>","protected":false},"excerpt":{"rendered":"<p>Elegante juego de jarrones bajos de cristal, dise\u00f1ados para una decoraci\u00f3n minimalista. Estos jarrones peque\u00f1os realzan la belleza de las flores individuales, perfectos para bodas, mesas o regalos.<\/p>","protected":false},"featured_media":3209,"template":"","meta":{"site-sidebar-layout":"default","site-content-layout":"","ast-site-content-layout":"default","site-content-style":"default","site-sidebar-style":"default","ast-global-header-display":"","ast-banner-title-visibility":"","ast-main-header-display":"","ast-hfb-above-header-display":"","ast-hfb-below-header-display":"","ast-hfb-mobile-header-display":"","site-post-title":"","ast-breadcrumbs-content":"","ast-featured-img":"","footer-sml-layout":"","theme-transparent-header-meta":"default","adv-header-id-meta":"","stick-header-meta":"","header-above-stick-meta":"","header-main-stick-meta":"","header-below-stick-meta":"","astra-migrate-meta-layouts":"set","ast-page-background-enabled":"default","ast-page-background-meta":{"desktop":{"background-color":"var(--ast-global-color-5)","background-image":"","background-repeat":"repeat","background-position":"center center","background-size":"auto","background-attachment":"scroll","background-type":"","background-media":"","overlay-type":"","overlay-color":"","overlay-opacity":"","overlay-gradient":""},"tablet":{"background-color":"","background-image":"","background-repeat":"repeat","background-position":"center center","background-size":"auto","background-attachment":"scroll","background-type":"","background-media":"","overlay-type":"","overlay-color":"","overlay-opacity":"","overlay-gradient":""},"mobile":{"background-color":"","background-image":"","background-repeat":"repeat","background-position":"center center","background-size":"auto","background-attachment":"scroll","background-type":"","background-media":"","overlay-type":"","overlay-color":"","overlay-opacity":"","overlay-gradient":""}},"ast-content-background-meta":{"desktop":{"background-color":"var(--ast-global-color-4)","background-image":"","background-repeat":"repeat","background-position":"center center","background-size":"auto","background-attachment":"scroll","background-type":"","background-media":"","overlay-type":"","overlay-color":"","overlay-opacity":"","overlay-gradient":""},"tablet":{"background-color":"var(--ast-global-color-4)","background-image":"","background-repeat":"repeat","background-position":"center center","background-size":"auto","background-attachment":"scroll","background-type":"","background-media":"","overlay-type":"","overlay-color":"","overlay-opacity":"","overlay-gradient":""},"mobile":{"background-color":"var(--ast-global-color-4)","background-image":"","background-repeat":"repeat","background-position":"center center","background-size":"auto","background-attachment":"scroll","background-type":"","background-media":"","overlay-type":"","overlay-color":"","overlay-opacity":"","overlay-gradient":""}}},"product_brand":[],"product_cat":[21,57],"product_tag":[],"class_list":{"0":"post-3208","1":"product","2":"type-product","3":"status-publish","4":"has-post-thumbnail","6":"product_cat-product","7":"product_cat-glass-vases","8":"desktop-align-left","9":"tablet-align-left","10":"mobile-align-left","12":"first","13":"instock","14":"shipping-taxable","15":"product-type-simple"},"jetpack_sharing_enabled":true,"_links":{"self":[{"href":"https:\/\/mostebglass.com\/es\/wp-json\/wp\/v2\/product\/3208","targetHints":{"allow":["GET"]}}],"collection":[{"href":"https:\/\/mostebglass.com\/es\/wp-json\/wp\/v2\/product"}],"about":[{"href":"https:\/\/mostebglass.com\/es\/wp-json\/wp\/v2\/types\/product"}],"wp:featuredmedia":[{"embeddable":true,"href":"https:\/\/mostebglass.com\/es\/wp-json\/wp\/v2\/media\/3209"}],"wp:attachment":[{"href":"https:\/\/mostebglass.com\/es\/wp-json\/wp\/v2\/media?parent=3208"}],"wp:term":[{"taxonomy":"product_brand","embeddable":true,"href":"https:\/\/mostebglass.com\/es\/wp-json\/wp\/v2\/product_brand?post=3208"},{"taxonomy":"product_cat","embeddable":true,"href":"https:\/\/mostebglass.com\/es\/wp-json\/wp\/v2\/product_cat?post=3208"},{"taxonomy":"product_tag","embeddable":true,"href":"https:\/\/mostebglass.com\/es\/wp-json\/wp\/v2\/product_tag?post=3208"}],"curies":[{"name":"wp","href":"https:\/\/api.w.org\/{rel}","templated":true}]}}