{"id":409,"date":"2025-08-14T17:30:04","date_gmt":"2025-08-14T09:30:04","guid":{"rendered":"https:\/\/mostebglass.com\/?post_type=product&#038;p=409"},"modified":"2026-01-26T14:15:32","modified_gmt":"2026-01-26T06:15:32","slug":"360ml-clear-candle-glass-jars-unique-geometric-embossed-design","status":"publish","type":"product","link":"https:\/\/mostebglass.com\/es\/360ml-clear-candle-glass-jars-unique-geometric-embossed-design\/","title":{"rendered":"Frascos de vidrio transparente para velas de 360 \u200b\u200bml: dise\u00f1o geom\u00e9trico \u00fanico en relieve"},"content":{"rendered":"<p>Estos frascos cil\u00edndricos para velas, con lados verticales rectos, est\u00e1n hechos de vidrio transparente. Su superficie combina un relieve geom\u00e9trico integral con facetas repetidas en forma de diamante y estrella, que le dan al cuerpo un aspecto texturizado de cristal tallado. El vidrio es incoloro y cristalino; la luz brilla a trav\u00e9s de \u00e9l y se refleja en la textura del patr\u00f3n creado. Su borde es uniforme y plano, sin tapa ni decoraci\u00f3n. El dise\u00f1o, en general, luce sim\u00e9trico, estructurado y decorativo, ideal para promover la difusi\u00f3n de la luz al encender una vela.<\/p>\n<h2>P\u0159izp\u016fsoben\u00e9 n\u00e1vrhy<\/h2>\n<p><strong>Patrones de estrellas 3D para drama visual:\u00a0<\/strong>Las texturas en forma de diamante dan forma a patrones similares a megaestrellas, creando un recipiente para velas que parece hecho a mano y de alta gama.<\/p>\n<p><strong>Dise\u00f1o de refracci\u00f3n de luz para atractivo est\u00e9tico:\u00a0<\/strong>El vidrio grueso y los grabados geom\u00e9tricos aumentan el juego suave, convirtiendo su recipiente en una pieza ornamental incluso cuando est\u00e9 vac\u00edo.<\/p>\n<p><strong>Flexibilidad multiprop\u00f3sito:\u00a0<\/strong>\u00daselo como frasco para velas, candelero o contenedor para garaje: su versatilidad lo convierte en un art\u00edculo deseado por las marcas de velas que buscan obras de arte con un prop\u00f3sito.<\/p>\n<h2>Especificaciones clave<\/h2>\n<table style=\"border-collapse: collapse; width: 80%; margin-left: auto; margin-right: auto;\" border=\"0\" width=\"144\" cellspacing=\"0\" cellpadding=\"0\">\n<tbody>\n<tr style=\"height: 13.50pt;\">\n<td style=\"height: 13.50pt; width: 54.00pt;\" width=\"72\" height=\"18\">Caracter\u00edstica<\/td>\n<td style=\"width: 54.00pt;\" width=\"72\">Detalles<\/td>\n<\/tr>\n<tr style=\"height: 13.50pt;\">\n<td style=\"height: 13.50pt;\" height=\"18\">Capacidad<\/td>\n<td>360 ml<\/td>\n<\/tr>\n<tr style=\"height: 13.50pt;\">\n<td style=\"height: 13.50pt;\" height=\"18\">Peso<\/td>\n<td>500 gramos<\/td>\n<\/tr>\n<tr style=\"height: 13.50pt;\">\n<td style=\"height: 13.50pt;\" height=\"18\">Patrones<\/td>\n<td>Punto de arroz, Punteado, Diamante, Vertical, Gota de agua, Explosi\u00f3n de estrella<\/td>\n<\/tr>\n<tr style=\"height: 13.50pt;\">\n<td style=\"height: 13.50pt;\" height=\"18\">Dimensiones<\/td>\n<td>95 * 95 * 87 mil\u00edmetros<\/td>\n<\/tr>\n<tr style=\"height: 13.50pt;\">\n<td style=\"height: 13.50pt;\" height=\"18\">Material<\/td>\n<td>Cristal<\/td>\n<\/tr>\n<tr style=\"height: 13.50pt;\">\n<td style=\"height: 13.50pt;\" height=\"18\">Color<\/td>\n<td>Claro<\/td>\n<\/tr>\n<\/tbody>\n<\/table>\n<h2>Ideas para dise\u00f1o personalizado<\/h2>\n<ol>\n<li><strong>Dise\u00f1os de temporada:<\/strong>Las modas de verano se caracterizan por un patr\u00f3n de gotas de agua, mientras que las modas de clima invernal presentan un patr\u00f3n de diamantes, creando una colecci\u00f3n de velas perfumadas de temporada ideal para vacaciones y ocasiones especiales.<\/li>\n<li><strong>Soluciones de embalaje ecol\u00f3gicas:<\/strong>Promocionar candelabros de vidrio reutilizables con sugerencias para su reutilizaci\u00f3n, incluso como macetas o para guardar cosas en la cocina, complementa el valor y se alinea con las tendencias sostenibles.<\/li>\n<\/ol>\n<p>&nbsp;<\/p>\n<p>&nbsp;<\/p>","protected":false},"excerpt":{"rendered":"<p>Descubra frascos de vidrio para velas y frascos \u00fanicos con precios al por mayor. Ideales para marcas de velas de lujo, frascos de alta calidad y pedidos al por mayor.<\/p>","protected":false},"featured_media":413,"template":"","meta":{"site-sidebar-layout":"default","site-content-layout":"","ast-site-content-layout":"default","site-content-style":"default","site-sidebar-style":"default","ast-global-header-display":"","ast-banner-title-visibility":"","ast-main-header-display":"","ast-hfb-above-header-display":"","ast-hfb-below-header-display":"","ast-hfb-mobile-header-display":"","site-post-title":"","ast-breadcrumbs-content":"","ast-featured-img":"","footer-sml-layout":"","theme-transparent-header-meta":"default","adv-header-id-meta":"","stick-header-meta":"","header-above-stick-meta":"","header-main-stick-meta":"","header-below-stick-meta":"","astra-migrate-meta-layouts":"set","ast-page-background-enabled":"default","ast-page-background-meta":{"desktop":{"background-color":"var(--ast-global-color-5)","background-image":"","background-repeat":"repeat","background-position":"center center","background-size":"auto","background-attachment":"scroll","background-type":"","background-media":"","overlay-type":"","overlay-color":"","overlay-opacity":"","overlay-gradient":""},"tablet":{"background-color":"","background-image":"","background-repeat":"repeat","background-position":"center center","background-size":"auto","background-attachment":"scroll","background-type":"","background-media":"","overlay-type":"","overlay-color":"","overlay-opacity":"","overlay-gradient":""},"mobile":{"background-color":"","background-image":"","background-repeat":"repeat","background-position":"center center","background-size":"auto","background-attachment":"scroll","background-type":"","background-media":"","overlay-type":"","overlay-color":"","overlay-opacity":"","overlay-gradient":""}},"ast-content-background-meta":{"desktop":{"background-color":"var(--ast-global-color-4)","background-image":"","background-repeat":"repeat","background-position":"center center","background-size":"auto","background-attachment":"scroll","background-type":"","background-media":"","overlay-type":"","overlay-color":"","overlay-opacity":"","overlay-gradient":""},"tablet":{"background-color":"var(--ast-global-color-4)","background-image":"","background-repeat":"repeat","background-position":"center center","background-size":"auto","background-attachment":"scroll","background-type":"","background-media":"","overlay-type":"","overlay-color":"","overlay-opacity":"","overlay-gradient":""},"mobile":{"background-color":"var(--ast-global-color-4)","background-image":"","background-repeat":"repeat","background-position":"center center","background-size":"auto","background-attachment":"scroll","background-type":"","background-media":"","overlay-type":"","overlay-color":"","overlay-opacity":"","overlay-gradient":""}}},"product_brand":[],"product_cat":[28],"product_tag":[37,38],"class_list":{"0":"post-409","1":"product","2":"type-product","3":"status-publish","4":"has-post-thumbnail","6":"product_cat-glass-candle-jars","7":"product_tag-candle-glass-jars","8":"product_tag-unique-candle-jars","9":"desktop-align-left","10":"tablet-align-left","11":"mobile-align-left","13":"first","14":"instock","15":"shipping-taxable","16":"product-type-simple"},"jetpack_sharing_enabled":true,"_links":{"self":[{"href":"https:\/\/mostebglass.com\/es\/wp-json\/wp\/v2\/product\/409","targetHints":{"allow":["GET"]}}],"collection":[{"href":"https:\/\/mostebglass.com\/es\/wp-json\/wp\/v2\/product"}],"about":[{"href":"https:\/\/mostebglass.com\/es\/wp-json\/wp\/v2\/types\/product"}],"wp:featuredmedia":[{"embeddable":true,"href":"https:\/\/mostebglass.com\/es\/wp-json\/wp\/v2\/media\/413"}],"wp:attachment":[{"href":"https:\/\/mostebglass.com\/es\/wp-json\/wp\/v2\/media?parent=409"}],"wp:term":[{"taxonomy":"product_brand","embeddable":true,"href":"https:\/\/mostebglass.com\/es\/wp-json\/wp\/v2\/product_brand?post=409"},{"taxonomy":"product_cat","embeddable":true,"href":"https:\/\/mostebglass.com\/es\/wp-json\/wp\/v2\/product_cat?post=409"},{"taxonomy":"product_tag","embeddable":true,"href":"https:\/\/mostebglass.com\/es\/wp-json\/wp\/v2\/product_tag?post=409"}],"curies":[{"name":"wp","href":"https:\/\/api.w.org\/{rel}","templated":true}]}}