{"id":414,"date":"2025-08-18T17:54:30","date_gmt":"2025-08-18T09:54:30","guid":{"rendered":"https:\/\/mostebglass.com\/?post_type=product&#038;p=414"},"modified":"2026-03-23T17:51:35","modified_gmt":"2026-03-23T09:51:35","slug":"wholesale-small-candle-containers-embossed-glass-candle-jars","status":"publish","type":"product","link":"https:\/\/mostebglass.com\/es\/wholesale-small-candle-containers-embossed-glass-candle-jars\/","title":{"rendered":"Recipientes peque\u00f1os para velas al por mayor \u2013 Tarros de cristal repujado de 90 ml"},"content":{"rendered":"<p>Nuestros peque\u00f1os portavelas son cil\u00edndricos, de 90 ml de capacidad y con diversos dise\u00f1os grabados en su superficie. Todos est\u00e1n fabricados en vidrio transparente de alta calidad con dise\u00f1os especiales, como rombos geom\u00e9tricos, estr\u00edas verticales, burbujas circulares de diferentes formas o motivos de estilo antiguo. Las paredes de vidrio son extremadamente gruesas para garantizar su durabilidad y un aspecto elegante. Su acabado transparente permite que la luz de la vela se difunda de forma hermosa, creando una apariencia c\u00e1lida y decorativa.<\/p>\n<h2>Solicitud<\/h2>\n<p>Estos frascos de vidrio vac\u00edos son ideales para velas arom\u00e1ticas, velas votivas, muestras y otros productos peque\u00f1os. Se pueden usar en decoraci\u00f3n de interiores y eventos, sets de regalo y servicios de hosteler\u00eda con tem\u00e1ticas decorativas. Este tama\u00f1o de 90 ml es especialmente \u00fatil para marcas y mayoristas en paquetes de prueba y l\u00edneas promocionales, o para colecciones con alta rotaci\u00f3n en tiendas minoristas.<\/p>\n<h2>Especificaciones clave<\/h2>\n<p>&nbsp;<\/p>\n<table style=\"border-collapse: collapse; width: 80%; margin-left: auto; margin-right: auto;\" border=\"0\" width=\"144\" cellspacing=\"0\" cellpadding=\"0\">\n<tbody>\n<tr style=\"height: 13.50pt;\">\n<td style=\"height: 13.50pt; width: 54.00pt;\" width=\"72\" height=\"18\">Caracter\u00edstica<\/td>\n<td style=\"width: 54.00pt;\" width=\"72\">Detalles<\/td>\n<\/tr>\n<tr style=\"height: 13.50pt;\">\n<td style=\"height: 13.50pt;\" height=\"18\">Capacidad<\/td>\n<td>90 ml (55 mm de di\u00e1metro, 52 mm de di\u00e1metro inferior, 65 mm de altura)<\/td>\n<\/tr>\n<tr style=\"height: 13.50pt;\">\n<td style=\"height: 13.50pt;\" height=\"18\">Peso<\/td>\n<td>120 gramos<\/td>\n<\/tr>\n<tr style=\"height: 13.50pt;\">\n<td style=\"height: 13.50pt;\" height=\"18\">Patrones<\/td>\n<td>Caracol, Puntos, Diamante, Vertical, Diente de le\u00f3n, Espiral, Girasol, Puntos rectangulares, Abanico, Puntos verticales<\/td>\n<\/tr>\n<tr style=\"height: 13.50pt;\">\n<td style=\"height: 13.50pt;\" height=\"18\">Material<\/td>\n<td>vidrio de cal sodada<\/td>\n<\/tr>\n<tr style=\"height: 13.50pt;\">\n<td style=\"height: 13.50pt;\" height=\"18\">Opciones de personalizaci\u00f3n<\/td>\n<td>Color, logotipo, tapa, forma, tama\u00f1o, caja de embalaje<\/td>\n<\/tr>\n<\/tbody>\n<\/table>\n<h2>P\u0159izp\u016fsoben\u00e9 n\u00e1vrhy<\/h2>\n<ul>\n<li data-section-id=\"15qnsrz\" data-start=\"867\" data-end=\"932\">Variedad de dise\u00f1os en relieve para l\u00edneas de productos diferenciadas.<\/li>\n<li data-section-id=\"1itew8e\" data-start=\"933\" data-end=\"1000\">Capacidad compacta de 90 ml, ideal para velas de tama\u00f1o viaje y muestras.<\/li>\n<li data-section-id=\"12u51z5\" data-start=\"1001\" data-end=\"1056\">Vidrio grueso y duradero con excelente difusi\u00f3n de la luz.<\/li>\n<\/ul>\n<h2>Consejos para la personalizaci\u00f3n<\/h2>\n<ol>\n<li><strong>Tapa\/Embalaje\/Etiquetado<\/strong>: A\u00f1ada valor al producto proporcionando accesorios y opciones de embalaje adecuados: tapas personalizadas (metal, bamb\u00fa, madera, corcho), embalaje interior (almohadillas de espuma, cajas de cart\u00f3n kraft, estuches de regalo), kits de varios frascos (para venta al por menor o promoci\u00f3n).<\/li>\n<li><strong>Embalaje interactivo para mayoristas de frascos para velas:<\/strong>A\u00f1ade un c\u00f3digo QR en la caja de tu vela, con un enlace a la historia de tu empresa o a un folleto informativo sobre velas. Esto no solo inspira a los clientes, sino que tambi\u00e9n genera confianza en ti.<\/li>\n<\/ol>","protected":false},"excerpt":{"rendered":"<p>Descubre peque\u00f1os envases de 90 ml para velas con dise\u00f1os en relieve. Estos tarros vac\u00edos son ideales para velas arom\u00e1ticas, sets de regalo y personalizaci\u00f3n al por mayor para marcas.<\/p>","protected":false},"featured_media":4878,"template":"","meta":{"site-sidebar-layout":"default","site-content-layout":"","ast-site-content-layout":"default","site-content-style":"default","site-sidebar-style":"default","ast-global-header-display":"","ast-banner-title-visibility":"","ast-main-header-display":"","ast-hfb-above-header-display":"","ast-hfb-below-header-display":"","ast-hfb-mobile-header-display":"","site-post-title":"","ast-breadcrumbs-content":"","ast-featured-img":"","footer-sml-layout":"","theme-transparent-header-meta":"default","adv-header-id-meta":"","stick-header-meta":"","header-above-stick-meta":"","header-main-stick-meta":"","header-below-stick-meta":"","astra-migrate-meta-layouts":"set","ast-page-background-enabled":"default","ast-page-background-meta":{"desktop":{"background-color":"var(--ast-global-color-5)","background-image":"","background-repeat":"repeat","background-position":"center center","background-size":"auto","background-attachment":"scroll","background-type":"","background-media":"","overlay-type":"","overlay-color":"","overlay-opacity":"","overlay-gradient":""},"tablet":{"background-color":"","background-image":"","background-repeat":"repeat","background-position":"center center","background-size":"auto","background-attachment":"scroll","background-type":"","background-media":"","overlay-type":"","overlay-color":"","overlay-opacity":"","overlay-gradient":""},"mobile":{"background-color":"","background-image":"","background-repeat":"repeat","background-position":"center center","background-size":"auto","background-attachment":"scroll","background-type":"","background-media":"","overlay-type":"","overlay-color":"","overlay-opacity":"","overlay-gradient":""}},"ast-content-background-meta":{"desktop":{"background-color":"var(--ast-global-color-4)","background-image":"","background-repeat":"repeat","background-position":"center center","background-size":"auto","background-attachment":"scroll","background-type":"","background-media":"","overlay-type":"","overlay-color":"","overlay-opacity":"","overlay-gradient":""},"tablet":{"background-color":"var(--ast-global-color-4)","background-image":"","background-repeat":"repeat","background-position":"center center","background-size":"auto","background-attachment":"scroll","background-type":"","background-media":"","overlay-type":"","overlay-color":"","overlay-opacity":"","overlay-gradient":""},"mobile":{"background-color":"var(--ast-global-color-4)","background-image":"","background-repeat":"repeat","background-position":"center center","background-size":"auto","background-attachment":"scroll","background-type":"","background-media":"","overlay-type":"","overlay-color":"","overlay-opacity":"","overlay-gradient":""}}},"product_brand":[],"product_cat":[28,21],"product_tag":[39,40],"class_list":{"0":"post-414","1":"product","2":"type-product","3":"status-publish","4":"has-post-thumbnail","6":"product_cat-glass-candle-jars","7":"product_cat-product","8":"product_tag-candle-jar","9":"product_tag-empty-candle-jar","10":"desktop-align-left","11":"tablet-align-left","12":"mobile-align-left","14":"first","15":"instock","16":"shipping-taxable","17":"product-type-simple"},"jetpack_sharing_enabled":true,"_links":{"self":[{"href":"https:\/\/mostebglass.com\/es\/wp-json\/wp\/v2\/product\/414","targetHints":{"allow":["GET"]}}],"collection":[{"href":"https:\/\/mostebglass.com\/es\/wp-json\/wp\/v2\/product"}],"about":[{"href":"https:\/\/mostebglass.com\/es\/wp-json\/wp\/v2\/types\/product"}],"wp:featuredmedia":[{"embeddable":true,"href":"https:\/\/mostebglass.com\/es\/wp-json\/wp\/v2\/media\/4878"}],"wp:attachment":[{"href":"https:\/\/mostebglass.com\/es\/wp-json\/wp\/v2\/media?parent=414"}],"wp:term":[{"taxonomy":"product_brand","embeddable":true,"href":"https:\/\/mostebglass.com\/es\/wp-json\/wp\/v2\/product_brand?post=414"},{"taxonomy":"product_cat","embeddable":true,"href":"https:\/\/mostebglass.com\/es\/wp-json\/wp\/v2\/product_cat?post=414"},{"taxonomy":"product_tag","embeddable":true,"href":"https:\/\/mostebglass.com\/es\/wp-json\/wp\/v2\/product_tag?post=414"}],"curies":[{"name":"wp","href":"https:\/\/api.w.org\/{rel}","templated":true}]}}