{"id":424,"date":"2025-08-14T17:38:02","date_gmt":"2025-08-14T09:38:02","guid":{"rendered":"https:\/\/mostebglass.com\/?post_type=product&#038;p=424"},"modified":"2026-02-09T12:02:29","modified_gmt":"2026-02-09T04:02:29","slug":"190ml-diamond-cut-glass-vessels-candle-drinkware-solution","status":"publish","type":"product","link":"https:\/\/mostebglass.com\/es\/190ml-diamond-cut-glass-vessels-candle-drinkware-solution\/","title":{"rendered":"Recipientes de vidrio con corte de diamante de 190 ml | Soluci\u00f3n para velas y bebidas"},"content":{"rendered":"<p>Este recipiente de vidrio de 190 ml est\u00e1 hecho de vidrio sodoc\u00e1lcico sin plomo, de forma cil\u00edndrica, con lados rectos y un fondo muy grueso y estable. El exterior presenta un acabado texturizado con corte de diamante, que le proporciona un excelente agarre y un efecto de reflexi\u00f3n de la luz. El cuerpo de vidrio transparente est\u00e1 posicionado para aportar profundidad e inter\u00e9s al dise\u00f1o, ya que la luz puede filtrarse a trav\u00e9s de la luz de las velas cuando se utiliza como recipiente.<\/p>\n<h2>Solicitud<\/h2>\n<p>Su material es apto para uso alimentario y no contiene plomo. Su forma es c\u00f3moda y permite reutilizarlo como vaso de whisky o c\u00f3ctel tras una limpieza adecuada, lo que lo convierte en un producto sostenible y multiusos. Es ideal para velas arom\u00e1ticas, velas decorativas, sets de regalo, decoraci\u00f3n del hogar, hosteler\u00eda y colecciones de marcas con conciencia ecol\u00f3gica que priorizan la est\u00e9tica y la funcionalidad.<\/p>\n<h2>P\u0159izp\u016fsoben\u00e9 n\u00e1vrhy<\/h2>\n<p><strong>Textura de panal para un atractivo t\u00e1ctil:\u00a0<\/strong>La cuadr\u00edcula hexagonal 3D agrega inter\u00e9s visual al mismo tiempo que presenta una superficie antideslizante para el equilibrio del recipiente de la vela.<\/p>\n<p><strong>Dise\u00f1o multiprop\u00f3sito para mayor flexibilidad:\u00a0<\/strong>\u00daselo como recipiente para velas, aceites esenciales o almacenamiento decorativo: su adaptabilidad lo convierte en un art\u00edculo deseado por los fabricantes de velas que buscan arte funcional.<\/p>\n<h2>Especificaciones clave<\/h2>\n<table style=\"border-collapse: collapse; width: 80%; margin-left: auto; margin-right: auto;\" border=\"0\" width=\"144\" cellspacing=\"0\" cellpadding=\"0\">\n<tbody>\n<tr style=\"height: 13.50pt;\">\n<td style=\"height: 13.50pt; width: 54.00pt;\" width=\"72\" height=\"18\">Caracter\u00edstica<\/td>\n<td style=\"width: 54.00pt;\" width=\"72\">Detalles<\/td>\n<\/tr>\n<tr style=\"height: 13.50pt;\">\n<td style=\"height: 13.50pt;\" height=\"18\">Capacidad<\/td>\n<td>190 ml<\/td>\n<\/tr>\n<tr style=\"height: 13.50pt;\">\n<td style=\"height: 13.50pt;\" height=\"18\">Patr\u00f3n<\/td>\n<td>Rejilla de panal (textura 3D)<\/td>\n<\/tr>\n<tr style=\"height: 13.50pt;\">\n<td style=\"height: 13.50pt;\" height=\"18\">Dimensiones<\/td>\n<td>70*70*75 mil\u00edmetros<\/td>\n<\/tr>\n<tr style=\"height: 13.50pt;\">\n<td style=\"height: 13.50pt;\" height=\"18\">Material<\/td>\n<td>Vidrio s\u00f3dico-c\u00e1lcico sin plomo<\/td>\n<\/tr>\n<tr style=\"height: 13.50pt;\">\n<td style=\"height: 13.50pt;\" height=\"18\">Color<\/td>\n<td>Transparente y tu color personalizado<\/td>\n<\/tr>\n<\/tbody>\n<\/table>\n<h2>Consejos de personalizaci\u00f3n avanzada<\/h2>\n<ol>\n<li><strong>Sistemas apilables de nido de abeja:<\/strong>Dise\u00f1a tapas para frascos de velas con bordes entrelazados para que los frascos se puedan apilar verticalmente. Este truco para ahorrar espacio es ideal para quienes compran velas al por mayor y necesitan latas que se ajusten a su garaje sin sacrificar la est\u00e9tica.<\/li>\n<li><strong>Embalaje interactivo:<\/strong>A\u00f1ade un c\u00f3digo QR en la tapa del frasco para velas con un enlace a un tutorial sobre c\u00f3mo rellenar y reutilizar los frascos. Esto informa a los clientes y les da confianza en sus incre\u00edbles frascos para velas.<\/li>\n<\/ol>","protected":false},"excerpt":{"rendered":"<p>Recipiente de vidrio premium sin plomo de 190 ml con textura de corte de diamante para venta al por mayor. Para velas, c\u00f3cteles, decoraci\u00f3n y sets de regalo. Reutilizable, elegante y ecol\u00f3gico.<\/p>","protected":false},"featured_media":426,"template":"","meta":{"site-sidebar-layout":"default","site-content-layout":"","ast-site-content-layout":"default","site-content-style":"default","site-sidebar-style":"default","ast-global-header-display":"","ast-banner-title-visibility":"","ast-main-header-display":"","ast-hfb-above-header-display":"","ast-hfb-below-header-display":"","ast-hfb-mobile-header-display":"","site-post-title":"","ast-breadcrumbs-content":"","ast-featured-img":"","footer-sml-layout":"","theme-transparent-header-meta":"default","adv-header-id-meta":"","stick-header-meta":"","header-above-stick-meta":"","header-main-stick-meta":"","header-below-stick-meta":"","astra-migrate-meta-layouts":"set","ast-page-background-enabled":"default","ast-page-background-meta":{"desktop":{"background-color":"var(--ast-global-color-5)","background-image":"","background-repeat":"repeat","background-position":"center center","background-size":"auto","background-attachment":"scroll","background-type":"","background-media":"","overlay-type":"","overlay-color":"","overlay-opacity":"","overlay-gradient":""},"tablet":{"background-color":"","background-image":"","background-repeat":"repeat","background-position":"center center","background-size":"auto","background-attachment":"scroll","background-type":"","background-media":"","overlay-type":"","overlay-color":"","overlay-opacity":"","overlay-gradient":""},"mobile":{"background-color":"","background-image":"","background-repeat":"repeat","background-position":"center center","background-size":"auto","background-attachment":"scroll","background-type":"","background-media":"","overlay-type":"","overlay-color":"","overlay-opacity":"","overlay-gradient":""}},"ast-content-background-meta":{"desktop":{"background-color":"var(--ast-global-color-4)","background-image":"","background-repeat":"repeat","background-position":"center center","background-size":"auto","background-attachment":"scroll","background-type":"","background-media":"","overlay-type":"","overlay-color":"","overlay-opacity":"","overlay-gradient":""},"tablet":{"background-color":"var(--ast-global-color-4)","background-image":"","background-repeat":"repeat","background-position":"center center","background-size":"auto","background-attachment":"scroll","background-type":"","background-media":"","overlay-type":"","overlay-color":"","overlay-opacity":"","overlay-gradient":""},"mobile":{"background-color":"var(--ast-global-color-4)","background-image":"","background-repeat":"repeat","background-position":"center center","background-size":"auto","background-attachment":"scroll","background-type":"","background-media":"","overlay-type":"","overlay-color":"","overlay-opacity":"","overlay-gradient":""}}},"product_brand":[],"product_cat":[28,21],"product_tag":[43,45],"class_list":{"0":"post-424","1":"product","2":"type-product","3":"status-publish","4":"has-post-thumbnail","6":"product_cat-glass-candle-jars","7":"product_cat-product","8":"product_tag-candles-jars","9":"product_tag-unique-jar-candles","10":"desktop-align-left","11":"tablet-align-left","12":"mobile-align-left","14":"first","15":"instock","16":"shipping-taxable","17":"product-type-simple"},"jetpack_sharing_enabled":true,"_links":{"self":[{"href":"https:\/\/mostebglass.com\/es\/wp-json\/wp\/v2\/product\/424","targetHints":{"allow":["GET"]}}],"collection":[{"href":"https:\/\/mostebglass.com\/es\/wp-json\/wp\/v2\/product"}],"about":[{"href":"https:\/\/mostebglass.com\/es\/wp-json\/wp\/v2\/types\/product"}],"wp:featuredmedia":[{"embeddable":true,"href":"https:\/\/mostebglass.com\/es\/wp-json\/wp\/v2\/media\/426"}],"wp:attachment":[{"href":"https:\/\/mostebglass.com\/es\/wp-json\/wp\/v2\/media?parent=424"}],"wp:term":[{"taxonomy":"product_brand","embeddable":true,"href":"https:\/\/mostebglass.com\/es\/wp-json\/wp\/v2\/product_brand?post=424"},{"taxonomy":"product_cat","embeddable":true,"href":"https:\/\/mostebglass.com\/es\/wp-json\/wp\/v2\/product_cat?post=424"},{"taxonomy":"product_tag","embeddable":true,"href":"https:\/\/mostebglass.com\/es\/wp-json\/wp\/v2\/product_tag?post=424"}],"curies":[{"name":"wp","href":"https:\/\/api.w.org\/{rel}","templated":true}]}}