{"id":4521,"date":"2026-02-28T15:44:08","date_gmt":"2026-02-28T07:44:08","guid":{"rendered":"https:\/\/mostebglass.com\/?post_type=product&#038;p=4521"},"modified":"2026-02-28T15:51:22","modified_gmt":"2026-02-28T07:51:22","slug":"dual-use-colored-glass-candle-stand-holders-bulk","status":"publish","type":"product","link":"https:\/\/mostebglass.com\/es\/dual-use-colored-glass-candle-stand-holders-bulk\/","title":{"rendered":"Candelabros de vidrio coloreado de doble uso al por mayor"},"content":{"rendered":"<p>La serie consiste en un recipiente de vidrio para velas de doble uso (candelabro y tarro), con una base escultural acanalada y pesada, y una parte superior con estr\u00edas verticales. La gama de productos consta de diversas variaciones estructurales, como formas escalonadas, cil\u00edndricas y ligeramente acampanadas, todas con una forma geom\u00e9trica armoniosa. La superficie presenta texturas lineales en relieve que refraccionan la luz y proporcionan un brillo sutil cuando las velas est\u00e1n encendidas.<\/p>\n<figure id=\"attachment_4526\" aria-describedby=\"caption-attachment-4526\" style=\"width: 500px\" class=\"wp-caption aligncenter\"><img fetchpriority=\"high\" decoding=\"async\" class=\"wp-image-4526\" title=\"Candelabros de vidrio\" src=\"https:\/\/mostebglass.com\/wp-content\/uploads\/2026\/02\/glass-Candle-Stand-Holders.webp\" alt=\"Candelabros de vidrio\" width=\"500\" height=\"500\" srcset=\"https:\/\/mostebglass.com\/wp-content\/uploads\/2026\/02\/glass-Candle-Stand-Holders.webp 1024w, https:\/\/mostebglass.com\/wp-content\/uploads\/2026\/02\/glass-Candle-Stand-Holders-768x768.webp 768w, https:\/\/mostebglass.com\/wp-content\/uploads\/2026\/02\/glass-Candle-Stand-Holders-12x12.webp 12w, https:\/\/mostebglass.com\/wp-content\/uploads\/2026\/02\/glass-Candle-Stand-Holders-300x300.webp 300w, https:\/\/mostebglass.com\/wp-content\/uploads\/2026\/02\/glass-Candle-Stand-Holders-600x600.webp 600w, https:\/\/mostebglass.com\/wp-content\/uploads\/2026\/02\/glass-Candle-Stand-Holders-100x100.webp 100w\" sizes=\"(max-width: 500px) 100vw, 500px\" \/><figcaption id=\"caption-attachment-4526\" class=\"wp-caption-text\">candelabros de vidrio \u00e1mbar<\/figcaption><\/figure>\n<p>Las variaciones de color incluyen, entre otras, transparencia y brillo, calidez y atm\u00f3sfera, disponibles en vidrio transparente, rosa, \u00e1mbar, verde y gris. Su construcci\u00f3n de vidrio es gruesa, lo que le confiere estabilidad y durabilidad.<\/p>\n<h2>Especificaciones clave<\/h2>\n<table style=\"border-collapse: collapse; width: 80%; margin-left: auto; margin-right: auto;\" border=\"0\" width=\"80%\" cellspacing=\"0\" cellpadding=\"0\">\n<tbody>\n<tr style=\"height: 13.50pt;\">\n<td style=\"height: 13.50pt; width: 137.25pt;\" width=\"183\" height=\"18\">Caracter\u00edsticas<\/td>\n<td style=\"width: 270.00pt;\" width=\"360\">Disponible en ambos extremos<\/td>\n<\/tr>\n<tr style=\"height: 13.50pt;\">\n<td style=\"height: 13.50pt;\" height=\"18\">Forma<\/td>\n<td>Redondo<\/td>\n<\/tr>\n<tr style=\"height: 13.50pt;\">\n<td style=\"height: 13.50pt;\" height=\"18\">Material<\/td>\n<td>Vidrio sin plomo y sodio-calcio<\/td>\n<\/tr>\n<tr style=\"height: 13.50pt;\">\n<td style=\"height: 13.50pt;\" height=\"18\">Estilo<\/td>\n<td>moderno<\/td>\n<\/tr>\n<tr style=\"height: 13.50pt;\">\n<td style=\"height: 13.50pt;\" height=\"18\">Tama\u00f1o<\/td>\n<td>La imagen de arriba est\u00e1 etiquetada<\/td>\n<\/tr>\n<tr style=\"height: 13.50pt;\">\n<td style=\"height: 13.50pt;\" height=\"18\">Tratamiento de superficies<\/td>\n<td>Repujado<\/td>\n<\/tr>\n<tr style=\"height: 13.50pt;\">\n<td style=\"height: 13.50pt;\" height=\"18\">Bandera<\/td>\n<td>Transparente, \u00c1mbar, Verde, Rosa, Gris<\/td>\n<\/tr>\n<tr style=\"height: 13.50pt;\">\n<td style=\"height: 13.50pt;\" height=\"18\">Opciones de personalizaci\u00f3n<\/td>\n<td>Color, tama\u00f1o, logotipo, accesorios, embalaje<\/td>\n<\/tr>\n<\/tbody>\n<\/table>\n<h2>Aplicaciones<\/h2>\n<p>Este programa de televisi\u00f3n tiene dos prop\u00f3sitos. Por un lado, incluye velas de pilar o velas peque\u00f1as en recipientes, y por otro, velas c\u00f3nicas, que pueden usarse para satisfacer las necesidades de un estilo flexible en la decoraci\u00f3n del hogar, la hosteler\u00eda, las bodas y las presentaciones de temporada. La textura ornamental y la diversidad de colores hacen que los productos sean funcionales para marcas minoristas de velas, tiendas de estilo de vida, colecciones de regalos y proyectos de decoraci\u00f3n para eventos.<\/p>\n<h2>Sugerencias para compradores B2B: personalizaci\u00f3n<\/h2>\n<ul>\n<li>Grabado o relieve de logotipos o serigraf\u00eda.<\/li>\n<li>Cartones de marca, embalajes personalizados (caja de regalo, inserto, caja) y cajas de regalo, embalajes personalizados (caja de regalo, inserto, caja).<\/li>\n<li>La demanda cambia en el tama\u00f1o de ciertas velas de distintos tama\u00f1os.<\/li>\n<li>Colecciones retail Desarrollo de marcas propias.<\/li>\n<\/ul>\n<p>Esta serie favorece tanto la colocaci\u00f3n est\u00e9tica de los productos minoristas como las aplicaciones laborales de los candelabros, brindando una excelente distinci\u00f3n visual de marca a los propietarios de marcas y mayoristas.<\/p>","protected":false},"excerpt":{"rendered":"<p>Candelabros de vidrio de doble uso en transparente, rosa, \u00e1mbar, verde y gris. Ideales para velas de pilar y c\u00f3nicas. Ideales para tiendas, decoraci\u00f3n y proyectos de marca blanca.<\/p>","protected":false},"featured_media":4522,"template":"","meta":{"site-sidebar-layout":"default","site-content-layout":"","ast-site-content-layout":"default","site-content-style":"default","site-sidebar-style":"default","ast-global-header-display":"","ast-banner-title-visibility":"","ast-main-header-display":"","ast-hfb-above-header-display":"","ast-hfb-below-header-display":"","ast-hfb-mobile-header-display":"","site-post-title":"","ast-breadcrumbs-content":"","ast-featured-img":"","footer-sml-layout":"","theme-transparent-header-meta":"default","adv-header-id-meta":"","stick-header-meta":"","header-above-stick-meta":"","header-main-stick-meta":"","header-below-stick-meta":"","astra-migrate-meta-layouts":"set","ast-page-background-enabled":"default","ast-page-background-meta":{"desktop":{"background-color":"var(--ast-global-color-5)","background-image":"","background-repeat":"repeat","background-position":"center center","background-size":"auto","background-attachment":"scroll","background-type":"","background-media":"","overlay-type":"","overlay-color":"","overlay-opacity":"","overlay-gradient":""},"tablet":{"background-color":"","background-image":"","background-repeat":"repeat","background-position":"center center","background-size":"auto","background-attachment":"scroll","background-type":"","background-media":"","overlay-type":"","overlay-color":"","overlay-opacity":"","overlay-gradient":""},"mobile":{"background-color":"","background-image":"","background-repeat":"repeat","background-position":"center center","background-size":"auto","background-attachment":"scroll","background-type":"","background-media":"","overlay-type":"","overlay-color":"","overlay-opacity":"","overlay-gradient":""}},"ast-content-background-meta":{"desktop":{"background-color":"var(--ast-global-color-4)","background-image":"","background-repeat":"repeat","background-position":"center center","background-size":"auto","background-attachment":"scroll","background-type":"","background-media":"","overlay-type":"","overlay-color":"","overlay-opacity":"","overlay-gradient":""},"tablet":{"background-color":"var(--ast-global-color-4)","background-image":"","background-repeat":"repeat","background-position":"center center","background-size":"auto","background-attachment":"scroll","background-type":"","background-media":"","overlay-type":"","overlay-color":"","overlay-opacity":"","overlay-gradient":""},"mobile":{"background-color":"var(--ast-global-color-4)","background-image":"","background-repeat":"repeat","background-position":"center center","background-size":"auto","background-attachment":"scroll","background-type":"","background-media":"","overlay-type":"","overlay-color":"","overlay-opacity":"","overlay-gradient":""}}},"product_brand":[],"product_cat":[28,21],"product_tag":[],"class_list":{"0":"post-4521","1":"product","2":"type-product","3":"status-publish","4":"has-post-thumbnail","6":"product_cat-glass-candle-jars","7":"product_cat-product","8":"desktop-align-left","9":"tablet-align-left","10":"mobile-align-left","12":"first","13":"instock","14":"shipping-taxable","15":"product-type-simple"},"jetpack_sharing_enabled":true,"_links":{"self":[{"href":"https:\/\/mostebglass.com\/es\/wp-json\/wp\/v2\/product\/4521","targetHints":{"allow":["GET"]}}],"collection":[{"href":"https:\/\/mostebglass.com\/es\/wp-json\/wp\/v2\/product"}],"about":[{"href":"https:\/\/mostebglass.com\/es\/wp-json\/wp\/v2\/types\/product"}],"wp:featuredmedia":[{"embeddable":true,"href":"https:\/\/mostebglass.com\/es\/wp-json\/wp\/v2\/media\/4522"}],"wp:attachment":[{"href":"https:\/\/mostebglass.com\/es\/wp-json\/wp\/v2\/media?parent=4521"}],"wp:term":[{"taxonomy":"product_brand","embeddable":true,"href":"https:\/\/mostebglass.com\/es\/wp-json\/wp\/v2\/product_brand?post=4521"},{"taxonomy":"product_cat","embeddable":true,"href":"https:\/\/mostebglass.com\/es\/wp-json\/wp\/v2\/product_cat?post=4521"},{"taxonomy":"product_tag","embeddable":true,"href":"https:\/\/mostebglass.com\/es\/wp-json\/wp\/v2\/product_tag?post=4521"}],"curies":[{"name":"wp","href":"https:\/\/api.w.org\/{rel}","templated":true}]}}