{"id":463,"date":"2025-08-15T17:57:03","date_gmt":"2025-08-15T09:57:03","guid":{"rendered":"https:\/\/mostebglass.com\/?post_type=product&#038;p=463"},"modified":"2026-03-24T17:19:24","modified_gmt":"2026-03-24T09:19:24","slug":"wholesale-embossed-glass-candle-jars-custom-candle-vessel-supplier","status":"publish","type":"product","link":"https:\/\/mostebglass.com\/es\/wholesale-embossed-glass-candle-jars-custom-candle-vessel-supplier\/","title":{"rendered":"Tarros de cristal repujado para velas al por mayor | Proveedor de recipientes para velas personalizados"},"content":{"rendered":"<p>Decora tu habitaci\u00f3n con nuestros tarros de cristal repujado de alta calidad para velas. Esta colecci\u00f3n est\u00e1 disponible en dos tama\u00f1os vers\u00e1tiles: 145 ml y 225 ml, y presenta cuatro dise\u00f1os entrelazados diferentes: Girasol, Nube Oriental, Flores Delicadas y Encaje Cl\u00e1sico. Cada tarro cuenta con un borde festoneado distintivo que aporta un toque vintage a cualquier ambiente.<\/p>\n<h2>Caracter\u00edsticas<\/h2>\n<ol>\n<li><strong>Vidrio de alta transparencia<\/strong>Estos portavelas de vidrio repujado est\u00e1n fabricados con vidrio de la m\u00e1s alta calidad, libre de plomo y transparente, para reflejar la calidez de la llama de la vela.<\/li>\n<li><strong>Texturas complejas<\/strong>Los dise\u00f1os est\u00e1n muy grabados en relieve, lo que proporciona al producto un agarre antideslizante y un exquisito efecto de luces y sombras cuando se ilumina.<\/li>\n<li><strong>Detalles est\u00e9ticos<\/strong>El borde ondulado y festoneado decora un contorno distintivo en comparaci\u00f3n con los frascos normales de borde plano.<\/li>\n<\/ol>\n<h2>Especificaciones clave<\/h2>\n<table style=\"border-collapse: collapse; width: 80%; margin-left: auto; margin-right: auto;\" border=\"0\" width=\"144\" cellspacing=\"0\" cellpadding=\"0\">\n<tbody>\n<tr style=\"height: 13.50pt;\">\n<td style=\"height: 13.50pt; width: 30%;\" width=\"72\" height=\"18\">Caracter\u00edstica<\/td>\n<td style=\"width: 54.00pt;\" width=\"72\">Detalles<\/td>\n<\/tr>\n<tr style=\"height: 13.50pt;\">\n<td style=\"height: 13.50pt;\" height=\"18\">145 ml<\/td>\n<td>Di\u00e1metro del borde: 65 mm, di\u00e1metro de la base: 60 mm, altura: 75 mm.<\/td>\n<\/tr>\n<tr style=\"height: 13.50pt;\">\n<td style=\"height: 13.50pt;\" height=\"18\">225 ml<\/td>\n<td>Di\u00e1metro del borde: 75 mm, di\u00e1metro de la base: 72 mm, altura: 90 mm.<\/td>\n<\/tr>\n<tr style=\"height: 13.50pt;\">\n<td style=\"height: 13.50pt;\" height=\"18\">Patrones<\/td>\n<td>Borde de girasol, borde de rayo de sol<\/td>\n<\/tr>\n<tr style=\"height: 13.50pt;\">\n<td style=\"height: 13.50pt;\" height=\"18\">Acabado de la superficie<\/td>\n<td>Alivio<\/td>\n<\/tr>\n<tr style=\"height: 13.50pt;\">\n<td style=\"height: 13.50pt;\" height=\"18\">Material<\/td>\n<td>vidrio de cal sodada<\/td>\n<\/tr>\n<tr style=\"height: 13.50pt;\">\n<td style=\"height: 13.50pt;\" height=\"18\">Opciones de personalizaci\u00f3n<\/td>\n<td>Color, tapa, tama\u00f1o, caja de embalaje, logotipo, etc.<\/td>\n<\/tr>\n<\/tbody>\n<\/table>\n<h2>Aplicaciones y versatilidad<\/h2>\n<ul>\n<li><strong>Fabricaci\u00f3n profesional de velas<\/strong>Ideal para proyectos de bricolaje en casa con velas de cera de soja, cera de abeja o parafina.<\/li>\n<li><strong>Decoraci\u00f3n del hogar<\/strong>: Bellamente dise\u00f1ado para usarse como pieza decorativa por s\u00ed solo en repisas de chimenea, mesas de centro y mesitas de noche.<\/li>\n<li><strong>Almacenamiento multiusos<\/strong>Una vez consumida la vela, estos tarros de cristal repujado pueden utilizarse como elegantes portal\u00e1pices para brochas de maquillaje, joyas o art\u00edculos de papeler\u00eda en la oficina.<\/li>\n<li><strong>Regalos y eventos<\/strong>: Los mejores art\u00edculos favoritos para bodas, spas o centros de mesa navide\u00f1os.<\/li>\n<\/ul>\n<figure id=\"attachment_4899\" aria-describedby=\"caption-attachment-4899\" style=\"width: 500px\" class=\"wp-caption aligncenter\"><img fetchpriority=\"high\" decoding=\"async\" class=\"wp-image-4899\" src=\"https:\/\/mostebglass.com\/wp-content\/uploads\/2025\/08\/glass-Vintage-Scalloped-Votives.webp\" alt=\"Portavelas de vidrio vintage con borde festoneado\" width=\"500\" height=\"500\" srcset=\"https:\/\/mostebglass.com\/wp-content\/uploads\/2025\/08\/glass-Vintage-Scalloped-Votives.webp 1024w, https:\/\/mostebglass.com\/wp-content\/uploads\/2025\/08\/glass-Vintage-Scalloped-Votives-768x768.webp 768w, https:\/\/mostebglass.com\/wp-content\/uploads\/2025\/08\/glass-Vintage-Scalloped-Votives-12x12.webp 12w, https:\/\/mostebglass.com\/wp-content\/uploads\/2025\/08\/glass-Vintage-Scalloped-Votives-300x300.webp 300w, https:\/\/mostebglass.com\/wp-content\/uploads\/2025\/08\/glass-Vintage-Scalloped-Votives-600x600.webp 600w, https:\/\/mostebglass.com\/wp-content\/uploads\/2025\/08\/glass-Vintage-Scalloped-Votives-100x100.webp 100w\" sizes=\"(max-width: 500px) 100vw, 500px\" \/><figcaption id=\"caption-attachment-4899\" class=\"wp-caption-text\">Portavelas vintage festoneados personalizables<\/figcaption><\/figure>\n<h2>Consejos sobre personalizaci\u00f3n para empresas<\/h2>\n<p>En el caso de clientes B2B, la personalizaci\u00f3n transformar\u00eda un env\u00edo gen\u00e9rico en un producto de marca. Estos son los dos planes de personalizaci\u00f3n profesional para su serie de velas en frasco de vidrio (145 ml y 225 ml) que ayudar\u00e1n a sus clientes a agregar m\u00e1s valor a su mercado.<\/p>\n<h3>Soluciones personalizadas de tapas y marca de Functional Elegance (Functional Elegance):<\/h3>\n<p>Debido a que estos portavelas antiguos con borde festoneado tienen un distintivo borde festoneado, la tapa debe dise\u00f1arse espec\u00edficamente para que encaje perfectamente y le d\u00e9 ese aspecto vintage.<\/p>\n<ol>\n<li><strong>Variedad de materiales<\/strong>Madera ecol\u00f3gica: Vende tapas de bamb\u00fa, acacia o haya con juntas de silicona. Son muy populares en el mercado de la cosm\u00e9tica natural y las velas org\u00e1nicas.<\/li>\n<li><strong>Acabados met\u00e1licos<\/strong>Las tapas met\u00e1licas est\u00e1n disponibles en oro galvanizado, oro rosa o negro mate para dar la apariencia de una boutique de lujo de alta gama.<\/li>\n<li><strong>Marca: Grabado l\u00e1ser<\/strong>: Marcado de logotipo permanente y de alta precisi\u00f3n en tapas de madera.<\/li>\n<li><strong>Logotipos en relieve\/bajo relieve<\/strong>Estas tapas met\u00e1licas est\u00e1n moldeadas a medida y llevan el logotipo de la marca del cliente grabado en el propio metal.<\/li>\n<li><strong>Valor B2B<\/strong>Las tapas permitir\u00e1n conservar la fragancia y convertir\u00e1n el recipiente en una unidad de almacenamiento reutilizable una vez que la vela se haya consumido.<\/li>\n<\/ol>\n<h3>Procesos sofisticados de eliminaci\u00f3n de recubrimientos:<\/h3>\n<ol>\n<li><strong>Pulverizaci\u00f3n interna\/externa<\/strong>: Proporcionar un pulverizado con degradado transl\u00facido (por ejemplo, \u00e1mbar o gris humo) que permita que la llama de la vela brille a trav\u00e9s de las texturas en relieve con mayor profundidad.<\/li>\n<li><strong>Recubrimiento iridiscente\/i\u00f3nico<\/strong>: Un acabado que refleja la textura 3D del vidrio con un toque nacarado o un efecto arco\u00edris, ideal para bodas y regalos.<\/li>\n<\/ol>\n<h3>Juegos de embalaje a medida:<\/h3>\n<ol>\n<li><strong>Cajas r\u00edgidas listas para la venta al por menor<\/strong>Cajas de regalo de cart\u00f3n prensado, fabricadas a medida en varios tama\u00f1os, con inserciones troqueladas de espuma EVA o EPE para garantizar que no se produzcan roturas durante la manipulaci\u00f3n a granel y el env\u00edo internacional.<\/li>\n<li><strong>Etiquetado privado<\/strong>: Etiquetas estampadas con l\u00e1mina met\u00e1lica o impresas mediante serigraf\u00eda en la parte plana rectangular del frasco de vidrio en grandes cantidades para crear una soluci\u00f3n con una etiqueta de personalizaci\u00f3n (OEM).<\/li>\n<li><strong>Valor B2B<\/strong>Una de las soluciones ser\u00eda establecer una soluci\u00f3n integral que incluya el envasado de sus productos y paquetes, lo que simplificar\u00eda la cadena de suministro del cliente y acelerar\u00eda su llegada al mercado.<\/li>\n<\/ol>","protected":false},"excerpt":{"rendered":"<p>Frascos de vidrio repujado para velas al por mayor. Dise\u00f1os vintage con bordes festoneados. Suministro de primera calidad para fabricantes de velas, marcas blancas y mayoristas de decoraci\u00f3n para eventos.<\/p>","protected":false},"featured_media":4897,"template":"","meta":{"site-sidebar-layout":"default","site-content-layout":"","ast-site-content-layout":"default","site-content-style":"default","site-sidebar-style":"default","ast-global-header-display":"","ast-banner-title-visibility":"","ast-main-header-display":"","ast-hfb-above-header-display":"","ast-hfb-below-header-display":"","ast-hfb-mobile-header-display":"","site-post-title":"","ast-breadcrumbs-content":"","ast-featured-img":"","footer-sml-layout":"","theme-transparent-header-meta":"default","adv-header-id-meta":"","stick-header-meta":"","header-above-stick-meta":"","header-main-stick-meta":"","header-below-stick-meta":"","astra-migrate-meta-layouts":"set","ast-page-background-enabled":"default","ast-page-background-meta":{"desktop":{"background-color":"var(--ast-global-color-5)","background-image":"","background-repeat":"repeat","background-position":"center center","background-size":"auto","background-attachment":"scroll","background-type":"","background-media":"","overlay-type":"","overlay-color":"","overlay-opacity":"","overlay-gradient":""},"tablet":{"background-color":"","background-image":"","background-repeat":"repeat","background-position":"center center","background-size":"auto","background-attachment":"scroll","background-type":"","background-media":"","overlay-type":"","overlay-color":"","overlay-opacity":"","overlay-gradient":""},"mobile":{"background-color":"","background-image":"","background-repeat":"repeat","background-position":"center center","background-size":"auto","background-attachment":"scroll","background-type":"","background-media":"","overlay-type":"","overlay-color":"","overlay-opacity":"","overlay-gradient":""}},"ast-content-background-meta":{"desktop":{"background-color":"var(--ast-global-color-4)","background-image":"","background-repeat":"repeat","background-position":"center center","background-size":"auto","background-attachment":"scroll","background-type":"","background-media":"","overlay-type":"","overlay-color":"","overlay-opacity":"","overlay-gradient":""},"tablet":{"background-color":"var(--ast-global-color-4)","background-image":"","background-repeat":"repeat","background-position":"center center","background-size":"auto","background-attachment":"scroll","background-type":"","background-media":"","overlay-type":"","overlay-color":"","overlay-opacity":"","overlay-gradient":""},"mobile":{"background-color":"var(--ast-global-color-4)","background-image":"","background-repeat":"repeat","background-position":"center center","background-size":"auto","background-attachment":"scroll","background-type":"","background-media":"","overlay-type":"","overlay-color":"","overlay-opacity":"","overlay-gradient":""}}},"product_brand":[],"product_cat":[28,21],"product_tag":[51,50],"class_list":{"0":"post-463","1":"product","2":"type-product","3":"status-publish","4":"has-post-thumbnail","6":"product_cat-glass-candle-jars","7":"product_cat-product","8":"product_tag-custom-candle-jars","9":"product_tag-frosted-candle-jars","10":"desktop-align-left","11":"tablet-align-left","12":"mobile-align-left","14":"first","15":"instock","16":"shipping-taxable","17":"product-type-simple"},"jetpack_sharing_enabled":true,"_links":{"self":[{"href":"https:\/\/mostebglass.com\/es\/wp-json\/wp\/v2\/product\/463","targetHints":{"allow":["GET"]}}],"collection":[{"href":"https:\/\/mostebglass.com\/es\/wp-json\/wp\/v2\/product"}],"about":[{"href":"https:\/\/mostebglass.com\/es\/wp-json\/wp\/v2\/types\/product"}],"wp:featuredmedia":[{"embeddable":true,"href":"https:\/\/mostebglass.com\/es\/wp-json\/wp\/v2\/media\/4897"}],"wp:attachment":[{"href":"https:\/\/mostebglass.com\/es\/wp-json\/wp\/v2\/media?parent=463"}],"wp:term":[{"taxonomy":"product_brand","embeddable":true,"href":"https:\/\/mostebglass.com\/es\/wp-json\/wp\/v2\/product_brand?post=463"},{"taxonomy":"product_cat","embeddable":true,"href":"https:\/\/mostebglass.com\/es\/wp-json\/wp\/v2\/product_cat?post=463"},{"taxonomy":"product_tag","embeddable":true,"href":"https:\/\/mostebglass.com\/es\/wp-json\/wp\/v2\/product_tag?post=463"}],"curies":[{"name":"wp","href":"https:\/\/api.w.org\/{rel}","templated":true}]}}