{"id":468,"date":"2025-08-15T17:54:59","date_gmt":"2025-08-15T09:54:59","guid":{"rendered":"https:\/\/mostebglass.com\/?post_type=product&#038;p=468"},"modified":"2026-03-02T16:21:47","modified_gmt":"2026-03-02T08:21:47","slug":"clear-reusable-candle-jars-for-home-decoration-bulk","status":"publish","type":"product","link":"https:\/\/mostebglass.com\/es\/clear-reusable-candle-jars-for-home-decoration-bulk\/","title":{"rendered":"Tarros de vela reutilizables transparentes de 250 ml para decoraci\u00f3n del hogar a granel"},"content":{"rendered":"<p>El dise\u00f1o de esta serie de tarros reutilizables para velas es cil\u00edndrico, corto y ancho, con una base engrosada para mayor estabilidad. La gama se compone de dos patrones \u00fanicos en relieve con nervaduras verticales que le dan al producto un aspecto sofisticado y estructurado, y burbujas circulares en relieve que le dan un toque decorativo vintage.<\/p>\n<h2>P\u0159izp\u016fsoben\u00e9 n\u00e1vrhy<\/h2>\n<ul>\n<li><strong>Texturas dobles para profundidad visual: <\/strong>Los trazos verticales 3D y los estilos de puntos crean un campo de velas contempor\u00e1neo que refracta la luz, haciendo que su vela de lujo parezca una obra de arte.<\/li>\n<li><strong>Base plana estable:<\/strong> Garantiza una colocaci\u00f3n segura en mesas, estantes o encimeras.<\/li>\n<\/ul>\n<h2>Especificaciones clave<\/h2>\n<table style=\"border-collapse: collapse; width: 80%; margin-left: auto; margin-right: auto;\" border=\"0\" width=\"144\" cellspacing=\"0\" cellpadding=\"0\">\n<tbody>\n<tr style=\"height: 13.50pt;\">\n<td style=\"height: 13.50pt; width: 54.00pt;\" width=\"72\" height=\"18\">Caracter\u00edstica<\/td>\n<td style=\"width: 54.00pt;\" width=\"72\">Detalles<\/td>\n<\/tr>\n<tr style=\"height: 13.50pt;\">\n<td style=\"height: 13.50pt;\" height=\"18\">Capacidad<\/td>\n<td>250 ml<\/td>\n<\/tr>\n<tr style=\"height: 13.50pt;\">\n<td style=\"height: 13.50pt;\" height=\"18\">Peso<\/td>\n<td>340 gramos<\/td>\n<\/tr>\n<tr style=\"height: 13.50pt;\">\n<td style=\"height: 13.50pt;\" height=\"18\">Patrones<\/td>\n<td>Marco vertical, marco punteado<\/td>\n<\/tr>\n<tr style=\"height: 13.50pt;\">\n<td style=\"height: 13.50pt;\" height=\"18\">Dimensiones<\/td>\n<td>80*80*88 mm<\/td>\n<\/tr>\n<\/tbody>\n<\/table>\n<h2>Aplicaciones<\/h2>\n<ul>\n<li><strong>Candelabro:<\/strong> Perfecto para velas arom\u00e1ticas, velas de soja o elegantes velas de t\u00e9.<\/li>\n<li><strong>Acento de decoraci\u00f3n del hogar:<\/strong> Se puede colocar sobre la mesa como decoraci\u00f3n en forma de piedras, flores secas o luces de colores.<\/li>\n<li><strong>Contenedor de almacenamiento:<\/strong> Se puede utilizar para almacenar objetos peque\u00f1os como joyas, discos de algod\u00f3n o material de oficina.<\/li>\n<li><strong>Maceta:<\/strong> Es una excelente mini jardinera que se puede utilizar con suculentas o peque\u00f1as plantas de interior.<\/li>\n<li><strong>Copa de postre:<\/strong> Se puede utilizar para servir postres en capas, pudines o cualquier parfait en cafeter\u00edas o fiestas.<\/li>\n<li><strong>Organizador de ba\u00f1o:<\/strong> Es ideal para guardar pinceles de maquillaje, hisopos de algod\u00f3n o sales de ba\u00f1o.<\/li>\n<\/ul>\n<h2>Principales sugerencias de personalizaci\u00f3n<\/h2>\n<ol>\n<li><strong>Recubrimiento en aerosol de color:<\/strong> Agregue acabados de colores s\u00f3lidos, degradados o transparentes seg\u00fan las apariencias de la temporada o de la marca.<\/li>\n<li><strong>Decoraci\u00f3n de borde electrochapado:<\/strong> Se puede agregar un ba\u00f1o de oro, plata o metal mate en el borde para crear una apariencia elegante.<\/li>\n<li><strong>Soluciones de tapas competitivas:<\/strong> Soluciones de tapas: Suministro de tapas de madera, bamb\u00fa, metal o vidrio con anillos de sellado de silicona.<\/li>\n<\/ol>","protected":false},"excerpt":{"rendered":"<p>Tarros de vidrio reutilizables para velas de 250 ml con textura acanalada o de burbujas. Dise\u00f1o transparente y atractivo, ideal para aromatizar y decorar. Muestra gratis y env\u00edo r\u00e1pido.<\/p>","protected":false},"featured_media":4545,"template":"","meta":{"site-sidebar-layout":"default","site-content-layout":"","ast-site-content-layout":"default","site-content-style":"default","site-sidebar-style":"default","ast-global-header-display":"","ast-banner-title-visibility":"","ast-main-header-display":"","ast-hfb-above-header-display":"","ast-hfb-below-header-display":"","ast-hfb-mobile-header-display":"","site-post-title":"","ast-breadcrumbs-content":"","ast-featured-img":"","footer-sml-layout":"","theme-transparent-header-meta":"default","adv-header-id-meta":"","stick-header-meta":"","header-above-stick-meta":"","header-main-stick-meta":"","header-below-stick-meta":"","astra-migrate-meta-layouts":"set","ast-page-background-enabled":"default","ast-page-background-meta":{"desktop":{"background-color":"var(--ast-global-color-5)","background-image":"","background-repeat":"repeat","background-position":"center center","background-size":"auto","background-attachment":"scroll","background-type":"","background-media":"","overlay-type":"","overlay-color":"","overlay-opacity":"","overlay-gradient":""},"tablet":{"background-color":"","background-image":"","background-repeat":"repeat","background-position":"center center","background-size":"auto","background-attachment":"scroll","background-type":"","background-media":"","overlay-type":"","overlay-color":"","overlay-opacity":"","overlay-gradient":""},"mobile":{"background-color":"","background-image":"","background-repeat":"repeat","background-position":"center center","background-size":"auto","background-attachment":"scroll","background-type":"","background-media":"","overlay-type":"","overlay-color":"","overlay-opacity":"","overlay-gradient":""}},"ast-content-background-meta":{"desktop":{"background-color":"var(--ast-global-color-4)","background-image":"","background-repeat":"repeat","background-position":"center center","background-size":"auto","background-attachment":"scroll","background-type":"","background-media":"","overlay-type":"","overlay-color":"","overlay-opacity":"","overlay-gradient":""},"tablet":{"background-color":"var(--ast-global-color-4)","background-image":"","background-repeat":"repeat","background-position":"center center","background-size":"auto","background-attachment":"scroll","background-type":"","background-media":"","overlay-type":"","overlay-color":"","overlay-opacity":"","overlay-gradient":""},"mobile":{"background-color":"var(--ast-global-color-4)","background-image":"","background-repeat":"repeat","background-position":"center center","background-size":"auto","background-attachment":"scroll","background-type":"","background-media":"","overlay-type":"","overlay-color":"","overlay-opacity":"","overlay-gradient":""}}},"product_brand":[],"product_cat":[28,21],"product_tag":[53,52],"class_list":{"0":"post-468","1":"product","2":"type-product","3":"status-publish","4":"has-post-thumbnail","6":"product_cat-glass-candle-jars","7":"product_cat-product","8":"product_tag-cute-candle-jars","9":"product_tag-reusable-candle-jar","10":"desktop-align-left","11":"tablet-align-left","12":"mobile-align-left","14":"first","15":"instock","16":"shipping-taxable","17":"product-type-simple"},"jetpack_sharing_enabled":true,"_links":{"self":[{"href":"https:\/\/mostebglass.com\/es\/wp-json\/wp\/v2\/product\/468","targetHints":{"allow":["GET"]}}],"collection":[{"href":"https:\/\/mostebglass.com\/es\/wp-json\/wp\/v2\/product"}],"about":[{"href":"https:\/\/mostebglass.com\/es\/wp-json\/wp\/v2\/types\/product"}],"wp:featuredmedia":[{"embeddable":true,"href":"https:\/\/mostebglass.com\/es\/wp-json\/wp\/v2\/media\/4545"}],"wp:attachment":[{"href":"https:\/\/mostebglass.com\/es\/wp-json\/wp\/v2\/media?parent=468"}],"wp:term":[{"taxonomy":"product_brand","embeddable":true,"href":"https:\/\/mostebglass.com\/es\/wp-json\/wp\/v2\/product_brand?post=468"},{"taxonomy":"product_cat","embeddable":true,"href":"https:\/\/mostebglass.com\/es\/wp-json\/wp\/v2\/product_cat?post=468"},{"taxonomy":"product_tag","embeddable":true,"href":"https:\/\/mostebglass.com\/es\/wp-json\/wp\/v2\/product_tag?post=468"}],"curies":[{"name":"wp","href":"https:\/\/api.w.org\/{rel}","templated":true}]}}