{"id":516,"date":"2025-08-18T18:02:10","date_gmt":"2025-08-18T10:02:10","guid":{"rendered":"https:\/\/mostebglass.com\/?post_type=product&#038;p=516"},"modified":"2026-03-18T13:56:58","modified_gmt":"2026-03-18T05:56:58","slug":"reed-diffuser-bottles-polygon-bottom-style-wholesale","status":"publish","type":"product","link":"https:\/\/mostebglass.com\/es\/reed-diffuser-bottles-polygon-bottom-style-wholesale\/","title":{"rendered":"Botellas difusoras de varillas de 120 ml con fondo poligonal, venta al por mayor"},"content":{"rendered":"<h2>Introducci\u00f3n del producto<\/h2>\n<p>Necesita un difusor de vidrio que no solo contenga aceites esenciales, sino que tambi\u00e9n represente su marca. Este difusor de varillas presenta un dise\u00f1o elegante que refleja la luz, creando una experiencia elegante y din\u00e1mica. Es la soluci\u00f3n perfecta para almacenar aceites esenciales en su difusor de varillas.<\/p>\n<h2>P\u0159izp\u016fsoben\u00e9 n\u00e1vrhy<\/h2>\n<ul>\n<li>Vidrio de alta calidad: utilizamos vidrio de alta calidad para lograr durabilidad y claridad cristalina: sus aceites esenciales y fragancias permanecen puros y lucen geniales en cualquier estante.<\/li>\n<li>Personalizado para Reed Depute: la boca estrecha mantiene la ca\u00f1a recta, lo que reduce la evaporaci\u00f3n y garantiza que su fragancia perdure.<\/li>\n<li>Forma geom\u00e9trica: La forma poligonal de la botella es \u00fanica, elegante y art\u00edstica, perfecta para cualquier espacio.<\/li>\n<\/ul>\n<h2>Caso de \u00e9xito<\/h2>\n<p>Nuestras botellas difusoras de vidrio transparente de 120 ml han sido elegidas por una empresa internacional de decoraci\u00f3n del hogar con sede en los Pa\u00edses Bajos. En cuanto a las personalizaciones, el cliente no deseaba utilizar tapones est\u00e1ndar y, en su lugar, opt\u00f3 por un tap\u00f3n de silicona hecho a medida, discretamente oculto en el cuello de la botella. Esto no solo ayuda a mantener las varillas firmemente en su lugar, sino que tambi\u00e9n conserva el aspecto minimalista y elegante de la botella. Incluso las varillas se redise\u00f1aron con un formato h\u00edbrido \u2014varillas rectas con adornos florales en la parte superior\u2014 para a\u00f1adir riqueza visual y textura al producto.<\/p>\n<p>Tras su lanzamiento, la serie experiment\u00f3 un crecimiento del 29 % en sus ventas minoristas durante el primer trimestre. Gracias a la excelente acogida en el mercado, el cliente realiz\u00f3 cuatro pedidos adicionales consecutivos en los siete meses siguientes.<\/p>\n<h2>\u00bfQuieres personalizar esta botella difusora de ca\u00f1a?<\/h2>\n<p>Tienes opciones, opciones reales. \u00bfQuieres un acabado anodizado negro mate con un logotipo dorado estampado en caliente? No hay problema. \u00bfQuieres un sed\u00e1n de helado suave con matr\u00edculas personalizadas y etiquetas de colores? F\u00e1cil. \u00bfVidrio de color personalizado? \u00a1No hay problema! Es una forma de personalizar tu colecci\u00f3n de botellas con difusor de varillas. Incluso el tap\u00f3n se puede personalizar con el color que prefieras: madera, metal o pl\u00e1stico.<\/p>\n<p>Es m\u00e1s que un simple frasco o recipiente com\u00fan; es la botella de vidrio distintiva de tu marca. \u00bfListo para probarla o hacer un pedido al por mayor? Haz que el lanzamiento de tu pr\u00f3ximo producto sea inolvidable.<\/p>","protected":false},"excerpt":{"rendered":"<p>Botellas difusoras de ca\u00f1a para aromaterapia de alta calidad al por mayor, as\u00ed como marcas de decoraci\u00f3n para el hogar. Botellas de vidrio personalizables disponibles para pedidos al por mayor. Muestras gratuitas disponibles.<\/p>","protected":false},"featured_media":4803,"template":"","meta":{"site-sidebar-layout":"default","site-content-layout":"","ast-site-content-layout":"default","site-content-style":"default","site-sidebar-style":"default","ast-global-header-display":"","ast-banner-title-visibility":"","ast-main-header-display":"","ast-hfb-above-header-display":"","ast-hfb-below-header-display":"","ast-hfb-mobile-header-display":"","site-post-title":"","ast-breadcrumbs-content":"","ast-featured-img":"","footer-sml-layout":"","theme-transparent-header-meta":"default","adv-header-id-meta":"","stick-header-meta":"","header-above-stick-meta":"","header-main-stick-meta":"","header-below-stick-meta":"","astra-migrate-meta-layouts":"set","ast-page-background-enabled":"default","ast-page-background-meta":{"desktop":{"background-color":"var(--ast-global-color-5)","background-image":"","background-repeat":"repeat","background-position":"center center","background-size":"auto","background-attachment":"scroll","background-type":"","background-media":"","overlay-type":"","overlay-color":"","overlay-opacity":"","overlay-gradient":""},"tablet":{"background-color":"","background-image":"","background-repeat":"repeat","background-position":"center center","background-size":"auto","background-attachment":"scroll","background-type":"","background-media":"","overlay-type":"","overlay-color":"","overlay-opacity":"","overlay-gradient":""},"mobile":{"background-color":"","background-image":"","background-repeat":"repeat","background-position":"center center","background-size":"auto","background-attachment":"scroll","background-type":"","background-media":"","overlay-type":"","overlay-color":"","overlay-opacity":"","overlay-gradient":""}},"ast-content-background-meta":{"desktop":{"background-color":"var(--ast-global-color-4)","background-image":"","background-repeat":"repeat","background-position":"center center","background-size":"auto","background-attachment":"scroll","background-type":"","background-media":"","overlay-type":"","overlay-color":"","overlay-opacity":"","overlay-gradient":""},"tablet":{"background-color":"var(--ast-global-color-4)","background-image":"","background-repeat":"repeat","background-position":"center center","background-size":"auto","background-attachment":"scroll","background-type":"","background-media":"","overlay-type":"","overlay-color":"","overlay-opacity":"","overlay-gradient":""},"mobile":{"background-color":"var(--ast-global-color-4)","background-image":"","background-repeat":"repeat","background-position":"center center","background-size":"auto","background-attachment":"scroll","background-type":"","background-media":"","overlay-type":"","overlay-color":"","overlay-opacity":"","overlay-gradient":""}}},"product_brand":[],"product_cat":[54],"product_tag":[],"class_list":{"0":"post-516","1":"product","2":"type-product","3":"status-publish","4":"has-post-thumbnail","6":"product_cat-reed-diffuser-bottles","7":"desktop-align-left","8":"tablet-align-left","9":"mobile-align-left","11":"first","12":"instock","13":"shipping-taxable","14":"product-type-simple"},"jetpack_sharing_enabled":true,"_links":{"self":[{"href":"https:\/\/mostebglass.com\/es\/wp-json\/wp\/v2\/product\/516","targetHints":{"allow":["GET"]}}],"collection":[{"href":"https:\/\/mostebglass.com\/es\/wp-json\/wp\/v2\/product"}],"about":[{"href":"https:\/\/mostebglass.com\/es\/wp-json\/wp\/v2\/types\/product"}],"wp:featuredmedia":[{"embeddable":true,"href":"https:\/\/mostebglass.com\/es\/wp-json\/wp\/v2\/media\/4803"}],"wp:attachment":[{"href":"https:\/\/mostebglass.com\/es\/wp-json\/wp\/v2\/media?parent=516"}],"wp:term":[{"taxonomy":"product_brand","embeddable":true,"href":"https:\/\/mostebglass.com\/es\/wp-json\/wp\/v2\/product_brand?post=516"},{"taxonomy":"product_cat","embeddable":true,"href":"https:\/\/mostebglass.com\/es\/wp-json\/wp\/v2\/product_cat?post=516"},{"taxonomy":"product_tag","embeddable":true,"href":"https:\/\/mostebglass.com\/es\/wp-json\/wp\/v2\/product_tag?post=516"}],"curies":[{"name":"wp","href":"https:\/\/api.w.org\/{rel}","templated":true}]}}