{"id":531,"date":"2025-08-18T18:02:22","date_gmt":"2025-08-18T10:02:22","guid":{"rendered":"https:\/\/mostebglass.com\/?post_type=product&#038;p=531"},"modified":"2026-03-16T15:30:23","modified_gmt":"2026-03-16T07:30:23","slug":"reed-diffuser-bottles-with-patterned-glass-bulk","status":"publish","type":"product","link":"https:\/\/mostebglass.com\/es\/reed-diffuser-bottles-with-patterned-glass-bulk\/","title":{"rendered":"Botellas difusoras de varillas transparentes de 120 ml con vidrio estampado (venta al por mayor)"},"content":{"rendered":"<p>No solo est\u00e1s comprando un difusor de botella, est\u00e1s creando una marca. Cada detalle importa, desde la disminuci\u00f3n del vidrio hasta la forma en que la fragancia se expande a trav\u00e9s del difusor. Por eso, este difusor de varillas tiene una forma redonda y suave, un cuerpo ligeramente acampanado y un cuello fino. La botella transparente tiene un sofisticado patr\u00f3n de superficie, que a la vez que pr\u00e1ctico produce efectos impactantes. Destaca entre la multitud de difusores est\u00e1ndar.<\/p>\n<h2>P\u0159izp\u016fsoben\u00e9 n\u00e1vrhy<\/h2>\n<ul>\n<li><strong>Material transparente:<\/strong> Hecho de vidrio transparente, el l\u00edquido difusor es claramente visible, creando una experiencia visual limpia y clara.<\/li>\n<li><strong>Acabado texturizado elegante:<\/strong> El patr\u00f3n decorativo en el vidrio agrega profundidad y lujo: su difusor de aceites esenciales de varillas alcanza el nivel m\u00e1s alto sin parecer demasiado dram\u00e1tico.<\/li>\n<li><strong>Dise\u00f1o estable y pr\u00e1ctico:<\/strong> La base ancha evita que se vuelque. El cuello estrecho sujeta la varilla difusora y reduce la evaporaci\u00f3n, mejorando la difusi\u00f3n del aroma y minimizando los derrames.<\/li>\n<\/ul>\n<h2>C\u00f3mo una marca reinvent\u00f3 su l\u00ednea de productos<\/h2>\n<p>Nuestros difusores de vidrio repujado de 120 ml han sido seleccionados por una marca italiana de fragancias para el hogar. Indicaron que se utilizar\u00eda vidrio de alta transparencia con un profundo relieve floral. El dise\u00f1o incluye el logotipo de la marca estampado en l\u00e1mina dorada en el hombro del frasco, varillas difusoras de rat\u00e1n natural y un collar de aluminio dorado mate.<br \/>\nCon la introducci\u00f3n de esta nueva serie de difusores, las ventas estacionales registraron un impresionante crecimiento del 32 % en el ciclo de ventas de los primeros cuatro meses. Tan solo durante el primer a\u00f1o del lanzamiento del producto, el cliente realiz\u00f3 cuatro pedidos consecutivos de gran volumen.<\/p>\n<h2>\u00bfBuscas personalizaci\u00f3n? Aqu\u00ed es donde puedes destacar.<\/h2>\n<p>Esta botella es personalizable. La superficie texturizada puede realzar ciertos acabados. Prueba estos:<\/p>\n<p>Las opciones personalizables incluyen estampado en caliente (ideal para logotipos elegantes), etiquetas (ideales para ediciones limitadas) y tapones avanzados (de madera, bamb\u00fa o metal). El dise\u00f1o garantiza una liberaci\u00f3n lenta y estable de la fragancia para una experiencia arom\u00e1tica m\u00e1s intensa. Perfecto para nuevos productos o para actualizar el empaque de un difusor de botella.<\/p>","protected":false},"excerpt":{"rendered":"<p>Botellas difusoras de varillas personalizadas al por mayor: dise\u00f1os de alta calidad y durabilidad, dise\u00f1adas para productos arom\u00e1ticos y decoraci\u00f3n del hogar. Muestras gratis.<\/p>","protected":false},"featured_media":4784,"template":"","meta":{"site-sidebar-layout":"default","site-content-layout":"","ast-site-content-layout":"default","site-content-style":"default","site-sidebar-style":"default","ast-global-header-display":"","ast-banner-title-visibility":"","ast-main-header-display":"","ast-hfb-above-header-display":"","ast-hfb-below-header-display":"","ast-hfb-mobile-header-display":"","site-post-title":"","ast-breadcrumbs-content":"","ast-featured-img":"","footer-sml-layout":"","theme-transparent-header-meta":"default","adv-header-id-meta":"","stick-header-meta":"","header-above-stick-meta":"","header-main-stick-meta":"","header-below-stick-meta":"","astra-migrate-meta-layouts":"set","ast-page-background-enabled":"default","ast-page-background-meta":{"desktop":{"background-color":"var(--ast-global-color-5)","background-image":"","background-repeat":"repeat","background-position":"center center","background-size":"auto","background-attachment":"scroll","background-type":"","background-media":"","overlay-type":"","overlay-color":"","overlay-opacity":"","overlay-gradient":""},"tablet":{"background-color":"","background-image":"","background-repeat":"repeat","background-position":"center center","background-size":"auto","background-attachment":"scroll","background-type":"","background-media":"","overlay-type":"","overlay-color":"","overlay-opacity":"","overlay-gradient":""},"mobile":{"background-color":"","background-image":"","background-repeat":"repeat","background-position":"center center","background-size":"auto","background-attachment":"scroll","background-type":"","background-media":"","overlay-type":"","overlay-color":"","overlay-opacity":"","overlay-gradient":""}},"ast-content-background-meta":{"desktop":{"background-color":"var(--ast-global-color-4)","background-image":"","background-repeat":"repeat","background-position":"center center","background-size":"auto","background-attachment":"scroll","background-type":"","background-media":"","overlay-type":"","overlay-color":"","overlay-opacity":"","overlay-gradient":""},"tablet":{"background-color":"var(--ast-global-color-4)","background-image":"","background-repeat":"repeat","background-position":"center center","background-size":"auto","background-attachment":"scroll","background-type":"","background-media":"","overlay-type":"","overlay-color":"","overlay-opacity":"","overlay-gradient":""},"mobile":{"background-color":"var(--ast-global-color-4)","background-image":"","background-repeat":"repeat","background-position":"center center","background-size":"auto","background-attachment":"scroll","background-type":"","background-media":"","overlay-type":"","overlay-color":"","overlay-opacity":"","overlay-gradient":""}}},"product_brand":[],"product_cat":[54],"product_tag":[],"class_list":{"0":"post-531","1":"product","2":"type-product","3":"status-publish","4":"has-post-thumbnail","6":"product_cat-reed-diffuser-bottles","7":"desktop-align-left","8":"tablet-align-left","9":"mobile-align-left","11":"first","12":"instock","13":"shipping-taxable","14":"product-type-simple"},"jetpack_sharing_enabled":true,"_links":{"self":[{"href":"https:\/\/mostebglass.com\/es\/wp-json\/wp\/v2\/product\/531","targetHints":{"allow":["GET"]}}],"collection":[{"href":"https:\/\/mostebglass.com\/es\/wp-json\/wp\/v2\/product"}],"about":[{"href":"https:\/\/mostebglass.com\/es\/wp-json\/wp\/v2\/types\/product"}],"wp:featuredmedia":[{"embeddable":true,"href":"https:\/\/mostebglass.com\/es\/wp-json\/wp\/v2\/media\/4784"}],"wp:attachment":[{"href":"https:\/\/mostebglass.com\/es\/wp-json\/wp\/v2\/media?parent=531"}],"wp:term":[{"taxonomy":"product_brand","embeddable":true,"href":"https:\/\/mostebglass.com\/es\/wp-json\/wp\/v2\/product_brand?post=531"},{"taxonomy":"product_cat","embeddable":true,"href":"https:\/\/mostebglass.com\/es\/wp-json\/wp\/v2\/product_cat?post=531"},{"taxonomy":"product_tag","embeddable":true,"href":"https:\/\/mostebglass.com\/es\/wp-json\/wp\/v2\/product_tag?post=531"}],"curies":[{"name":"wp","href":"https:\/\/api.w.org\/{rel}","templated":true}]}}