{"id":535,"date":"2025-08-18T18:02:55","date_gmt":"2025-08-18T10:02:55","guid":{"rendered":"https:\/\/mostebglass.com\/?post_type=product&#038;p=535"},"modified":"2026-04-24T10:54:19","modified_gmt":"2026-04-24T02:54:19","slug":"diffuser-bottles-empty-christmas-tree-shape-wholesale","status":"publish","type":"product","link":"https:\/\/mostebglass.com\/es\/diffuser-bottles-empty-christmas-tree-shape-wholesale\/","title":{"rendered":"Botellas difusoras vac\u00edas con forma de \u00e1rbol de Navidad de 100 ml y 200 ml al por mayor"},"content":{"rendered":"<h2>Introducci\u00f3n del producto<\/h2>\n<p>No solo est\u00e1s comprando difusores de varillas al por mayor; est\u00e1s creando un ambiente festivo. Cuando tu cliente vea en el estante su difusor con forma de \u00e1rbol de Navidad, inmediatamente reconocible, con un peque\u00f1o tap\u00f3n y l\u00edneas suaves que imitan las ramas del \u00e1rbol, experimentar\u00e1 m\u00e1s que solo la fragancia; sentir\u00e1 la atm\u00f3sfera del clima.<\/p>\n<h2>P\u0159izp\u016fsoben\u00e9 n\u00e1vrhy<\/h2>\n<ul>\n<li><strong>Transparente:<\/strong> Hecho de vidrio transparente, puedes ver claramente el l\u00edquido arom\u00e1tico en el interior, creando una experiencia visual limpia y fresca.<\/li>\n<li><strong>Compacto y Elegible:<\/strong> Su dise\u00f1o compacto no ocupa mucho espacio, lo que lo convierte en una sofisticada decoraci\u00f3n de mesa.<\/li>\n<li><strong>Forma del \u00e1rbol de Navidad a\u00f1o tras a\u00f1o:<\/strong> Es un llamativo adorno de temporada y, tras usar aceites esenciales, puedes reutilizarlo como decoraci\u00f3n. Los clientes est\u00e1n encantados.<\/li>\n<\/ul>\n<h2>C\u00f3mo una marca arras\u00f3 en la temporada navide\u00f1a<\/h2>\n<p>Una de las marcas canadienses de regalos de temporada lanz\u00f3 una gama de difusores de varillas con tem\u00e1tica navide\u00f1a, utilizando nuestras botellas de vidrio con forma de \u00e1rbol como envases para crear una imagen de marca festiva y \u00fanica. El cliente eligi\u00f3 una capacidad de 100 ml y solicit\u00f3 que el material fuera vidrio de alta transparencia con bordes engrosados \u200b\u200bpara definir mejor la silueta de los \u00e1rboles. Las botellas ven\u00edan acompa\u00f1adas de tapones de rosca negros de alto brillo equipados con tapones restrictivos internos; estos tapones se colocan para mantener las varillas en su lugar y, al mismo tiempo, controlar eficazmente la tasa de evaporaci\u00f3n del aceite arom\u00e1tico. Para lograr una apariencia festiva m\u00e1s elegante y decorativa, el cliente no quer\u00eda que las botellas tuvieran impresi\u00f3n directa en la superficie, por lo que solicit\u00f3 etiquetas colgantes troqueladas personalizadas con estampado de l\u00e1mina dorada, que se fijaron al cuello de las botellas.<\/p>\n<p>Con la introducci\u00f3n de estos nuevos productos de temporada, las ventas durante la temporada navide\u00f1a aumentaron un 46 % en comparaci\u00f3n con el a\u00f1o anterior, cuando la marca a\u00fan utilizaba el antiguo dise\u00f1o de empaque. El cliente realiz\u00f3 varios pedidos adicionales de forma consecutiva durante los siguientes seis meses.<\/p>\n<h2>\u00bfQuieres personalizarlo? Hazlo a tu gusto.<\/h2>\n<p>Esta botella festiva es un lienzo. Sus superficies lisas y l\u00edneas limpias combinan con casi cualquier acabado. Prueba estas:<\/p>\n<ul>\n<li><strong>Estampado en caliente:<\/strong> Haz brillar copos de nieve dorados o plateados, estrellas o tu logotipo en el frente.<\/li>\n<li><strong>Serigraf\u00eda:<\/strong> Agregue patrones delicados, como paisajes nevados o ramas de pino, que envuelvan el \u00e1rbol.<\/li>\n<li><strong>Etiquetas y calcoman\u00edas:<\/strong> Utilice etiquetas con formas (estrella, adorno) para darle un toque divertido.<\/li>\n<li><strong>Mejoras del tap\u00f3n:<\/strong> Rojo, verde, dorado o madera: combina con el estilo festivo de tu marca.<\/li>\n<\/ul>","protected":false},"excerpt":{"rendered":"<p>Botellas difusoras premium vac\u00edas y de varillas al por mayor. Soluciones de vidrio a granel para marcas de aromas, spa y fragancias para el hogar.<\/p>","protected":false},"featured_media":5307,"template":"","meta":{"site-sidebar-layout":"default","site-content-layout":"","ast-site-content-layout":"default","site-content-style":"default","site-sidebar-style":"default","ast-global-header-display":"","ast-banner-title-visibility":"","ast-main-header-display":"","ast-hfb-above-header-display":"","ast-hfb-below-header-display":"","ast-hfb-mobile-header-display":"","site-post-title":"","ast-breadcrumbs-content":"","ast-featured-img":"","footer-sml-layout":"","theme-transparent-header-meta":"default","adv-header-id-meta":"","stick-header-meta":"","header-above-stick-meta":"","header-main-stick-meta":"","header-below-stick-meta":"","astra-migrate-meta-layouts":"set","ast-page-background-enabled":"default","ast-page-background-meta":{"desktop":{"background-color":"var(--ast-global-color-5)","background-image":"","background-repeat":"repeat","background-position":"center center","background-size":"auto","background-attachment":"scroll","background-type":"","background-media":"","overlay-type":"","overlay-color":"","overlay-opacity":"","overlay-gradient":""},"tablet":{"background-color":"","background-image":"","background-repeat":"repeat","background-position":"center center","background-size":"auto","background-attachment":"scroll","background-type":"","background-media":"","overlay-type":"","overlay-color":"","overlay-opacity":"","overlay-gradient":""},"mobile":{"background-color":"","background-image":"","background-repeat":"repeat","background-position":"center center","background-size":"auto","background-attachment":"scroll","background-type":"","background-media":"","overlay-type":"","overlay-color":"","overlay-opacity":"","overlay-gradient":""}},"ast-content-background-meta":{"desktop":{"background-color":"var(--ast-global-color-4)","background-image":"","background-repeat":"repeat","background-position":"center center","background-size":"auto","background-attachment":"scroll","background-type":"","background-media":"","overlay-type":"","overlay-color":"","overlay-opacity":"","overlay-gradient":""},"tablet":{"background-color":"var(--ast-global-color-4)","background-image":"","background-repeat":"repeat","background-position":"center center","background-size":"auto","background-attachment":"scroll","background-type":"","background-media":"","overlay-type":"","overlay-color":"","overlay-opacity":"","overlay-gradient":""},"mobile":{"background-color":"var(--ast-global-color-4)","background-image":"","background-repeat":"repeat","background-position":"center center","background-size":"auto","background-attachment":"scroll","background-type":"","background-media":"","overlay-type":"","overlay-color":"","overlay-opacity":"","overlay-gradient":""}}},"product_brand":[],"product_cat":[54,21],"product_tag":[],"class_list":{"0":"post-535","1":"product","2":"type-product","3":"status-publish","4":"has-post-thumbnail","6":"product_cat-reed-diffuser-bottles","7":"product_cat-product","8":"desktop-align-left","9":"tablet-align-left","10":"mobile-align-left","12":"first","13":"instock","14":"shipping-taxable","15":"product-type-simple"},"jetpack_sharing_enabled":true,"_links":{"self":[{"href":"https:\/\/mostebglass.com\/es\/wp-json\/wp\/v2\/product\/535","targetHints":{"allow":["GET"]}}],"collection":[{"href":"https:\/\/mostebglass.com\/es\/wp-json\/wp\/v2\/product"}],"about":[{"href":"https:\/\/mostebglass.com\/es\/wp-json\/wp\/v2\/types\/product"}],"wp:featuredmedia":[{"embeddable":true,"href":"https:\/\/mostebglass.com\/es\/wp-json\/wp\/v2\/media\/5307"}],"wp:attachment":[{"href":"https:\/\/mostebglass.com\/es\/wp-json\/wp\/v2\/media?parent=535"}],"wp:term":[{"taxonomy":"product_brand","embeddable":true,"href":"https:\/\/mostebglass.com\/es\/wp-json\/wp\/v2\/product_brand?post=535"},{"taxonomy":"product_cat","embeddable":true,"href":"https:\/\/mostebglass.com\/es\/wp-json\/wp\/v2\/product_cat?post=535"},{"taxonomy":"product_tag","embeddable":true,"href":"https:\/\/mostebglass.com\/es\/wp-json\/wp\/v2\/product_tag?post=535"}],"curies":[{"name":"wp","href":"https:\/\/api.w.org\/{rel}","templated":true}]}}