{"id":539,"date":"2025-08-18T18:02:43","date_gmt":"2025-08-18T10:02:43","guid":{"rendered":"https:\/\/mostebglass.com\/?post_type=product&#038;p=539"},"modified":"2026-03-13T14:04:46","modified_gmt":"2026-03-13T06:04:46","slug":"clear-glass-diffuser-bottle-with-ribbed-texture-wholesale","status":"publish","type":"product","link":"https:\/\/mostebglass.com\/es\/clear-glass-diffuser-bottle-with-ribbed-texture-wholesale\/","title":{"rendered":"Botella difusora de vidrio transparente de 120 ml con textura acanalada (venta al por mayor)"},"content":{"rendered":"<p>Ya sea que est\u00e9 lanzando una nueva l\u00ednea de productos o renovando el empaque de su difusor, este difusor tiene una forma suave, plana y redonda, con ranuras verticales separadas de arriba a abajo. Su superficie texturizada retiene la luz como la escarcha matutina en la ventana, lo que lo hace destacar.<\/p>\n<h2>P\u0159izp\u016fsoben\u00e9 n\u00e1vrhy<\/h2>\n<ul>\n<li><span aria-haspopup=\"dialog\" aria-expanded=\"false\" aria-controls=\"radix-_r_3k_\" data-state=\"closed\" data-slot=\"popover-trigger\"><strong>Personalizaci\u00f3n del color del vidrio:<\/strong> El cuerpo de las botellas puede realizarse con diferentes colores, incluidos \u00e1mbar, gris humo, transparente, verde oliva o negro mate.<\/span> <span aria-haspopup=\"dialog\" aria-expanded=\"false\" aria-controls=\"radix-_r_3l_\" data-state=\"closed\" data-slot=\"popover-trigger\">Tambi\u00e9n es posible realizar colores personalizados para combinar con la imagen de la marca o las colecciones de fragancias de la temporada.<\/span><\/li>\n<li><span aria-haspopup=\"dialog\" aria-expanded=\"false\" aria-controls=\"radix-_r_3m_\" data-state=\"closed\" data-slot=\"popover-trigger\"><strong>Acabado de las tapas:<\/strong> El anillo del cuello o la tapa se pueden pedir en oro, oro rosa, negro mate, plata cepillada o aluminio s\u00edmil madera para combinar m\u00e1s con el tema de la fragancia.<\/span><\/li>\n<li><span aria-haspopup=\"dialog\" aria-expanded=\"false\" aria-controls=\"radix-_r_3n_\" data-state=\"closed\" data-slot=\"popover-trigger\"><strong>Impresi\u00f3n:<\/strong> El logotipo de la marca o el nombre de la fragancia se pueden incorporar mediante serigraf\u00eda, estampado en caliente, impresi\u00f3n UV o dise\u00f1o en relieve sobre molde de vidrio para que la marca tenga un aspecto a\u00fan m\u00e1s \u00fanico.<\/span><\/li>\n<\/ul>\n<h2>C\u00f3mo una marca mejor\u00f3 su l\u00ednea de fragancias<\/h2>\n<p>Una empresa de gama media de difusores de varillas en botella estaba perdiendo espacio en las estanter\u00edas frente a competidores m\u00e1s elegantes. Su antigua botella difusora parec\u00eda plana, como botellas de zumo recicladas con varillas insertadas. Cambiaron a estas botellas difusoras de vidrio acanalado. A\u00f1adieron un logotipo serigrafiado en negro suave y un tap\u00f3n negro mate. Mantuvieron la botella transparente para presumir de su aceite difusor de varillas en botella dorada. \u00bfResultado? Los minoristas dijeron que la botella &#034;parec\u00eda cara&#034;. Los clientes se detuvieron a tocarla. Ese peque\u00f1o momento de conexi\u00f3n aument\u00f3 las tasas de conversi\u00f3n en casi un 30 %.<\/p>\n<h2>\u00bfQuieres personalizar? Empieza aqu\u00ed.<\/h2>\n<ol>\n<li><strong>Serigraf\u00eda:<\/strong> Marca limpia y duradera. \u00dasala para texto minimalista o patrones intrincados.<\/li>\n<li><strong>Acabados esmerilados o recubiertos:<\/strong> \u00bfAerosol mate sobre vidrio transparente? Elegancia ahumada. Como alternativa, pinta toda la botella de tu color favorito, como gris, dorado o transparente, para combinar con tu colecci\u00f3n de fragancias. Tu l\u00ednea de aromas.<\/li>\n<li><span aria-haspopup=\"dialog\" aria-expanded=\"false\" aria-controls=\"radix-_r_3o_\" data-state=\"closed\" data-slot=\"popover-trigger\"><strong>Selecci\u00f3n del tipo de varilla de leng\u00fceta:<\/strong> Aqu\u00ed es donde se ofrecen los distintos tipos de difusores de varillas, como varillas de rat\u00e1n natural, varillas de fibra negra, varillas met\u00e1licas en espiral o varillas con forma de flor, con fragancias que se adaptan a diversos planes arom\u00e1ticos.<\/span><\/li>\n<\/ol>","protected":false},"excerpt":{"rendered":"<p>Botellas y difusores de varillas de primera calidad. Envases personalizables para difusores de varillas, para aromas, spas y mayoristas. Muestras gratis.<\/p>","protected":false},"featured_media":4749,"template":"","meta":{"site-sidebar-layout":"default","site-content-layout":"","ast-site-content-layout":"default","site-content-style":"default","site-sidebar-style":"default","ast-global-header-display":"","ast-banner-title-visibility":"","ast-main-header-display":"","ast-hfb-above-header-display":"","ast-hfb-below-header-display":"","ast-hfb-mobile-header-display":"","site-post-title":"","ast-breadcrumbs-content":"","ast-featured-img":"","footer-sml-layout":"","theme-transparent-header-meta":"default","adv-header-id-meta":"","stick-header-meta":"","header-above-stick-meta":"","header-main-stick-meta":"","header-below-stick-meta":"","astra-migrate-meta-layouts":"set","ast-page-background-enabled":"default","ast-page-background-meta":{"desktop":{"background-color":"var(--ast-global-color-5)","background-image":"","background-repeat":"repeat","background-position":"center center","background-size":"auto","background-attachment":"scroll","background-type":"","background-media":"","overlay-type":"","overlay-color":"","overlay-opacity":"","overlay-gradient":""},"tablet":{"background-color":"","background-image":"","background-repeat":"repeat","background-position":"center center","background-size":"auto","background-attachment":"scroll","background-type":"","background-media":"","overlay-type":"","overlay-color":"","overlay-opacity":"","overlay-gradient":""},"mobile":{"background-color":"","background-image":"","background-repeat":"repeat","background-position":"center center","background-size":"auto","background-attachment":"scroll","background-type":"","background-media":"","overlay-type":"","overlay-color":"","overlay-opacity":"","overlay-gradient":""}},"ast-content-background-meta":{"desktop":{"background-color":"var(--ast-global-color-4)","background-image":"","background-repeat":"repeat","background-position":"center center","background-size":"auto","background-attachment":"scroll","background-type":"","background-media":"","overlay-type":"","overlay-color":"","overlay-opacity":"","overlay-gradient":""},"tablet":{"background-color":"var(--ast-global-color-4)","background-image":"","background-repeat":"repeat","background-position":"center center","background-size":"auto","background-attachment":"scroll","background-type":"","background-media":"","overlay-type":"","overlay-color":"","overlay-opacity":"","overlay-gradient":""},"mobile":{"background-color":"var(--ast-global-color-4)","background-image":"","background-repeat":"repeat","background-position":"center center","background-size":"auto","background-attachment":"scroll","background-type":"","background-media":"","overlay-type":"","overlay-color":"","overlay-opacity":"","overlay-gradient":""}}},"product_brand":[],"product_cat":[54],"product_tag":[],"class_list":{"0":"post-539","1":"product","2":"type-product","3":"status-publish","4":"has-post-thumbnail","6":"product_cat-reed-diffuser-bottles","7":"desktop-align-left","8":"tablet-align-left","9":"mobile-align-left","11":"first","12":"instock","13":"shipping-taxable","14":"product-type-simple"},"jetpack_sharing_enabled":true,"_links":{"self":[{"href":"https:\/\/mostebglass.com\/es\/wp-json\/wp\/v2\/product\/539","targetHints":{"allow":["GET"]}}],"collection":[{"href":"https:\/\/mostebglass.com\/es\/wp-json\/wp\/v2\/product"}],"about":[{"href":"https:\/\/mostebglass.com\/es\/wp-json\/wp\/v2\/types\/product"}],"wp:featuredmedia":[{"embeddable":true,"href":"https:\/\/mostebglass.com\/es\/wp-json\/wp\/v2\/media\/4749"}],"wp:attachment":[{"href":"https:\/\/mostebglass.com\/es\/wp-json\/wp\/v2\/media?parent=539"}],"wp:term":[{"taxonomy":"product_brand","embeddable":true,"href":"https:\/\/mostebglass.com\/es\/wp-json\/wp\/v2\/product_brand?post=539"},{"taxonomy":"product_cat","embeddable":true,"href":"https:\/\/mostebglass.com\/es\/wp-json\/wp\/v2\/product_cat?post=539"},{"taxonomy":"product_tag","embeddable":true,"href":"https:\/\/mostebglass.com\/es\/wp-json\/wp\/v2\/product_tag?post=539"}],"curies":[{"name":"wp","href":"https:\/\/api.w.org\/{rel}","templated":true}]}}