{"id":558,"date":"2025-08-19T11:29:06","date_gmt":"2025-08-19T03:29:06","guid":{"rendered":"https:\/\/mostebglass.com\/?post_type=product&#038;p=558"},"modified":"2026-02-26T18:08:14","modified_gmt":"2026-02-26T10:08:14","slug":"25ml-48ml-flat-rim-mini-glass-candle-jars-for-wholesale","status":"publish","type":"product","link":"https:\/\/mostebglass.com\/es\/25ml-48ml-flat-rim-mini-glass-candle-jars-for-wholesale\/","title":{"rendered":"Mini tarros de vidrio para velas con borde plano de 25 ml y 48 ml para venta al por mayor"},"content":{"rendered":"<p>Los mini frascos de vidrio para velas de 25 ml y 48 ml tienen una forma cil\u00edndrica limpia con lados rectos y lisos y una base gruesa y pesada para mayor estabilidad. Fabricados con vidrio transparente de alta claridad, los frascos tienen un aspecto minimalista y moderno, ideal para uso decorativo o funcional.<\/p>\n<p>El tama\u00f1o de 25 ml es de 37 x 45 x 28 mm y el de 48 ml, de 45 x 39 x 53 mm. Ambos mini frascos de vidrio tienen un borde plano y una boca lisa sin rosca, lo que los hace especialmente adecuados para la producci\u00f3n de velas y facilita la combinaci\u00f3n de tapas.<\/p>\n<h2>Especificaciones clave<\/h2>\n<table style=\"border-collapse: collapse; width: 80%; margin-left: auto; margin-right: auto;\" border=\"0\" width=\"80%\" cellspacing=\"0\" cellpadding=\"0\">\n<tbody>\n<tr style=\"height: 13.50pt;\">\n<td style=\"height: 13.50pt;\" height=\"18\">Capacidad<\/td>\n<td>25 ml (37 x 45 x 28 mm) \/ 48 ml (45 x 39 x 53 mm)<\/td>\n<\/tr>\n<tr style=\"height: 13.50pt;\">\n<td style=\"height: 13.50pt;\" height=\"18\">Material<\/td>\n<td>Vidrio s\u00f3dico-c\u00e1lcico sin plomo<\/td>\n<\/tr>\n<tr style=\"height: 13.50pt;\">\n<td style=\"height: 13.50pt;\" height=\"18\">Opciones de personalizaci\u00f3n<\/td>\n<td>Color, capacidad, tama\u00f1o, etiqueta, logotipo, acabado superficial, accesorios.<\/td>\n<\/tr>\n<\/tbody>\n<\/table>\n<h2>Solicitud<\/h2>\n<p>Adem\u00e1s de usarse para velas, estos frascos de vidrio con borde plano tambi\u00e9n pueden servir como mini vasos de chupito, vasos de degustaci\u00f3n, muestras o peque\u00f1as tazas para servir postres, lo que los hace vers\u00e1tiles en el campo de la hospitalidad, el comercio minorista, los juegos de regalo y los envases promocionales.<\/p>\n<h2>Consejos de sastrer\u00eda<\/h2>\n<ol>\n<li><strong>Tapas para tarros de velas ecol\u00f3gicas al por mayor:<\/strong>Ofrecemos una tapa de silicona biodegradable con sellado herm\u00e9tico. Resulta atractiva para mayoristas y compradores que valoran la estabilidad sin renunciar a la alta calidad y durabilidad.<\/li>\n<li><strong>C\u00f3digo QR integrado para responder a las preguntas m\u00e1s frecuentes:<\/strong>Puedes incluir un c\u00f3digo QR en la tapa del frasco, que refleje la cultura corporativa de tu empresa. Esto permite a los compradores conocer la historia de la fabricaci\u00f3n de tus velas y de tu empresa, lo que aumenta el inter\u00e9s por comprar.<\/li>\n<\/ol>","protected":false},"excerpt":{"rendered":"<p>Mini frascos de vidrio con borde plano para velas de 25 ml y 48 ml, compatibles con tapas de bamb\u00fa o metal. Ideales para velas peque\u00f1as, sets de regalo, venta minorista y producci\u00f3n a granel.<\/p>","protected":false},"featured_media":4498,"template":"","meta":{"site-sidebar-layout":"default","site-content-layout":"","ast-site-content-layout":"default","site-content-style":"default","site-sidebar-style":"default","ast-global-header-display":"","ast-banner-title-visibility":"","ast-main-header-display":"","ast-hfb-above-header-display":"","ast-hfb-below-header-display":"","ast-hfb-mobile-header-display":"","site-post-title":"","ast-breadcrumbs-content":"","ast-featured-img":"","footer-sml-layout":"","theme-transparent-header-meta":"default","adv-header-id-meta":"","stick-header-meta":"","header-above-stick-meta":"","header-main-stick-meta":"","header-below-stick-meta":"","astra-migrate-meta-layouts":"set","ast-page-background-enabled":"default","ast-page-background-meta":{"desktop":{"background-color":"var(--ast-global-color-5)","background-image":"","background-repeat":"repeat","background-position":"center center","background-size":"auto","background-attachment":"scroll","background-type":"","background-media":"","overlay-type":"","overlay-color":"","overlay-opacity":"","overlay-gradient":""},"tablet":{"background-color":"","background-image":"","background-repeat":"repeat","background-position":"center center","background-size":"auto","background-attachment":"scroll","background-type":"","background-media":"","overlay-type":"","overlay-color":"","overlay-opacity":"","overlay-gradient":""},"mobile":{"background-color":"","background-image":"","background-repeat":"repeat","background-position":"center center","background-size":"auto","background-attachment":"scroll","background-type":"","background-media":"","overlay-type":"","overlay-color":"","overlay-opacity":"","overlay-gradient":""}},"ast-content-background-meta":{"desktop":{"background-color":"var(--ast-global-color-4)","background-image":"","background-repeat":"repeat","background-position":"center center","background-size":"auto","background-attachment":"scroll","background-type":"","background-media":"","overlay-type":"","overlay-color":"","overlay-opacity":"","overlay-gradient":""},"tablet":{"background-color":"var(--ast-global-color-4)","background-image":"","background-repeat":"repeat","background-position":"center center","background-size":"auto","background-attachment":"scroll","background-type":"","background-media":"","overlay-type":"","overlay-color":"","overlay-opacity":"","overlay-gradient":""},"mobile":{"background-color":"var(--ast-global-color-4)","background-image":"","background-repeat":"repeat","background-position":"center center","background-size":"auto","background-attachment":"scroll","background-type":"","background-media":"","overlay-type":"","overlay-color":"","overlay-opacity":"","overlay-gradient":""}}},"product_brand":[],"product_cat":[28,21],"product_tag":[],"class_list":{"0":"post-558","1":"product","2":"type-product","3":"status-publish","4":"has-post-thumbnail","6":"product_cat-glass-candle-jars","7":"product_cat-product","8":"desktop-align-left","9":"tablet-align-left","10":"mobile-align-left","12":"first","13":"instock","14":"shipping-taxable","15":"product-type-simple"},"jetpack_sharing_enabled":true,"_links":{"self":[{"href":"https:\/\/mostebglass.com\/es\/wp-json\/wp\/v2\/product\/558","targetHints":{"allow":["GET"]}}],"collection":[{"href":"https:\/\/mostebglass.com\/es\/wp-json\/wp\/v2\/product"}],"about":[{"href":"https:\/\/mostebglass.com\/es\/wp-json\/wp\/v2\/types\/product"}],"wp:featuredmedia":[{"embeddable":true,"href":"https:\/\/mostebglass.com\/es\/wp-json\/wp\/v2\/media\/4498"}],"wp:attachment":[{"href":"https:\/\/mostebglass.com\/es\/wp-json\/wp\/v2\/media?parent=558"}],"wp:term":[{"taxonomy":"product_brand","embeddable":true,"href":"https:\/\/mostebglass.com\/es\/wp-json\/wp\/v2\/product_brand?post=558"},{"taxonomy":"product_cat","embeddable":true,"href":"https:\/\/mostebglass.com\/es\/wp-json\/wp\/v2\/product_cat?post=558"},{"taxonomy":"product_tag","embeddable":true,"href":"https:\/\/mostebglass.com\/es\/wp-json\/wp\/v2\/product_tag?post=558"}],"curies":[{"name":"wp","href":"https:\/\/api.w.org\/{rel}","templated":true}]}}