{"id":565,"date":"2025-08-19T13:48:58","date_gmt":"2025-08-19T05:48:58","guid":{"rendered":"https:\/\/mostebglass.com\/?post_type=product&#038;p=565"},"modified":"2026-01-29T13:37:43","modified_gmt":"2026-01-29T05:37:43","slug":"135ml-empty-candle-jars-with-lids-custom-glass-candle-jar-manufacturer","status":"publish","type":"product","link":"https:\/\/mostebglass.com\/es\/135ml-empty-candle-jars-with-lids-custom-glass-candle-jar-manufacturer\/","title":{"rendered":"Tarros vac\u00edos para velas de 135 ml con tapa | Fabricante de tarros de vidrio personalizados para velas"},"content":{"rendered":"<p>Con un dise\u00f1o elegante y moderno, nuestros vasos vac\u00edos para velas de 135 ml con tapa ofrecen un uso de alta calidad para velas y fragancias para el hogar. Este frasco tiene forma cil\u00edndrica recta con borde liso y base s\u00f3lida y gruesa. Su dise\u00f1o de vidrio transparente realza el color y la llama de la vela, ideal tanto para colecciones minimalistas como decorativas.<\/p>\n<div style=\"text-align: center;\"><img fetchpriority=\"high\" decoding=\"async\" class=\"\" src=\"https:\/\/mostebglass.com\/wp-content\/uploads\/2025\/08\/colored-empty-candle-jars-with-lids.webp\" alt=\"Frascos de velas vac\u00edos de colores con tapas\" width=\"434\" height=\"434\" \/><\/div>\n<h2>Usos adicionales<\/h2>\n<p>Adem\u00e1s de las velas, este recipiente tambi\u00e9n se puede utilizar como:<\/p>\n<ul>\n<li>Un peque\u00f1o tarro de almacenamiento decorativo.<\/li>\n<li>Un mini florero<\/li>\n<li>Un contenedor con detalles decorativos para el hogar<\/li>\n<\/ul>\n<p>Esta versatilidad agrega valor adicional para las marcas que apuntan a los mercados de estilo de vida o regalos.<\/p>\n<h2>Especificaciones clave<\/h2>\n<table style=\"border-collapse: collapse; width: 80%; margin-left: auto; margin-right: auto;\" border=\"0\" width=\"80%\" cellspacing=\"0\" cellpadding=\"0\">\n<tbody>\n<tr style=\"height: 13.50pt;\">\n<td style=\"height: 13.50pt; width: 183.00pt;\" width=\"244\" height=\"18\"><strong>Caracter\u00edstica<\/strong><\/td>\n<td style=\"width: 414.00pt;\" width=\"552\"><strong>Detalles<\/strong><\/td>\n<\/tr>\n<tr style=\"height: 13.50pt;\">\n<td style=\"height: 13.50pt;\" height=\"18\">Capacidad<\/td>\n<td>135 ml<\/td>\n<\/tr>\n<tr style=\"height: 13.50pt;\">\n<td style=\"height: 13.50pt;\" height=\"18\">Di\u00e1metro de la boca<\/td>\n<td>60 mil\u00edmetros<\/td>\n<\/tr>\n<tr style=\"height: 13.50pt;\">\n<td style=\"height: 13.50pt;\" height=\"18\">Altura<\/td>\n<td>85 mil\u00edmetros<\/td>\n<\/tr>\n<tr style=\"height: 13.50pt;\">\n<td style=\"height: 13.50pt;\" height=\"18\">Di\u00e1metro inferior<\/td>\n<td>46 mil\u00edmetros<\/td>\n<\/tr>\n<tr style=\"height: 12.00pt;\">\n<td style=\"height: 12.00pt;\" height=\"16\">caja de env\u00edo<\/td>\n<td>paquete de 120<\/td>\n<\/tr>\n<tr style=\"height: 12.00pt;\">\n<td style=\"height: 12.00pt;\" height=\"16\">Compatibilidad de la tapa<\/td>\n<td>Tapas de metal (oro, plata, negro, cobre, etc.)<br \/>\nTapones de corcho natural<br \/>\ntapas de bamb\u00fa<\/td>\n<\/tr>\n<tr style=\"height: 13.50pt;\">\n<td style=\"height: 13.50pt;\" height=\"18\">Opciones de personalizaci\u00f3n de vidrio<\/td>\n<td>Recubrimiento en aerosol externo (colores s\u00f3lidos o degradados)<br \/>\nAcabados esmerilados o mate<br \/>\nSerigraf\u00eda<br \/>\nRecubrimiento interno por pulverizaci\u00f3n<br \/>\nAplicaci\u00f3n de etiquetas<br \/>\nEfecto de vidrio de mercurio<br \/>\nDise\u00f1os con tem\u00e1ticas de temporada y festividades<\/td>\n<\/tr>\n<\/tbody>\n<\/table>\n<div style=\"text-align: center;\"><img decoding=\"async\" class=\"\" src=\"https:\/\/mostebglass.com\/wp-content\/uploads\/2025\/08\/empty-candle-jars-with-lids-for-christmas.webp\" alt=\"Frascos de velas vac\u00edos con tapas para Navidad\" width=\"447\" height=\"447\" \/><\/div>\n<h2>Sugerencias de identidad de marca<\/h2>\n<ol>\n<li><strong>Bloques de color:<\/strong> Para las colecciones de temporada, utilice las l\u00edneas de velas al por mayor de tama\u00f1o m\u00ednimo o frascos de velas grandes y transparentes para obtener un color m\u00e1s claro.<\/li>\n<li><strong>Preguntas frecuentes:<\/strong> \u00bfNecesitas ayuda para elegir? Preg\u00fantanos sobre nuestra selecci\u00f3n de gu\u00edas de velas o paquetes de velas en frasco al por mayor.<\/li>\n<\/ol>\n<p>Ofrecemos servicios OEM y ODM completos, que incluyen, entre otros, dise\u00f1o y desarrollo de moldes, decoraci\u00f3n y embalaje; como fabricante de envases de vidrio, atendemos a mayoristas, propietarios de marcas e incluso a instalaciones comerciales de marca privada.<\/p>","protected":false},"excerpt":{"rendered":"<p>Frascos vac\u00edos para velas de 135 ml con tapas de metal, bamb\u00fa o corcho. Logotipo personalizado, acabados de vidrio y soluciones OEM\/ODM para marcas y mayoristas de velas.<\/p>","protected":false},"featured_media":4237,"template":"","meta":{"site-sidebar-layout":"default","site-content-layout":"","ast-site-content-layout":"default","site-content-style":"default","site-sidebar-style":"default","ast-global-header-display":"","ast-banner-title-visibility":"","ast-main-header-display":"","ast-hfb-above-header-display":"","ast-hfb-below-header-display":"","ast-hfb-mobile-header-display":"","site-post-title":"","ast-breadcrumbs-content":"","ast-featured-img":"","footer-sml-layout":"","theme-transparent-header-meta":"default","adv-header-id-meta":"","stick-header-meta":"","header-above-stick-meta":"","header-main-stick-meta":"","header-below-stick-meta":"","astra-migrate-meta-layouts":"set","ast-page-background-enabled":"default","ast-page-background-meta":{"desktop":{"background-color":"var(--ast-global-color-5)","background-image":"","background-repeat":"repeat","background-position":"center center","background-size":"auto","background-attachment":"scroll","background-type":"","background-media":"","overlay-type":"","overlay-color":"","overlay-opacity":"","overlay-gradient":""},"tablet":{"background-color":"","background-image":"","background-repeat":"repeat","background-position":"center center","background-size":"auto","background-attachment":"scroll","background-type":"","background-media":"","overlay-type":"","overlay-color":"","overlay-opacity":"","overlay-gradient":""},"mobile":{"background-color":"","background-image":"","background-repeat":"repeat","background-position":"center center","background-size":"auto","background-attachment":"scroll","background-type":"","background-media":"","overlay-type":"","overlay-color":"","overlay-opacity":"","overlay-gradient":""}},"ast-content-background-meta":{"desktop":{"background-color":"var(--ast-global-color-4)","background-image":"","background-repeat":"repeat","background-position":"center center","background-size":"auto","background-attachment":"scroll","background-type":"","background-media":"","overlay-type":"","overlay-color":"","overlay-opacity":"","overlay-gradient":""},"tablet":{"background-color":"var(--ast-global-color-4)","background-image":"","background-repeat":"repeat","background-position":"center center","background-size":"auto","background-attachment":"scroll","background-type":"","background-media":"","overlay-type":"","overlay-color":"","overlay-opacity":"","overlay-gradient":""},"mobile":{"background-color":"var(--ast-global-color-4)","background-image":"","background-repeat":"repeat","background-position":"center center","background-size":"auto","background-attachment":"scroll","background-type":"","background-media":"","overlay-type":"","overlay-color":"","overlay-opacity":"","overlay-gradient":""}}},"product_brand":[],"product_cat":[28],"product_tag":[],"class_list":{"0":"post-565","1":"product","2":"type-product","3":"status-publish","4":"has-post-thumbnail","6":"product_cat-glass-candle-jars","7":"desktop-align-left","8":"tablet-align-left","9":"mobile-align-left","11":"first","12":"instock","13":"shipping-taxable","14":"product-type-simple"},"jetpack_sharing_enabled":true,"_links":{"self":[{"href":"https:\/\/mostebglass.com\/es\/wp-json\/wp\/v2\/product\/565","targetHints":{"allow":["GET"]}}],"collection":[{"href":"https:\/\/mostebglass.com\/es\/wp-json\/wp\/v2\/product"}],"about":[{"href":"https:\/\/mostebglass.com\/es\/wp-json\/wp\/v2\/types\/product"}],"wp:featuredmedia":[{"embeddable":true,"href":"https:\/\/mostebglass.com\/es\/wp-json\/wp\/v2\/media\/4237"}],"wp:attachment":[{"href":"https:\/\/mostebglass.com\/es\/wp-json\/wp\/v2\/media?parent=565"}],"wp:term":[{"taxonomy":"product_brand","embeddable":true,"href":"https:\/\/mostebglass.com\/es\/wp-json\/wp\/v2\/product_brand?post=565"},{"taxonomy":"product_cat","embeddable":true,"href":"https:\/\/mostebglass.com\/es\/wp-json\/wp\/v2\/product_cat?post=565"},{"taxonomy":"product_tag","embeddable":true,"href":"https:\/\/mostebglass.com\/es\/wp-json\/wp\/v2\/product_tag?post=565"}],"curies":[{"name":"wp","href":"https:\/\/api.w.org\/{rel}","templated":true}]}}