{"id":567,"date":"2025-08-19T13:33:36","date_gmt":"2025-08-19T05:33:36","guid":{"rendered":"https:\/\/mostebglass.com\/?post_type=product&#038;p=567"},"modified":"2026-03-09T15:09:53","modified_gmt":"2026-03-09T07:09:53","slug":"custom-empty-diffuser-bottles-and-reeds-with-bowl-shape-bulk","status":"publish","type":"product","link":"https:\/\/mostebglass.com\/es\/custom-empty-diffuser-bottles-and-reeds-with-bowl-shape-bulk\/","title":{"rendered":"Botellas difusoras vac\u00edas personalizadas de 130 ml y varillas con forma de cuenco a granel"},"content":{"rendered":"<p>Compras m\u00e1s que botellas difusoras vac\u00edas; creas una experiencia de marca. Echa un vistazo a nuestras botellas difusoras de 130 ml y a nuestros difusores de ca\u00f1as con forma de cuenco. El frasco de este difusor de ca\u00f1as para aromaterapia presenta l\u00edneas geom\u00e9tricas limpias y bordes suavemente redondeados, combinando a la perfecci\u00f3n la estabilidad de una base ancha con la sofisticada elegancia de un cuello fino. Fabricado en cristal de alta calidad, este difusor vac\u00edo es un lienzo en blanco, tanto para aromaterapia como para una soluci\u00f3n integral de envasado.<\/p>\n<h2>P\u0159izp\u016fsoben\u00e9 n\u00e1vrhy<\/h2>\n<ul>\n<li><strong>Vidrio de alta calidad:<\/strong> La botella de vidrio gruesa y duradera se rompe y la aromaterapia completamente de ca\u00f1a mantiene el aceite esencial, evitando fugas.<\/li>\n<li><strong>Forma suave:<\/strong> La forma redonda y las l\u00edneas suaves de la botella crean una experiencia visual c\u00e1lida y relajante sin perder estabilidad.<\/li>\n<li><strong>Dise\u00f1o m\u00ednimo:<\/strong> El dise\u00f1o general es minimalista y elegante, libre de ornamentaci\u00f3n innecesaria, y se adapta a una variedad de estilos de hogar.<\/li>\n<\/ul>\n<h2>Caso de \u00e9xito<\/h2>\n<p>Una de las botellas difusoras de vidrio de 130 ml de nuestra marca fue elegida por una marca europea de fragancias para el hogar. La parte inferior de la botella es ligeramente esmerilada y luce una serigraf\u00eda dorada del nombre de la marca, un detalle muy elegante y refinado.<\/p>\n<p>En los primeros cinco meses de la l\u00ednea de productos, las ventas aumentaron un 27 %. El cliente ha realizado tres pedidos repetidos en ocho meses gracias a la buena acogida del mercado, lo que ha visto su volumen de compras aumentar casi a la mitad.<\/p>\n<h2>\u00bfQuieres personalizar el tuyo? Aqu\u00ed te explicamos c\u00f3mo empezar.<\/h2>\n<ol>\n<li><strong>Impresi\u00f3n:<\/strong> Impresi\u00f3n de logotipos y patrones Admite serigraf\u00eda, estampado dorado, impresi\u00f3n UV o impresi\u00f3n de calcoman\u00edas como identidad de marca.<\/li>\n<li><strong>Personalizaci\u00f3n de ca\u00f1as:<\/strong> Los difusores de ca\u00f1a ofrecer\u00e1n ca\u00f1as de rat\u00e1n natural, ca\u00f1as de fibra negra o ca\u00f1as de flores que est\u00e1n hechas con formas florales.<\/li>\n<li><strong>Soluciones de cierre de montaje:<\/strong> Agregue tapones decorativos, tapas de madera o collares de metal para mejorar la presentaci\u00f3n y el sellado.<\/li>\n<\/ol>","protected":false},"excerpt":{"rendered":"<p>Botellas y difusores de varillas personalizados, adem\u00e1s de botellas difusoras vac\u00edas duraderas para marcas de aromas, spa y fragancias para el hogar en pedidos al por mayor.<\/p>","protected":false},"featured_media":4676,"template":"","meta":{"site-sidebar-layout":"default","site-content-layout":"","ast-site-content-layout":"default","site-content-style":"default","site-sidebar-style":"default","ast-global-header-display":"","ast-banner-title-visibility":"","ast-main-header-display":"","ast-hfb-above-header-display":"","ast-hfb-below-header-display":"","ast-hfb-mobile-header-display":"","site-post-title":"","ast-breadcrumbs-content":"","ast-featured-img":"","footer-sml-layout":"","theme-transparent-header-meta":"default","adv-header-id-meta":"","stick-header-meta":"","header-above-stick-meta":"","header-main-stick-meta":"","header-below-stick-meta":"","astra-migrate-meta-layouts":"set","ast-page-background-enabled":"default","ast-page-background-meta":{"desktop":{"background-color":"var(--ast-global-color-5)","background-image":"","background-repeat":"repeat","background-position":"center center","background-size":"auto","background-attachment":"scroll","background-type":"","background-media":"","overlay-type":"","overlay-color":"","overlay-opacity":"","overlay-gradient":""},"tablet":{"background-color":"","background-image":"","background-repeat":"repeat","background-position":"center center","background-size":"auto","background-attachment":"scroll","background-type":"","background-media":"","overlay-type":"","overlay-color":"","overlay-opacity":"","overlay-gradient":""},"mobile":{"background-color":"","background-image":"","background-repeat":"repeat","background-position":"center center","background-size":"auto","background-attachment":"scroll","background-type":"","background-media":"","overlay-type":"","overlay-color":"","overlay-opacity":"","overlay-gradient":""}},"ast-content-background-meta":{"desktop":{"background-color":"var(--ast-global-color-4)","background-image":"","background-repeat":"repeat","background-position":"center center","background-size":"auto","background-attachment":"scroll","background-type":"","background-media":"","overlay-type":"","overlay-color":"","overlay-opacity":"","overlay-gradient":""},"tablet":{"background-color":"var(--ast-global-color-4)","background-image":"","background-repeat":"repeat","background-position":"center center","background-size":"auto","background-attachment":"scroll","background-type":"","background-media":"","overlay-type":"","overlay-color":"","overlay-opacity":"","overlay-gradient":""},"mobile":{"background-color":"var(--ast-global-color-4)","background-image":"","background-repeat":"repeat","background-position":"center center","background-size":"auto","background-attachment":"scroll","background-type":"","background-media":"","overlay-type":"","overlay-color":"","overlay-opacity":"","overlay-gradient":""}}},"product_brand":[],"product_cat":[54],"product_tag":[],"class_list":{"0":"post-567","1":"product","2":"type-product","3":"status-publish","4":"has-post-thumbnail","6":"product_cat-reed-diffuser-bottles","7":"desktop-align-left","8":"tablet-align-left","9":"mobile-align-left","11":"first","12":"instock","13":"shipping-taxable","14":"product-type-simple"},"jetpack_sharing_enabled":true,"_links":{"self":[{"href":"https:\/\/mostebglass.com\/es\/wp-json\/wp\/v2\/product\/567","targetHints":{"allow":["GET"]}}],"collection":[{"href":"https:\/\/mostebglass.com\/es\/wp-json\/wp\/v2\/product"}],"about":[{"href":"https:\/\/mostebglass.com\/es\/wp-json\/wp\/v2\/types\/product"}],"wp:featuredmedia":[{"embeddable":true,"href":"https:\/\/mostebglass.com\/es\/wp-json\/wp\/v2\/media\/4676"}],"wp:attachment":[{"href":"https:\/\/mostebglass.com\/es\/wp-json\/wp\/v2\/media?parent=567"}],"wp:term":[{"taxonomy":"product_brand","embeddable":true,"href":"https:\/\/mostebglass.com\/es\/wp-json\/wp\/v2\/product_brand?post=567"},{"taxonomy":"product_cat","embeddable":true,"href":"https:\/\/mostebglass.com\/es\/wp-json\/wp\/v2\/product_cat?post=567"},{"taxonomy":"product_tag","embeddable":true,"href":"https:\/\/mostebglass.com\/es\/wp-json\/wp\/v2\/product_tag?post=567"}],"curies":[{"name":"wp","href":"https:\/\/api.w.org\/{rel}","templated":true}]}}