{"id":585,"date":"2025-08-19T14:49:43","date_gmt":"2025-08-19T06:49:43","guid":{"rendered":"https:\/\/mostebglass.com\/?post_type=product&#038;p=585"},"modified":"2026-03-18T15:41:35","modified_gmt":"2026-03-18T07:41:35","slug":"aromatherapy-bottles-with-textured-glass-wholesale","status":"publish","type":"product","link":"https:\/\/mostebglass.com\/es\/aromatherapy-bottles-with-textured-glass-wholesale\/","title":{"rendered":"Frascos de aromaterapia de 50 ml y 100 ml con vidrio texturizado al por mayor"},"content":{"rendered":"<p>Presentamos nuestros frascos difusores, que tambi\u00e9n funcionan como atractivos frascos para aromaterapia. Fabricados con vidrio de alta calidad, estos frascos transparentes tienen un patr\u00f3n complejo y brillante que a\u00f1ade un toque de elegancia a tu espacio.<\/p>\n<h2>P\u0159izp\u016fsoben\u00e9 n\u00e1vrhy<\/h2>\n<ul>\n<li><strong>Dise\u00f1o de patr\u00f3n:<\/strong> Los patrones irregulares en la botella a\u00f1aden expansi\u00f3n y dimensiones, mejorando su atractivo est\u00e9tico.<\/li>\n<li><strong>Capacidad ideal 100 ml:<\/strong> El tama\u00f1o adecuado para el dormitorio, la oficina o un juego de regalo: disfrute de las semanas de fragancia.<\/li>\n<li><strong>Material transparente:<\/strong> Fabricado en vidrio transparente, el l\u00edquido difusor es claramente visible.<\/li>\n<\/ul>\n<h2>Caso de \u00e9xito<\/h2>\n<p>Nuestros frascos difusores de vidrio repujado fueron seleccionados por una marca de fragancias de nicho en Francia para su l\u00ednea de productos. El cliente indic\u00f3 una capacidad de llenado de 200 ml durante la fase de personalizaci\u00f3n y solicit\u00f3 que las texturas repujadas en el cuerpo del frasco fueran m\u00e1s pronunciadas; opt\u00f3 por un patr\u00f3n asim\u00e9trico con motivos punteados y en forma de medall\u00f3n para realzar el aspecto t\u00e1ctil del producto. Para ello, dise\u00f1amos una base de vidrio con peso para mejorar la estabilidad del frasco. El cliente tambi\u00e9n eligi\u00f3 varillas difusoras negras de fibra, de 28 cm de altura y hechas a medida, que se adaptan perfectamente a la l\u00ednea alta y estilizada del frasco.<\/p>\n<p>Tras su lanzamiento, la serie registr\u00f3 un crecimiento del 34 % en las ventas en tienda tan solo dos meses despu\u00e9s. Posteriormente, el cliente realiz\u00f3 tres pedidos al por mayor consecutivos, lo que les permiti\u00f3 ampliar su canal de distribuci\u00f3n a numerosas tiendas de regalos de alta gama en Europa.<\/p>\n<h2>\u00bfQuieres personalizarlo? Prueba estas ideas de personalizaci\u00f3n.<\/h2>\n<ul>\n<li>Intente personalizarlo con \u00e1mbar o rosa para lograr un ambiente moderno y misterioso.<\/li>\n<li>Fomente las visitas repetidas ofreciendo recambios de aceites esenciales para difusores de ca\u00f1a.<\/li>\n<li>Complemente su difusor de varillas con un cepillo de limpieza y un nuevo juego de difusor de varillas para obtener un \u201ckit de renovaci\u00f3n\u201d.<\/li>\n<li>A\u00f1ade un tap\u00f3n personalizado con el logotipo de tu marca: un peque\u00f1o detalle que a\u00f1ade un toque de identidad.<\/li>\n<\/ul>\n<p>Hemos ayudado a innumerables marcas a transformar simples difusores de vidrio en \u00e9xitos de ventas. \u00bfTu visi\u00f3n? Te ayudaremos a hacerla realidad, una botella texturizada a la vez.<\/p>","protected":false},"excerpt":{"rendered":"<p>Difusores de vidrio de alta calidad con frascos de aromaterapia para pedidos al por mayor B2B y empaques de fragancias personalizados. Muestras gratis.<\/p>","protected":false},"featured_media":4810,"template":"","meta":{"site-sidebar-layout":"default","site-content-layout":"","ast-site-content-layout":"default","site-content-style":"default","site-sidebar-style":"default","ast-global-header-display":"","ast-banner-title-visibility":"","ast-main-header-display":"","ast-hfb-above-header-display":"","ast-hfb-below-header-display":"","ast-hfb-mobile-header-display":"","site-post-title":"","ast-breadcrumbs-content":"","ast-featured-img":"","footer-sml-layout":"","theme-transparent-header-meta":"default","adv-header-id-meta":"","stick-header-meta":"","header-above-stick-meta":"","header-main-stick-meta":"","header-below-stick-meta":"","astra-migrate-meta-layouts":"set","ast-page-background-enabled":"default","ast-page-background-meta":{"desktop":{"background-color":"var(--ast-global-color-5)","background-image":"","background-repeat":"repeat","background-position":"center center","background-size":"auto","background-attachment":"scroll","background-type":"","background-media":"","overlay-type":"","overlay-color":"","overlay-opacity":"","overlay-gradient":""},"tablet":{"background-color":"","background-image":"","background-repeat":"repeat","background-position":"center center","background-size":"auto","background-attachment":"scroll","background-type":"","background-media":"","overlay-type":"","overlay-color":"","overlay-opacity":"","overlay-gradient":""},"mobile":{"background-color":"","background-image":"","background-repeat":"repeat","background-position":"center center","background-size":"auto","background-attachment":"scroll","background-type":"","background-media":"","overlay-type":"","overlay-color":"","overlay-opacity":"","overlay-gradient":""}},"ast-content-background-meta":{"desktop":{"background-color":"var(--ast-global-color-4)","background-image":"","background-repeat":"repeat","background-position":"center center","background-size":"auto","background-attachment":"scroll","background-type":"","background-media":"","overlay-type":"","overlay-color":"","overlay-opacity":"","overlay-gradient":""},"tablet":{"background-color":"var(--ast-global-color-4)","background-image":"","background-repeat":"repeat","background-position":"center center","background-size":"auto","background-attachment":"scroll","background-type":"","background-media":"","overlay-type":"","overlay-color":"","overlay-opacity":"","overlay-gradient":""},"mobile":{"background-color":"var(--ast-global-color-4)","background-image":"","background-repeat":"repeat","background-position":"center center","background-size":"auto","background-attachment":"scroll","background-type":"","background-media":"","overlay-type":"","overlay-color":"","overlay-opacity":"","overlay-gradient":""}}},"product_brand":[],"product_cat":[54],"product_tag":[],"class_list":{"0":"post-585","1":"product","2":"type-product","3":"status-publish","4":"has-post-thumbnail","6":"product_cat-reed-diffuser-bottles","7":"desktop-align-left","8":"tablet-align-left","9":"mobile-align-left","11":"first","12":"instock","13":"shipping-taxable","14":"product-type-simple"},"jetpack_sharing_enabled":true,"_links":{"self":[{"href":"https:\/\/mostebglass.com\/es\/wp-json\/wp\/v2\/product\/585","targetHints":{"allow":["GET"]}}],"collection":[{"href":"https:\/\/mostebglass.com\/es\/wp-json\/wp\/v2\/product"}],"about":[{"href":"https:\/\/mostebglass.com\/es\/wp-json\/wp\/v2\/types\/product"}],"wp:featuredmedia":[{"embeddable":true,"href":"https:\/\/mostebglass.com\/es\/wp-json\/wp\/v2\/media\/4810"}],"wp:attachment":[{"href":"https:\/\/mostebglass.com\/es\/wp-json\/wp\/v2\/media?parent=585"}],"wp:term":[{"taxonomy":"product_brand","embeddable":true,"href":"https:\/\/mostebglass.com\/es\/wp-json\/wp\/v2\/product_brand?post=585"},{"taxonomy":"product_cat","embeddable":true,"href":"https:\/\/mostebglass.com\/es\/wp-json\/wp\/v2\/product_cat?post=585"},{"taxonomy":"product_tag","embeddable":true,"href":"https:\/\/mostebglass.com\/es\/wp-json\/wp\/v2\/product_tag?post=585"}],"curies":[{"name":"wp","href":"https:\/\/api.w.org\/{rel}","templated":true}]}}