{"id":605,"date":"2025-08-19T16:29:46","date_gmt":"2025-08-19T08:29:46","guid":{"rendered":"https:\/\/mostebglass.com\/?post_type=product&#038;p=605"},"modified":"2026-03-16T10:50:15","modified_gmt":"2026-03-16T02:50:15","slug":"custom-reed-diffuser-glass-bottles-with-tree-shape-bulk","status":"publish","type":"product","link":"https:\/\/mostebglass.com\/es\/custom-reed-diffuser-glass-bottles-with-tree-shape-bulk\/","title":{"rendered":"Difusor de varillas personalizado de 98 ml, botellas de vidrio con forma de \u00e1rbol, venta al por mayor"},"content":{"rendered":"<p>Estas botellas de vidrio con difusor de varillas son m\u00e1s que una simple botella; son un s\u00edmbolo festivo hecho de vidrio. Su tama\u00f1o recuerda a un cl\u00e1sico \u00e1rbol de Navidad: los paneles triangulares se mueven lentamente hacia la base, creando un ambiente alegre y festivo. El tap\u00f3n se instala f\u00e1cilmente. Toda la botella est\u00e1 hecha de vidrio transparente de alta calidad, lo que permite que el aroma se disperse de forma natural.<\/p>\n<h2>P\u0159izp\u016fsoben\u00e9 n\u00e1vrhy<\/h2>\n<ul>\n<li><strong>Forma del \u00e1rbol de Navidad:<\/strong> La forma de \u00e1rbol de Navidad de la botella crea un ambiente festivo, perfecto para entornos con tem\u00e1tica navide\u00f1a.<\/li>\n<li><strong>Materiales transparentes:<\/strong> Hecho de vidrio transparente, el contenido del difusor es claramente visible, creando un ambiente limpio y fresco.<\/li>\n<li><strong>Estructura multinivel:<\/strong> La estructura triangular en capas de la botella crea una forma tridimensional \u00fanica que es altamente decorativa.<\/li>\n<\/ul>\n<h2>Estudio de caso: C\u00f3mo una marca captura con \u00e9xito la temporada navide\u00f1a<\/h2>\n<p>Una startup de fragancias para el hogar quer\u00eda lanzar una colecci\u00f3n navide\u00f1a de edici\u00f3n limitada. Eligieron nuestros frascos y difusores de varillas por su dise\u00f1o \u00fanico y atractivo. Les ayudamos a crear un efecto escarchado con efecto nieve, les a\u00f1adimos ramas de canela y los empaquetamos en cajas de regalo rojas, cerradas con lazos. En seis semanas, el producto se agot\u00f3. Los minoristas quedaron encantados con el dise\u00f1o innovador. Los clientes incluso conservan los frascos como objetos decorativos despu\u00e9s de usarlos. Ese es el poder del dise\u00f1o inteligente.<\/p>\n<h2>\u00bfQuieres intentar personalizar tus propias botellas de vidrio con difusor de varillas?<\/h2>\n<ul>\n<li>Pruebe con difusores de vidrio rojo o verde para agregar un toque moderno a su decoraci\u00f3n navide\u00f1a.<\/li>\n<li>Ofrecemos difusores sin perfume, lo que permite a los clientes crear sus propias mezclas de aceites esenciales.<\/li>\n<li>Combinados con nuestros difusores de varillas chapados en oro, constituyen el regalo perfecto.<\/li>\n<li>Agregue una etiqueta colgante con su marca para transformar su difusor en un recuerdo.<\/li>\n<\/ul>\n<p>Hemos ayudado a numerosas marcas a convertir sus exclusivas y elegantes botellas de vidrio para difusores de varillas en \u00e9xitos de ventas. \u00bfTienes una idea? Podemos ayudarte a hacerla realidad.<\/p>","protected":false},"excerpt":{"rendered":"<p>Botellas de vidrio para difusor de ca\u00f1a y botellas difusoras y ca\u00f1as al por mayor, perfectas para el envasado de fragancias a granel.<\/p>","protected":false},"featured_media":4766,"template":"","meta":{"site-sidebar-layout":"default","site-content-layout":"","ast-site-content-layout":"default","site-content-style":"default","site-sidebar-style":"default","ast-global-header-display":"","ast-banner-title-visibility":"","ast-main-header-display":"","ast-hfb-above-header-display":"","ast-hfb-below-header-display":"","ast-hfb-mobile-header-display":"","site-post-title":"","ast-breadcrumbs-content":"","ast-featured-img":"","footer-sml-layout":"","theme-transparent-header-meta":"default","adv-header-id-meta":"","stick-header-meta":"","header-above-stick-meta":"","header-main-stick-meta":"","header-below-stick-meta":"","astra-migrate-meta-layouts":"set","ast-page-background-enabled":"default","ast-page-background-meta":{"desktop":{"background-color":"var(--ast-global-color-5)","background-image":"","background-repeat":"repeat","background-position":"center center","background-size":"auto","background-attachment":"scroll","background-type":"","background-media":"","overlay-type":"","overlay-color":"","overlay-opacity":"","overlay-gradient":""},"tablet":{"background-color":"","background-image":"","background-repeat":"repeat","background-position":"center center","background-size":"auto","background-attachment":"scroll","background-type":"","background-media":"","overlay-type":"","overlay-color":"","overlay-opacity":"","overlay-gradient":""},"mobile":{"background-color":"","background-image":"","background-repeat":"repeat","background-position":"center center","background-size":"auto","background-attachment":"scroll","background-type":"","background-media":"","overlay-type":"","overlay-color":"","overlay-opacity":"","overlay-gradient":""}},"ast-content-background-meta":{"desktop":{"background-color":"var(--ast-global-color-4)","background-image":"","background-repeat":"repeat","background-position":"center center","background-size":"auto","background-attachment":"scroll","background-type":"","background-media":"","overlay-type":"","overlay-color":"","overlay-opacity":"","overlay-gradient":""},"tablet":{"background-color":"var(--ast-global-color-4)","background-image":"","background-repeat":"repeat","background-position":"center center","background-size":"auto","background-attachment":"scroll","background-type":"","background-media":"","overlay-type":"","overlay-color":"","overlay-opacity":"","overlay-gradient":""},"mobile":{"background-color":"var(--ast-global-color-4)","background-image":"","background-repeat":"repeat","background-position":"center center","background-size":"auto","background-attachment":"scroll","background-type":"","background-media":"","overlay-type":"","overlay-color":"","overlay-opacity":"","overlay-gradient":""}}},"product_brand":[],"product_cat":[54],"product_tag":[],"class_list":{"0":"post-605","1":"product","2":"type-product","3":"status-publish","4":"has-post-thumbnail","6":"product_cat-reed-diffuser-bottles","7":"desktop-align-left","8":"tablet-align-left","9":"mobile-align-left","11":"first","12":"instock","13":"shipping-taxable","14":"product-type-simple"},"jetpack_sharing_enabled":true,"_links":{"self":[{"href":"https:\/\/mostebglass.com\/es\/wp-json\/wp\/v2\/product\/605","targetHints":{"allow":["GET"]}}],"collection":[{"href":"https:\/\/mostebglass.com\/es\/wp-json\/wp\/v2\/product"}],"about":[{"href":"https:\/\/mostebglass.com\/es\/wp-json\/wp\/v2\/types\/product"}],"wp:featuredmedia":[{"embeddable":true,"href":"https:\/\/mostebglass.com\/es\/wp-json\/wp\/v2\/media\/4766"}],"wp:attachment":[{"href":"https:\/\/mostebglass.com\/es\/wp-json\/wp\/v2\/media?parent=605"}],"wp:term":[{"taxonomy":"product_brand","embeddable":true,"href":"https:\/\/mostebglass.com\/es\/wp-json\/wp\/v2\/product_brand?post=605"},{"taxonomy":"product_cat","embeddable":true,"href":"https:\/\/mostebglass.com\/es\/wp-json\/wp\/v2\/product_cat?post=605"},{"taxonomy":"product_tag","embeddable":true,"href":"https:\/\/mostebglass.com\/es\/wp-json\/wp\/v2\/product_tag?post=605"}],"curies":[{"name":"wp","href":"https:\/\/api.w.org\/{rel}","templated":true}]}}