{"id":609,"date":"2025-08-20T08:49:46","date_gmt":"2025-08-20T00:49:46","guid":{"rendered":"https:\/\/mostebglass.com\/?post_type=product&#038;p=609"},"modified":"2026-03-06T16:04:26","modified_gmt":"2026-03-06T08:04:26","slug":"curved-diffuser-glass-bottles-with-sticks-bulk","status":"publish","type":"product","link":"https:\/\/mostebglass.com\/es\/curved-diffuser-glass-bottles-with-sticks-bulk\/","title":{"rendered":"Botellas de vidrio con difusor curvo de 40 ml y 50 ml con varillas a granel"},"content":{"rendered":"<p>Ya sea que busque una nueva colecci\u00f3n de fragancias o ampliarla, este difusor de vidrio es perfecto para usted. Su forma suave y redondeada y sus l\u00edneas fluidas facilitan la inserci\u00f3n de la varilla, mientras que su base plana garantiza estabilidad y realza su atractivo visual.<\/p>\n<h2>P\u0159izp\u016fsoben\u00e9 n\u00e1vrhy<\/h2>\n<ul>\n<li><strong>Vidrio de alta calidad:<\/strong> Nuestro vidrio difusor est\u00e1 hecho de materiales duraderos y altamente transparentes que evitan el enturbiamiento y preservan la integridad de la fragancia.<\/li>\n<li><strong>Dise\u00f1ado para Defuser Stick:<\/strong> Una abertura ligeramente amplia se adapta perfectamente al difusor de lectura est\u00e1ndar, lo que garantiza una proliferaci\u00f3n suave del aceite esencial sin derrames ni obstrucciones.<\/li>\n<li><strong>Mejores l\u00edneas:<\/strong> Las l\u00edneas suaves de la botella a\u00f1aden profundidad y dise\u00f1o al dise\u00f1o, realzando su belleza.<\/li>\n<\/ul>\n<h2>\u00c9xito verdadero: c\u00f3mo una marca duplic\u00f3 su impacto en el comercio minorista<\/h2>\n<p>Una marca de muebles para el hogar estaba a punto de lanzar una nueva l\u00ednea de frascos para aromaterapia, pero se encontraba con dificultades con un empaque soso. Eligieron nuestro difusor de vidrio y lo actualizaron con varillas negras mate con punta dorada. Tambi\u00e9n a\u00f1adimos un tap\u00f3n magn\u00e9tico personalizado y un empaque minimalista. \u00bfEl resultado? Sus productos destacaron en tiendas de regalos y boutiques. Los minoristas informaron que las compras impulsivas se duplicaron en tres meses. Estos elegantes difusores de vidrio son m\u00e1s que simples aceites esenciales: rezuman lujo.<\/p>\n<h2>Sus opciones de personalizaci\u00f3n:<\/h2>\n<ul>\n<li>Acabado: Pruebe el chorro de arena para obtener un efecto esmerilado o la serigraf\u00eda para obtener colores llamativos.<\/li>\n<li>Tap\u00f3n\/Tope: Cambia los tapones est\u00e1ndar por tapones de madera, bamb\u00fa o metal. Los tapones con marca realzan a\u00fan m\u00e1s la identidad de tu marca.<\/li>\n<li>Color de la botella: Opte por algo m\u00e1s que transparente. Pruebe con un azul suave, verde salvia o un negro intenso para complementar la fragancia de temporada.<\/li>\n<li>Logotipo: grabado l\u00e1ser, etiquetado o estampado en caliente: elija el logotipo que se adapte al tono de su marca.<\/li>\n<li>Tama\u00f1o: \u00bfNecesitas un tama\u00f1o m\u00e1s peque\u00f1o? El frasco de 40 ml es perfecto para sets de viaje o muestras.<\/li>\n<\/ul>\n<p>Estos difusores con varillas son m\u00e1s que una simple fragancia; son la imagen de tu marca, el primer punto de contacto con las personas y la raz\u00f3n por la que eligen tu difusor. Perm\u00edtenos ayudarte a crear tu pr\u00f3ximo \u00e9xito de ventas. T\u00fa pones el aroma, nosotros creamos la imagen.<\/p>","protected":false},"excerpt":{"rendered":"<p>Botellas difusoras de vidrio con varillas al por mayor, ideales para aromas, spa y fragancias para el hogar. Muestras gratuitas y personalizaci\u00f3n al por mayor.<\/p>","protected":false},"featured_media":4647,"template":"","meta":{"site-sidebar-layout":"default","site-content-layout":"","ast-site-content-layout":"default","site-content-style":"default","site-sidebar-style":"default","ast-global-header-display":"","ast-banner-title-visibility":"","ast-main-header-display":"","ast-hfb-above-header-display":"","ast-hfb-below-header-display":"","ast-hfb-mobile-header-display":"","site-post-title":"","ast-breadcrumbs-content":"","ast-featured-img":"","footer-sml-layout":"","theme-transparent-header-meta":"default","adv-header-id-meta":"","stick-header-meta":"","header-above-stick-meta":"","header-main-stick-meta":"","header-below-stick-meta":"","astra-migrate-meta-layouts":"set","ast-page-background-enabled":"default","ast-page-background-meta":{"desktop":{"background-color":"var(--ast-global-color-5)","background-image":"","background-repeat":"repeat","background-position":"center center","background-size":"auto","background-attachment":"scroll","background-type":"","background-media":"","overlay-type":"","overlay-color":"","overlay-opacity":"","overlay-gradient":""},"tablet":{"background-color":"","background-image":"","background-repeat":"repeat","background-position":"center center","background-size":"auto","background-attachment":"scroll","background-type":"","background-media":"","overlay-type":"","overlay-color":"","overlay-opacity":"","overlay-gradient":""},"mobile":{"background-color":"","background-image":"","background-repeat":"repeat","background-position":"center center","background-size":"auto","background-attachment":"scroll","background-type":"","background-media":"","overlay-type":"","overlay-color":"","overlay-opacity":"","overlay-gradient":""}},"ast-content-background-meta":{"desktop":{"background-color":"var(--ast-global-color-4)","background-image":"","background-repeat":"repeat","background-position":"center center","background-size":"auto","background-attachment":"scroll","background-type":"","background-media":"","overlay-type":"","overlay-color":"","overlay-opacity":"","overlay-gradient":""},"tablet":{"background-color":"var(--ast-global-color-4)","background-image":"","background-repeat":"repeat","background-position":"center center","background-size":"auto","background-attachment":"scroll","background-type":"","background-media":"","overlay-type":"","overlay-color":"","overlay-opacity":"","overlay-gradient":""},"mobile":{"background-color":"var(--ast-global-color-4)","background-image":"","background-repeat":"repeat","background-position":"center center","background-size":"auto","background-attachment":"scroll","background-type":"","background-media":"","overlay-type":"","overlay-color":"","overlay-opacity":"","overlay-gradient":""}}},"product_brand":[],"product_cat":[54],"product_tag":[],"class_list":{"0":"post-609","1":"product","2":"type-product","3":"status-publish","4":"has-post-thumbnail","6":"product_cat-reed-diffuser-bottles","7":"desktop-align-left","8":"tablet-align-left","9":"mobile-align-left","11":"first","12":"instock","13":"shipping-taxable","14":"product-type-simple"},"jetpack_sharing_enabled":true,"_links":{"self":[{"href":"https:\/\/mostebglass.com\/es\/wp-json\/wp\/v2\/product\/609","targetHints":{"allow":["GET"]}}],"collection":[{"href":"https:\/\/mostebglass.com\/es\/wp-json\/wp\/v2\/product"}],"about":[{"href":"https:\/\/mostebglass.com\/es\/wp-json\/wp\/v2\/types\/product"}],"wp:featuredmedia":[{"embeddable":true,"href":"https:\/\/mostebglass.com\/es\/wp-json\/wp\/v2\/media\/4647"}],"wp:attachment":[{"href":"https:\/\/mostebglass.com\/es\/wp-json\/wp\/v2\/media?parent=609"}],"wp:term":[{"taxonomy":"product_brand","embeddable":true,"href":"https:\/\/mostebglass.com\/es\/wp-json\/wp\/v2\/product_brand?post=609"},{"taxonomy":"product_cat","embeddable":true,"href":"https:\/\/mostebglass.com\/es\/wp-json\/wp\/v2\/product_cat?post=609"},{"taxonomy":"product_tag","embeddable":true,"href":"https:\/\/mostebglass.com\/es\/wp-json\/wp\/v2\/product_tag?post=609"}],"curies":[{"name":"wp","href":"https:\/\/api.w.org\/{rel}","templated":true}]}}