{"id":614,"date":"2025-08-20T09:16:39","date_gmt":"2025-08-20T01:16:39","guid":{"rendered":"https:\/\/mostebglass.com\/?post_type=product&#038;p=614"},"modified":"2026-03-13T16:12:21","modified_gmt":"2026-03-13T08:12:21","slug":"vaso-difusor-carrizo-vacio-de-150-ml-con-relieve-retro","status":"publish","type":"product","link":"https:\/\/mostebglass.com\/es\/150ml-empty-reed-diffuser-glassware-with-retro-relief\/","title":{"rendered":"Difusor de varillas vac\u00edo de 150 ml con dise\u00f1o retro en relieve (a granel)"},"content":{"rendered":"<p>Este difusor de ca\u00f1a hueca destaca por su silueta suave y redondeada y su elegante dise\u00f1o. La botella de vidrio transparente crea una textura sofisticada: un patr\u00f3n circular en relieve la envuelve, aportando un toque vintage. Un cl\u00e1sico que a\u00fan conserva su belleza moderna.<\/p>\n<h2>P\u0159izp\u016fsoben\u00e9 n\u00e1vrhy<\/h2>\n<ul>\n<li><strong>Artesan\u00eda de primera calidad:<\/strong> Nuestro vidrio difusor est\u00e1 dise\u00f1ado con vidrio transparente de alta calidad que evita que se enturbie y garantiza que el aceite difusor que lea se vea vivo en cualquier estante.<\/li>\n<li><strong>Dise\u00f1o inteligente y resistente a fugas:<\/strong> La boca ancha se ajusta perfectamente a las varillas difusoras est\u00e1ndar y el borde liso funciona con la mayor\u00eda de los tapones o tapas decorativas: sin dispersi\u00f3n sucia, solo dispersi\u00f3n limpia.<\/li>\n<li><strong>Ecol\u00f3gico y reutilizable:<\/strong> Al ser un difusor de varillas vac\u00edo, anima a los clientes a rellenarlo. Esto se traduce en ventas recurrentes para ti y menos residuos para el planeta. Una situaci\u00f3n beneficiosa para todos.<\/li>\n<\/ul>\n<h2>Historia de \u00e9xito<\/h2>\n<p>Una marca boutique de aromaterapia nos contact\u00f3 buscando botellas difusoras al por mayor que combinaran con sus aceites artesanales. Optaron por nuestro modelo redondo de 150 ml, con un suave tono \u00e1mbar para el vidrio y su logotipo grabado con l\u00e1ser. \u00bfEl resultado? Sus sets de difusores de varillas experimentaron un aumento del 30% en las ventas, y los clientes elogiaron la &#034;sensaci\u00f3n de lujo&#034; de la cristaler\u00eda personalizada. Se convirti\u00f3 en su l\u00ednea m\u00e1s vendida en tres meses.<\/p>\n<h2>Consejos de personalizaci\u00f3n<\/h2>\n<ul>\n<li>Artesan\u00eda: para exponer la vibra \u00fanica de su marca, seleccione Cortes, relieve o serigraf\u00eda para conectar la textura.<\/li>\n<li>Tapas y Tapones: Comb\u00ednalo con tapones de madera, cer\u00e1mica o metal; tambi\u00e9n podemos combinar el color del tap\u00f3n con la paleta de tu marca.<\/li>\n<li>Color de la botella: vaya m\u00e1s all\u00e1 del transparente: use tonos pasteles, grises ahumados o acabados esmerilados para darle vida a sus botellas de aromaterapia.<\/li>\n<li>Ajuste de tama\u00f1o: si bien hay un est\u00e1ndar de 150 ml, podemos hacer doce dimensiones para pedidos al por mayor (m\u00ednimo 1000 unidades).<\/li>\n<li>Logotipo: Ofrecemos serigraf\u00eda, estampaci\u00f3n en caliente o makashi. Tu logotipo, tus reglas.<\/li>\n<\/ul>\n<p>\u00bfListo para mejorar tu colecci\u00f3n de difusores de ca\u00f1a? Cont\u00e1ctanos hoy mismo para hablar sobre pedidos al por mayor o dise\u00f1os personalizados.<\/p>","protected":false},"excerpt":{"rendered":"<p>Cristaler\u00eda de difusor de varillas vac\u00edas de alta calidad con opciones de difusor de varillas vac\u00edas, perfecta para las industrias de aromas, spa y decoraci\u00f3n del hogar a granel.<\/p>","protected":false},"featured_media":4759,"template":"","meta":{"site-sidebar-layout":"default","site-content-layout":"","ast-site-content-layout":"default","site-content-style":"default","site-sidebar-style":"default","ast-global-header-display":"","ast-banner-title-visibility":"","ast-main-header-display":"","ast-hfb-above-header-display":"","ast-hfb-below-header-display":"","ast-hfb-mobile-header-display":"","site-post-title":"","ast-breadcrumbs-content":"","ast-featured-img":"","footer-sml-layout":"","theme-transparent-header-meta":"default","adv-header-id-meta":"","stick-header-meta":"","header-above-stick-meta":"","header-main-stick-meta":"","header-below-stick-meta":"","astra-migrate-meta-layouts":"set","ast-page-background-enabled":"default","ast-page-background-meta":{"desktop":{"background-color":"var(--ast-global-color-5)","background-image":"","background-repeat":"repeat","background-position":"center center","background-size":"auto","background-attachment":"scroll","background-type":"","background-media":"","overlay-type":"","overlay-color":"","overlay-opacity":"","overlay-gradient":""},"tablet":{"background-color":"","background-image":"","background-repeat":"repeat","background-position":"center center","background-size":"auto","background-attachment":"scroll","background-type":"","background-media":"","overlay-type":"","overlay-color":"","overlay-opacity":"","overlay-gradient":""},"mobile":{"background-color":"","background-image":"","background-repeat":"repeat","background-position":"center center","background-size":"auto","background-attachment":"scroll","background-type":"","background-media":"","overlay-type":"","overlay-color":"","overlay-opacity":"","overlay-gradient":""}},"ast-content-background-meta":{"desktop":{"background-color":"var(--ast-global-color-4)","background-image":"","background-repeat":"repeat","background-position":"center center","background-size":"auto","background-attachment":"scroll","background-type":"","background-media":"","overlay-type":"","overlay-color":"","overlay-opacity":"","overlay-gradient":""},"tablet":{"background-color":"var(--ast-global-color-4)","background-image":"","background-repeat":"repeat","background-position":"center center","background-size":"auto","background-attachment":"scroll","background-type":"","background-media":"","overlay-type":"","overlay-color":"","overlay-opacity":"","overlay-gradient":""},"mobile":{"background-color":"var(--ast-global-color-4)","background-image":"","background-repeat":"repeat","background-position":"center center","background-size":"auto","background-attachment":"scroll","background-type":"","background-media":"","overlay-type":"","overlay-color":"","overlay-opacity":"","overlay-gradient":""}}},"product_brand":[],"product_cat":[54],"product_tag":[],"class_list":{"0":"post-614","1":"product","2":"type-product","3":"status-publish","4":"has-post-thumbnail","6":"product_cat-reed-diffuser-bottles","7":"desktop-align-left","8":"tablet-align-left","9":"mobile-align-left","11":"first","12":"instock","13":"shipping-taxable","14":"product-type-simple"},"jetpack_sharing_enabled":true,"_links":{"self":[{"href":"https:\/\/mostebglass.com\/es\/wp-json\/wp\/v2\/product\/614","targetHints":{"allow":["GET"]}}],"collection":[{"href":"https:\/\/mostebglass.com\/es\/wp-json\/wp\/v2\/product"}],"about":[{"href":"https:\/\/mostebglass.com\/es\/wp-json\/wp\/v2\/types\/product"}],"wp:featuredmedia":[{"embeddable":true,"href":"https:\/\/mostebglass.com\/es\/wp-json\/wp\/v2\/media\/4759"}],"wp:attachment":[{"href":"https:\/\/mostebglass.com\/es\/wp-json\/wp\/v2\/media?parent=614"}],"wp:term":[{"taxonomy":"product_brand","embeddable":true,"href":"https:\/\/mostebglass.com\/es\/wp-json\/wp\/v2\/product_brand?post=614"},{"taxonomy":"product_cat","embeddable":true,"href":"https:\/\/mostebglass.com\/es\/wp-json\/wp\/v2\/product_cat?post=614"},{"taxonomy":"product_tag","embeddable":true,"href":"https:\/\/mostebglass.com\/es\/wp-json\/wp\/v2\/product_tag?post=614"}],"curies":[{"name":"wp","href":"https:\/\/api.w.org\/{rel}","templated":true}]}}