{"id":619,"date":"2025-08-20T09:30:06","date_gmt":"2025-08-20T01:30:06","guid":{"rendered":"https:\/\/mostebglass.com\/?post_type=product&#038;p=619"},"modified":"2026-03-04T14:14:37","modified_gmt":"2026-03-04T06:14:37","slug":"clear-reed-diffuser-bottles-with-diamond-texture-bulk","status":"publish","type":"product","link":"https:\/\/mostebglass.com\/es\/clear-reed-diffuser-bottles-with-diamond-texture-bulk\/","title":{"rendered":"Botellas difusoras de varillas transparentes con textura de diamante (100 ml y 200 ml)"},"content":{"rendered":"<p>El frasco transparente para difusor de varillas tiene una silueta esf\u00e9rica redondeada, con un grabado en relieve de diamante en toda su superficie. La superficie texturizada aumenta la reflexi\u00f3n de la luz, d\u00e1ndole un aspecto sofisticado y decorativo. El frasco tambi\u00e9n cuenta con un collar dorado met\u00e1lico que fija las varillas del difusor y le da un aspecto de alta gama. El amplio orificio facilita el llenado de aceites perfumados y permite colocar varias varillas en su lugar. El frasco est\u00e1 hecho de vidrio transparente de alta densidad para una larga duraci\u00f3n y su transparencia permite reflejar el contenido del l\u00edquido.<\/p>\n<h2>P\u0159izp\u016fsoben\u00e9 n\u00e1vrhy<\/h2>\n<ul>\n<li><strong>Patr\u00f3n de diamante:<\/strong> La botella est\u00e1 cubierta con un patr\u00f3n de diamantes, que agrega expansi\u00f3n y dimensiones, realzando su belleza.<\/li>\n<li><strong>Dos tama\u00f1os, un dise\u00f1o:<\/strong> Seleccione dos difusores de leng\u00fceta transparentes: de 100 ml y de 200 ml. Su elegante dise\u00f1o y calidad ofrecen un valor a\u00f1adido a sus clientes.<\/li>\n<li><strong>Forma de la columna:<\/strong> La forma circular de la botella y sus l\u00edneas suaves y redondas crean un dise\u00f1o \u00fanico y art\u00edstico que destaca cuando se exhibe.<\/li>\n<\/ul>\n<h2>C\u00f3mo una marca duplic\u00f3 los pedidos repetidos<\/h2>\n<p>Una startup de fragancias para el hogar quer\u00eda que su difusor destacara, as\u00ed que eligi\u00f3 nuestros difusores esf\u00e9ricos de 200 ml con varillas, con un dise\u00f1o audaz: vidrio verde esmeralda intenso (colores personalizables disponibles), ribete de ca\u00f1a natural y tap\u00f3n de aluminio dorado. Serigrafiaron su logotipo minimalista en la parte frontal del frasco. \u00bfEl resultado? En cuatro meses, su tasa de recompra se dispar\u00f3 un 70 %. Los clientes conservaron el frasco mucho despu\u00e9s de terminar de usar los difusores con varillas. Muchos comentaron que parec\u00eda una pieza decorativa.<\/p>\n<h2>Consejos de personalizaci\u00f3n<\/h2>\n<ul>\n<li>Para lograr un aspecto integrado, combine el color de la botella con el tono de su aceite difusor de ca\u00f1a.<\/li>\n<li>Agregue su logotipo al tap\u00f3n de la botella para darle un toque individual y mejorar el reconocimiento de su marca.<\/li>\n<li>Complemento con embalaje desinstalable personalizado para una experiencia de desempaquetado premium.<\/li>\n<\/ul>\n<p>Estos difusores de varillas transparentes son m\u00e1s que simples recipientes; son dispositivos que realzan sus productos de aromaterapia. Ya sea que necesite un volumen grande para satisfacer las necesidades de su negocio o una pieza \u00fanica y personalizada para una l\u00ednea de productos espec\u00edfica, ofrecen estilo y funcionalidad.<\/p>","protected":false},"excerpt":{"rendered":"<p>Compra difusores premium con varillas y botellas transparentes para difusores de varillas, ideales para aromatizar tu hogar y para mayoristas. Obt\u00e9n una muestra gratis.<\/p>","protected":false},"featured_media":4600,"template":"","meta":{"site-sidebar-layout":"default","site-content-layout":"","ast-site-content-layout":"default","site-content-style":"default","site-sidebar-style":"default","ast-global-header-display":"","ast-banner-title-visibility":"","ast-main-header-display":"","ast-hfb-above-header-display":"","ast-hfb-below-header-display":"","ast-hfb-mobile-header-display":"","site-post-title":"","ast-breadcrumbs-content":"","ast-featured-img":"","footer-sml-layout":"","theme-transparent-header-meta":"default","adv-header-id-meta":"","stick-header-meta":"","header-above-stick-meta":"","header-main-stick-meta":"","header-below-stick-meta":"","astra-migrate-meta-layouts":"set","ast-page-background-enabled":"default","ast-page-background-meta":{"desktop":{"background-color":"var(--ast-global-color-5)","background-image":"","background-repeat":"repeat","background-position":"center center","background-size":"auto","background-attachment":"scroll","background-type":"","background-media":"","overlay-type":"","overlay-color":"","overlay-opacity":"","overlay-gradient":""},"tablet":{"background-color":"","background-image":"","background-repeat":"repeat","background-position":"center center","background-size":"auto","background-attachment":"scroll","background-type":"","background-media":"","overlay-type":"","overlay-color":"","overlay-opacity":"","overlay-gradient":""},"mobile":{"background-color":"","background-image":"","background-repeat":"repeat","background-position":"center center","background-size":"auto","background-attachment":"scroll","background-type":"","background-media":"","overlay-type":"","overlay-color":"","overlay-opacity":"","overlay-gradient":""}},"ast-content-background-meta":{"desktop":{"background-color":"var(--ast-global-color-4)","background-image":"","background-repeat":"repeat","background-position":"center center","background-size":"auto","background-attachment":"scroll","background-type":"","background-media":"","overlay-type":"","overlay-color":"","overlay-opacity":"","overlay-gradient":""},"tablet":{"background-color":"var(--ast-global-color-4)","background-image":"","background-repeat":"repeat","background-position":"center center","background-size":"auto","background-attachment":"scroll","background-type":"","background-media":"","overlay-type":"","overlay-color":"","overlay-opacity":"","overlay-gradient":""},"mobile":{"background-color":"var(--ast-global-color-4)","background-image":"","background-repeat":"repeat","background-position":"center center","background-size":"auto","background-attachment":"scroll","background-type":"","background-media":"","overlay-type":"","overlay-color":"","overlay-opacity":"","overlay-gradient":""}}},"product_brand":[],"product_cat":[54],"product_tag":[],"class_list":{"0":"post-619","1":"product","2":"type-product","3":"status-publish","4":"has-post-thumbnail","6":"product_cat-reed-diffuser-bottles","7":"desktop-align-left","8":"tablet-align-left","9":"mobile-align-left","11":"first","12":"instock","13":"shipping-taxable","14":"product-type-simple"},"jetpack_sharing_enabled":true,"_links":{"self":[{"href":"https:\/\/mostebglass.com\/es\/wp-json\/wp\/v2\/product\/619","targetHints":{"allow":["GET"]}}],"collection":[{"href":"https:\/\/mostebglass.com\/es\/wp-json\/wp\/v2\/product"}],"about":[{"href":"https:\/\/mostebglass.com\/es\/wp-json\/wp\/v2\/types\/product"}],"wp:featuredmedia":[{"embeddable":true,"href":"https:\/\/mostebglass.com\/es\/wp-json\/wp\/v2\/media\/4600"}],"wp:attachment":[{"href":"https:\/\/mostebglass.com\/es\/wp-json\/wp\/v2\/media?parent=619"}],"wp:term":[{"taxonomy":"product_brand","embeddable":true,"href":"https:\/\/mostebglass.com\/es\/wp-json\/wp\/v2\/product_brand?post=619"},{"taxonomy":"product_cat","embeddable":true,"href":"https:\/\/mostebglass.com\/es\/wp-json\/wp\/v2\/product_cat?post=619"},{"taxonomy":"product_tag","embeddable":true,"href":"https:\/\/mostebglass.com\/es\/wp-json\/wp\/v2\/product_tag?post=619"}],"curies":[{"name":"wp","href":"https:\/\/api.w.org\/{rel}","templated":true}]}}