{"id":628,"date":"2025-08-20T11:11:44","date_gmt":"2025-08-20T03:11:44","guid":{"rendered":"https:\/\/mostebglass.com\/?post_type=product&#038;p=628"},"modified":"2026-03-25T16:04:07","modified_gmt":"2026-03-25T08:04:07","slug":"small-transparent-tealight-cups-bulk","status":"publish","type":"product","link":"https:\/\/mostebglass.com\/es\/small-transparent-tealight-cups-bulk\/","title":{"rendered":"Vasitos peque\u00f1os transparentes de 25 ml para velas de t\u00e9 (paquete a granel)"},"content":{"rendered":"<p>\u00bfBusca portavelas de alta calidad que combinen funcionalidad y estilo? Nuestros tarros de cristal para velas a granel son la opci\u00f3n ideal para su marca. Dise\u00f1ados para ofrecer estabilidad, transparencia y adaptabilidad, estos recipientes son perfectos para la producci\u00f3n mayorista de velas o para el envasado al por menor.<\/p>\n<h2>P\u0159izp\u016fsoben\u00e9 n\u00e1vrhy<\/h2>\n<ul>\n<li><strong>Fabricaci\u00f3n de vidrio resistente al calor: <\/strong>Fabricadas en vidrio, estas tazas Chaiti no presentan problemas de grietas ni de desintegraci\u00f3n durante una combusti\u00f3n prolongada; son ideales para minoristas de velas a granel y organizadores de eventos.<\/li>\n<li><strong>Apilables para optimizar el espacio: <\/strong>Su forma cil\u00edndrica y discreta permite que el recipiente Telleight se mantenga seguro en el embalaje. Reduce los costos de env\u00edo y el espacio de almacenamiento; ideal para la venta al por mayor de frascos de velas en tama\u00f1os grandes.<\/li>\n<\/ul>\n<h2>Especificaciones clave<\/h2>\n<table style=\"border-collapse: collapse; width: 80%; margin-left: auto; margin-right: auto;\" border=\"0\" width=\"144\" cellspacing=\"0\" cellpadding=\"0\">\n<tbody>\n<tr style=\"height: 13.50pt;\">\n<td style=\"height: 13.50pt; width: 54.00pt;\" width=\"72\" height=\"18\">Caracter\u00edstica<\/td>\n<td style=\"width: 54.00pt;\" width=\"72\">Detalles<\/td>\n<\/tr>\n<tr style=\"height: 13.50pt;\">\n<td style=\"height: 13.50pt;\" height=\"18\">Capacidad<\/td>\n<td>25 ml<\/td>\n<\/tr>\n<tr style=\"height: 13.50pt;\">\n<td style=\"height: 13.50pt;\" height=\"18\">Dimensiones<\/td>\n<td>46*44*26 mm<\/td>\n<\/tr>\n<tr style=\"height: 13.50pt;\">\n<td style=\"height: 13.50pt;\" height=\"18\">Peso<\/td>\n<td>50 g<\/td>\n<\/tr>\n<tr style=\"height: 13.50pt;\">\n<td style=\"height: 13.50pt;\" height=\"18\">Opciones de color<\/td>\n<td>Vidrio transparente o tintado a medida<\/td>\n<\/tr>\n<\/tbody>\n<\/table>\n<h2>Caso de \u00e9xito<\/h2>\n<p>Nuestros portavelas fueron distribuidos por un distribuidor de velas en Espa\u00f1a como parte de una promoci\u00f3n de temporada. Los portavelas contaban con un recubrimiento de colores semitransparentes aplicado mediante un proceso de recocido, lo que permit\u00eda una baja difusi\u00f3n de la luz y, a la vez, uniformidad entre los lotes. Adem\u00e1s, se dise\u00f1aron con bandejas apilables y separadores protectores para optimizar el transporte y reducir las roturas durante los env\u00edos a granel.<\/p>\n<p>Su nueva l\u00ednea de velas peque\u00f1as aument\u00f3 sus ventas en un 34 por ciento en tan solo 5 semanas y desde entonces han encargado un segundo lote de m\u00e1s de 100.000 unidades.<\/p>\n<h2>Consejos de adaptaci\u00f3n para ti<\/h2>\n<ol>\n<li><strong>Opciones de recubrimiento de color:<\/strong> A\u00f1ade un acabado transl\u00facido, esmerilado, met\u00e1lico o degradado para producir diversos efectos de iluminaci\u00f3n en la vela cuando est\u00e9 encendida.<\/li>\n<li><strong>Imagen de marca del logotipo:<\/strong> Incorpore serigraf\u00eda, calcoman\u00edas o identificaciones en relieve en la superficie del vidrio que se utilizar\u00e1n como marca.<\/li>\n<li><strong>Opciones de tapa\/cubierta:<\/strong> Ofrezca tapas de pl\u00e1stico, metal o papel para cubrir el polvo y mejorar la presentaci\u00f3n de los productos en los puntos de venta.<\/li>\n<\/ol>","protected":false},"excerpt":{"rendered":"<p>Descubre vasos para velas de t\u00e9 resistentes al por mayor a precios competitivos. Perfectos para velas de lujo, personalizaci\u00f3n de marca y pedidos al por mayor.<\/p>","protected":false},"featured_media":4918,"template":"","meta":{"site-sidebar-layout":"default","site-content-layout":"","ast-site-content-layout":"default","site-content-style":"default","site-sidebar-style":"default","ast-global-header-display":"","ast-banner-title-visibility":"","ast-main-header-display":"","ast-hfb-above-header-display":"","ast-hfb-below-header-display":"","ast-hfb-mobile-header-display":"","site-post-title":"","ast-breadcrumbs-content":"","ast-featured-img":"","footer-sml-layout":"","theme-transparent-header-meta":"default","adv-header-id-meta":"","stick-header-meta":"","header-above-stick-meta":"","header-main-stick-meta":"","header-below-stick-meta":"","astra-migrate-meta-layouts":"set","ast-page-background-enabled":"default","ast-page-background-meta":{"desktop":{"background-color":"var(--ast-global-color-5)","background-image":"","background-repeat":"repeat","background-position":"center center","background-size":"auto","background-attachment":"scroll","background-type":"","background-media":"","overlay-type":"","overlay-color":"","overlay-opacity":"","overlay-gradient":""},"tablet":{"background-color":"","background-image":"","background-repeat":"repeat","background-position":"center center","background-size":"auto","background-attachment":"scroll","background-type":"","background-media":"","overlay-type":"","overlay-color":"","overlay-opacity":"","overlay-gradient":""},"mobile":{"background-color":"","background-image":"","background-repeat":"repeat","background-position":"center center","background-size":"auto","background-attachment":"scroll","background-type":"","background-media":"","overlay-type":"","overlay-color":"","overlay-opacity":"","overlay-gradient":""}},"ast-content-background-meta":{"desktop":{"background-color":"var(--ast-global-color-4)","background-image":"","background-repeat":"repeat","background-position":"center center","background-size":"auto","background-attachment":"scroll","background-type":"","background-media":"","overlay-type":"","overlay-color":"","overlay-opacity":"","overlay-gradient":""},"tablet":{"background-color":"var(--ast-global-color-4)","background-image":"","background-repeat":"repeat","background-position":"center center","background-size":"auto","background-attachment":"scroll","background-type":"","background-media":"","overlay-type":"","overlay-color":"","overlay-opacity":"","overlay-gradient":""},"mobile":{"background-color":"var(--ast-global-color-4)","background-image":"","background-repeat":"repeat","background-position":"center center","background-size":"auto","background-attachment":"scroll","background-type":"","background-media":"","overlay-type":"","overlay-color":"","overlay-opacity":"","overlay-gradient":""}}},"product_brand":[],"product_cat":[28,21],"product_tag":[],"class_list":{"0":"post-628","1":"product","2":"type-product","3":"status-publish","4":"has-post-thumbnail","6":"product_cat-glass-candle-jars","7":"product_cat-product","8":"desktop-align-left","9":"tablet-align-left","10":"mobile-align-left","12":"first","13":"instock","14":"shipping-taxable","15":"product-type-simple"},"jetpack_sharing_enabled":true,"_links":{"self":[{"href":"https:\/\/mostebglass.com\/es\/wp-json\/wp\/v2\/product\/628","targetHints":{"allow":["GET"]}}],"collection":[{"href":"https:\/\/mostebglass.com\/es\/wp-json\/wp\/v2\/product"}],"about":[{"href":"https:\/\/mostebglass.com\/es\/wp-json\/wp\/v2\/types\/product"}],"wp:featuredmedia":[{"embeddable":true,"href":"https:\/\/mostebglass.com\/es\/wp-json\/wp\/v2\/media\/4918"}],"wp:attachment":[{"href":"https:\/\/mostebglass.com\/es\/wp-json\/wp\/v2\/media?parent=628"}],"wp:term":[{"taxonomy":"product_brand","embeddable":true,"href":"https:\/\/mostebglass.com\/es\/wp-json\/wp\/v2\/product_brand?post=628"},{"taxonomy":"product_cat","embeddable":true,"href":"https:\/\/mostebglass.com\/es\/wp-json\/wp\/v2\/product_cat?post=628"},{"taxonomy":"product_tag","embeddable":true,"href":"https:\/\/mostebglass.com\/es\/wp-json\/wp\/v2\/product_tag?post=628"}],"curies":[{"name":"wp","href":"https:\/\/api.w.org\/{rel}","templated":true}]}}