{"id":633,"date":"2025-08-20T10:51:02","date_gmt":"2025-08-20T02:51:02","guid":{"rendered":"https:\/\/mostebglass.com\/?post_type=product&#038;p=633"},"modified":"2026-03-18T14:53:07","modified_gmt":"2026-03-18T06:53:07","slug":"diffusers-glass-bottles-with-sunflower-pattern-wholesale","status":"publish","type":"product","link":"https:\/\/mostebglass.com\/es\/diffusers-glass-bottles-with-sunflower-pattern-wholesale\/","title":{"rendered":"Difusores de vidrio de 200 ml con estampado de girasoles al por mayor"},"content":{"rendered":"<p>\u00bfBuscas un difusor de vidrio de alta gama a un precio asequible? Descubre nuestro difusor de varillas de vidrio de 200 ml: su silueta limpia y suave, con una botella transparente y suave, se refleja en un llamativo patr\u00f3n de luz solar. Este dise\u00f1o no solo capta la atenci\u00f3n, sino que tambi\u00e9n a\u00f1ade textura y profundidad, d\u00e1ndole a tu difusor de varillas un aspecto sofisticado.<\/p>\n<h2>P\u0159izp\u016fsoben\u00e9 n\u00e1vrhy<\/h2>\n<ul>\n<li><strong>Claridad y dise\u00f1o fant\u00e1sticos:<\/strong> Nuestro difusor de varillas de vidrio tiene un vidrio transparente de primera calidad que expone el color de sus aceites esenciales, mientras que el patr\u00f3n solar agrega un toque de naturaleza art\u00edstica.<\/li>\n<li><strong>Dise\u00f1ado para Reed Defuser:<\/strong> El cuello estrecho y la base ancha estabilizan la ca\u00f1a para obtener la m\u00e1xima fragancia: sin derrames, sin preocupaciones.<\/li>\n<li><strong>Patr\u00f3n de girasol:<\/strong> El patr\u00f3n del sol en la botella a\u00f1ade un toque art\u00edstico y singular, realzando su atractivo est\u00e9tico.<\/li>\n<\/ul>\n<h2>\u00c9xito real<\/h2>\n<p>Nuestros frascos difusores de vidrio repujado fueron seleccionados por una marca de fragancias de nicho en Francia para su l\u00ednea de productos. El cliente indic\u00f3 una capacidad de llenado de 200 ml durante la fase de personalizaci\u00f3n y solicit\u00f3 que las texturas repujadas en el cuerpo del frasco fueran m\u00e1s pronunciadas; opt\u00f3 por un patr\u00f3n asim\u00e9trico con motivos punteados y en forma de medall\u00f3n para realzar el aspecto t\u00e1ctil del producto. Para ello, dise\u00f1amos una base de vidrio con peso para mejorar la estabilidad del frasco. El cliente tambi\u00e9n eligi\u00f3 varillas difusoras negras de fibra, de 28 cm de altura y hechas a medida, que se adaptan perfectamente a la l\u00ednea alta y estilizada del frasco.<\/p>\n<p>Tras su lanzamiento, la serie registr\u00f3 un crecimiento del 34 % en las ventas en tienda tan solo dos meses despu\u00e9s. Posteriormente, el cliente realiz\u00f3 tres pedidos al por mayor consecutivos, lo que les permiti\u00f3 ampliar su canal de distribuci\u00f3n a numerosas tiendas de regalos de alta gama en Europa.<\/p>\n<h2>Consejos de personalizaci\u00f3n:<\/h2>\n<ul>\n<li>Estilo de tapa: elija entre tapones de madera, aluminio mate o tapas de pl\u00e1stico en cualquier color Pantone.<\/li>\n<li>Ajustes de tama\u00f1o: \u00bfNecesitas m\u00e1s altura o anchura? Podemos ajustar el molde.<\/li>\n<li>Logotipo y marca: Ofrecemos serigraf\u00eda, aplicaci\u00f3n de etiquetas o grabado l\u00e1ser.<\/li>\n<li>Embalaje: agregue cajas o insertos de marca: nos encargamos de todo el flujo de trabajo de embalaje del difusor.<\/li>\n<\/ul>\n<p>Estos no son solo difusores de vidrio. Son tus frascos difusores, listos para vender al por mayor, dise\u00f1ados para causar impacto.<\/p>","protected":false},"excerpt":{"rendered":"<p>Difusores de vidrio personalizados y difusores de varillas de vidrio al por mayor. Envases de vidrio resistentes a granel para aromaterapia y decoraci\u00f3n del hogar. Muestras gratis.<\/p>","protected":false},"featured_media":4806,"template":"","meta":{"site-sidebar-layout":"default","site-content-layout":"","ast-site-content-layout":"default","site-content-style":"default","site-sidebar-style":"default","ast-global-header-display":"","ast-banner-title-visibility":"","ast-main-header-display":"","ast-hfb-above-header-display":"","ast-hfb-below-header-display":"","ast-hfb-mobile-header-display":"","site-post-title":"","ast-breadcrumbs-content":"","ast-featured-img":"","footer-sml-layout":"","theme-transparent-header-meta":"default","adv-header-id-meta":"","stick-header-meta":"","header-above-stick-meta":"","header-main-stick-meta":"","header-below-stick-meta":"","astra-migrate-meta-layouts":"set","ast-page-background-enabled":"default","ast-page-background-meta":{"desktop":{"background-color":"var(--ast-global-color-5)","background-image":"","background-repeat":"repeat","background-position":"center center","background-size":"auto","background-attachment":"scroll","background-type":"","background-media":"","overlay-type":"","overlay-color":"","overlay-opacity":"","overlay-gradient":""},"tablet":{"background-color":"","background-image":"","background-repeat":"repeat","background-position":"center center","background-size":"auto","background-attachment":"scroll","background-type":"","background-media":"","overlay-type":"","overlay-color":"","overlay-opacity":"","overlay-gradient":""},"mobile":{"background-color":"","background-image":"","background-repeat":"repeat","background-position":"center center","background-size":"auto","background-attachment":"scroll","background-type":"","background-media":"","overlay-type":"","overlay-color":"","overlay-opacity":"","overlay-gradient":""}},"ast-content-background-meta":{"desktop":{"background-color":"var(--ast-global-color-4)","background-image":"","background-repeat":"repeat","background-position":"center center","background-size":"auto","background-attachment":"scroll","background-type":"","background-media":"","overlay-type":"","overlay-color":"","overlay-opacity":"","overlay-gradient":""},"tablet":{"background-color":"var(--ast-global-color-4)","background-image":"","background-repeat":"repeat","background-position":"center center","background-size":"auto","background-attachment":"scroll","background-type":"","background-media":"","overlay-type":"","overlay-color":"","overlay-opacity":"","overlay-gradient":""},"mobile":{"background-color":"var(--ast-global-color-4)","background-image":"","background-repeat":"repeat","background-position":"center center","background-size":"auto","background-attachment":"scroll","background-type":"","background-media":"","overlay-type":"","overlay-color":"","overlay-opacity":"","overlay-gradient":""}}},"product_brand":[],"product_cat":[54],"product_tag":[],"class_list":{"0":"post-633","1":"product","2":"type-product","3":"status-publish","4":"has-post-thumbnail","6":"product_cat-reed-diffuser-bottles","7":"desktop-align-left","8":"tablet-align-left","9":"mobile-align-left","11":"first","12":"instock","13":"shipping-taxable","14":"product-type-simple"},"jetpack_sharing_enabled":true,"_links":{"self":[{"href":"https:\/\/mostebglass.com\/es\/wp-json\/wp\/v2\/product\/633","targetHints":{"allow":["GET"]}}],"collection":[{"href":"https:\/\/mostebglass.com\/es\/wp-json\/wp\/v2\/product"}],"about":[{"href":"https:\/\/mostebglass.com\/es\/wp-json\/wp\/v2\/types\/product"}],"wp:featuredmedia":[{"embeddable":true,"href":"https:\/\/mostebglass.com\/es\/wp-json\/wp\/v2\/media\/4806"}],"wp:attachment":[{"href":"https:\/\/mostebglass.com\/es\/wp-json\/wp\/v2\/media?parent=633"}],"wp:term":[{"taxonomy":"product_brand","embeddable":true,"href":"https:\/\/mostebglass.com\/es\/wp-json\/wp\/v2\/product_brand?post=633"},{"taxonomy":"product_cat","embeddable":true,"href":"https:\/\/mostebglass.com\/es\/wp-json\/wp\/v2\/product_cat?post=633"},{"taxonomy":"product_tag","embeddable":true,"href":"https:\/\/mostebglass.com\/es\/wp-json\/wp\/v2\/product_tag?post=633"}],"curies":[{"name":"wp","href":"https:\/\/api.w.org\/{rel}","templated":true}]}}