{"id":641,"date":"2025-08-20T13:01:11","date_gmt":"2025-08-20T05:01:11","guid":{"rendered":"https:\/\/mostebglass.com\/?post_type=product&#038;p=641"},"modified":"2026-03-03T16:41:37","modified_gmt":"2026-03-03T08:41:37","slug":"unique-wide-mouth-candle-jars-wholesale","status":"publish","type":"product","link":"https:\/\/mostebglass.com\/es\/unique-wide-mouth-candle-jars-wholesale\/","title":{"rendered":"Tarros de vela de boca ancha \u00fanicos de 55 ml al por mayor\u00a0"},"content":{"rendered":"<p>El tarro de vidrio para velas de 55 ml tiene un dise\u00f1o compacto y de boca ancha, con un borde ligeramente acampanado y un fondo grueso y reforzado para mayor estabilidad. Est\u00e1 hecho de vidrio transparente de alta transparencia, lo que le proporciona un dise\u00f1o limpio y minimalista que permite que las velas de tama\u00f1o candelita brillen por igual, as\u00ed como velas arom\u00e1ticas de muestra, velas votivas y surtidos de sets de regalo. El recipiente puede reutilizarse despu\u00e9s de su uso como un peque\u00f1o recipiente para guardar condimentos, accesorios o decoraciones.<\/p>\n<h2>P\u0159izp\u016fsoben\u00e9 n\u00e1vrhy<\/h2>\n<ul>\n<li><strong>Abertura de boca ancha y ensanchada:<\/strong> Este dise\u00f1o permitir\u00e1 verter la cera m\u00e1s f\u00e1cilmente y tambi\u00e9n las mechas de cera se pueden centrar f\u00e1cilmente durante la producci\u00f3n debido al borde curvado hacia afuera.<\/li>\n<li><strong>Borde de borde grueso y enrollado:<\/strong> Fortalece la estructura de la boca, minimizando el riesgo de astillamiento y proporcionando una sensaci\u00f3n suave y segura.<\/li>\n<li><strong>Superficie inferior plana:<\/strong> Hace que la mesa sea estable y no se tambalee sobre la mesa, la bandeja o los soportes decorativos.<\/li>\n<\/ul>\n<h2>Especificaciones clave<\/h2>\n<table style=\"border-collapse: collapse; width: 80%; margin-left: auto; margin-right: auto;\" border=\"0\" width=\"144\" cellspacing=\"0\" cellpadding=\"0\">\n<tbody>\n<tr style=\"height: 13.50pt;\">\n<td style=\"height: 13.5pt; width: 54pt; text-align: center;\" width=\"72\" height=\"18\">Caracter\u00edstica<\/td>\n<td style=\"width: 54pt; text-align: center;\" width=\"72\">Detalles<\/td>\n<\/tr>\n<tr style=\"height: 13.50pt;\">\n<td style=\"height: 13.5pt; text-align: center;\" height=\"18\">Capacidad<\/td>\n<td style=\"text-align: center;\">55 ml<\/td>\n<\/tr>\n<tr style=\"height: 13.50pt;\">\n<td style=\"height: 13.5pt; text-align: center;\" height=\"18\">Dimensiones<\/td>\n<td style=\"text-align: center;\">61*45*45 mil\u00edmetros<\/td>\n<\/tr>\n<tr style=\"height: 13.50pt;\">\n<td style=\"height: 13.5pt; text-align: center;\" height=\"18\">Material<\/td>\n<td style=\"text-align: center;\">vaso de cristal<\/td>\n<\/tr>\n<tr style=\"height: 13.50pt;\">\n<td style=\"height: 13.5pt; text-align: center;\" height=\"18\">Opciones de color<\/td>\n<td style=\"text-align: center;\">Vidrio transparente o tintado a medida<\/td>\n<\/tr>\n<\/tbody>\n<\/table>\n<h2>Consejos de personalizaci\u00f3n para ti<\/h2>\n<ol>\n<li><strong>Tratamiento corporal esmerilado o degradado:<\/strong> Utilice un aerosol completamente esmerilado, un recubrimiento degradado de abajo hacia arriba o un enmascaramiento parcial para resaltar la estructura de base gruesa.<\/li>\n<li><strong>Logotipo en relieve sobre pared recta:<\/strong> La superficie cil\u00edndrica recta se puede utilizar para grabar o dar forma a la marca en el propio vaso.<\/li>\n<li><strong>Desarrollo de tapas a medida:<\/strong> Dise\u00f1o: Dise\u00f1os que est\u00e1n pensados \u200b\u200bpara combinar con las tapas de vidrio, bamb\u00fa, madera o metal dependiendo del di\u00e1metro del borde enrollado.<\/li>\n<\/ol>","protected":false},"excerpt":{"rendered":"<p>Descubra los frascos de boca ancha para velas para envasar al por mayor. Envases para velas personalizables de alta calidad en frascos \u00fanicos al por mayor a precios competitivos.<\/p>","protected":false},"featured_media":4582,"template":"","meta":{"site-sidebar-layout":"default","site-content-layout":"","ast-site-content-layout":"default","site-content-style":"default","site-sidebar-style":"default","ast-global-header-display":"","ast-banner-title-visibility":"","ast-main-header-display":"","ast-hfb-above-header-display":"","ast-hfb-below-header-display":"","ast-hfb-mobile-header-display":"","site-post-title":"","ast-breadcrumbs-content":"","ast-featured-img":"","footer-sml-layout":"","theme-transparent-header-meta":"default","adv-header-id-meta":"","stick-header-meta":"","header-above-stick-meta":"","header-main-stick-meta":"","header-below-stick-meta":"","astra-migrate-meta-layouts":"set","ast-page-background-enabled":"default","ast-page-background-meta":{"desktop":{"background-color":"var(--ast-global-color-5)","background-image":"","background-repeat":"repeat","background-position":"center center","background-size":"auto","background-attachment":"scroll","background-type":"","background-media":"","overlay-type":"","overlay-color":"","overlay-opacity":"","overlay-gradient":""},"tablet":{"background-color":"","background-image":"","background-repeat":"repeat","background-position":"center center","background-size":"auto","background-attachment":"scroll","background-type":"","background-media":"","overlay-type":"","overlay-color":"","overlay-opacity":"","overlay-gradient":""},"mobile":{"background-color":"","background-image":"","background-repeat":"repeat","background-position":"center center","background-size":"auto","background-attachment":"scroll","background-type":"","background-media":"","overlay-type":"","overlay-color":"","overlay-opacity":"","overlay-gradient":""}},"ast-content-background-meta":{"desktop":{"background-color":"var(--ast-global-color-4)","background-image":"","background-repeat":"repeat","background-position":"center center","background-size":"auto","background-attachment":"scroll","background-type":"","background-media":"","overlay-type":"","overlay-color":"","overlay-opacity":"","overlay-gradient":""},"tablet":{"background-color":"var(--ast-global-color-4)","background-image":"","background-repeat":"repeat","background-position":"center center","background-size":"auto","background-attachment":"scroll","background-type":"","background-media":"","overlay-type":"","overlay-color":"","overlay-opacity":"","overlay-gradient":""},"mobile":{"background-color":"var(--ast-global-color-4)","background-image":"","background-repeat":"repeat","background-position":"center center","background-size":"auto","background-attachment":"scroll","background-type":"","background-media":"","overlay-type":"","overlay-color":"","overlay-opacity":"","overlay-gradient":""}}},"product_brand":[],"product_cat":[28],"product_tag":[],"class_list":{"0":"post-641","1":"product","2":"type-product","3":"status-publish","4":"has-post-thumbnail","6":"product_cat-glass-candle-jars","7":"desktop-align-left","8":"tablet-align-left","9":"mobile-align-left","11":"first","12":"instock","13":"shipping-taxable","14":"product-type-simple"},"jetpack_sharing_enabled":true,"_links":{"self":[{"href":"https:\/\/mostebglass.com\/es\/wp-json\/wp\/v2\/product\/641","targetHints":{"allow":["GET"]}}],"collection":[{"href":"https:\/\/mostebglass.com\/es\/wp-json\/wp\/v2\/product"}],"about":[{"href":"https:\/\/mostebglass.com\/es\/wp-json\/wp\/v2\/types\/product"}],"wp:featuredmedia":[{"embeddable":true,"href":"https:\/\/mostebglass.com\/es\/wp-json\/wp\/v2\/media\/4582"}],"wp:attachment":[{"href":"https:\/\/mostebglass.com\/es\/wp-json\/wp\/v2\/media?parent=641"}],"wp:term":[{"taxonomy":"product_brand","embeddable":true,"href":"https:\/\/mostebglass.com\/es\/wp-json\/wp\/v2\/product_brand?post=641"},{"taxonomy":"product_cat","embeddable":true,"href":"https:\/\/mostebglass.com\/es\/wp-json\/wp\/v2\/product_cat?post=641"},{"taxonomy":"product_tag","embeddable":true,"href":"https:\/\/mostebglass.com\/es\/wp-json\/wp\/v2\/product_tag?post=641"}],"curies":[{"name":"wp","href":"https:\/\/api.w.org\/{rel}","templated":true}]}}