{"id":694,"date":"2025-08-21T09:49:17","date_gmt":"2025-08-21T01:49:17","guid":{"rendered":"https:\/\/mostebglass.com\/?post_type=product&#038;p=694"},"modified":"2025-08-21T17:35:16","modified_gmt":"2025-08-21T09:35:16","slug":"vela-campana-tarro-al-por-mayor-210ml-tamano-pequeno-recipientes-para-velas-con-tapas","status":"publish","type":"product","link":"https:\/\/mostebglass.com\/es\/candle-bell-jar-wholesale-210ml-small-size-candle-vessels-with-covers\/","title":{"rendered":"Venta al por mayor de campanas para velas \u2013 Recipientes peque\u00f1os para velas de 210 ml con tapa"},"content":{"rendered":"<p>\u00bfNecesita frascos para velas de alta calidad que combinen durabilidad, elegancia y funcionalidad? Nuestros frascos de cristal para velas al por mayor son la opci\u00f3n perfecta para marcas y distribuidores de velas que buscan realzar su l\u00ednea de productos. Dise\u00f1ados para ofrecer estabilidad, transparencia y personalizaci\u00f3n, estos envases son ideales para velas de lujo, producci\u00f3n a granel o regalos listos para la venta.<\/p>\n<h2>P\u0159izp\u016fsoben\u00e9 n\u00e1vrhy<\/h2>\n<p><strong>Dise\u00f1o de tapa a prueba de polvo<\/strong><\/p>\n<p>La tapa de cristal en forma de c\u00fapula con asa de bot\u00f3n evita la entrada de polvo y humedad, preservando la calidad de su lata de vela y vela de lujo.<\/p>\n<p><strong>Opciones de doble tama\u00f1o para mayor versatilidad<\/strong><\/p>\n<p>Elija entre alturas de 84 mm (alta) o 72 mm (peque\u00f1a) para que coincidan con la forma de la vela y las necesidades de venta al por mayor y al detalle.<\/p>\n<h2>Especificaciones clave<\/h2>\n<table style=\"border-collapse: collapse; width: 80%; margin-right: auto; margin-left: auto;\" border=\"0\" width=\"144\" cellspacing=\"0\" cellpadding=\"0\">\n<tbody>\n<tr>\n<td width=\"72\">Caracter\u00edstica<\/td>\n<td width=\"72\">Detalles<\/td>\n<\/tr>\n<tr>\n<td>Capacidad<\/td>\n<td>210 ml<\/td>\n<\/tr>\n<tr>\n<td>Dimensiones<\/td>\n<td>Alto: 84*89*112 mm Corto: 72*89*79 mm<\/td>\n<\/tr>\n<tr>\n<td>Peso<\/td>\n<td>320 g (alto)\/290 g (bajo)<\/td>\n<\/tr>\n<tr>\n<td>Material<\/td>\n<td>Vaso<\/td>\n<\/tr>\n<tr>\n<td>Opciones de color<\/td>\n<td>Vidrio transparente o tintado a medida<\/td>\n<\/tr>\n<\/tbody>\n<\/table>\n<h2>Ideas de personalizaci\u00f3n para ti<\/h2>\n<ol>\n<li><strong>Fabricado con material respetuoso con el medio ambiente:<\/strong>Este producto est\u00e1 fabricado \u00edntegramente con vidrio reciclado, lo que lo hace perfecto para consumidores con conciencia ambiental, como aquellos que se centran en la estabilidad.<\/li>\n<li><strong>Logotipo de la marca grabado con l\u00e1ser:<\/strong>Mediante una t\u00e9cnica de captura l\u00e1ser de precisi\u00f3n, se graba en el vidrio el dise\u00f1o m\u00e1s exquisito (como un motivo floral o un logotipo minimalista). Esto aporta un toque de distinci\u00f3n a nuestra colecci\u00f3n de velas de lujo en tarro con tapa, disponible al por mayor.<\/li>\n<\/ol>","protected":false},"excerpt":{"rendered":"<p>Descubre nuestra selecci\u00f3n de envases para velas al por mayor. Envases de alta calidad con tapa a precios competitivos.<\/p>","protected":false},"featured_media":713,"template":"","meta":{"site-sidebar-layout":"default","site-content-layout":"","ast-site-content-layout":"default","site-content-style":"default","site-sidebar-style":"default","ast-global-header-display":"","ast-banner-title-visibility":"","ast-main-header-display":"","ast-hfb-above-header-display":"","ast-hfb-below-header-display":"","ast-hfb-mobile-header-display":"","site-post-title":"","ast-breadcrumbs-content":"","ast-featured-img":"","footer-sml-layout":"","theme-transparent-header-meta":"default","adv-header-id-meta":"","stick-header-meta":"","header-above-stick-meta":"","header-main-stick-meta":"","header-below-stick-meta":"","astra-migrate-meta-layouts":"set","ast-page-background-enabled":"default","ast-page-background-meta":{"desktop":{"background-color":"var(--ast-global-color-5)","background-image":"","background-repeat":"repeat","background-position":"center center","background-size":"auto","background-attachment":"scroll","background-type":"","background-media":"","overlay-type":"","overlay-color":"","overlay-opacity":"","overlay-gradient":""},"tablet":{"background-color":"","background-image":"","background-repeat":"repeat","background-position":"center center","background-size":"auto","background-attachment":"scroll","background-type":"","background-media":"","overlay-type":"","overlay-color":"","overlay-opacity":"","overlay-gradient":""},"mobile":{"background-color":"","background-image":"","background-repeat":"repeat","background-position":"center center","background-size":"auto","background-attachment":"scroll","background-type":"","background-media":"","overlay-type":"","overlay-color":"","overlay-opacity":"","overlay-gradient":""}},"ast-content-background-meta":{"desktop":{"background-color":"var(--ast-global-color-4)","background-image":"","background-repeat":"repeat","background-position":"center center","background-size":"auto","background-attachment":"scroll","background-type":"","background-media":"","overlay-type":"","overlay-color":"","overlay-opacity":"","overlay-gradient":""},"tablet":{"background-color":"var(--ast-global-color-4)","background-image":"","background-repeat":"repeat","background-position":"center center","background-size":"auto","background-attachment":"scroll","background-type":"","background-media":"","overlay-type":"","overlay-color":"","overlay-opacity":"","overlay-gradient":""},"mobile":{"background-color":"var(--ast-global-color-4)","background-image":"","background-repeat":"repeat","background-position":"center center","background-size":"auto","background-attachment":"scroll","background-type":"","background-media":"","overlay-type":"","overlay-color":"","overlay-opacity":"","overlay-gradient":""}}},"product_brand":[],"product_cat":[28],"product_tag":[],"class_list":{"0":"post-694","1":"product","2":"type-product","3":"status-publish","4":"has-post-thumbnail","6":"product_cat-glass-candle-jars","7":"desktop-align-left","8":"tablet-align-left","9":"mobile-align-left","11":"first","12":"instock","13":"shipping-taxable","14":"product-type-simple"},"jetpack_sharing_enabled":true,"_links":{"self":[{"href":"https:\/\/mostebglass.com\/es\/wp-json\/wp\/v2\/product\/694","targetHints":{"allow":["GET"]}}],"collection":[{"href":"https:\/\/mostebglass.com\/es\/wp-json\/wp\/v2\/product"}],"about":[{"href":"https:\/\/mostebglass.com\/es\/wp-json\/wp\/v2\/types\/product"}],"wp:featuredmedia":[{"embeddable":true,"href":"https:\/\/mostebglass.com\/es\/wp-json\/wp\/v2\/media\/713"}],"wp:attachment":[{"href":"https:\/\/mostebglass.com\/es\/wp-json\/wp\/v2\/media?parent=694"}],"wp:term":[{"taxonomy":"product_brand","embeddable":true,"href":"https:\/\/mostebglass.com\/es\/wp-json\/wp\/v2\/product_brand?post=694"},{"taxonomy":"product_cat","embeddable":true,"href":"https:\/\/mostebglass.com\/es\/wp-json\/wp\/v2\/product_cat?post=694"},{"taxonomy":"product_tag","embeddable":true,"href":"https:\/\/mostebglass.com\/es\/wp-json\/wp\/v2\/product_tag?post=694"}],"curies":[{"name":"wp","href":"https:\/\/api.w.org\/{rel}","templated":true}]}}