{"id":696,"date":"2025-08-21T09:48:11","date_gmt":"2025-08-21T01:48:11","guid":{"rendered":"https:\/\/mostebglass.com\/?post_type=product&#038;p=696"},"modified":"2026-03-20T13:25:38","modified_gmt":"2026-03-20T05:25:38","slug":"mayorista-frascos-difusores-carrizo-con-rayas-verticales","status":"publish","type":"product","link":"https:\/\/mostebglass.com\/es\/wholesale-reed-diffuser-bottles-with-vertical-stripes\/","title":{"rendered":"Botellas difusoras de varillas al por mayor de 50 ml y 100 ml con rayas verticales"},"content":{"rendered":"<p>\u00bfBuscas un aromaterapeuta limpio y profesional que busque una botella de vidrio que represente tu marca? Este difusor de aceites con varillas, con su caracter\u00edstico dise\u00f1o de rat\u00e1n transparente, presume de un cuerpo liso y redondeado con textura acanalada vertical: un dise\u00f1o simple y elegante que lo convierte en la botella de aromaterapia ideal para uso inmediato.<\/p>\n<h2>P\u0159izp\u016fsoben\u00e9 n\u00e1vrhy<\/h2>\n<ul>\n<li><strong>Dise\u00f1o elegante y pr\u00e1ctico:<\/strong> La forma redondeada con ranuras verticales a\u00f1ade un toque moderno a su botella de vidrio de aromaterapia, aumentando su agarre y profundidad visual.<\/li>\n<li><strong>Vidrio de primera calidad:<\/strong> Hecho de vidrio de alta calidad, resiste el enturbiamiento y preserva la integridad de su fragancia, lo que lo hace ideal para el almacenamiento a largo plazo.<\/li>\n<li><strong>Cuello roscado:<\/strong> El cuello roscado permite una f\u00e1cil integraci\u00f3n con una tapa de rosca para garantizar un sellado seguro.<\/li>\n<\/ul>\n<h2>Caso de \u00e9xito<\/h2>\n<p>Una de las marcas espa\u00f1olas de fragancias para el hogar eligi\u00f3 nuestro difusor redondo de 50 ml con textura acanalada. El cliente opt\u00f3 por un acabado personalizado con rosca de precisi\u00f3n en el cuello, que permite un ajuste perfecto con un collar cer\u00e1mico dise\u00f1ado por la empresa, y que adem\u00e1s ofrece la posibilidad de usar cualquier tipo de tap\u00f3n. Asimismo, solicit\u00f3 el uso de varillas de fibra de carbono negro para garantizar una difusi\u00f3n \u00f3ptima de la fragancia. Tambi\u00e9n les ayudamos a utilizar un dise\u00f1o de etiqueta minimalista envolvente con una sutil textura micrograbada superpuesta.<\/p>\n<p>Tras su lanzamiento, la serie gener\u00f3 un incremento del 29% en las ventas minoristas en tan solo un trimestre; el cliente realiz\u00f3 cuatro pedidos repetidos de gran volumen consecutivos en los cinco meses siguientes.<\/p>\n<h2>Consejos de personalizaci\u00f3n<\/h2>\n<ul>\n<li>Color de la botella: Vidrio \u00e1mbar suave (para protecci\u00f3n UV)<\/li>\n<li>Tapa: Tapa de rosca de aluminio negro con inserto de leng\u00fceta<\/li>\n<li>Tama\u00f1o: \u00bfNecesita una forma \u00fanica? Podemos adaptar el tama\u00f1o a sus necesidades espec\u00edficas de aromaterapia.<\/li>\n<li>Logotipo: aumente el reconocimiento de su marca imprimiendo, grabando en relieve o bajo relieve su logotipo en una botella o tapa.<\/li>\n<\/ul>\n<p>Ya sea que venda difusores de varillas o difusores de aceites esenciales con varillas, estas botellas difusoras de varillas al por mayor le garantizan un suministro al por mayor de alta calidad. \u00a1No se pierda esta l\u00ednea de productos hoy mismo!<\/p>","protected":false},"excerpt":{"rendered":"<p>Difusores de vidrio personalizados y difusores de varillas de vidrio al por mayor. Envases de vidrio resistentes a granel para aromaterapia y decoraci\u00f3n del hogar. Muestras gratis.<\/p>","protected":false},"featured_media":4836,"template":"","meta":{"site-sidebar-layout":"default","site-content-layout":"","ast-site-content-layout":"default","site-content-style":"default","site-sidebar-style":"default","ast-global-header-display":"","ast-banner-title-visibility":"","ast-main-header-display":"","ast-hfb-above-header-display":"","ast-hfb-below-header-display":"","ast-hfb-mobile-header-display":"","site-post-title":"","ast-breadcrumbs-content":"","ast-featured-img":"","footer-sml-layout":"","theme-transparent-header-meta":"default","adv-header-id-meta":"","stick-header-meta":"","header-above-stick-meta":"","header-main-stick-meta":"","header-below-stick-meta":"","astra-migrate-meta-layouts":"set","ast-page-background-enabled":"default","ast-page-background-meta":{"desktop":{"background-color":"var(--ast-global-color-5)","background-image":"","background-repeat":"repeat","background-position":"center center","background-size":"auto","background-attachment":"scroll","background-type":"","background-media":"","overlay-type":"","overlay-color":"","overlay-opacity":"","overlay-gradient":""},"tablet":{"background-color":"","background-image":"","background-repeat":"repeat","background-position":"center center","background-size":"auto","background-attachment":"scroll","background-type":"","background-media":"","overlay-type":"","overlay-color":"","overlay-opacity":"","overlay-gradient":""},"mobile":{"background-color":"","background-image":"","background-repeat":"repeat","background-position":"center center","background-size":"auto","background-attachment":"scroll","background-type":"","background-media":"","overlay-type":"","overlay-color":"","overlay-opacity":"","overlay-gradient":""}},"ast-content-background-meta":{"desktop":{"background-color":"var(--ast-global-color-4)","background-image":"","background-repeat":"repeat","background-position":"center center","background-size":"auto","background-attachment":"scroll","background-type":"","background-media":"","overlay-type":"","overlay-color":"","overlay-opacity":"","overlay-gradient":""},"tablet":{"background-color":"var(--ast-global-color-4)","background-image":"","background-repeat":"repeat","background-position":"center center","background-size":"auto","background-attachment":"scroll","background-type":"","background-media":"","overlay-type":"","overlay-color":"","overlay-opacity":"","overlay-gradient":""},"mobile":{"background-color":"var(--ast-global-color-4)","background-image":"","background-repeat":"repeat","background-position":"center center","background-size":"auto","background-attachment":"scroll","background-type":"","background-media":"","overlay-type":"","overlay-color":"","overlay-opacity":"","overlay-gradient":""}}},"product_brand":[],"product_cat":[54],"product_tag":[],"class_list":{"0":"post-696","1":"product","2":"type-product","3":"status-publish","4":"has-post-thumbnail","6":"product_cat-reed-diffuser-bottles","7":"desktop-align-left","8":"tablet-align-left","9":"mobile-align-left","11":"first","12":"instock","13":"shipping-taxable","14":"product-type-simple"},"jetpack_sharing_enabled":true,"_links":{"self":[{"href":"https:\/\/mostebglass.com\/es\/wp-json\/wp\/v2\/product\/696","targetHints":{"allow":["GET"]}}],"collection":[{"href":"https:\/\/mostebglass.com\/es\/wp-json\/wp\/v2\/product"}],"about":[{"href":"https:\/\/mostebglass.com\/es\/wp-json\/wp\/v2\/types\/product"}],"wp:featuredmedia":[{"embeddable":true,"href":"https:\/\/mostebglass.com\/es\/wp-json\/wp\/v2\/media\/4836"}],"wp:attachment":[{"href":"https:\/\/mostebglass.com\/es\/wp-json\/wp\/v2\/media?parent=696"}],"wp:term":[{"taxonomy":"product_brand","embeddable":true,"href":"https:\/\/mostebglass.com\/es\/wp-json\/wp\/v2\/product_brand?post=696"},{"taxonomy":"product_cat","embeddable":true,"href":"https:\/\/mostebglass.com\/es\/wp-json\/wp\/v2\/product_cat?post=696"},{"taxonomy":"product_tag","embeddable":true,"href":"https:\/\/mostebglass.com\/es\/wp-json\/wp\/v2\/product_tag?post=696"}],"curies":[{"name":"wp","href":"https:\/\/api.w.org\/{rel}","templated":true}]}}