{"id":700,"date":"2025-08-21T10:44:05","date_gmt":"2025-08-21T02:44:05","guid":{"rendered":"https:\/\/mostebglass.com\/?post_type=product&#038;p=700"},"modified":"2026-03-02T17:28:45","modified_gmt":"2026-03-02T09:28:45","slug":"glass-bell-candle-holder-clear-glass-candle-jars-wholesale","status":"publish","type":"product","link":"https:\/\/mostebglass.com\/es\/glass-bell-candle-holder-clear-glass-candle-jars-wholesale\/","title":{"rendered":"Candelabro de campana de vidrio - Frascos de vidrio transparente de 390 ml para velas al por mayor"},"content":{"rendered":"<p>Esta botella de vidrio de 390 ml tiene un dise\u00f1o de dos piezas: una base cil\u00edndrica y una tapa abovedada con asa redonda. El dise\u00f1o es el cl\u00e1sico de una campana de vidrio, con un contorno de pared vertical limpia y una base lisa y engrosada para mayor estabilidad.<\/p>\n<p>El recipiente est\u00e1 fabricado en vidrio sodoc\u00e1lcico de alta transparencia, lo que le confiere una buena transparencia y un espesor uniforme en las paredes. La base y la tapa acampanada encajan perfectamente gracias al borde plano y pulido, que permite mantener el contenido en su sitio y ver todo el producto.<\/p>\n<h2>Especificaciones clave<\/h2>\n<table style=\"border-collapse: collapse; width: 80%; margin-right: auto; margin-left: auto;\" border=\"0\" width=\"144\" cellspacing=\"0\" cellpadding=\"0\">\n<tbody>\n<tr>\n<td>Capacidad<\/td>\n<td>390 ml<\/td>\n<\/tr>\n<tr>\n<td>Dimensiones<\/td>\n<td>Como se muestra en la figura de arriba<\/td>\n<\/tr>\n<tr>\n<td>Color<\/td>\n<td>Transparente o su color personalizado<\/td>\n<\/tr>\n<tr>\n<td>Material<\/td>\n<td>Vidrio s\u00f3dico-c\u00e1lcico sin plomo<\/td>\n<\/tr>\n<tr>\n<td>Opciones de personalizaci\u00f3n<\/td>\n<td>Capacidad, tama\u00f1o, color, logotipo, forma, accesorios, caja de embalaje.<\/td>\n<\/tr>\n<\/tbody>\n<\/table>\n<h2>Aplicaciones<\/h2>\n<ul>\n<li><strong>Velas perfumadas y aromaterapia<\/strong>Candelabro de campana de cristal perfecto para velas arom\u00e1ticas, velas de cera de soja y colecciones de fragancias de lujo. La cubierta de c\u00fapula evita la p\u00e9rdida de fragancia y protege la superficie de la vela cuando no se utiliza.<\/li>\n<li><strong>Exhibici\u00f3n decorativa<\/strong>Se puede usar para exhibir art\u00edculos ornamentales, como flores secas, flores preservadas, cristales o decoraciones de temporada. El dise\u00f1o de campana, de l\u00edneas claras, es ideal para presentar productos en tiendas y decoraci\u00f3n del hogar.<\/li>\n<li><strong>Embalaje para regalos y venta minorista<\/strong>:Ideal para marcas de velas boutique, juegos de regalo navide\u00f1os y empaques de estilo de vida de lujo donde la comercializaci\u00f3n visual es necesaria.<\/li>\n<\/ul>\n<figure id=\"attachment_4554\" aria-describedby=\"caption-attachment-4554\" style=\"width: 500px\" class=\"wp-caption aligncenter\"><img fetchpriority=\"high\" decoding=\"async\" class=\"wp-image-4554\" src=\"https:\/\/mostebglass.com\/wp-content\/uploads\/2025\/08\/pink-glass-bell-candle-holder-sample.webp\" alt=\"Detalles del portavelas de campana de cristal\" width=\"500\" height=\"500\" srcset=\"https:\/\/mostebglass.com\/wp-content\/uploads\/2025\/08\/pink-glass-bell-candle-holder-sample.webp 1024w, https:\/\/mostebglass.com\/wp-content\/uploads\/2025\/08\/pink-glass-bell-candle-holder-sample-768x768.webp 768w, https:\/\/mostebglass.com\/wp-content\/uploads\/2025\/08\/pink-glass-bell-candle-holder-sample-12x12.webp 12w, https:\/\/mostebglass.com\/wp-content\/uploads\/2025\/08\/pink-glass-bell-candle-holder-sample-300x300.webp 300w, https:\/\/mostebglass.com\/wp-content\/uploads\/2025\/08\/pink-glass-bell-candle-holder-sample-600x600.webp 600w, https:\/\/mostebglass.com\/wp-content\/uploads\/2025\/08\/pink-glass-bell-candle-holder-sample-100x100.webp 100w\" sizes=\"(max-width: 500px) 100vw, 500px\" \/><figcaption id=\"caption-attachment-4554\" class=\"wp-caption-text\">Un portavelas de campana de vidrio rosa degradado<\/figcaption><\/figure>\n<h2>Recomendaciones de personalizaci\u00f3n B2B<\/h2>\n<p>Este modelo ofrece diversas opciones de personalizaci\u00f3n a propietarios de marcas, distribuidores y quienes compran frascos de vidrio transparente para velas al por mayor:<\/p>\n<ul>\n<li><strong>Logotipo de decoraci\u00f3n<\/strong>:Serigraf\u00eda, estampaci\u00f3n en oro, calca, grabado l\u00e1ser.<\/li>\n<li><strong>Acabados superficiales<\/strong>:Vidrio esmerilado, gris humo, tinte \u00e1mbar, revestimiento en aerosol degradado.<\/li>\n<li><strong>Alteraciones estructurales<\/strong>:Di\u00e1metro o altura especial de moldes exclusivos.<\/li>\n<li><strong>Modificaciones en la tapa<\/strong>:perilla de ajuste de forma o tapa de vidrio coloreado.<\/li>\n<li><strong>Opciones de embalaje<\/strong>:Cajas r\u00edgidas personalizadas, inserciones protectoras, cajas de marca.<\/li>\n<li><strong>Servicio de llenado de velas<\/strong>:Llenado de cera de velas con marca propia, llave en mano.<\/li>\n<\/ul>\n<p>La copa interior cil\u00edndrica est\u00e1ndar tambi\u00e9n es compatible con la l\u00ednea existente de producci\u00f3n de velas, ahorrando gastos de herramientas a los grandes compradores.<\/p>","protected":false},"excerpt":{"rendered":"<p>Candelabro de vidrio de 390 ml con tapa de c\u00fapula transparente. Ideal para velas arom\u00e1ticas y decoraci\u00f3n. Disponible para venta al por mayor y con marca personalizada.<\/p>","protected":false},"featured_media":4553,"template":"","meta":{"site-sidebar-layout":"default","site-content-layout":"","ast-site-content-layout":"default","site-content-style":"default","site-sidebar-style":"default","ast-global-header-display":"","ast-banner-title-visibility":"","ast-main-header-display":"","ast-hfb-above-header-display":"","ast-hfb-below-header-display":"","ast-hfb-mobile-header-display":"","site-post-title":"","ast-breadcrumbs-content":"","ast-featured-img":"","footer-sml-layout":"","theme-transparent-header-meta":"default","adv-header-id-meta":"","stick-header-meta":"","header-above-stick-meta":"","header-main-stick-meta":"","header-below-stick-meta":"","astra-migrate-meta-layouts":"set","ast-page-background-enabled":"default","ast-page-background-meta":{"desktop":{"background-color":"var(--ast-global-color-5)","background-image":"","background-repeat":"repeat","background-position":"center center","background-size":"auto","background-attachment":"scroll","background-type":"","background-media":"","overlay-type":"","overlay-color":"","overlay-opacity":"","overlay-gradient":""},"tablet":{"background-color":"","background-image":"","background-repeat":"repeat","background-position":"center center","background-size":"auto","background-attachment":"scroll","background-type":"","background-media":"","overlay-type":"","overlay-color":"","overlay-opacity":"","overlay-gradient":""},"mobile":{"background-color":"","background-image":"","background-repeat":"repeat","background-position":"center center","background-size":"auto","background-attachment":"scroll","background-type":"","background-media":"","overlay-type":"","overlay-color":"","overlay-opacity":"","overlay-gradient":""}},"ast-content-background-meta":{"desktop":{"background-color":"var(--ast-global-color-4)","background-image":"","background-repeat":"repeat","background-position":"center center","background-size":"auto","background-attachment":"scroll","background-type":"","background-media":"","overlay-type":"","overlay-color":"","overlay-opacity":"","overlay-gradient":""},"tablet":{"background-color":"var(--ast-global-color-4)","background-image":"","background-repeat":"repeat","background-position":"center center","background-size":"auto","background-attachment":"scroll","background-type":"","background-media":"","overlay-type":"","overlay-color":"","overlay-opacity":"","overlay-gradient":""},"mobile":{"background-color":"var(--ast-global-color-4)","background-image":"","background-repeat":"repeat","background-position":"center center","background-size":"auto","background-attachment":"scroll","background-type":"","background-media":"","overlay-type":"","overlay-color":"","overlay-opacity":"","overlay-gradient":""}}},"product_brand":[],"product_cat":[28,21],"product_tag":[],"class_list":{"0":"post-700","1":"product","2":"type-product","3":"status-publish","4":"has-post-thumbnail","6":"product_cat-glass-candle-jars","7":"product_cat-product","8":"desktop-align-left","9":"tablet-align-left","10":"mobile-align-left","12":"first","13":"instock","14":"shipping-taxable","15":"product-type-simple"},"jetpack_sharing_enabled":true,"_links":{"self":[{"href":"https:\/\/mostebglass.com\/es\/wp-json\/wp\/v2\/product\/700","targetHints":{"allow":["GET"]}}],"collection":[{"href":"https:\/\/mostebglass.com\/es\/wp-json\/wp\/v2\/product"}],"about":[{"href":"https:\/\/mostebglass.com\/es\/wp-json\/wp\/v2\/types\/product"}],"wp:featuredmedia":[{"embeddable":true,"href":"https:\/\/mostebglass.com\/es\/wp-json\/wp\/v2\/media\/4553"}],"wp:attachment":[{"href":"https:\/\/mostebglass.com\/es\/wp-json\/wp\/v2\/media?parent=700"}],"wp:term":[{"taxonomy":"product_brand","embeddable":true,"href":"https:\/\/mostebglass.com\/es\/wp-json\/wp\/v2\/product_brand?post=700"},{"taxonomy":"product_cat","embeddable":true,"href":"https:\/\/mostebglass.com\/es\/wp-json\/wp\/v2\/product_cat?post=700"},{"taxonomy":"product_tag","embeddable":true,"href":"https:\/\/mostebglass.com\/es\/wp-json\/wp\/v2\/product_tag?post=700"}],"curies":[{"name":"wp","href":"https:\/\/api.w.org\/{rel}","templated":true}]}}