{"id":706,"date":"2025-08-21T10:12:54","date_gmt":"2025-08-21T02:12:54","guid":{"rendered":"https:\/\/mostebglass.com\/?post_type=product&#038;p=706"},"modified":"2026-03-16T13:08:51","modified_gmt":"2026-03-16T05:08:51","slug":"frascos-difusores-vacios-a-granel-y-canas-con-diseno-en-espiral","status":"publish","type":"product","link":"https:\/\/mostebglass.com\/es\/bulk-empty-diffuser-bottles-and-reeds-with-spiral-design\/","title":{"rendered":"Botellas difusoras y varillas vac\u00edas de 100 ml y 250 ml a granel con dise\u00f1o en espiral"},"content":{"rendered":"<p>El dise\u00f1o de los frascos difusores vac\u00edos y las varillas es en espiral, lo que le confiere un toque \u00fanico y elegante a cualquier ambiente. El cuerpo de vidrio transparente permite apreciar el l\u00edquido de colores en su interior, y su robusta estructura garantiza su durabilidad. Este difusor es ideal para usar en casa o en la oficina y, junto con las varillas, proporciona un aroma constante y agradable. Su dise\u00f1o contempor\u00e1neo y minimalista se adapta perfectamente a cualquier decoraci\u00f3n.<\/p>\n<h2>P\u0159izp\u016fsoben\u00e9 n\u00e1vrhy<\/h2>\n<ul>\n<li><strong>Textura espiral llamativa:<\/strong> El patr\u00f3n acanalado giratorio agrega movimiento y profundidad a su difusor, lo que lo hace destacar en los estantes y las redes sociales.<\/li>\n<li><strong>Forma esf\u00e9rica:<\/strong> La forma circular de la botella, con sus l\u00edneas suaves y redondas, crea una belleza \u00fanica y decorativa.<\/li>\n<li><strong>Vidrio transparente duradero:<\/strong> Botella de vidrio de alta definici\u00f3n resistente a rayones y qu\u00edmicos, lo que la hace ideal para almacenamiento a largo plazo y uso frecuente.<\/li>\n<\/ul>\n<h2>C\u00f3mo una marca cre\u00f3 un best seller<\/h2>\n<p>Una startup del sector de la aromaterapia compr\u00f3 3000 de estos difusores vac\u00edos. Eligieron un color verde claro para el cuerpo y a\u00f1adieron su logotipo \u00fanico. La combinaci\u00f3n del dise\u00f1o en espiral y el color personalizado populariz\u00f3 sus productos. En tan solo dos meses, recibieron muchos pedidos repetidos y sus ventas aumentaron significativamente. Esto demuestra que estos difusores vac\u00edos pueden impulsar su negocio.<\/p>\n<h2>Tu marca, tus reglas<\/h2>\n<ul>\n<li>Artesan\u00eda personalizada: puedes optar por glasear, pintar o tallar para darle a la botella de vidrio una textura especial.<\/li>\n<li>Tapas: Cambie el tap\u00f3n est\u00e1ndar por tapas de madera, metal o cer\u00e1mica para combinar con el estilo de su producto.<\/li>\n<li>Tama\u00f1o: Si 50 ml y 100 ml no cumplen con sus requisitos, podemos adaptar el tama\u00f1o del vidrio de desactivaci\u00f3n para satisfacer sus requisitos espec\u00edficos.<\/li>\n<\/ul>","protected":false},"excerpt":{"rendered":"<p>Venta al por mayor de botellas vac\u00edas para difusores, botellas vac\u00edas para difusores y varillas. Calidad premium, precio de f\u00e1brica y muestras gratuitas para clientes B2B.<\/p>","protected":false},"featured_media":4780,"template":"","meta":{"site-sidebar-layout":"default","site-content-layout":"","ast-site-content-layout":"default","site-content-style":"default","site-sidebar-style":"default","ast-global-header-display":"","ast-banner-title-visibility":"","ast-main-header-display":"","ast-hfb-above-header-display":"","ast-hfb-below-header-display":"","ast-hfb-mobile-header-display":"","site-post-title":"","ast-breadcrumbs-content":"","ast-featured-img":"","footer-sml-layout":"","theme-transparent-header-meta":"default","adv-header-id-meta":"","stick-header-meta":"","header-above-stick-meta":"","header-main-stick-meta":"","header-below-stick-meta":"","astra-migrate-meta-layouts":"set","ast-page-background-enabled":"default","ast-page-background-meta":{"desktop":{"background-color":"var(--ast-global-color-5)","background-image":"","background-repeat":"repeat","background-position":"center center","background-size":"auto","background-attachment":"scroll","background-type":"","background-media":"","overlay-type":"","overlay-color":"","overlay-opacity":"","overlay-gradient":""},"tablet":{"background-color":"","background-image":"","background-repeat":"repeat","background-position":"center center","background-size":"auto","background-attachment":"scroll","background-type":"","background-media":"","overlay-type":"","overlay-color":"","overlay-opacity":"","overlay-gradient":""},"mobile":{"background-color":"","background-image":"","background-repeat":"repeat","background-position":"center center","background-size":"auto","background-attachment":"scroll","background-type":"","background-media":"","overlay-type":"","overlay-color":"","overlay-opacity":"","overlay-gradient":""}},"ast-content-background-meta":{"desktop":{"background-color":"var(--ast-global-color-4)","background-image":"","background-repeat":"repeat","background-position":"center center","background-size":"auto","background-attachment":"scroll","background-type":"","background-media":"","overlay-type":"","overlay-color":"","overlay-opacity":"","overlay-gradient":""},"tablet":{"background-color":"var(--ast-global-color-4)","background-image":"","background-repeat":"repeat","background-position":"center center","background-size":"auto","background-attachment":"scroll","background-type":"","background-media":"","overlay-type":"","overlay-color":"","overlay-opacity":"","overlay-gradient":""},"mobile":{"background-color":"var(--ast-global-color-4)","background-image":"","background-repeat":"repeat","background-position":"center center","background-size":"auto","background-attachment":"scroll","background-type":"","background-media":"","overlay-type":"","overlay-color":"","overlay-opacity":"","overlay-gradient":""}}},"product_brand":[],"product_cat":[54],"product_tag":[],"class_list":{"0":"post-706","1":"product","2":"type-product","3":"status-publish","4":"has-post-thumbnail","6":"product_cat-reed-diffuser-bottles","7":"desktop-align-left","8":"tablet-align-left","9":"mobile-align-left","11":"first","12":"instock","13":"shipping-taxable","14":"product-type-simple"},"jetpack_sharing_enabled":true,"_links":{"self":[{"href":"https:\/\/mostebglass.com\/es\/wp-json\/wp\/v2\/product\/706","targetHints":{"allow":["GET"]}}],"collection":[{"href":"https:\/\/mostebglass.com\/es\/wp-json\/wp\/v2\/product"}],"about":[{"href":"https:\/\/mostebglass.com\/es\/wp-json\/wp\/v2\/types\/product"}],"wp:featuredmedia":[{"embeddable":true,"href":"https:\/\/mostebglass.com\/es\/wp-json\/wp\/v2\/media\/4780"}],"wp:attachment":[{"href":"https:\/\/mostebglass.com\/es\/wp-json\/wp\/v2\/media?parent=706"}],"wp:term":[{"taxonomy":"product_brand","embeddable":true,"href":"https:\/\/mostebglass.com\/es\/wp-json\/wp\/v2\/product_brand?post=706"},{"taxonomy":"product_cat","embeddable":true,"href":"https:\/\/mostebglass.com\/es\/wp-json\/wp\/v2\/product_cat?post=706"},{"taxonomy":"product_tag","embeddable":true,"href":"https:\/\/mostebglass.com\/es\/wp-json\/wp\/v2\/product_tag?post=706"}],"curies":[{"name":"wp","href":"https:\/\/api.w.org\/{rel}","templated":true}]}}