{"id":729,"date":"2025-08-21T12:49:19","date_gmt":"2025-08-21T04:49:19","guid":{"rendered":"https:\/\/mostebglass.com\/?post_type=product&#038;p=729"},"modified":"2026-04-09T15:24:15","modified_gmt":"2026-04-09T07:24:15","slug":"clear-reed-diffuser-containers-with-vertical-stripes-wholesale","status":"publish","type":"product","link":"https:\/\/mostebglass.com\/es\/clear-reed-diffuser-containers-with-vertical-stripes-wholesale\/","title":{"rendered":"Difusores de varillas transparentes de 50 ml y 100 ml con rayas verticales (venta al por mayor)"},"content":{"rendered":"<p>Fabricado con vidrio difusor de primera calidad, este difusor de vidrio con varillas (tambi\u00e9n un elegante difusor de varillas transparente) presenta una elegante forma cil\u00edndrica con bordes verticales definidos. Su resistente botella transparente es cristalina, la manera perfecta de exhibir tu fragancia \u00fanica. Nos especializamos en fragancias a granel y en una gama de suministros para difusores, incluyendo vers\u00e1tiles recipientes y contenedores para difusores, ofreciendo productos de alta calidad a precios asequibles.<\/p>\n<h2>P\u0159izp\u016fsoben\u00e9 n\u00e1vrhy<\/h2>\n<ul>\n<li>Dise\u00f1o pr\u00e1ctico: Las rayas verticales y una boca ancha (combinadas con un tap\u00f3n seguro) hacen que este difusor cl\u00e1sico con varilla sea f\u00e1cil de rellenar y se coordina f\u00e1cilmente con otros difusores de varillas y contenedores de difusores, lo que lo hace ideal para el uso diario.<\/li>\n<li>Transparente: Hecho con vidrio difusor de primera calidad, la fragancia dentro de esta botella difusora transparente (un destacado difusor de varillas transparente) es claramente visible, lo que crea una experiencia visual fresca y pura.<\/li>\n<li>Delgado: la botella delgada y las l\u00edneas limpias de este difusor de vidrio con varillas crean un dise\u00f1o simple y elegante que complementa cualquier estilo de exhibici\u00f3n, encaj\u00e1ndose perfectamente junto a los contenedores de difusores de varillas.<\/li>\n<\/ul>\n<h2>Historia real: C\u00f3mo una marca duplic\u00f3 el n\u00famero de clientes recurrentes<\/h2>\n<p>Una marca californiana de bienestar buscaba lanzar un difusor de varillas con un dise\u00f1o \u00fanico. A sus clientes les encantaba el aroma, pero no recordaban las otras botellas entre los difusores de vidrio y los recipientes gen\u00e9ricos del estante. As\u00ed que optaron por nuestro difusor de varillas transparente personalizado, elaborado con vidrio verde suave, con un tap\u00f3n de la marca y un envase a medida. El producto tuvo tanta popularidad que ampliaron su l\u00ednea de productos en seis meses, utilizando la misma botella transparente y duplicando sus ingresos.<\/p>\n<h2>Tus opciones de personalizaci\u00f3n<\/h2>\n<p>No te conformes con opciones est\u00e1ndar. Te facilitamos la personalizaci\u00f3n de cada detalle de tu difusor de vidrio con varillas, frasco difusor transparente o recipientes difusores de varillas.<\/p>\n<ul>\n<li>Acabados especiales: Difusores de vidrio mate, esmerilado o coloreado para una sensaci\u00f3n de alta gama, adecuado tanto para difusores de varillas transparentes como para contenedores de difusores.<\/li>\n<li>Complementos: tapones personalizados y embalajes difusores de marca para aumentar el atractivo de su producto.<\/li>\n<li>Aplicaciones del logotipo: Serigraf\u00eda, etiquetado o grabado con chorro de arena en superficies de vidrio de difusores.<\/li>\n<\/ul>\n<p>\u00bfBuscas un difusor de aromas con varillas verdaderamente personalizado y exclusivo, con recipientes o empaques personalizados? Lo fabricamos a tu medida.<\/p>","protected":false},"excerpt":{"rendered":"<p>Botellas difusoras transparentes y recipientes difusores de varillas al por mayor. Pedidos al por mayor, muestras gratuitas, calidad superior: ideal para marcas y proveedores de fragancias.<\/p>","protected":false},"featured_media":5015,"template":"","meta":{"site-sidebar-layout":"default","site-content-layout":"","ast-site-content-layout":"default","site-content-style":"default","site-sidebar-style":"default","ast-global-header-display":"","ast-banner-title-visibility":"","ast-main-header-display":"","ast-hfb-above-header-display":"","ast-hfb-below-header-display":"","ast-hfb-mobile-header-display":"","site-post-title":"","ast-breadcrumbs-content":"","ast-featured-img":"","footer-sml-layout":"","theme-transparent-header-meta":"default","adv-header-id-meta":"","stick-header-meta":"","header-above-stick-meta":"","header-main-stick-meta":"","header-below-stick-meta":"","astra-migrate-meta-layouts":"set","ast-page-background-enabled":"default","ast-page-background-meta":{"desktop":{"background-color":"var(--ast-global-color-5)","background-image":"","background-repeat":"repeat","background-position":"center center","background-size":"auto","background-attachment":"scroll","background-type":"","background-media":"","overlay-type":"","overlay-color":"","overlay-opacity":"","overlay-gradient":""},"tablet":{"background-color":"","background-image":"","background-repeat":"repeat","background-position":"center center","background-size":"auto","background-attachment":"scroll","background-type":"","background-media":"","overlay-type":"","overlay-color":"","overlay-opacity":"","overlay-gradient":""},"mobile":{"background-color":"","background-image":"","background-repeat":"repeat","background-position":"center center","background-size":"auto","background-attachment":"scroll","background-type":"","background-media":"","overlay-type":"","overlay-color":"","overlay-opacity":"","overlay-gradient":""}},"ast-content-background-meta":{"desktop":{"background-color":"var(--ast-global-color-4)","background-image":"","background-repeat":"repeat","background-position":"center center","background-size":"auto","background-attachment":"scroll","background-type":"","background-media":"","overlay-type":"","overlay-color":"","overlay-opacity":"","overlay-gradient":""},"tablet":{"background-color":"var(--ast-global-color-4)","background-image":"","background-repeat":"repeat","background-position":"center center","background-size":"auto","background-attachment":"scroll","background-type":"","background-media":"","overlay-type":"","overlay-color":"","overlay-opacity":"","overlay-gradient":""},"mobile":{"background-color":"var(--ast-global-color-4)","background-image":"","background-repeat":"repeat","background-position":"center center","background-size":"auto","background-attachment":"scroll","background-type":"","background-media":"","overlay-type":"","overlay-color":"","overlay-opacity":"","overlay-gradient":""}}},"product_brand":[],"product_cat":[54],"product_tag":[],"class_list":{"0":"post-729","1":"product","2":"type-product","3":"status-publish","4":"has-post-thumbnail","6":"product_cat-reed-diffuser-bottles","7":"desktop-align-left","8":"tablet-align-left","9":"mobile-align-left","11":"first","12":"instock","13":"shipping-taxable","14":"product-type-simple"},"jetpack_sharing_enabled":true,"_links":{"self":[{"href":"https:\/\/mostebglass.com\/es\/wp-json\/wp\/v2\/product\/729","targetHints":{"allow":["GET"]}}],"collection":[{"href":"https:\/\/mostebglass.com\/es\/wp-json\/wp\/v2\/product"}],"about":[{"href":"https:\/\/mostebglass.com\/es\/wp-json\/wp\/v2\/types\/product"}],"wp:featuredmedia":[{"embeddable":true,"href":"https:\/\/mostebglass.com\/es\/wp-json\/wp\/v2\/media\/5015"}],"wp:attachment":[{"href":"https:\/\/mostebglass.com\/es\/wp-json\/wp\/v2\/media?parent=729"}],"wp:term":[{"taxonomy":"product_brand","embeddable":true,"href":"https:\/\/mostebglass.com\/es\/wp-json\/wp\/v2\/product_brand?post=729"},{"taxonomy":"product_cat","embeddable":true,"href":"https:\/\/mostebglass.com\/es\/wp-json\/wp\/v2\/product_cat?post=729"},{"taxonomy":"product_tag","embeddable":true,"href":"https:\/\/mostebglass.com\/es\/wp-json\/wp\/v2\/product_tag?post=729"}],"curies":[{"name":"wp","href":"https:\/\/api.w.org\/{rel}","templated":true}]}}