{"id":755,"date":"2025-08-21T19:14:33","date_gmt":"2025-08-21T11:14:33","guid":{"rendered":"https:\/\/mostebglass.com\/?post_type=product&#038;p=755"},"modified":"2026-03-13T14:29:12","modified_gmt":"2026-03-13T06:29:12","slug":"empty-glass-diffuser-bottles-in-pumpkin-shape-for-wholesale","status":"publish","type":"product","link":"https:\/\/mostebglass.com\/es\/empty-glass-diffuser-bottles-in-pumpkin-shape-for-wholesale\/","title":{"rendered":"Botellas difusoras de vidrio vac\u00edas de 100 ml y 200 ml con forma de calabaza para venta al por mayor"},"content":{"rendered":"<p>Ya sea que compre frascos difusores de vidrio vac\u00edos para una nueva l\u00ednea de fragancias o para crear una colecci\u00f3n completa de envases de fragancias, este frasco de vidrio corto y voluminoso, con sus bordes limpios y geom\u00e9tricos, se asemeja a una calabaza moderna ba\u00f1ada por la luz del sol. Es m\u00e1s que una simple botella: es un difusor de vidrio con tallo dise\u00f1ado para vender.<\/p>\n<h2>P\u0159izp\u016fsoben\u00e9 n\u00e1vrhy<\/h2>\n<ul>\n<li><strong>Dise\u00f1o de vidrio facetado:<\/strong> La botella est\u00e1 dise\u00f1ada en muchas capas, tomando forma de calabaza, que refleja la luz con el estilo m\u00e1s elegante y tambi\u00e9n decora cualquier ambiente interior.<\/li>\n<li><strong>Base redonda estable:<\/strong> El dise\u00f1o de fondo ancho y redondeado permite que no se vuelque cuando est\u00e1 en uso, lo que lo hace seguro y c\u00f3modo de usar en estantes, mesas y encimeras.<\/li>\n<li><strong>Opciones de collares decorativos de primera calidad:<\/strong> Los clientes tienen la opci\u00f3n de un elegante collar met\u00e1lico en dorado o negro que aporta un toque sofisticado que se suma al atractivo general.<\/li>\n<\/ul>\n<h2>\u00c9xito real: C\u00f3mo una marca duplic\u00f3 el inter\u00e9s minorista<\/h2>\n<p>Una marca californiana presenta una nueva l\u00ednea de productos de aromaterapia. Eligi\u00f3 nuestras botellas de vidrio con difusor de 100 ml. Opt\u00f3 por su marca con Botellas de Vidrio Vac\u00edas con Difusor de Color \u00c1mbar Personalizadas y Laser Angrev. Estos difusores de vidrio con varillas se han convertido en un \u00e9xito de ventas. Los minoristas apuestan por un dise\u00f1o \u00fanico, y las ventas de la marca han aumentado un 35 % en tres meses. Esto demuestra c\u00f3mo una botella bien dise\u00f1ada puede aumentar el atractivo.<\/p>\n<h2>Consejos de personalizaci\u00f3n<\/h2>\n<ol>\n<li>Agregue un acabado esmerilado a las costillas para una apariencia m\u00e1s suave o use grabado \u00e1cido para agudizar las l\u00edneas en el vidrio del difusor.<\/li>\n<li>Las botellas se pueden personalizar en un negro mate suave, una opci\u00f3n poco com\u00fan en el mercado.<\/li>\n<li>Cambie la tapa de botella est\u00e1ndar por un tap\u00f3n de madera o vidrio natural.<\/li>\n<\/ol>","protected":false},"excerpt":{"rendered":"<p>Difusor de vidrio de alta calidad con varillas y frascos vac\u00edos. Ideal para pedidos al por mayor, personalizaci\u00f3n y muestras gratuitas para tu negocio.<\/p>","protected":false},"featured_media":4752,"template":"","meta":{"site-sidebar-layout":"default","site-content-layout":"","ast-site-content-layout":"default","site-content-style":"default","site-sidebar-style":"default","ast-global-header-display":"","ast-banner-title-visibility":"","ast-main-header-display":"","ast-hfb-above-header-display":"","ast-hfb-below-header-display":"","ast-hfb-mobile-header-display":"","site-post-title":"","ast-breadcrumbs-content":"","ast-featured-img":"","footer-sml-layout":"","theme-transparent-header-meta":"default","adv-header-id-meta":"","stick-header-meta":"","header-above-stick-meta":"","header-main-stick-meta":"","header-below-stick-meta":"","astra-migrate-meta-layouts":"set","ast-page-background-enabled":"default","ast-page-background-meta":{"desktop":{"background-color":"var(--ast-global-color-5)","background-image":"","background-repeat":"repeat","background-position":"center center","background-size":"auto","background-attachment":"scroll","background-type":"","background-media":"","overlay-type":"","overlay-color":"","overlay-opacity":"","overlay-gradient":""},"tablet":{"background-color":"","background-image":"","background-repeat":"repeat","background-position":"center center","background-size":"auto","background-attachment":"scroll","background-type":"","background-media":"","overlay-type":"","overlay-color":"","overlay-opacity":"","overlay-gradient":""},"mobile":{"background-color":"","background-image":"","background-repeat":"repeat","background-position":"center center","background-size":"auto","background-attachment":"scroll","background-type":"","background-media":"","overlay-type":"","overlay-color":"","overlay-opacity":"","overlay-gradient":""}},"ast-content-background-meta":{"desktop":{"background-color":"var(--ast-global-color-4)","background-image":"","background-repeat":"repeat","background-position":"center center","background-size":"auto","background-attachment":"scroll","background-type":"","background-media":"","overlay-type":"","overlay-color":"","overlay-opacity":"","overlay-gradient":""},"tablet":{"background-color":"var(--ast-global-color-4)","background-image":"","background-repeat":"repeat","background-position":"center center","background-size":"auto","background-attachment":"scroll","background-type":"","background-media":"","overlay-type":"","overlay-color":"","overlay-opacity":"","overlay-gradient":""},"mobile":{"background-color":"var(--ast-global-color-4)","background-image":"","background-repeat":"repeat","background-position":"center center","background-size":"auto","background-attachment":"scroll","background-type":"","background-media":"","overlay-type":"","overlay-color":"","overlay-opacity":"","overlay-gradient":""}}},"product_brand":[],"product_cat":[54],"product_tag":[],"class_list":{"0":"post-755","1":"product","2":"type-product","3":"status-publish","4":"has-post-thumbnail","6":"product_cat-reed-diffuser-bottles","7":"desktop-align-left","8":"tablet-align-left","9":"mobile-align-left","11":"first","12":"instock","13":"shipping-taxable","14":"product-type-simple"},"jetpack_sharing_enabled":true,"_links":{"self":[{"href":"https:\/\/mostebglass.com\/es\/wp-json\/wp\/v2\/product\/755","targetHints":{"allow":["GET"]}}],"collection":[{"href":"https:\/\/mostebglass.com\/es\/wp-json\/wp\/v2\/product"}],"about":[{"href":"https:\/\/mostebglass.com\/es\/wp-json\/wp\/v2\/types\/product"}],"wp:featuredmedia":[{"embeddable":true,"href":"https:\/\/mostebglass.com\/es\/wp-json\/wp\/v2\/media\/4752"}],"wp:attachment":[{"href":"https:\/\/mostebglass.com\/es\/wp-json\/wp\/v2\/media?parent=755"}],"wp:term":[{"taxonomy":"product_brand","embeddable":true,"href":"https:\/\/mostebglass.com\/es\/wp-json\/wp\/v2\/product_brand?post=755"},{"taxonomy":"product_cat","embeddable":true,"href":"https:\/\/mostebglass.com\/es\/wp-json\/wp\/v2\/product_cat?post=755"},{"taxonomy":"product_tag","embeddable":true,"href":"https:\/\/mostebglass.com\/es\/wp-json\/wp\/v2\/product_tag?post=755"}],"curies":[{"name":"wp","href":"https:\/\/api.w.org\/{rel}","templated":true}]}}