{"id":760,"date":"2025-08-22T08:49:51","date_gmt":"2025-08-22T00:49:51","guid":{"rendered":"https:\/\/mostebglass.com\/?post_type=product&#038;p=760"},"modified":"2026-05-15T16:54:54","modified_gmt":"2026-05-15T08:54:54","slug":"glass-reed-diffuser-containers-with-ribbed-bulk","status":"publish","type":"product","link":"https:\/\/mostebglass.com\/es\/glass-reed-diffuser-containers-with-ribbed-bulk\/","title":{"rendered":"100ml 200ml Glass Reed Diffuser Containers with Ribbed Bulk"},"content":{"rendered":"<p>Se trata de un conjunto de frascos de perfume de vidrio (de 100 ml y 200 ml) como ejemplo de difusor de varillas, con una forma cil\u00edndrica organizada y una base ovalada que ofrece un soporte uniforme. Los cuerpos de vidrio presentan una textura acanalada vertical que les confiere un aspecto refinado y lineal, adem\u00e1s de contribuir a una mayor reflexi\u00f3n de la luz gracias al l\u00edquido coloreado que contienen.<\/p>\n<h2>Archivos adjuntos<\/h2>\n<p>Los tapones en forma de T de las botellas tambi\u00e9n tienen un acabado dorado, creando un contraste limpio y pulido con el vidrio transparente. En la abertura se encuentran diversas varillas de ca\u00f1a para una mejor difusi\u00f3n de los aromas. El corcho y la tapa, cuidadosamente sellados, tambi\u00e9n aportan una apariencia elegante y sofisticada, convirti\u00e9ndolas en difusores de alta gama.<\/p>\n<h2>Solicitud<\/h2>\n<p>Estos elegantes difusores se pueden usar como difusores de varillas en perfumer\u00edas dom\u00e9sticas. Tambi\u00e9n se pueden usar como peque\u00f1os floreros con fines decorativos. Se suelen usar en viviendas, hosteler\u00eda y tiendas de estilo de vida. La combinaci\u00f3n de vidrio texturizado y cierre met\u00e1lico garantiza que cada difusor de varillas cuente con un contenedor enrollable que puede exhibirse de forma decorativa y garantizar una fragancia continua.<\/p>\n<h2>Caso de \u00e9xito<\/h2>\n<p>A French home fragrance company had to find a good packaging solution for its all-new high-end aromatherapy line. The client after a careful inspection of many suppliers chose one of our geometrically shaped glass diffuser bottles. The bottles were customised with bespoke spray-painted finishes in smoky gray and amber colours, to complement the company\u2019s unique fragrance lines. In addition, the client had a custom silk-screen print process for their brand logo and a thicker black fiber diffuser reed as well as electroplated gold neck rings to create a very polished and sophisticated look.<\/p>\n<p>Since launching this new collection, the client has seen a 35% uplift in sales of their premium fragrance category in the first quarter alone. These luxury diffuser bottles were met with a very positive response and reviews from both the distributors and online consumers and the brand subsequently made continuous orders for these items, thereby expanding the product line with limited edition seasonal releases.<\/p>\n<h2>\u00bfC\u00f3mo personalizar el tuyo?<\/h2>\n<p>Tienes opciones y te ayudaremos a cuidar cada detalle.<\/p>\n<ul>\n<li>Acabados especiales: Pruebe con vidrio esmerilado, tapas de colores o incluso impresi\u00f3n en dos tonos para lograr una apariencia destacada.<\/li>\n<li>Color de la botella: Cambie el vidrio transparente por uno negro ahumado, azul oc\u00e9ano o \u00e1mbar suave. El vidrio difusor oscuro reduce el riesgo de exposici\u00f3n a la luz y preserva la calidad del aceite.<\/li>\n<li>Tama\u00f1o: elija 40 ml para muestras, 100 ml para venta minorista est\u00e1ndar o 200 ml para juegos de regalo premium.<\/li>\n<li>Logotipo y marca: imprima su logotipo directamente en el vidrio o utilice etiquetas personalizadas.<\/li>\n<\/ul>\n<p>Estos frascos difusores al por mayor no son solo envases. Son la primera impresi\u00f3n de tu marca. \u00a1Que cuente!<\/p>","protected":false},"excerpt":{"rendered":"<p>The reed diffuser containers with ribbed glass, and gold stopper. These luxury diffuser bottles Ideal for brands and fragrance lines. Free samples.<\/p>","protected":false},"featured_media":5337,"template":"","meta":{"site-sidebar-layout":"default","site-content-layout":"","ast-site-content-layout":"default","site-content-style":"default","site-sidebar-style":"default","ast-global-header-display":"","ast-banner-title-visibility":"","ast-main-header-display":"","ast-hfb-above-header-display":"","ast-hfb-below-header-display":"","ast-hfb-mobile-header-display":"","site-post-title":"","ast-breadcrumbs-content":"","ast-featured-img":"","footer-sml-layout":"","theme-transparent-header-meta":"default","adv-header-id-meta":"","stick-header-meta":"","header-above-stick-meta":"","header-main-stick-meta":"","header-below-stick-meta":"","astra-migrate-meta-layouts":"set","ast-page-background-enabled":"default","ast-page-background-meta":{"desktop":{"background-color":"var(--ast-global-color-5)","background-image":"","background-repeat":"repeat","background-position":"center center","background-size":"auto","background-attachment":"scroll","background-type":"","background-media":"","overlay-type":"","overlay-color":"","overlay-opacity":"","overlay-gradient":""},"tablet":{"background-color":"","background-image":"","background-repeat":"repeat","background-position":"center center","background-size":"auto","background-attachment":"scroll","background-type":"","background-media":"","overlay-type":"","overlay-color":"","overlay-opacity":"","overlay-gradient":""},"mobile":{"background-color":"","background-image":"","background-repeat":"repeat","background-position":"center center","background-size":"auto","background-attachment":"scroll","background-type":"","background-media":"","overlay-type":"","overlay-color":"","overlay-opacity":"","overlay-gradient":""}},"ast-content-background-meta":{"desktop":{"background-color":"var(--ast-global-color-4)","background-image":"","background-repeat":"repeat","background-position":"center center","background-size":"auto","background-attachment":"scroll","background-type":"","background-media":"","overlay-type":"","overlay-color":"","overlay-opacity":"","overlay-gradient":""},"tablet":{"background-color":"var(--ast-global-color-4)","background-image":"","background-repeat":"repeat","background-position":"center center","background-size":"auto","background-attachment":"scroll","background-type":"","background-media":"","overlay-type":"","overlay-color":"","overlay-opacity":"","overlay-gradient":""},"mobile":{"background-color":"var(--ast-global-color-4)","background-image":"","background-repeat":"repeat","background-position":"center center","background-size":"auto","background-attachment":"scroll","background-type":"","background-media":"","overlay-type":"","overlay-color":"","overlay-opacity":"","overlay-gradient":""}}},"product_brand":[],"product_cat":[54,21],"product_tag":[],"class_list":{"0":"post-760","1":"product","2":"type-product","3":"status-publish","4":"has-post-thumbnail","6":"product_cat-reed-diffuser-bottles","7":"product_cat-product","8":"desktop-align-left","9":"tablet-align-left","10":"mobile-align-left","12":"first","13":"instock","14":"shipping-taxable","15":"product-type-simple"},"jetpack_sharing_enabled":true,"_links":{"self":[{"href":"https:\/\/mostebglass.com\/es\/wp-json\/wp\/v2\/product\/760","targetHints":{"allow":["GET"]}}],"collection":[{"href":"https:\/\/mostebglass.com\/es\/wp-json\/wp\/v2\/product"}],"about":[{"href":"https:\/\/mostebglass.com\/es\/wp-json\/wp\/v2\/types\/product"}],"wp:featuredmedia":[{"embeddable":true,"href":"https:\/\/mostebglass.com\/es\/wp-json\/wp\/v2\/media\/5337"}],"wp:attachment":[{"href":"https:\/\/mostebglass.com\/es\/wp-json\/wp\/v2\/media?parent=760"}],"wp:term":[{"taxonomy":"product_brand","embeddable":true,"href":"https:\/\/mostebglass.com\/es\/wp-json\/wp\/v2\/product_brand?post=760"},{"taxonomy":"product_cat","embeddable":true,"href":"https:\/\/mostebglass.com\/es\/wp-json\/wp\/v2\/product_cat?post=760"},{"taxonomy":"product_tag","embeddable":true,"href":"https:\/\/mostebglass.com\/es\/wp-json\/wp\/v2\/product_tag?post=760"}],"curies":[{"name":"wp","href":"https:\/\/api.w.org\/{rel}","templated":true}]}}