{"id":766,"date":"2025-08-22T10:26:40","date_gmt":"2025-08-22T02:26:40","guid":{"rendered":"https:\/\/mostebglass.com\/?post_type=product&#038;p=766"},"modified":"2026-03-03T14:08:27","modified_gmt":"2026-03-03T06:08:27","slug":"glass-round-votive-candle-holders-in-ball-style-bulk","status":"publish","type":"product","link":"https:\/\/mostebglass.com\/es\/glass-round-votive-candle-holders-in-ball-style-bulk\/","title":{"rendered":"Candelabros votivos redondos de vidrio estilo bola al por mayor"},"content":{"rendered":"<p>Este portavelas votivo redondo de vidrio es altamente transparente gracias a su excelente claridad y su superficie lisa y pulida, lo que realza la belleza de la llama. Su base robusta y gruesa lo hace duradero y resistente al calor. Sus formas curvas y su dise\u00f1o exterior curvado le dan un aspecto suave y moderno, y su profundo interior sujeta la cera firmemente para evitar que se derrame. Esto facilita la colocaci\u00f3n de la mecha y el vertido, ideal tanto para velas vertidas a mano como para velas rellenas a m\u00e1quina.<\/p>\n<h2>P\u0159izp\u016fsoben\u00e9 n\u00e1vrhy<\/h2>\n<ul>\n<li><strong>Estructura visual de doble capa:<\/strong> La pared exterior redondeada y la copa interior proporcionan un efecto especial de profundidad de pecera.<\/li>\n<li><strong>Apertura de boca amplia:<\/strong> Es f\u00e1cil verter la cera, centrar la mecha y se limpia f\u00e1cilmente.<\/li>\n<li><strong>Cavidad interna profunda:<\/strong> Minimiza las posibilidades de desbordamiento de la cera y mantiene la cera derretida en un recipiente limpio.<\/li>\n<\/ul>\n<h2>Especificaciones clave<\/h2>\n<table style=\"border-collapse: collapse; width: 80%; margin-left: auto; margin-right: auto;\" border=\"0\" width=\"144\" cellspacing=\"0\" cellpadding=\"0\">\n<tbody>\n<tr style=\"height: 13.50pt;\">\n<td style=\"height: 13.5pt; width: 54pt; text-align: center;\" width=\"72\" height=\"18\">Caracter\u00edstica<\/td>\n<td style=\"width: 54pt; text-align: center;\" width=\"72\">Detalles<\/td>\n<\/tr>\n<tr style=\"height: 13.50pt;\">\n<td style=\"height: 13.5pt; text-align: center;\" height=\"18\">Dimensiones<\/td>\n<td style=\"text-align: center;\">68*25 mm<\/td>\n<\/tr>\n<tr style=\"height: 13.50pt;\">\n<td style=\"height: 13.5pt; text-align: center;\" height=\"18\">Material<\/td>\n<td style=\"text-align: center;\">vaso de cristal<\/td>\n<\/tr>\n<tr style=\"height: 13.50pt;\">\n<td style=\"height: 13.5pt; text-align: center;\" height=\"18\">Opciones de color<\/td>\n<td style=\"text-align: center;\">Claro, seg\u00fan lo requieras<\/td>\n<\/tr>\n<\/tbody>\n<\/table>\n<h2>Caso de \u00e9xito<\/h2>\n<p>Una de las marcas boutique de fragancias para el hogar del norte de Italia, especializada en velas de soja bot\u00e1nicas, decidi\u00f3 dise\u00f1ar a medida nuestro candelabro de vidrio en forma de cuenco. El exterior esmerilado del candelabro reluce para realzar el efecto de las flores secas incrustadas en la cera, complementando as\u00ed su dise\u00f1o minimalista mediterr\u00e1neo. La amplia base est\u00e1 grabada con un fino motivo de rama de olivo, mientras que el logotipo de la marca est\u00e1 impreso en oro mate en el borde exterior. Tambi\u00e9n encargamos una tapa de ceniza a medida, grabada con l\u00e1ser, que encaja a la perfecci\u00f3n en el amplio orificio del candelabro.<\/p>\n<p>Los comentarios de los clientes muestran que la percepci\u00f3n de calidad premium aument\u00f3 un 35 % durante las pruebas en tienda. Tambi\u00e9n se observ\u00f3 un aumento del 28 % en las tasas de recompra del producto en los dos meses posteriores a su lanzamiento.<\/p>\n<h2>Ideas de personalizaci\u00f3n para ti<\/h2>\n<ol>\n<li><strong>Efectos de acabado superficial:<\/strong> Acabado esmerilado, revestimiento en aerosol interior, revestimiento mate exterior o galvanoplastia iridiscente para agregar m\u00e1s profundidad al efecto visual.<\/li>\n<li><strong>Grabado o moldeado de base:<\/strong> Marca en relieve personalizada o parte inferior con patr\u00f3n profundo para identificar ligeramente la marca.<\/li>\n<li><strong>Tapa correspondiente:<\/strong> Tapa de vidrio, tapa de madera, tapa de bamb\u00fa o tapa de metal que encaja en la estructura de borde ancho.<\/li>\n<\/ol>","protected":false},"excerpt":{"rendered":"<p>\u00a1Impulsa tus ventas con portavelas votivas redondas! Env\u00edo gratis en frascos para velas al por mayor + plantillas de dise\u00f1o exclusivas. Perfectos para marcas de velas de lujo.<\/p>","protected":false},"featured_media":4575,"template":"","meta":{"site-sidebar-layout":"default","site-content-layout":"","ast-site-content-layout":"default","site-content-style":"default","site-sidebar-style":"default","ast-global-header-display":"","ast-banner-title-visibility":"","ast-main-header-display":"","ast-hfb-above-header-display":"","ast-hfb-below-header-display":"","ast-hfb-mobile-header-display":"","site-post-title":"","ast-breadcrumbs-content":"","ast-featured-img":"","footer-sml-layout":"","theme-transparent-header-meta":"default","adv-header-id-meta":"","stick-header-meta":"","header-above-stick-meta":"","header-main-stick-meta":"","header-below-stick-meta":"","astra-migrate-meta-layouts":"set","ast-page-background-enabled":"default","ast-page-background-meta":{"desktop":{"background-color":"var(--ast-global-color-5)","background-image":"","background-repeat":"repeat","background-position":"center center","background-size":"auto","background-attachment":"scroll","background-type":"","background-media":"","overlay-type":"","overlay-color":"","overlay-opacity":"","overlay-gradient":""},"tablet":{"background-color":"","background-image":"","background-repeat":"repeat","background-position":"center center","background-size":"auto","background-attachment":"scroll","background-type":"","background-media":"","overlay-type":"","overlay-color":"","overlay-opacity":"","overlay-gradient":""},"mobile":{"background-color":"","background-image":"","background-repeat":"repeat","background-position":"center center","background-size":"auto","background-attachment":"scroll","background-type":"","background-media":"","overlay-type":"","overlay-color":"","overlay-opacity":"","overlay-gradient":""}},"ast-content-background-meta":{"desktop":{"background-color":"var(--ast-global-color-4)","background-image":"","background-repeat":"repeat","background-position":"center center","background-size":"auto","background-attachment":"scroll","background-type":"","background-media":"","overlay-type":"","overlay-color":"","overlay-opacity":"","overlay-gradient":""},"tablet":{"background-color":"var(--ast-global-color-4)","background-image":"","background-repeat":"repeat","background-position":"center center","background-size":"auto","background-attachment":"scroll","background-type":"","background-media":"","overlay-type":"","overlay-color":"","overlay-opacity":"","overlay-gradient":""},"mobile":{"background-color":"var(--ast-global-color-4)","background-image":"","background-repeat":"repeat","background-position":"center center","background-size":"auto","background-attachment":"scroll","background-type":"","background-media":"","overlay-type":"","overlay-color":"","overlay-opacity":"","overlay-gradient":""}}},"product_brand":[],"product_cat":[28],"product_tag":[],"class_list":{"0":"post-766","1":"product","2":"type-product","3":"status-publish","4":"has-post-thumbnail","6":"product_cat-glass-candle-jars","7":"desktop-align-left","8":"tablet-align-left","9":"mobile-align-left","11":"first","12":"instock","13":"shipping-taxable","14":"product-type-simple"},"jetpack_sharing_enabled":true,"_links":{"self":[{"href":"https:\/\/mostebglass.com\/es\/wp-json\/wp\/v2\/product\/766","targetHints":{"allow":["GET"]}}],"collection":[{"href":"https:\/\/mostebglass.com\/es\/wp-json\/wp\/v2\/product"}],"about":[{"href":"https:\/\/mostebglass.com\/es\/wp-json\/wp\/v2\/types\/product"}],"wp:featuredmedia":[{"embeddable":true,"href":"https:\/\/mostebglass.com\/es\/wp-json\/wp\/v2\/media\/4575"}],"wp:attachment":[{"href":"https:\/\/mostebglass.com\/es\/wp-json\/wp\/v2\/media?parent=766"}],"wp:term":[{"taxonomy":"product_brand","embeddable":true,"href":"https:\/\/mostebglass.com\/es\/wp-json\/wp\/v2\/product_brand?post=766"},{"taxonomy":"product_cat","embeddable":true,"href":"https:\/\/mostebglass.com\/es\/wp-json\/wp\/v2\/product_cat?post=766"},{"taxonomy":"product_tag","embeddable":true,"href":"https:\/\/mostebglass.com\/es\/wp-json\/wp\/v2\/product_tag?post=766"}],"curies":[{"name":"wp","href":"https:\/\/api.w.org\/{rel}","templated":true}]}}