{"id":776,"date":"2025-08-22T10:46:08","date_gmt":"2025-08-22T02:46:08","guid":{"rendered":"https:\/\/mostebglass.com\/?post_type=product&#038;p=776"},"modified":"2026-03-19T15:14:25","modified_gmt":"2026-03-19T07:14:25","slug":"hanging-car-diffuser-bottles-with-diamond-glass-bulk","status":"publish","type":"product","link":"https:\/\/mostebglass.com\/es\/hanging-car-diffuser-bottles-with-diamond-glass-bulk\/","title":{"rendered":"Difusores de coche colgantes de 8 ml con vidrio de diamante (a granel)"},"content":{"rendered":"<p>Este elegante difusor para coche se presenta en una elegante botella de vidrio facetado con forma de diamante que irradia un brillo deslumbrante. Su capacidad compacta de 8 ml complementa cualquier coche. El tap\u00f3n de madera multicapa y el cord\u00f3n de colores le confieren un atractivo visual.<\/p>\n<h2>P\u0159izp\u016fsoben\u00e9 n\u00e1vrhy<\/h2>\n<ul>\n<li>Botella en forma de diamante: el vidrio transparente crea un dise\u00f1o \u00fanico y elegante en forma de diamante, que le permite ver claramente la fragancia restante.<\/li>\n<li>Compacto y port\u00e1til: el tama\u00f1o compacto ocupa un espacio m\u00ednimo, lo que hace que sea f\u00e1cil de guardar en su autom\u00f3vil o colgar en su equipaje de mano.<\/li>\n<li>Incluye un cord\u00f3n: el dise\u00f1o elegante y pr\u00e1ctico le permite colgar el cord\u00f3n y la tapa de madera de varias capas en su autom\u00f3vil o en su bolso.<\/li>\n<\/ul>\n<h2>Historia de \u00e9xito: C\u00f3mo una marca mejor\u00f3 el atractivo del comercio minorista<\/h2>\n<p>Una marca vend\u00eda anteriormente difusores de vidrio comunes y corrientes en l\u00ednea, pero los clientes se quejaban de que parec\u00edan &#034;baratos&#034;. Los reemplazamos con difusores colgantes para autom\u00f3viles con vidrio verde bosque personalizado, una tapa grabada y un cord\u00f3n en tonos tierra.<\/p>\n<p>\u00bfEl resultado? Su tasa de conversi\u00f3n en Amazon aument\u00f3 un 92 % en tres meses. Los minoristas est\u00e1n encantados con su aspecto pr\u00e9mium. Un comprador coment\u00f3: \u00abParece un art\u00edculo de lujo, no un difusor de coche cualquiera\u00bb.<\/p>\n<h2>\u00bfQuieres personalizar este difusor de coche?<\/h2>\n<p>No te quedes con lo mismo. Podemos personalizar cada detalle:<\/p>\n<ul>\n<li>Cord\u00f3n y cuentas: elija el color del cord\u00f3n y el material de las cuentas (madera, acr\u00edlico o piedra) para complementar la paleta de su marca.<\/li>\n<li>Color de la botella: para lograr un efecto en forma de escudo o de color s\u00f3lido en negro, azul, \u00e1mbar o un tono personalizado, se pueden utilizar esmaltes de vidrio de colores para mejorar el atractivo visual.<\/li>\n<li>Tama\u00f1o flexible: \u00bfNecesitas una muestra de 5 ml o una de 10 ml con fragancia duradera? Tenemos lo que necesitas.<\/li>\n<li>Logotipo y marca: para una visualizaci\u00f3n clara de su marca, elija entre acabados esmerilados\/arenados, serigrafiados o grabados con l\u00e1ser.<\/li>\n<\/ul>\n<p>Estas botellas difusoras colgantes para autom\u00f3viles no solo son pr\u00e1cticas; tambi\u00e9n son vendedores silenciosos.<\/p>","protected":false},"excerpt":{"rendered":"<p>Botellas difusoras premium para coche y botellas difusoras colgantes para coche al por mayor. Pide al por mayor, personaliza tu estilo y disfruta de muestras gratis hoy mismo.<\/p>","protected":false},"featured_media":4822,"template":"","meta":{"site-sidebar-layout":"default","site-content-layout":"","ast-site-content-layout":"default","site-content-style":"default","site-sidebar-style":"default","ast-global-header-display":"","ast-banner-title-visibility":"","ast-main-header-display":"","ast-hfb-above-header-display":"","ast-hfb-below-header-display":"","ast-hfb-mobile-header-display":"","site-post-title":"","ast-breadcrumbs-content":"","ast-featured-img":"","footer-sml-layout":"","theme-transparent-header-meta":"default","adv-header-id-meta":"","stick-header-meta":"","header-above-stick-meta":"","header-main-stick-meta":"","header-below-stick-meta":"","astra-migrate-meta-layouts":"set","ast-page-background-enabled":"default","ast-page-background-meta":{"desktop":{"background-color":"var(--ast-global-color-5)","background-image":"","background-repeat":"repeat","background-position":"center center","background-size":"auto","background-attachment":"scroll","background-type":"","background-media":"","overlay-type":"","overlay-color":"","overlay-opacity":"","overlay-gradient":""},"tablet":{"background-color":"","background-image":"","background-repeat":"repeat","background-position":"center center","background-size":"auto","background-attachment":"scroll","background-type":"","background-media":"","overlay-type":"","overlay-color":"","overlay-opacity":"","overlay-gradient":""},"mobile":{"background-color":"","background-image":"","background-repeat":"repeat","background-position":"center center","background-size":"auto","background-attachment":"scroll","background-type":"","background-media":"","overlay-type":"","overlay-color":"","overlay-opacity":"","overlay-gradient":""}},"ast-content-background-meta":{"desktop":{"background-color":"var(--ast-global-color-4)","background-image":"","background-repeat":"repeat","background-position":"center center","background-size":"auto","background-attachment":"scroll","background-type":"","background-media":"","overlay-type":"","overlay-color":"","overlay-opacity":"","overlay-gradient":""},"tablet":{"background-color":"var(--ast-global-color-4)","background-image":"","background-repeat":"repeat","background-position":"center center","background-size":"auto","background-attachment":"scroll","background-type":"","background-media":"","overlay-type":"","overlay-color":"","overlay-opacity":"","overlay-gradient":""},"mobile":{"background-color":"var(--ast-global-color-4)","background-image":"","background-repeat":"repeat","background-position":"center center","background-size":"auto","background-attachment":"scroll","background-type":"","background-media":"","overlay-type":"","overlay-color":"","overlay-opacity":"","overlay-gradient":""}}},"product_brand":[],"product_cat":[54],"product_tag":[],"class_list":{"0":"post-776","1":"product","2":"type-product","3":"status-publish","4":"has-post-thumbnail","6":"product_cat-reed-diffuser-bottles","7":"desktop-align-left","8":"tablet-align-left","9":"mobile-align-left","11":"first","12":"instock","13":"shipping-taxable","14":"product-type-simple"},"jetpack_sharing_enabled":true,"_links":{"self":[{"href":"https:\/\/mostebglass.com\/es\/wp-json\/wp\/v2\/product\/776","targetHints":{"allow":["GET"]}}],"collection":[{"href":"https:\/\/mostebglass.com\/es\/wp-json\/wp\/v2\/product"}],"about":[{"href":"https:\/\/mostebglass.com\/es\/wp-json\/wp\/v2\/types\/product"}],"wp:featuredmedia":[{"embeddable":true,"href":"https:\/\/mostebglass.com\/es\/wp-json\/wp\/v2\/media\/4822"}],"wp:attachment":[{"href":"https:\/\/mostebglass.com\/es\/wp-json\/wp\/v2\/media?parent=776"}],"wp:term":[{"taxonomy":"product_brand","embeddable":true,"href":"https:\/\/mostebglass.com\/es\/wp-json\/wp\/v2\/product_brand?post=776"},{"taxonomy":"product_cat","embeddable":true,"href":"https:\/\/mostebglass.com\/es\/wp-json\/wp\/v2\/product_cat?post=776"},{"taxonomy":"product_tag","embeddable":true,"href":"https:\/\/mostebglass.com\/es\/wp-json\/wp\/v2\/product_tag?post=776"}],"curies":[{"name":"wp","href":"https:\/\/api.w.org\/{rel}","templated":true}]}}