{"id":788,"date":"2025-08-22T13:27:34","date_gmt":"2025-08-22T05:27:34","guid":{"rendered":"https:\/\/mostebglass.com\/?post_type=product&#038;p=788"},"modified":"2026-03-18T11:38:33","modified_gmt":"2026-03-18T03:38:33","slug":"hanging-empty-car-diffuser-bottles-with-wood-lids-wholesale","status":"publish","type":"product","link":"https:\/\/mostebglass.com\/es\/hanging-empty-car-diffuser-bottles-with-wood-lids-wholesale\/","title":{"rendered":"Botellas vac\u00edas de 10 ml para difusor de coche con tapa de madera (venta al por mayor)"},"content":{"rendered":"<p>Este difusor colgante, dise\u00f1ado espec\u00edficamente para coches, se ha convertido en un favorito. Su suave forma de campana ofrece curvas suaves y sin esquinas afiladas. Est\u00e1 dise\u00f1ado con vidrio de alta calidad con un acabado mate suave. Su superficie esmerilada le confiere una elegancia fresca, y su calidad se aprecia claramente en la mano.<\/p>\n<h2>P\u0159izp\u016fsoben\u00e9 n\u00e1vrhy<\/h2>\n<ul>\n<li><strong>Elegancia en forma de campana:<\/strong> El difusor de vidrio redondo y liso libera un aura lujosa, mientras que la superficie resistente a las heladas refleja suavemente la luz.<\/li>\n<li><strong>Textura frustrada:<\/strong> El vidrio esmerilado revela un toque de clase difusor y se siente resistente a las manchas, casi a las huellas dactilares.<\/li>\n<li><strong>Compacto y ligero:<\/strong> Con una capacidad de 10 ml, es f\u00e1cil de compactar y transportar o colgar, ahorra espacio.<\/li>\n<\/ul>\n<h2>Caso de \u00e9xito<\/h2>\n<p>Nuestro peque\u00f1o frasco redondo de 10 ml de fragancia para autom\u00f3vil fue elegido por una marca alemana de productos para el estilo de vida automovil\u00edstico. Durante la personalizaci\u00f3n, el cliente seleccion\u00f3 una gama de colores, como \u00e1mbar, rosa, azul y transparente, para que combinaran y diferenciaran las distintas versiones de la fragancia. Adem\u00e1s, se mejor\u00f3 el cord\u00f3n para colgar, convirti\u00e9ndolo en una correa plana de cuero trenzado con extremos termosellados. Por \u00faltimo, el cliente decidi\u00f3 incorporar una t\u00e9cnica de micrograbado en la tapa del frasco, utilizando un icono simb\u00f3lico en lugar del logotipo corporativo de la marca.<\/p>\n<p>Tras su lanzamiento, la l\u00ednea de productos registr\u00f3 un aumento del 44 % en las ventas online durante los dos primeros meses de su debut en el mercado. En tan solo nueve meses, el cliente realiz\u00f3 cinco pedidos de reposici\u00f3n consecutivos.<\/p>\n<h2>\u00bfBuscas personalizaci\u00f3n? Empieza aqu\u00ed.<\/h2>\n<ul>\n<li>Color de la botella: Cambia de una botella transparente esmerilada a negra, verde salvia, azul marino o una paleta de colores personalizada. Los colores mate realzan al instante tu difusor.<\/li>\n<li>Forma de la botella: cortes geom\u00e9tricos como diamantes, l\u00e1grima y hexagonal (para una mayor reflexi\u00f3n de la luz).<\/li>\n<li>Opci\u00f3n de tama\u00f1o: 10 ml es ideal, pero podemos adaptar el tama\u00f1o de hasta 8 ml o 12 ml para conjuntos de muestras o uso a largo plazo.<\/li>\n<li>Logotipo y marca: imprima su logotipo en el empaque o cree una versi\u00f3n festiva especial para fortalecer el recuerdo de marca.<\/li>\n<li>Doris y cuentas: combina con los colores de tu marca. Usa algod\u00f3n org\u00e1nico, hilos reciclados o incluso cordones de cuero para un look atrevido.<\/li>\n<\/ul>","protected":false},"excerpt":{"rendered":"<p>Botellas difusoras colgantes premium y botellas vac\u00edas para difusor de coche al por mayor. \u00a1Compra ahora y disfruta de precios competitivos, entrega r\u00e1pida y garant\u00eda de calidad!<\/p>","protected":false},"featured_media":4801,"template":"","meta":{"site-sidebar-layout":"default","site-content-layout":"","ast-site-content-layout":"default","site-content-style":"default","site-sidebar-style":"default","ast-global-header-display":"","ast-banner-title-visibility":"","ast-main-header-display":"","ast-hfb-above-header-display":"","ast-hfb-below-header-display":"","ast-hfb-mobile-header-display":"","site-post-title":"","ast-breadcrumbs-content":"","ast-featured-img":"","footer-sml-layout":"","theme-transparent-header-meta":"default","adv-header-id-meta":"","stick-header-meta":"","header-above-stick-meta":"","header-main-stick-meta":"","header-below-stick-meta":"","astra-migrate-meta-layouts":"set","ast-page-background-enabled":"default","ast-page-background-meta":{"desktop":{"background-color":"var(--ast-global-color-5)","background-image":"","background-repeat":"repeat","background-position":"center center","background-size":"auto","background-attachment":"scroll","background-type":"","background-media":"","overlay-type":"","overlay-color":"","overlay-opacity":"","overlay-gradient":""},"tablet":{"background-color":"","background-image":"","background-repeat":"repeat","background-position":"center center","background-size":"auto","background-attachment":"scroll","background-type":"","background-media":"","overlay-type":"","overlay-color":"","overlay-opacity":"","overlay-gradient":""},"mobile":{"background-color":"","background-image":"","background-repeat":"repeat","background-position":"center center","background-size":"auto","background-attachment":"scroll","background-type":"","background-media":"","overlay-type":"","overlay-color":"","overlay-opacity":"","overlay-gradient":""}},"ast-content-background-meta":{"desktop":{"background-color":"var(--ast-global-color-4)","background-image":"","background-repeat":"repeat","background-position":"center center","background-size":"auto","background-attachment":"scroll","background-type":"","background-media":"","overlay-type":"","overlay-color":"","overlay-opacity":"","overlay-gradient":""},"tablet":{"background-color":"var(--ast-global-color-4)","background-image":"","background-repeat":"repeat","background-position":"center center","background-size":"auto","background-attachment":"scroll","background-type":"","background-media":"","overlay-type":"","overlay-color":"","overlay-opacity":"","overlay-gradient":""},"mobile":{"background-color":"var(--ast-global-color-4)","background-image":"","background-repeat":"repeat","background-position":"center center","background-size":"auto","background-attachment":"scroll","background-type":"","background-media":"","overlay-type":"","overlay-color":"","overlay-opacity":"","overlay-gradient":""}}},"product_brand":[],"product_cat":[54],"product_tag":[],"class_list":{"0":"post-788","1":"product","2":"type-product","3":"status-publish","4":"has-post-thumbnail","6":"product_cat-reed-diffuser-bottles","7":"desktop-align-left","8":"tablet-align-left","9":"mobile-align-left","11":"first","12":"instock","13":"shipping-taxable","14":"product-type-simple"},"jetpack_sharing_enabled":true,"_links":{"self":[{"href":"https:\/\/mostebglass.com\/es\/wp-json\/wp\/v2\/product\/788","targetHints":{"allow":["GET"]}}],"collection":[{"href":"https:\/\/mostebglass.com\/es\/wp-json\/wp\/v2\/product"}],"about":[{"href":"https:\/\/mostebglass.com\/es\/wp-json\/wp\/v2\/types\/product"}],"wp:featuredmedia":[{"embeddable":true,"href":"https:\/\/mostebglass.com\/es\/wp-json\/wp\/v2\/media\/4801"}],"wp:attachment":[{"href":"https:\/\/mostebglass.com\/es\/wp-json\/wp\/v2\/media?parent=788"}],"wp:term":[{"taxonomy":"product_brand","embeddable":true,"href":"https:\/\/mostebglass.com\/es\/wp-json\/wp\/v2\/product_brand?post=788"},{"taxonomy":"product_cat","embeddable":true,"href":"https:\/\/mostebglass.com\/es\/wp-json\/wp\/v2\/product_cat?post=788"},{"taxonomy":"product_tag","embeddable":true,"href":"https:\/\/mostebglass.com\/es\/wp-json\/wp\/v2\/product_tag?post=788"}],"curies":[{"name":"wp","href":"https:\/\/api.w.org\/{rel}","templated":true}]}}