{"id":805,"date":"2025-08-22T17:00:16","date_gmt":"2025-08-22T09:00:16","guid":{"rendered":"https:\/\/mostebglass.com\/?post_type=product&#038;p=805"},"modified":"2026-03-16T16:09:15","modified_gmt":"2026-03-16T08:09:15","slug":"diffuser-glass-bottle-with-diamond-pattern-bulk","status":"publish","type":"product","link":"https:\/\/mostebglass.com\/es\/diffuser-glass-bottle-with-diamond-pattern-bulk\/","title":{"rendered":"Botella difusora de vidrio de 200 ml con dise\u00f1o de diamante (venta al por mayor)"},"content":{"rendered":"<p>\u00bfBuscas una botella de vidrio difusora sofisticada? Esta botella de vidrio transparente presenta una forma elegante y redondeada. Est\u00e1 adornada con un delicado patr\u00f3n de diamantes y tiene un cuello estrecho. Es lo suficientemente vers\u00e1til como para satisfacer todas tus necesidades de aromaterapia y es perfecta como difusor de varillas u otras botellas difusoras a granel.<\/p>\n<h2>P\u0159izp\u016fsoben\u00e9 n\u00e1vrhy<\/h2>\n<ul>\n<li><strong>Forma cl\u00e1sica:<\/strong> El cuello estrecho y elegante crea una forma elegante y estilizada que complementa una variedad de estilos de aromaterapia y luce hermosa en exhibici\u00f3n.<\/li>\n<li><strong>Dise\u00f1o de diamante texturizado:<\/strong> El patr\u00f3n de diamantes a\u00f1ade un toque de sofisticaci\u00f3n, haciendo que estos difusores de ca\u00f1a se destaquen en el estante.<\/li>\n<li><strong>Vidrio de primera calidad:<\/strong> Fabricadas con vidrio de alta calidad, estas botellas difusoras son duraderas y elegantes y realzan cualquier envase de aromaterapia.<\/li>\n<\/ul>\n<h2>Historias de \u00e9xito<\/h2>\n<p>Nuestro frasco difusor de 200 ml fue elegido por una empresa francesa de perfumes por su dise\u00f1o con textura cristalina. El frasco est\u00e1 fabricado en vidrio de alta transparencia y presenta un grabado en relieve profundo y facetado, dise\u00f1ado para maximizar la refracci\u00f3n de la luz. Cuenta con un collar de aluminio chapado en oro y varillas difusoras de fibra negra; el logotipo de la marca est\u00e1 serigrafiado en blanco en el hombro del frasco.<\/p>\n<p>Tras su lanzamiento oficial, el producto registr\u00f3 un crecimiento fenomenal en las ventas, alcanzando el 38 % durante la temporada. Posteriormente, el cliente realiz\u00f3 cinco pedidos al por mayor consecutivos durante el primer a\u00f1o de su lanzamiento.<\/p>\n<h2>\u00bfQuieres personalizar? Empieza aqu\u00ed.<\/h2>\n<ul>\n<li>Juego de colores: cambia de transparente a negro, azul o tonos personalizados.<\/li>\n<li>Estilos de tap\u00f3n: elija madera, metal o bamb\u00fa: cada uno aporta una sensaci\u00f3n diferente.<\/li>\n<li>Ajustes de tama\u00f1o: Aunque el de 200 ml es el favorito del p\u00fablico, puedes ajustar las capacidades al por mayor para ofrecer variedad: 100 ml para sets de viaje o 300 ml para uso dom\u00e9stico. Comb\u00ednalos para aumentar la venta de tus difusores.<\/li>\n<\/ul>\n<p>Estos frascos difusores a granel no solo son funcionales. Son la primera impresi\u00f3n de tu marca.<\/p>","protected":false},"excerpt":{"rendered":"<p>Botellas difusoras y botellas de vidrio difusoras al por mayor. Calidad premium, personalizables y descuentos por volumen disponibles para su negocio.<\/p>","protected":false},"featured_media":4786,"template":"","meta":{"site-sidebar-layout":"default","site-content-layout":"","ast-site-content-layout":"default","site-content-style":"default","site-sidebar-style":"default","ast-global-header-display":"","ast-banner-title-visibility":"","ast-main-header-display":"","ast-hfb-above-header-display":"","ast-hfb-below-header-display":"","ast-hfb-mobile-header-display":"","site-post-title":"","ast-breadcrumbs-content":"","ast-featured-img":"","footer-sml-layout":"","theme-transparent-header-meta":"default","adv-header-id-meta":"","stick-header-meta":"","header-above-stick-meta":"","header-main-stick-meta":"","header-below-stick-meta":"","astra-migrate-meta-layouts":"set","ast-page-background-enabled":"default","ast-page-background-meta":{"desktop":{"background-color":"var(--ast-global-color-5)","background-image":"","background-repeat":"repeat","background-position":"center center","background-size":"auto","background-attachment":"scroll","background-type":"","background-media":"","overlay-type":"","overlay-color":"","overlay-opacity":"","overlay-gradient":""},"tablet":{"background-color":"","background-image":"","background-repeat":"repeat","background-position":"center center","background-size":"auto","background-attachment":"scroll","background-type":"","background-media":"","overlay-type":"","overlay-color":"","overlay-opacity":"","overlay-gradient":""},"mobile":{"background-color":"","background-image":"","background-repeat":"repeat","background-position":"center center","background-size":"auto","background-attachment":"scroll","background-type":"","background-media":"","overlay-type":"","overlay-color":"","overlay-opacity":"","overlay-gradient":""}},"ast-content-background-meta":{"desktop":{"background-color":"var(--ast-global-color-4)","background-image":"","background-repeat":"repeat","background-position":"center center","background-size":"auto","background-attachment":"scroll","background-type":"","background-media":"","overlay-type":"","overlay-color":"","overlay-opacity":"","overlay-gradient":""},"tablet":{"background-color":"var(--ast-global-color-4)","background-image":"","background-repeat":"repeat","background-position":"center center","background-size":"auto","background-attachment":"scroll","background-type":"","background-media":"","overlay-type":"","overlay-color":"","overlay-opacity":"","overlay-gradient":""},"mobile":{"background-color":"var(--ast-global-color-4)","background-image":"","background-repeat":"repeat","background-position":"center center","background-size":"auto","background-attachment":"scroll","background-type":"","background-media":"","overlay-type":"","overlay-color":"","overlay-opacity":"","overlay-gradient":""}}},"product_brand":[],"product_cat":[54],"product_tag":[],"class_list":{"0":"post-805","1":"product","2":"type-product","3":"status-publish","4":"has-post-thumbnail","6":"product_cat-reed-diffuser-bottles","7":"desktop-align-left","8":"tablet-align-left","9":"mobile-align-left","11":"first","12":"instock","13":"shipping-taxable","14":"product-type-simple"},"jetpack_sharing_enabled":true,"_links":{"self":[{"href":"https:\/\/mostebglass.com\/es\/wp-json\/wp\/v2\/product\/805","targetHints":{"allow":["GET"]}}],"collection":[{"href":"https:\/\/mostebglass.com\/es\/wp-json\/wp\/v2\/product"}],"about":[{"href":"https:\/\/mostebglass.com\/es\/wp-json\/wp\/v2\/types\/product"}],"wp:featuredmedia":[{"embeddable":true,"href":"https:\/\/mostebglass.com\/es\/wp-json\/wp\/v2\/media\/4786"}],"wp:attachment":[{"href":"https:\/\/mostebglass.com\/es\/wp-json\/wp\/v2\/media?parent=805"}],"wp:term":[{"taxonomy":"product_brand","embeddable":true,"href":"https:\/\/mostebglass.com\/es\/wp-json\/wp\/v2\/product_brand?post=805"},{"taxonomy":"product_cat","embeddable":true,"href":"https:\/\/mostebglass.com\/es\/wp-json\/wp\/v2\/product_cat?post=805"},{"taxonomy":"product_tag","embeddable":true,"href":"https:\/\/mostebglass.com\/es\/wp-json\/wp\/v2\/product_tag?post=805"}],"curies":[{"name":"wp","href":"https:\/\/api.w.org\/{rel}","templated":true}]}}