{"id":823,"date":"2025-08-25T08:40:08","date_gmt":"2025-08-25T00:40:08","guid":{"rendered":"https:\/\/mostebglass.com\/?post_type=product&#038;p=823"},"modified":"2026-03-06T17:54:45","modified_gmt":"2026-03-06T09:54:45","slug":"frascos-difusores-a-granel-de-vidrio-transparente-para-fragancias-con-ranuras","status":"publish","type":"product","link":"https:\/\/mostebglass.com\/es\/bulk-clear-fragrance-glass-diffuser-bottles-with-grooves\/","title":{"rendered":"Botellas difusoras de fragancia de vidrio transparente con ranuras (110 ml y 130 ml)"},"content":{"rendered":"<p>Descubre tus pr\u00f3ximas botellas difusoras de vidrio transparente m\u00e1s vendidas: una elegante botella cil\u00edndrica de vidrio transparente con una delicada textura acanalada que recorre toda la botella. Su cuello estrecho y boca roscada facilitan el uso de tapones y tapas para difusores de varillas. Tanto si buscas suministros para una nueva l\u00ednea como si quieres ampliar tu colecci\u00f3n de difusores, estas botellas difusoras de fragancias cumplen su funci\u00f3n y son elegantes.<\/p>\n<h2>P\u0159izp\u016fsoben\u00e9 n\u00e1vrhy<\/h2>\n<ul>\n<li><strong>Claridad y brillo premium:<\/strong> Nuestras botellas difusoras de vidrio transparente le brindan una visi\u00f3n muy clara de su aroma con una claridad cristalina y un acabado de alto brillo.<\/li>\n<li><strong>Agarre texturizado y aspecto elegante:<\/strong> The vertical grooves of the bottle serve a purpose, and that is tactile appeal and helps the consumer hold the scent diffuser with sticks.w<\/li>\n<li><strong>Forma simple:<\/strong> Contorno cil\u00edndrico con cuello de botella estrecho, l\u00edneas limpias y suaves, adecuado para una variedad de estilos de hogar y no fuera de lugar cuando se coloca.<\/li>\n<\/ul>\n<h2>\u00c9xito real, resultados reales<\/h2>\n<p>Una marca lanz\u00f3 una nueva l\u00ednea de difusores de lavanda y vainilla en nuestro formato de 130 ml. Eligieron una botella de vidrio lacado negro mate suave con tap\u00f3n de aluminio dorado cepillado y rat\u00e1n natural. La parte frontal de la botella luce un elegante logotipo serigrafiado. En tres meses, su l\u00ednea de difusores se agot\u00f3 en dos importantes cadenas de boutiques. \u00bfLa raz\u00f3n? Porque las botellas tienen un aspecto premium. Los minoristas afirman que los clientes las eligen primero, gracias a la textura y la transparencia del vidrio.<\/p>\n<h2>C\u00f3mo personalizar estas botellas difusoras de vidrio<\/h2>\n<p>Perm\u00edtanos personalizar este difusor. Aqu\u00ed le mostramos c\u00f3mo:<\/p>\n<ul>\n<li>Combinaci\u00f3n de colores: Elija entre un difusor cl\u00e1sico u opte por una paleta de colores atrevida. Ofrecemos colores personalizados (ahumado, salvia, \u00e1mbar, degradado, etc.) y acabados mate\/satinados.<\/li>\n<li>Combinaci\u00f3n de tapones: Elige entre tapones de resina con imitaci\u00f3n de madera, aluminio, bamb\u00fa o rat\u00e1n de madera aut\u00e9ntica. \u00bfBuscas un toque de lujo? Puedes a\u00f1adir un tap\u00f3n magn\u00e9tico.<\/li>\n<li>Tama\u00f1os flexibles: Los tama\u00f1os est\u00e1ndar son 110 ml y 130 ml, pero ofrecemos tama\u00f1os ajustables para pedidos al por mayor.<\/li>\n<li>Agregue su logotipo mediante impresi\u00f3n en seda o relieve para el vidrio difusor de marca.<\/li>\n<li>Embalaje: Ofrecemos opciones de embalaje de aromaterapia ecol\u00f3gicas, que incluyen cartones reciclados y embalajes biodegradables, ideales para marcas sostenibles.<\/li>\n<\/ul>\n<p>Estos no son solo recipientes para aromaterapia; son constructores de marca. Al comprar botellas difusoras de fragancias al por mayor con nosotros, obtienes m\u00e1s que solo botellas de vidrio; obtienes un socio de dise\u00f1o.<\/p>","protected":false},"excerpt":{"rendered":"<p>Botellas difusoras de vidrio y botellas difusoras de fragancias al por mayor. Directo de f\u00e1brica, dise\u00f1os personalizables, suministro al por mayor con muestras gratuitas para marcas de fragancias.<\/p>","protected":false},"featured_media":4652,"template":"","meta":{"site-sidebar-layout":"default","site-content-layout":"","ast-site-content-layout":"default","site-content-style":"default","site-sidebar-style":"default","ast-global-header-display":"","ast-banner-title-visibility":"","ast-main-header-display":"","ast-hfb-above-header-display":"","ast-hfb-below-header-display":"","ast-hfb-mobile-header-display":"","site-post-title":"","ast-breadcrumbs-content":"","ast-featured-img":"","footer-sml-layout":"","theme-transparent-header-meta":"default","adv-header-id-meta":"","stick-header-meta":"","header-above-stick-meta":"","header-main-stick-meta":"","header-below-stick-meta":"","astra-migrate-meta-layouts":"set","ast-page-background-enabled":"default","ast-page-background-meta":{"desktop":{"background-color":"var(--ast-global-color-5)","background-image":"","background-repeat":"repeat","background-position":"center center","background-size":"auto","background-attachment":"scroll","background-type":"","background-media":"","overlay-type":"","overlay-color":"","overlay-opacity":"","overlay-gradient":""},"tablet":{"background-color":"","background-image":"","background-repeat":"repeat","background-position":"center center","background-size":"auto","background-attachment":"scroll","background-type":"","background-media":"","overlay-type":"","overlay-color":"","overlay-opacity":"","overlay-gradient":""},"mobile":{"background-color":"","background-image":"","background-repeat":"repeat","background-position":"center center","background-size":"auto","background-attachment":"scroll","background-type":"","background-media":"","overlay-type":"","overlay-color":"","overlay-opacity":"","overlay-gradient":""}},"ast-content-background-meta":{"desktop":{"background-color":"var(--ast-global-color-4)","background-image":"","background-repeat":"repeat","background-position":"center center","background-size":"auto","background-attachment":"scroll","background-type":"","background-media":"","overlay-type":"","overlay-color":"","overlay-opacity":"","overlay-gradient":""},"tablet":{"background-color":"var(--ast-global-color-4)","background-image":"","background-repeat":"repeat","background-position":"center center","background-size":"auto","background-attachment":"scroll","background-type":"","background-media":"","overlay-type":"","overlay-color":"","overlay-opacity":"","overlay-gradient":""},"mobile":{"background-color":"var(--ast-global-color-4)","background-image":"","background-repeat":"repeat","background-position":"center center","background-size":"auto","background-attachment":"scroll","background-type":"","background-media":"","overlay-type":"","overlay-color":"","overlay-opacity":"","overlay-gradient":""}}},"product_brand":[],"product_cat":[54],"product_tag":[],"class_list":{"0":"post-823","1":"product","2":"type-product","3":"status-publish","4":"has-post-thumbnail","6":"product_cat-reed-diffuser-bottles","7":"desktop-align-left","8":"tablet-align-left","9":"mobile-align-left","11":"first","12":"instock","13":"shipping-taxable","14":"product-type-simple"},"jetpack_sharing_enabled":true,"_links":{"self":[{"href":"https:\/\/mostebglass.com\/es\/wp-json\/wp\/v2\/product\/823","targetHints":{"allow":["GET"]}}],"collection":[{"href":"https:\/\/mostebglass.com\/es\/wp-json\/wp\/v2\/product"}],"about":[{"href":"https:\/\/mostebglass.com\/es\/wp-json\/wp\/v2\/types\/product"}],"wp:featuredmedia":[{"embeddable":true,"href":"https:\/\/mostebglass.com\/es\/wp-json\/wp\/v2\/media\/4652"}],"wp:attachment":[{"href":"https:\/\/mostebglass.com\/es\/wp-json\/wp\/v2\/media?parent=823"}],"wp:term":[{"taxonomy":"product_brand","embeddable":true,"href":"https:\/\/mostebglass.com\/es\/wp-json\/wp\/v2\/product_brand?post=823"},{"taxonomy":"product_cat","embeddable":true,"href":"https:\/\/mostebglass.com\/es\/wp-json\/wp\/v2\/product_cat?post=823"},{"taxonomy":"product_tag","embeddable":true,"href":"https:\/\/mostebglass.com\/es\/wp-json\/wp\/v2\/product_tag?post=823"}],"curies":[{"name":"wp","href":"https:\/\/api.w.org\/{rel}","templated":true}]}}