{"id":870,"date":"2025-08-25T16:09:31","date_gmt":"2025-08-25T08:09:31","guid":{"rendered":"https:\/\/mostebglass.com\/?post_type=product&#038;p=870"},"modified":"2026-03-16T13:32:51","modified_gmt":"2026-03-16T05:32:51","slug":"square-aromatherapy-glass-bottles-with-flat-shape-bulk","status":"publish","type":"product","link":"https:\/\/mostebglass.com\/es\/square-aromatherapy-glass-bottles-with-flat-shape-bulk\/","title":{"rendered":"Frascos de vidrio cuadrados de 100 ml para aromaterapia, de forma plana, a granel."},"content":{"rendered":"<p><span aria-haspopup=\"dialog\" aria-expanded=\"false\" aria-controls=\"radix-_r_1m_\" data-state=\"closed\" data-slot=\"popover-trigger\">El difusor de varillas de forma cuadrada tiene un dise\u00f1o plano y minimalista, limpio y angular, lo que le da un aspecto moderno a cualquier habitaci\u00f3n.<\/span> <span aria-haspopup=\"dialog\" aria-expanded=\"false\" aria-controls=\"radix-_r_1n_\" data-state=\"closed\" data-slot=\"popover-trigger\">El l\u00edquido perfumado se puede ver a trav\u00e9s del cristal transparente y las varillas negras crean un bonito contraste.<\/span> <span aria-haspopup=\"dialog\" aria-expanded=\"false\" aria-controls=\"radix-_r_1o_\" data-state=\"closed\" data-slot=\"popover-trigger\">Utiliza este elegante difusor para decorar tu hogar y, por supuesto, a\u00f1adir un aroma agradable a la habitaci\u00f3n, siendo una forma ideal de usarlo en aromaterapia o para perfumar el hogar.<\/span><\/p>\n<h2>P\u0159izp\u016fsoben\u00e9 n\u00e1vrhy<\/h2>\n<ul>\n<li><strong>Dise\u00f1o cuadrado moderno:<\/strong> El cuerpo plano a\u00f1ade un toque moderno y llamativo a su marca.<\/li>\n<li><strong>Vidrio duradero:<\/strong> El vidrio grueso de alta claridad es resistente a roturas y proporciona estabilidad adicional en el estante.<\/li>\n<li><strong>Fondo plano y estable:<\/strong> La botella no se vuelca y se mantiene plana, lo que permite versatilidad de uso.<\/li>\n<\/ul>\n<h2>Una verdadera historia de \u00e9xito<\/h2>\n<p>Uno de nuestros clientes mayoristas en Australia estaba lanzando una nueva l\u00ednea de aromas naturales para el hogar. Necesitaban botellas difusoras de varillas con un tacto premium, pero que no fueran fr\u00e1giles. Les proporcionamos estas botellas difusoras cuadradas de 100 ml en un suave tono \u00e1mbar, hechas a medida para combinar con su marca natural. Cada botella ten\u00eda un tap\u00f3n de madera negro y varillas de rat\u00e1n natural. \u00bfEl resultado? A los minoristas les encant\u00f3 el dise\u00f1o, los clientes elogiaron su rendimiento sin fugas y los pedidos de reposici\u00f3n llegaron m\u00e1s r\u00e1pido de lo esperado.<\/p>\n<h2>\u00bfQuieres personalizar el tuyo?<\/h2>\n<ul>\n<li><span aria-haspopup=\"dialog\" aria-expanded=\"false\" aria-controls=\"radix-_r_1p_\" data-state=\"closed\" data-slot=\"popover-trigger\"><strong>Posibilidad de personalizaci\u00f3n de las tapas:<\/strong> Tambi\u00e9n deber\u00eda ofrecer opciones de acabado para la tapa, incluyendo oro mate, plata cepillada o negro, para brindar una mayor elegancia y una mejor coordinaci\u00f3n general de la apariencia del difusor.<\/span><\/li>\n<li><span aria-haspopup=\"dialog\" aria-expanded=\"false\" aria-controls=\"radix-_r_1q_\" data-state=\"closed\" data-slot=\"popover-trigger\"><strong>Etiquetado personalizado:<\/strong> A\u00f1ada oportunidades de personalizaci\u00f3n de marca: ofrezca la posibilidad de a\u00f1adir etiquetas personalizadas o de grabarlas en la botella con un logotipo, un mensaje o cualquier otro dise\u00f1o especial, creando as\u00ed un toque personal.<\/span><\/li>\n<li><span aria-haspopup=\"dialog\" aria-expanded=\"false\" aria-controls=\"radix-_r_1r_\" data-state=\"closed\" data-slot=\"popover-trigger\"><strong>Variaciones de varillas de ca\u00f1a:<\/strong> Para ofrecer a los clientes la flexibilidad de determinar la intensidad de la difusi\u00f3n de la fragancia, ofrezca materiales alternativos para las varillas, como madera natural, rat\u00e1n o ca\u00f1as negras, y tambi\u00e9n ofrezca diferentes longitudes.<\/span><\/li>\n<\/ul>","protected":false},"excerpt":{"rendered":"<p>Botellas difusoras cuadradas y botellas de vidrio para aromaterapia al por mayor. Calidad premium, personalizables, suministro a granel con muestras gratuitas para marcas de fragancias.<\/p>","protected":false},"featured_media":4781,"template":"","meta":{"site-sidebar-layout":"default","site-content-layout":"","ast-site-content-layout":"default","site-content-style":"default","site-sidebar-style":"default","ast-global-header-display":"","ast-banner-title-visibility":"","ast-main-header-display":"","ast-hfb-above-header-display":"","ast-hfb-below-header-display":"","ast-hfb-mobile-header-display":"","site-post-title":"","ast-breadcrumbs-content":"","ast-featured-img":"","footer-sml-layout":"","theme-transparent-header-meta":"default","adv-header-id-meta":"","stick-header-meta":"","header-above-stick-meta":"","header-main-stick-meta":"","header-below-stick-meta":"","astra-migrate-meta-layouts":"set","ast-page-background-enabled":"default","ast-page-background-meta":{"desktop":{"background-color":"var(--ast-global-color-5)","background-image":"","background-repeat":"repeat","background-position":"center center","background-size":"auto","background-attachment":"scroll","background-type":"","background-media":"","overlay-type":"","overlay-color":"","overlay-opacity":"","overlay-gradient":""},"tablet":{"background-color":"","background-image":"","background-repeat":"repeat","background-position":"center center","background-size":"auto","background-attachment":"scroll","background-type":"","background-media":"","overlay-type":"","overlay-color":"","overlay-opacity":"","overlay-gradient":""},"mobile":{"background-color":"","background-image":"","background-repeat":"repeat","background-position":"center center","background-size":"auto","background-attachment":"scroll","background-type":"","background-media":"","overlay-type":"","overlay-color":"","overlay-opacity":"","overlay-gradient":""}},"ast-content-background-meta":{"desktop":{"background-color":"var(--ast-global-color-4)","background-image":"","background-repeat":"repeat","background-position":"center center","background-size":"auto","background-attachment":"scroll","background-type":"","background-media":"","overlay-type":"","overlay-color":"","overlay-opacity":"","overlay-gradient":""},"tablet":{"background-color":"var(--ast-global-color-4)","background-image":"","background-repeat":"repeat","background-position":"center center","background-size":"auto","background-attachment":"scroll","background-type":"","background-media":"","overlay-type":"","overlay-color":"","overlay-opacity":"","overlay-gradient":""},"mobile":{"background-color":"var(--ast-global-color-4)","background-image":"","background-repeat":"repeat","background-position":"center center","background-size":"auto","background-attachment":"scroll","background-type":"","background-media":"","overlay-type":"","overlay-color":"","overlay-opacity":"","overlay-gradient":""}}},"product_brand":[],"product_cat":[54],"product_tag":[],"class_list":{"0":"post-870","1":"product","2":"type-product","3":"status-publish","4":"has-post-thumbnail","6":"product_cat-reed-diffuser-bottles","7":"desktop-align-left","8":"tablet-align-left","9":"mobile-align-left","11":"first","12":"instock","13":"shipping-taxable","14":"product-type-simple"},"jetpack_sharing_enabled":true,"_links":{"self":[{"href":"https:\/\/mostebglass.com\/es\/wp-json\/wp\/v2\/product\/870","targetHints":{"allow":["GET"]}}],"collection":[{"href":"https:\/\/mostebglass.com\/es\/wp-json\/wp\/v2\/product"}],"about":[{"href":"https:\/\/mostebglass.com\/es\/wp-json\/wp\/v2\/types\/product"}],"wp:featuredmedia":[{"embeddable":true,"href":"https:\/\/mostebglass.com\/es\/wp-json\/wp\/v2\/media\/4781"}],"wp:attachment":[{"href":"https:\/\/mostebglass.com\/es\/wp-json\/wp\/v2\/media?parent=870"}],"wp:term":[{"taxonomy":"product_brand","embeddable":true,"href":"https:\/\/mostebglass.com\/es\/wp-json\/wp\/v2\/product_brand?post=870"},{"taxonomy":"product_cat","embeddable":true,"href":"https:\/\/mostebglass.com\/es\/wp-json\/wp\/v2\/product_cat?post=870"},{"taxonomy":"product_tag","embeddable":true,"href":"https:\/\/mostebglass.com\/es\/wp-json\/wp\/v2\/product_tag?post=870"}],"curies":[{"name":"wp","href":"https:\/\/api.w.org\/{rel}","templated":true}]}}