{"id":889,"date":"2025-08-26T09:37:30","date_gmt":"2025-08-26T01:37:30","guid":{"rendered":"https:\/\/mostebglass.com\/?post_type=product&#038;p=889"},"modified":"2026-03-13T14:41:08","modified_gmt":"2026-03-13T06:41:08","slug":"wholesale-short-candle-holders-clear-glass-candlestick-holders","status":"publish","type":"product","link":"https:\/\/mostebglass.com\/es\/wholesale-short-candle-holders-clear-glass-candlestick-holders\/","title":{"rendered":"Candelabros cortos al por mayor: candelabros de vidrio transparente"},"content":{"rendered":"<p>Estos candelabros cortos est\u00e1n hechos de vidrio sodoc\u00e1lcico transparente y presentan dos dise\u00f1os compactos: un candelabro de pie con forma de capullo y un candelabro de vidrio redondeado. Ambos tipos tienen una base robusta para garantizar la estabilidad y un revestimiento transparente suave que mejora el reflejo de la luz de las velas. Su dise\u00f1o minimalista los hace ideales para candelabros, decoraci\u00f3n de mesas, portavelas y peque\u00f1os arreglos florales. Estos candelabros de vidrio son muy populares en casas, cafeter\u00edas, bares, bodas, estudios de fotograf\u00eda y spas, donde se necesita una luz suave y una decoraci\u00f3n atractiva.<\/p>\n<h2>Especificaciones clave<\/h2>\n<table style=\"border-collapse: collapse; width: 80%; margin-right: auto; margin-left: auto;\" border=\"0\" width=\"712\" cellspacing=\"0\" cellpadding=\"0\">\n<tbody>\n<tr style=\"height: 13.50pt;\">\n<td style=\"height: 13.50pt; width: 143.25pt;\" width=\"191\" height=\"18\">Nombre del producto<\/td>\n<td style=\"width: 390.75pt;\" width=\"521\">Candelabros cortos<\/td>\n<\/tr>\n<tr style=\"height: 13.50pt;\">\n<td style=\"height: 13.50pt;\" height=\"18\">Formas<\/td>\n<td>Forma de brote (48 \u00d7 46 \u00d7 64 mm); Forma redonda (42 \u00d7 53 \u00d7 56 mm)<\/td>\n<\/tr>\n<tr style=\"height: 13.50pt;\">\n<td style=\"height: 13.50pt;\" height=\"18\">Material<\/td>\n<td>vidrio de cal sodada<\/td>\n<\/tr>\n<tr style=\"height: 13.50pt;\">\n<td style=\"height: 13.50pt;\" height=\"18\">Proceso de fabricaci\u00f3n<\/td>\n<td>soplado a m\u00e1quina<\/td>\n<\/tr>\n<tr style=\"height: 13.50pt;\">\n<td style=\"height: 13.50pt;\" height=\"18\">Decoraci\u00f3n de superficies<\/td>\n<td>Impresi\u00f3n en seda, estampaci\u00f3n en caliente<\/td>\n<\/tr>\n<tr style=\"height: 13.50pt;\">\n<td style=\"height: 13.50pt;\" height=\"18\">Color<\/td>\n<td>Borrar por defecto, color personalizado disponible<\/td>\n<\/tr>\n<tr style=\"height: 13.50pt;\">\n<td style=\"height: 13.50pt;\" height=\"18\">Embalaje<\/td>\n<td>Protecci\u00f3n de transporte con pl\u00e1stico de burbujas<\/td>\n<\/tr>\n<tr style=\"height: 13.50pt;\">\n<td style=\"height: 13.50pt;\" height=\"18\">Logo<\/td>\n<td>Admite etiquetas adhesivas peque\u00f1as<\/td>\n<\/tr>\n<tr style=\"height: 13.50pt;\">\n<td style=\"height: 13.50pt;\" height=\"18\">Estilo<\/td>\n<td>Candelabro decorativo minimalista<\/td>\n<\/tr>\n<tr style=\"height: 13.50pt;\">\n<td style=\"height: 13.50pt;\" height=\"18\">Solicitud<\/td>\n<td>Decoraci\u00f3n del hogar, bodas, fiestas, regalos.<\/td>\n<\/tr>\n<tr style=\"height: 13.50pt;\">\n<td style=\"height: 13.50pt;\" height=\"18\">Lugares adecuados<\/td>\n<td>Bares, cafeter\u00edas, ceremonias, centros de SPA, salas de exposici\u00f3n<\/td>\n<\/tr>\n<tr style=\"height: 13.50pt;\">\n<td style=\"height: 13.50pt;\" height=\"18\">Modo de suministro<\/td>\n<td>Candelabros al por mayor, venta directa del fabricante<\/td>\n<\/tr>\n<\/tbody>\n<\/table>\n<h2>P\u0159izp\u016fsoben\u00e9 n\u00e1vrhy<\/h2>\n<ol>\n<li><strong>Dise\u00f1o decorativo compacto<\/strong>Los elegantes candelabros cortos presentan contornos refinados que funcionan bien como juegos de candelabros decorativos para mesas, bodas y decoraci\u00f3n de eventos.<\/li>\n<li><strong>Base de vidrio grueso y estable<\/strong>:Cada candelabro estar\u00e1 hecho de vidrio sodoc\u00e1lcico pesado y una base ponderada que proporcionar\u00e1 un candelabro de peso estable para quemar las velas de manera segura.<\/li>\n<li><strong>Eventos de suministro a granel y venta minorista<\/strong>:Candelabros o candelabros a granel, que son perfectos cuando el distribuidor, organizador de bodas o marca de decoraci\u00f3n de eventos necesita abastecerse a trav\u00e9s de un fabricante o proveedor establecido.<\/li>\n<\/ol>\n<h2>Caso de \u00e9xito B2B<\/h2>\n<p>Una empresa italiana de decoraci\u00f3n de bodas, especializada en estilismo para eventos, encarg\u00f3 2000 juegos de candelabros de cristal para usar en las bodas de temporada. El cliente encarg\u00f3 candelabros mixtos, tanto en formato capullo como redondo. Se personalizaron con adornos dorados estampados en caliente y etiquetas de embalaje con la marca.<\/p>\n<p>Los candelabros se utilizaron en arreglos de mesa para grandes eventos, combinados con velas votivas. La empresa ha observado un crecimiento del 32 % en el n\u00famero de reservas de decoraci\u00f3n para eventos tras el lanzamiento de la colecci\u00f3n gracias a la calidad minimalista y elegante de la decoraci\u00f3n. El candelabro de cristal transparente combinaba a la perfecci\u00f3n con la mayor\u00eda de los temas de la boda, por lo que el cliente reiter\u00f3 su pedido al por mayor tres meses despu\u00e9s y encarg\u00f3 5000 unidades.<\/p>\n<h2>Recomendaciones de diferenciaci\u00f3n para compradores B2B<\/h2>\n<ol>\n<li><strong>Temas de eventos en colores personalizados<\/strong>:Las marcas de decoraci\u00f3n y los organizadores de eventos pueden tener candelabros de vidrio de colores personalizados como \u00e1mbar, gris ahumado o colores pastel que se pueden fabricar a medida para adaptarse a la paleta de la boda.<\/li>\n<li><strong>Candelabros decorativos<\/strong>Las marcas minoristas pueden incorporar un patr\u00f3n impreso en seda o detalles met\u00e1licos como detalles decorativos en los candelabros para convertirlos en l\u00edneas de productos \u00fanicas seg\u00fan la temporada.<\/li>\n<li><strong>Juegos de candelabros incluidos<\/strong>Los distribuidores pueden empaquetar juegos de candelabros mixtos que combinan candelabros cortos redondos y con forma de capullo para crear atractivas ofertas minoristas o mayoristas.<\/li>\n<\/ol>","protected":false},"excerpt":{"rendered":"<p>Candelabros cortos y candelabros de vidrio transparente. Candelabros decorativos de vidrio duraderos disponibles al por mayor con opciones personalizadas del fabricante.<\/p>","protected":false},"featured_media":4746,"template":"","meta":{"site-sidebar-layout":"default","site-content-layout":"","ast-site-content-layout":"default","site-content-style":"default","site-sidebar-style":"default","ast-global-header-display":"","ast-banner-title-visibility":"","ast-main-header-display":"","ast-hfb-above-header-display":"","ast-hfb-below-header-display":"","ast-hfb-mobile-header-display":"","site-post-title":"","ast-breadcrumbs-content":"","ast-featured-img":"","footer-sml-layout":"","theme-transparent-header-meta":"default","adv-header-id-meta":"","stick-header-meta":"","header-above-stick-meta":"","header-main-stick-meta":"","header-below-stick-meta":"","astra-migrate-meta-layouts":"set","ast-page-background-enabled":"default","ast-page-background-meta":{"desktop":{"background-color":"var(--ast-global-color-5)","background-image":"","background-repeat":"repeat","background-position":"center center","background-size":"auto","background-attachment":"scroll","background-type":"","background-media":"","overlay-type":"","overlay-color":"","overlay-opacity":"","overlay-gradient":""},"tablet":{"background-color":"","background-image":"","background-repeat":"repeat","background-position":"center center","background-size":"auto","background-attachment":"scroll","background-type":"","background-media":"","overlay-type":"","overlay-color":"","overlay-opacity":"","overlay-gradient":""},"mobile":{"background-color":"","background-image":"","background-repeat":"repeat","background-position":"center center","background-size":"auto","background-attachment":"scroll","background-type":"","background-media":"","overlay-type":"","overlay-color":"","overlay-opacity":"","overlay-gradient":""}},"ast-content-background-meta":{"desktop":{"background-color":"var(--ast-global-color-4)","background-image":"","background-repeat":"repeat","background-position":"center center","background-size":"auto","background-attachment":"scroll","background-type":"","background-media":"","overlay-type":"","overlay-color":"","overlay-opacity":"","overlay-gradient":""},"tablet":{"background-color":"var(--ast-global-color-4)","background-image":"","background-repeat":"repeat","background-position":"center center","background-size":"auto","background-attachment":"scroll","background-type":"","background-media":"","overlay-type":"","overlay-color":"","overlay-opacity":"","overlay-gradient":""},"mobile":{"background-color":"var(--ast-global-color-4)","background-image":"","background-repeat":"repeat","background-position":"center center","background-size":"auto","background-attachment":"scroll","background-type":"","background-media":"","overlay-type":"","overlay-color":"","overlay-opacity":"","overlay-gradient":""}}},"product_brand":[],"product_cat":[28,21],"product_tag":[],"class_list":{"0":"post-889","1":"product","2":"type-product","3":"status-publish","4":"has-post-thumbnail","6":"product_cat-glass-candle-jars","7":"product_cat-product","8":"desktop-align-left","9":"tablet-align-left","10":"mobile-align-left","12":"first","13":"instock","14":"shipping-taxable","15":"product-type-simple"},"jetpack_sharing_enabled":true,"_links":{"self":[{"href":"https:\/\/mostebglass.com\/es\/wp-json\/wp\/v2\/product\/889","targetHints":{"allow":["GET"]}}],"collection":[{"href":"https:\/\/mostebglass.com\/es\/wp-json\/wp\/v2\/product"}],"about":[{"href":"https:\/\/mostebglass.com\/es\/wp-json\/wp\/v2\/types\/product"}],"wp:featuredmedia":[{"embeddable":true,"href":"https:\/\/mostebglass.com\/es\/wp-json\/wp\/v2\/media\/4746"}],"wp:attachment":[{"href":"https:\/\/mostebglass.com\/es\/wp-json\/wp\/v2\/media?parent=889"}],"wp:term":[{"taxonomy":"product_brand","embeddable":true,"href":"https:\/\/mostebglass.com\/es\/wp-json\/wp\/v2\/product_brand?post=889"},{"taxonomy":"product_cat","embeddable":true,"href":"https:\/\/mostebglass.com\/es\/wp-json\/wp\/v2\/product_cat?post=889"},{"taxonomy":"product_tag","embeddable":true,"href":"https:\/\/mostebglass.com\/es\/wp-json\/wp\/v2\/product_tag?post=889"}],"curies":[{"name":"wp","href":"https:\/\/api.w.org\/{rel}","templated":true}]}}