{"id":902,"date":"2025-08-26T10:39:41","date_gmt":"2025-08-26T02:39:41","guid":{"rendered":"https:\/\/mostebglass.com\/?post_type=product&#038;p=902"},"modified":"2026-03-25T14:46:49","modified_gmt":"2026-03-25T06:46:49","slug":"vintage-cut-glass-candle-holders-wholesale-candle-stick-holders","status":"publish","type":"product","link":"https:\/\/mostebglass.com\/es\/vintage-cut-glass-candle-holders-wholesale-candle-stick-holders\/","title":{"rendered":"Candelabros de cristal tallado vintage \u2013 Venta al por mayor de portavelas"},"content":{"rendered":"<p>Esta serie de portavelas de cristal tallado de estilo vintage presenta una elegante silueta de pedestal combinada con intrincados patrones grabados. El portavelas est\u00e1 hecho de cristal de alta claridad con meticulosas texturas talladas, que incluyen facetas de diamante y estr\u00edas verticales en el tallo y la base, creando un prestigioso efecto reflectante de la luz. La base ancha (78 mm de di\u00e1metro) proporciona gran estabilidad a la mesa, y el lateral alto (100 mm) aporta volumen visual a la presentaci\u00f3n de los alimentos. La abertura de 35 mm tiene un tama\u00f1o espec\u00edfico para acomodar velas est\u00e1ndar.<\/p>\n<h2>Solicitud<\/h2>\n<p>Estos vers\u00e1tiles portavelas funcionan tanto como candelabros para velas c\u00f3nicas como portavelas compactos para velas de menor tama\u00f1o. Son muy populares en bodas, decoraci\u00f3n de eventos, restaurantes y colecciones de decoraci\u00f3n del hogar. Para compradores B2B, esta serie ofrece un gran valor comercial para empresas de alquiler, grupos hoteleros y marcas minoristas que buscan cristaler\u00eda atemporal de inspiraci\u00f3n vintage. Su superficie transparente tambi\u00e9n permite la personalizaci\u00f3n, como el recubrimiento de color o la inclusi\u00f3n de la marca para programas de marca blanca.<\/p>\n<h2>Especificaciones clave<\/h2>\n<table style=\"border-collapse: collapse; width: 80%; margin-left: auto; margin-right: auto;\" border=\"0\" width=\"144\" cellspacing=\"0\" cellpadding=\"0\">\n<tbody>\n<tr style=\"height: 13.50pt;\">\n<td style=\"height: 13.50pt; width: 54.00pt;\" width=\"72\" height=\"18\">Material<\/td>\n<td style=\"width: 54.00pt;\" width=\"72\">Vidrio de cal sodada de alta blancura<\/td>\n<\/tr>\n<tr style=\"height: 13.50pt;\">\n<td style=\"height: 13.50pt;\" height=\"18\">Peso<\/td>\n<td>164 gramos<\/td>\n<\/tr>\n<tr style=\"height: 13.50pt;\">\n<td style=\"height: 13.50pt;\" height=\"18\">Dimensiones<\/td>\n<td>Di\u00e1metro de la base: 78 mm; Altura: 100 mm; Di\u00e1metro de la boca: 35 mm.<\/td>\n<\/tr>\n<tr style=\"height: 13.50pt;\">\n<td style=\"height: 13.50pt;\" height=\"18\">Opciones de color<\/td>\n<td>Transparente o personalizado<\/td>\n<\/tr>\n<tr style=\"height: 13.50pt;\">\n<td style=\"height: 13.50pt;\" height=\"18\">Variantes de dise\u00f1o<\/td>\n<td>Base con pliegues verticales o base con patr\u00f3n de diamantes para mayor textura.<\/td>\n<\/tr>\n<\/tbody>\n<\/table>\n<h2>Caracter\u00edsticas del producto<\/h2>\n<ol>\n<li><strong>Dise\u00f1o elegante y alargado para lograr efectos visuales:\u00a0<\/strong>La altura de 79 mm y el ancho de 35 mm de este moderno candelabro de vidrio lo hacen ideal para la colecci\u00f3n de latas y frascos para velas, que requieren una apariencia destacada en la mesa o la repisa.<\/li>\n<li><strong>Reforzando la estabilidad con base texturizada:\u00a0<\/strong>Una base circular ancha con ranuras radiales garantiza que este frasco de vela vac\u00edo permanezca recto, incluso en env\u00edos de velas a granel o en la configuraci\u00f3n de eventos.<\/li>\n<li><strong>Detalles de la escultura de inspiraci\u00f3n vintage:\u00a0<\/strong>Las bolas de la secci\u00f3n central y los anillos tallados a\u00f1aden un atractivo retro, lo que la convierte en una vela de lujo, una de las favoritas de los minoristas de velas, que apunta a una est\u00e9tica indiferente.<\/li>\n<\/ol>\n<h2>Sugerencias de personalizaci\u00f3n<\/h2>\n<h3>Acabado de superficies<\/h3>\n<p>Estos portavelas de cristal tallado de estilo vintage se pueden personalizar con recubrimientos en aerosol (como \u00e1mbar, gris ahumado o negro mate), acabados esmerilados para un brillo m\u00e1s suave o ba\u00f1os met\u00e1licos como oro y champ\u00e1n para mercados de alta gama. Esto permite a los compradores adaptar el mismo dise\u00f1o a diversas colecciones, tanto para la decoraci\u00f3n del hogar moderna como para la decoraci\u00f3n de eventos de lujo.<\/p>\n<h3>Funciones, Adaptaci\u00f3n al tama\u00f1o<\/h3>\n<p>El di\u00e1metro superior se puede ajustar para un ajuste m\u00e1s preciso como portavelas, o bien profundizarse ligeramente para sostener mejor portavelas peque\u00f1os. Adem\u00e1s, ofrecemos variaciones o conjuntos de altura sincronizados para que nuestros clientes B2B puedan dise\u00f1ar exhibiciones en capas para bodas, proyectos de hosteler\u00eda y alquiler.<\/p>","protected":false},"excerpt":{"rendered":"<p>Candelabros vintage de cristal tallado con elegante dise\u00f1o de pedestal. Ideales como portavelas de pie o de columna para eventos, decoraci\u00f3n y venta al por mayor.<\/p>","protected":false},"featured_media":4907,"template":"","meta":{"site-sidebar-layout":"default","site-content-layout":"","ast-site-content-layout":"default","site-content-style":"default","site-sidebar-style":"default","ast-global-header-display":"","ast-banner-title-visibility":"","ast-main-header-display":"","ast-hfb-above-header-display":"","ast-hfb-below-header-display":"","ast-hfb-mobile-header-display":"","site-post-title":"","ast-breadcrumbs-content":"","ast-featured-img":"","footer-sml-layout":"","theme-transparent-header-meta":"default","adv-header-id-meta":"","stick-header-meta":"","header-above-stick-meta":"","header-main-stick-meta":"","header-below-stick-meta":"","astra-migrate-meta-layouts":"set","ast-page-background-enabled":"default","ast-page-background-meta":{"desktop":{"background-color":"var(--ast-global-color-5)","background-image":"","background-repeat":"repeat","background-position":"center center","background-size":"auto","background-attachment":"scroll","background-type":"","background-media":"","overlay-type":"","overlay-color":"","overlay-opacity":"","overlay-gradient":""},"tablet":{"background-color":"","background-image":"","background-repeat":"repeat","background-position":"center center","background-size":"auto","background-attachment":"scroll","background-type":"","background-media":"","overlay-type":"","overlay-color":"","overlay-opacity":"","overlay-gradient":""},"mobile":{"background-color":"","background-image":"","background-repeat":"repeat","background-position":"center center","background-size":"auto","background-attachment":"scroll","background-type":"","background-media":"","overlay-type":"","overlay-color":"","overlay-opacity":"","overlay-gradient":""}},"ast-content-background-meta":{"desktop":{"background-color":"var(--ast-global-color-4)","background-image":"","background-repeat":"repeat","background-position":"center center","background-size":"auto","background-attachment":"scroll","background-type":"","background-media":"","overlay-type":"","overlay-color":"","overlay-opacity":"","overlay-gradient":""},"tablet":{"background-color":"var(--ast-global-color-4)","background-image":"","background-repeat":"repeat","background-position":"center center","background-size":"auto","background-attachment":"scroll","background-type":"","background-media":"","overlay-type":"","overlay-color":"","overlay-opacity":"","overlay-gradient":""},"mobile":{"background-color":"var(--ast-global-color-4)","background-image":"","background-repeat":"repeat","background-position":"center center","background-size":"auto","background-attachment":"scroll","background-type":"","background-media":"","overlay-type":"","overlay-color":"","overlay-opacity":"","overlay-gradient":""}}},"product_brand":[],"product_cat":[28,21],"product_tag":[],"class_list":{"0":"post-902","1":"product","2":"type-product","3":"status-publish","4":"has-post-thumbnail","6":"product_cat-glass-candle-jars","7":"product_cat-product","8":"desktop-align-left","9":"tablet-align-left","10":"mobile-align-left","12":"first","13":"instock","14":"shipping-taxable","15":"product-type-simple"},"jetpack_sharing_enabled":true,"_links":{"self":[{"href":"https:\/\/mostebglass.com\/es\/wp-json\/wp\/v2\/product\/902","targetHints":{"allow":["GET"]}}],"collection":[{"href":"https:\/\/mostebglass.com\/es\/wp-json\/wp\/v2\/product"}],"about":[{"href":"https:\/\/mostebglass.com\/es\/wp-json\/wp\/v2\/types\/product"}],"wp:featuredmedia":[{"embeddable":true,"href":"https:\/\/mostebglass.com\/es\/wp-json\/wp\/v2\/media\/4907"}],"wp:attachment":[{"href":"https:\/\/mostebglass.com\/es\/wp-json\/wp\/v2\/media?parent=902"}],"wp:term":[{"taxonomy":"product_brand","embeddable":true,"href":"https:\/\/mostebglass.com\/es\/wp-json\/wp\/v2\/product_brand?post=902"},{"taxonomy":"product_cat","embeddable":true,"href":"https:\/\/mostebglass.com\/es\/wp-json\/wp\/v2\/product_cat?post=902"},{"taxonomy":"product_tag","embeddable":true,"href":"https:\/\/mostebglass.com\/es\/wp-json\/wp\/v2\/product_tag?post=902"}],"curies":[{"name":"wp","href":"https:\/\/api.w.org\/{rel}","templated":true}]}}